{"id":10365,"date":"2023-10-24T06:52:39","date_gmt":"2023-10-24T06:52:39","guid":{"rendered":"https:\/\/sharecontrol.io\/bekraeftelse-tak-vi-har-modtaget-din-anmodning-om-en-demonstration\/"},"modified":"2024-08-01T06:56:43","modified_gmt":"2024-08-01T06:56:43","slug":"bekraeftelse-tak-vi-har-modtaget-din-anmodning-om-en-demonstration","status":"publish","type":"page","link":"https:\/\/sharecontrol.io\/da\/bekraeftelse-tak-vi-har-modtaget-din-anmodning-om-en-demonstration\/","title":{"rendered":"Bekr\u00e6ftelse &#8211; tak! Vi har modtaget din anmodning om en demonstration."},"content":{"rendered":"<div class=\"gb-container gb-container-edb23477\"><div class=\"gb-inside-container\">\n<h1 class=\"gb-headline gb-headline-180bdb97 gb-headline-text\" id=\"succes\">Succes!<\/h1>\n\n\n<p>Tak for din interesse i <a href=\"https:\/\/sharecontrol.io\/da\/vores-historie\/\">Share Control<\/a> og vores produkter.<br\/>Vi kontakter dig, s\u00e5 snart vi har mulighed for at finde et tidspunkt, der passer os begge. <\/p>\n\n\n\n<p>Med venlig hilsen<\/p>\n\n\n<div class=\"gb-grid-wrapper gb-grid-wrapper-cca444d6\">\n<div class=\"gb-grid-column gb-grid-column-2a7dd565\"><div class=\"gb-container gb-container-2a7dd565\"><div class=\"gb-inside-container\">\n<div class=\"gb-container gb-container-6826778e column-shadow \"><div class=\"gb-inside-container\">\n<div class=\"wp-block-image is-style-rounded\">\n<figure class=\"aligncenter size-full is-resized\"><img decoding=\"async\" width=\"250\" height=\"250\" src=\"https:\/\/sharecontrol.io\/wp-content\/uploads\/2023\/08\/Ragnar-Bryne.png\" alt=\"Share Control Ragnar Bryne\" class=\"wp-image-9292\" style=\"object-fit:cover;width:173px;height:173px\" srcset=\"https:\/\/sharecontrol.io\/wp-content\/uploads\/2023\/08\/Ragnar-Bryne.png 250w, https:\/\/sharecontrol.io\/wp-content\/uploads\/2023\/08\/Ragnar-Bryne-150x150.png 150w\" sizes=\"(max-width: 250px) 100vw, 250px\" \/><\/figure>\n<\/div>\n\n<h3 class=\"gb-headline gb-headline-d679b4ea gb-headline-text\" id=\"ragnar-bryne\">Ragnar Bryne<\/h3>\n\n<p class=\"gb-headline gb-headline-44795f75 gb-headline-text\"><em><em>Leder, statsautorisert revisor<\/em><\/em><\/p>\n\n<p class=\"gb-headline gb-headline-3b2f08fc gb-headline-text\">Telefon: <a href=\"tel:+47%20416%2009%20779\">+47 416 09 779<\/a><\/p>\n\n<div class=\"gb-button-wrapper gb-button-wrapper-943ce4ba\">\n\n<a class=\"gb-button gb-button-b6501e94\" href=\"mailto:rb@sharecontrol.no\"><span class=\"gb-icon\"><svg xmlns=\"https:\/\/www.w3.org\/2000\/svg\" aria-hidden=\"true\" role=\"img\" height=\"1em\" width=\"1em\" viewbox=\"0 0 512 512\"><path fill=\"currentColor\" d=\"M464 64H48C21.49 64 0 85.49 0 112v288c0 26.51 21.49 48 48 48h416c26.51 0 48-21.49 48-48V112c0-26.51-21.49-48-48-48zm0 48v40.805c-22.422 18.259-58.168 46.651-134.587 106.49-16.841 13.247-50.201 45.072-73.413 44.701-23.208.375-56.579-31.459-73.413-44.701C106.18 199.465 70.425 171.067 48 152.805V112h416zM48 400V214.398c22.914 18.251 55.409 43.862 104.938 82.646 21.857 17.205 60.134 55.186 103.062 54.955 42.717.231 80.509-37.199 103.053-54.947 49.528-38.783 82.032-64.401 104.947-82.653V400H48z\"><\/path><\/svg><\/span><\/a>\n\n\n\n<a class=\"gb-button gb-button-d1b4bf14\" href=\"https:\/\/www.linkedin.com\/in\/ragnar-bryne-5267023\/\" target=\"_blank\" rel=\"noopener noreferrer\"><span class=\"gb-icon\"><svg xmlns=\"https:\/\/www.w3.org\/2000\/svg\" viewbox=\"0 0 448 512\" width=\"1em\" height=\"1em\" aria-hidden=\"true\"><path d=\"M416 32H31.9C14.3 32 0 46.5 0 64.3v383.4C0 465.5 14.3 480 31.9 480H416c17.6 0 32-14.5 32-32.3V64.3c0-17.8-14.4-32.3-32-32.3zM135.4 416H69V202.2h66.5V416zm-33.2-243c-21.3 0-38.5-17.3-38.5-38.5S80.9 96 102.2 96c21.2 0 38.5 17.3 38.5 38.5 0 21.3-17.2 38.5-38.5 38.5zm282.1 243h-66.4V312c0-24.8-.5-56.7-34.5-56.7-34.6 0-39.9 27-39.9 54.9V416h-66.4V202.2h63.7v29.2h.9c8.9-16.8 30.6-34.5 62.9-34.5 67.2 0 79.7 44.3 79.7 101.9V416z\" fill=\"currentColor\"><\/path><\/svg><\/span><\/a>\n\n<\/div>\n<\/div><\/div>\n<\/div><\/div><\/div>\n<\/div>\n<\/div><\/div><div class=\"gb-container gb-container-9eaf6bae\"><div class=\"gb-inside-container\">\n<h3 class=\"gb-headline gb-headline-5e498e82 gb-headline-text\" id=\"seneste-artikler\">Seneste artikler<\/h3>\n\n\n<div style=\"height:20px\" aria-hidden=\"true\" class=\"wp-block-spacer\"><\/div>\n\n\n<style>.wp-show-posts-columns#wpsp-12767 {margin-left: -80px; }.wp-show-posts-columns#wpsp-12767 .wp-show-posts-inner {margin: 0 0 80px 80px; }<\/style><section id=\"wpsp-12767\" class=\" wp-show-posts-columns wp-show-posts\" style=\"\"><article class=\" wp-show-posts-single post-15408 post type-post status-publish format-standard has-post-thumbnail hentry category-abenhedsloven tag-gennemsigtighedsloven wpsp-col-6\" itemtype=\"http:\/\/schema.org\/CreativeWork\" itemscope><div class=\"wp-show-posts-inner\" style=\"\">\t\t<div class=\"wp-show-posts-image  wpsp-image-center \">\n\t\t\t<a href=\"https:\/\/sharecontrol.io\/da\/abenhedsloven\/negative-konsekvenser-i-gennemsigtighedsloven\/\"  title=\"Negative konsekvenser i gennemsigtighedsloven\"><img decoding=\"async\" width=\"800\" height=\"500\" src=\"https:\/\/sharecontrol.io\/wp-content\/uploads\/2024\/09\/Negative-konsekvenser-i-apenhetsloven.jpg\" class=\"attachment-full size-full wp-post-image\" alt=\"Negative konsekvenser i \u00e5penhetsloven\" itemprop=\"image\" srcset=\"https:\/\/sharecontrol.io\/wp-content\/uploads\/2024\/09\/Negative-konsekvenser-i-apenhetsloven.jpg 800w, https:\/\/sharecontrol.io\/wp-content\/uploads\/2024\/09\/Negative-konsekvenser-i-apenhetsloven-300x188.jpg 300w, https:\/\/sharecontrol.io\/wp-content\/uploads\/2024\/09\/Negative-konsekvenser-i-apenhetsloven-768x480.jpg 768w\" sizes=\"(max-width: 800px) 100vw, 800px\" \/><\/a>\t\t<\/div>\n\t\t\t\t\t\t\t\t<header class=\"wp-show-posts-entry-header\">\n\t\t\t\t\t\t\t<h3 class=\"wp-show-posts-entry-title\" itemprop=\"headline\"><a href=\"https:\/\/sharecontrol.io\/da\/abenhedsloven\/negative-konsekvenser-i-gennemsigtighedsloven\/\" rel=\"bookmark\">Negative konsekvenser i gennemsigtighedsloven<\/a><\/h3><div class=\"wp-show-posts-entry-meta wp-show-posts-entry-meta-below-title post-meta-inline\"><span class=\"wp-show-posts-posted-on wp-show-posts-meta\">\n\t\t\t\t\t<a href=\"https:\/\/sharecontrol.io\/da\/abenhedsloven\/negative-konsekvenser-i-gennemsigtighedsloven\/\" title=\"9:12 am\" rel=\"bookmark\"><time class=\"wp-show-posts-entry-date published\" datetime=\"2024-09-18T09:12:54+01:00\" itemprop=\"datePublished\">september 18, 2024<\/time><time class=\"wp-show-posts-updated\" datetime=\"2024-09-20T05:59:30+01:00\" itemprop=\"dateModified\">september 20, 2024<\/time><\/a>\n\t\t\t\t<\/span><\/div>\t\t\t\t\t\t<\/header><!-- .entry-header -->\n\t\t\t\t\t<\/div><!-- wp-show-posts-inner --><\/article><article class=\" wp-show-posts-single post-15300 post type-post status-publish format-standard has-post-thumbnail hentry category-kontraktstyring wpsp-col-6\" itemtype=\"http:\/\/schema.org\/CreativeWork\" itemscope><div class=\"wp-show-posts-inner\" style=\"\">\t\t<div class=\"wp-show-posts-image  wpsp-image-center \">\n\t\t\t<a href=\"https:\/\/sharecontrol.io\/da\/kontraktstyring\/software-til-kontraktstyring-saadan-kommer-du-i-gang\/\"  title=\"Software til kontraktstyring &#8211; s\u00e5dan kommer du i gang\"><img decoding=\"async\" width=\"800\" height=\"500\" src=\"https:\/\/sharecontrol.io\/wp-content\/uploads\/2024\/09\/Software-for-contract-management.jpg\" class=\"attachment-full size-full wp-post-image\" alt=\"\" itemprop=\"image\" srcset=\"https:\/\/sharecontrol.io\/wp-content\/uploads\/2024\/09\/Software-for-contract-management.jpg 800w, https:\/\/sharecontrol.io\/wp-content\/uploads\/2024\/09\/Software-for-contract-management-300x188.jpg 300w, https:\/\/sharecontrol.io\/wp-content\/uploads\/2024\/09\/Software-for-contract-management-768x480.jpg 768w\" sizes=\"(max-width: 800px) 100vw, 800px\" \/><\/a>\t\t<\/div>\n\t\t\t\t\t\t\t\t<header class=\"wp-show-posts-entry-header\">\n\t\t\t\t\t\t\t<h3 class=\"wp-show-posts-entry-title\" itemprop=\"headline\"><a href=\"https:\/\/sharecontrol.io\/da\/kontraktstyring\/software-til-kontraktstyring-saadan-kommer-du-i-gang\/\" rel=\"bookmark\">Software til kontraktstyring &#8211; s\u00e5dan kommer du i gang<\/a><\/h3><div class=\"wp-show-posts-entry-meta wp-show-posts-entry-meta-below-title post-meta-inline\"><span class=\"wp-show-posts-posted-on wp-show-posts-meta\">\n\t\t\t\t\t<a href=\"https:\/\/sharecontrol.io\/da\/kontraktstyring\/software-til-kontraktstyring-saadan-kommer-du-i-gang\/\" title=\"10:32 am\" rel=\"bookmark\"><time class=\"wp-show-posts-entry-date published\" datetime=\"2024-09-09T10:32:23+01:00\" itemprop=\"datePublished\">september 9, 2024<\/time><time class=\"wp-show-posts-updated\" datetime=\"2025-02-25T09:55:25+01:00\" itemprop=\"dateModified\">februar 25, 2025<\/time><\/a>\n\t\t\t\t<\/span><\/div>\t\t\t\t\t\t<\/header><!-- .entry-header -->\n\t\t\t\t\t<\/div><!-- wp-show-posts-inner --><\/article><div class=\"wpsp-clear\"><\/div><\/section><!-- .wp-show-posts -->\n\n\n\n<div style=\"height:20px\" aria-hidden=\"true\" class=\"wp-block-spacer\"><\/div>\n\n\n<p class=\"gb-headline gb-headline-be5367af\"><span class=\"gb-icon\"><svg xmlns=\"https:\/\/www.w3.org\/2000\/svg\" aria-hidden=\"true\" role=\"img\" height=\"1em\" width=\"1em\" viewbox=\"0 0 256 512\"><path fill=\"currentColor\" d=\"M224.3 273l-136 136c-9.4 9.4-24.6 9.4-33.9 0l-22.6-22.6c-9.4-9.4-9.4-24.6 0-33.9l96.4-96.4-96.4-96.4c-9.4-9.4-9.4-24.6 0-33.9L54.3 103c9.4-9.4 24.6-9.4 33.9 0l136 136c9.5 9.4 9.5 24.6.1 34z\"><\/path><\/svg><\/span><span class=\"gb-headline-text\"><a href=\"https:\/\/sharecontrol.io\/da\/ifrs-16-da\/hvad-er-ifrs-16\/\">Hvad er IFRS 16?<\/a><\/span><\/p>\n\n<p class=\"gb-headline gb-headline-b9c47f61\"><span class=\"gb-icon\"><svg xmlns=\"https:\/\/www.w3.org\/2000\/svg\" aria-hidden=\"true\" role=\"img\" height=\"1em\" width=\"1em\" viewbox=\"0 0 256 512\"><path fill=\"currentColor\" d=\"M224.3 273l-136 136c-9.4 9.4-24.6 9.4-33.9 0l-22.6-22.6c-9.4-9.4-9.4-24.6 0-33.9l96.4-96.4-96.4-96.4c-9.4-9.4-9.4-24.6 0-33.9L54.3 103c9.4-9.4 24.6-9.4 33.9 0l136 136c9.5 9.4 9.5 24.6.1 34z\"><\/path><\/svg><\/span><span class=\"gb-headline-text\"><a href=\"https:\/\/sharecontrol.io\/da\/abenhedsloven\/hvad-er-gennemsigtighedsloven-og-hvad-er-din-pligt\/\">Hvad er \u00e5penhetsloven, og hvad er din pligt?<\/a><\/span><\/p>\n\n<p class=\"gb-headline gb-headline-59d0ef19\"><span class=\"gb-icon\"><svg xmlns=\"https:\/\/www.w3.org\/2000\/svg\" aria-hidden=\"true\" role=\"img\" height=\"1em\" width=\"1em\" viewbox=\"0 0 256 512\"><path fill=\"currentColor\" d=\"M224.3 273l-136 136c-9.4 9.4-24.6 9.4-33.9 0l-22.6-22.6c-9.4-9.4-9.4-24.6 0-33.9l96.4-96.4-96.4-96.4c-9.4-9.4-9.4-24.6 0-33.9L54.3 103c9.4-9.4 24.6-9.4 33.9 0l136 136c9.5 9.4 9.5 24.6.1 34z\"><\/path><\/svg><\/span><span class=\"gb-headline-text\"><a href=\"https:\/\/sharecontrol.io\/da\/kontraktstyring\/hvad-er-de-samlede-omkostninger-og-forpligtelser-for-dine-kontrakter\/\">Hvad er de samlede omkostninger og forpligtelser for dine kontrakter?<\/a><\/span><\/p>\n\n<p class=\"gb-headline gb-headline-fb2ba09c\"><span class=\"gb-icon\"><svg xmlns=\"https:\/\/www.w3.org\/2000\/svg\" aria-hidden=\"true\" role=\"img\" height=\"1em\" width=\"1em\" viewbox=\"0 0 256 512\"><path fill=\"currentColor\" d=\"M224.3 273l-136 136c-9.4 9.4-24.6 9.4-33.9 0l-22.6-22.6c-9.4-9.4-9.4-24.6 0-33.9l96.4-96.4-96.4-96.4c-9.4-9.4-9.4-24.6 0-33.9L54.3 103c9.4-9.4 24.6-9.4 33.9 0l136 136c9.5 9.4 9.5 24.6.1 34z\"><\/path><\/svg><\/span><span class=\"gb-headline-text\"><a href=\"https:\/\/sharecontrol.io\/da\/kontraktstyring\/hvad-er-kontraktstyring-og-kontraktstyringssystem\/\">Hvad er kontraktstyring og kontraktstyringssystem?<\/a><\/span><\/p>\n\n<p class=\"gb-headline gb-headline-4dad3a5f\"><span class=\"gb-icon\"><svg xmlns=\"https:\/\/www.w3.org\/2000\/svg\" aria-hidden=\"true\" role=\"img\" height=\"1em\" width=\"1em\" viewbox=\"0 0 256 512\"><path fill=\"currentColor\" d=\"M224.3 273l-136 136c-9.4 9.4-24.6 9.4-33.9 0l-22.6-22.6c-9.4-9.4-9.4-24.6 0-33.9l96.4-96.4-96.4-96.4c-9.4-9.4-9.4-24.6 0-33.9L54.3 103c9.4-9.4 24.6-9.4 33.9 0l136 136c9.5 9.4 9.5 24.6.1 34z\"><\/path><\/svg><\/span><span class=\"gb-headline-text\"><a href=\"https:\/\/sharecontrol.io\/da\/bestyrelsesarbejde\/de-foerste-100-dage-som-ny-cfo-vejen-til-succes\/\">De f\u00f8rste 100 dage som ny CFO \u2013 vejen til succes<\/a><\/span><\/p>\n<\/div><\/div>","protected":false},"excerpt":{"rendered":"<p>Succes! Tak for din interesse i Share Control og vores produkter.Vi kontakter dig, s\u00e5 snart vi har mulighed for at finde et tidspunkt, der passer os begge. Med venlig hilsen Seneste artikler Hvad er IFRS 16? Hvad er \u00e5penhetsloven, og hvad er din pligt? Hvad er de samlede omkostninger og forpligtelser for dine kontrakter? Hvad &#8230; <a title=\"Software til kontraktstyring &#8211; s\u00e5dan kommer du i gang\" class=\"read-more\" href=\"https:\/\/sharecontrol.io\/da\/kontraktstyring\/software-til-kontraktstyring-saadan-kommer-du-i-gang\/\" aria-label=\"Read more about Software til kontraktstyring &#8211; s\u00e5dan kommer du i gang\">L\u00e6s Mere<\/a><\/p>\n","protected":false},"author":5,"featured_media":7581,"parent":0,"menu_order":0,"comment_status":"closed","ping_status":"closed","template":"","meta":{"content-type":"","_uag_custom_page_level_css":"","footnotes":""},"class_list":["post-10365","page","type-page","status-publish","has-post-thumbnail","hentry","generate-columns","tablet-grid-50","mobile-grid-100","grid-parent","grid-50"],"yoast_head":"<!-- This site is optimized with the Yoast SEO plugin v27.2 - https:\/\/yoast.com\/product\/yoast-seo-wordpress\/ -->\n<title>Bekr\u00e6ftelse - tak! Vi har modtaget din anmodning om en demonstration.<\/title>\n<meta name=\"description\" content=\"Tak for din foresp\u00f8rgsel! Vi kontakter dig hurtigst muligt. I mellemtiden kan du l\u00e6se nogle af vores artikler.\" \/>\n<meta name=\"robots\" content=\"index, follow, max-snippet:-1, max-image-preview:large, max-video-preview:-1\" \/>\n<link rel=\"canonical\" href=\"https:\/\/sharecontrol.io\/da\/bekraeftelse-tak-vi-har-modtaget-din-anmodning-om-en-demonstration\/\" \/>\n<meta property=\"og:locale\" content=\"da_DK\" \/>\n<meta property=\"og:type\" content=\"article\" \/>\n<meta property=\"og:title\" content=\"Bekr\u00e6ftelse - tak! Vi har modtaget din anmodning om en demonstration.\" \/>\n<meta property=\"og:description\" content=\"Tak for din foresp\u00f8rgsel! Vi kontakter dig hurtigst muligt. I mellemtiden kan du l\u00e6se nogle af vores artikler.\" \/>\n<meta property=\"og:url\" content=\"https:\/\/sharecontrol.io\/da\/bekraeftelse-tak-vi-har-modtaget-din-anmodning-om-en-demonstration\/\" \/>\n<meta property=\"og:site_name\" content=\"ShareControl\" \/>\n<meta property=\"article:modified_time\" content=\"2024-08-01T06:56:43+00:00\" \/>\n<meta property=\"og:image\" content=\"https:\/\/sharecontrol.io\/wp-content\/uploads\/2022\/05\/Share-Control-samlet-2.jpg\" \/>\n\t<meta property=\"og:image:width\" content=\"2000\" \/>\n\t<meta property=\"og:image:height\" content=\"1500\" \/>\n\t<meta property=\"og:image:type\" content=\"image\/jpeg\" \/>\n<meta name=\"twitter:card\" content=\"summary_large_image\" \/>\n<meta name=\"twitter:label1\" content=\"Estimeret l\u00e6setid\" \/>\n\t<meta name=\"twitter:data1\" content=\"1 minut\" \/>\n<script type=\"application\/ld+json\" class=\"yoast-schema-graph\">{\"@context\":\"https:\/\/schema.org\",\"@graph\":[{\"@type\":\"WebPage\",\"@id\":\"https:\/\/sharecontrol.io\/da\/bekraeftelse-tak-vi-har-modtaget-din-anmodning-om-en-demonstration\/\",\"url\":\"https:\/\/sharecontrol.io\/da\/bekraeftelse-tak-vi-har-modtaget-din-anmodning-om-en-demonstration\/\",\"name\":\"Bekr\u00e6ftelse - tak! Vi har modtaget din anmodning om en demonstration.\",\"isPartOf\":{\"@id\":\"https:\/\/sharecontrol.io\/da\/#website\"},\"primaryImageOfPage\":{\"@id\":\"https:\/\/sharecontrol.io\/da\/bekraeftelse-tak-vi-har-modtaget-din-anmodning-om-en-demonstration\/#primaryimage\"},\"image\":{\"@id\":\"https:\/\/sharecontrol.io\/da\/bekraeftelse-tak-vi-har-modtaget-din-anmodning-om-en-demonstration\/#primaryimage\"},\"thumbnailUrl\":\"https:\/\/sharecontrol.io\/wp-content\/uploads\/2022\/05\/Share-Control-samlet-2.jpg\",\"datePublished\":\"2023-10-24T06:52:39+00:00\",\"dateModified\":\"2024-08-01T06:56:43+00:00\",\"description\":\"Tak for din foresp\u00f8rgsel! Vi kontakter dig hurtigst muligt. I mellemtiden kan du l\u00e6se nogle af vores artikler.\",\"breadcrumb\":{\"@id\":\"https:\/\/sharecontrol.io\/da\/bekraeftelse-tak-vi-har-modtaget-din-anmodning-om-en-demonstration\/#breadcrumb\"},\"inLanguage\":\"da-DK\",\"potentialAction\":[{\"@type\":\"ReadAction\",\"target\":[\"https:\/\/sharecontrol.io\/da\/bekraeftelse-tak-vi-har-modtaget-din-anmodning-om-en-demonstration\/\"]}]},{\"@type\":\"ImageObject\",\"inLanguage\":\"da-DK\",\"@id\":\"https:\/\/sharecontrol.io\/da\/bekraeftelse-tak-vi-har-modtaget-din-anmodning-om-en-demonstration\/#primaryimage\",\"url\":\"https:\/\/sharecontrol.io\/wp-content\/uploads\/2022\/05\/Share-Control-samlet-2.jpg\",\"contentUrl\":\"https:\/\/sharecontrol.io\/wp-content\/uploads\/2022\/05\/Share-Control-samlet-2.jpg\",\"width\":2000,\"height\":1500},{\"@type\":\"BreadcrumbList\",\"@id\":\"https:\/\/sharecontrol.io\/da\/bekraeftelse-tak-vi-har-modtaget-din-anmodning-om-en-demonstration\/#breadcrumb\",\"itemListElement\":[{\"@type\":\"ListItem\",\"position\":1,\"name\":\"Home\",\"item\":\"https:\/\/sharecontrol.io\/da\/\"},{\"@type\":\"ListItem\",\"position\":2,\"name\":\"Bekr\u00e6ftelse &#8211; tak! Vi har modtaget din anmodning om en demonstration.\"}]},{\"@type\":\"WebSite\",\"@id\":\"https:\/\/sharecontrol.io\/da\/#website\",\"url\":\"https:\/\/sharecontrol.io\/da\/\",\"name\":\"ShareControl\",\"description\":\"\",\"publisher\":{\"@id\":\"https:\/\/sharecontrol.io\/da\/#organization\"},\"potentialAction\":[{\"@type\":\"SearchAction\",\"target\":{\"@type\":\"EntryPoint\",\"urlTemplate\":\"https:\/\/sharecontrol.io\/da\/?s={search_term_string}\"},\"query-input\":{\"@type\":\"PropertyValueSpecification\",\"valueRequired\":true,\"valueName\":\"search_term_string\"}}],\"inLanguage\":\"da-DK\"},{\"@type\":\"Organization\",\"@id\":\"https:\/\/sharecontrol.io\/da\/#organization\",\"name\":\"ShareControl\",\"url\":\"https:\/\/sharecontrol.io\/da\/\",\"logo\":{\"@type\":\"ImageObject\",\"inLanguage\":\"da-DK\",\"@id\":\"https:\/\/sharecontrol.io\/da\/#\/schema\/logo\/image\/\",\"url\":\"https:\/\/sharecontrol.io\/wp-content\/uploads\/2022\/05\/cropped-logo-sc-default-minified-small.png\",\"contentUrl\":\"https:\/\/sharecontrol.io\/wp-content\/uploads\/2022\/05\/cropped-logo-sc-default-minified-small.png\",\"width\":900,\"height\":200,\"caption\":\"ShareControl\"},\"image\":{\"@id\":\"https:\/\/sharecontrol.io\/da\/#\/schema\/logo\/image\/\"}}]}<\/script>\n<!-- \/ Yoast SEO plugin. -->","yoast_head_json":{"title":"Bekr\u00e6ftelse - tak! Vi har modtaget din anmodning om en demonstration.","description":"Tak for din foresp\u00f8rgsel! Vi kontakter dig hurtigst muligt. I mellemtiden kan du l\u00e6se nogle af vores artikler.","robots":{"index":"index","follow":"follow","max-snippet":"max-snippet:-1","max-image-preview":"max-image-preview:large","max-video-preview":"max-video-preview:-1"},"canonical":"https:\/\/sharecontrol.io\/da\/bekraeftelse-tak-vi-har-modtaget-din-anmodning-om-en-demonstration\/","og_locale":"da_DK","og_type":"article","og_title":"Bekr\u00e6ftelse - tak! Vi har modtaget din anmodning om en demonstration.","og_description":"Tak for din foresp\u00f8rgsel! Vi kontakter dig hurtigst muligt. I mellemtiden kan du l\u00e6se nogle af vores artikler.","og_url":"https:\/\/sharecontrol.io\/da\/bekraeftelse-tak-vi-har-modtaget-din-anmodning-om-en-demonstration\/","og_site_name":"ShareControl","article_modified_time":"2024-08-01T06:56:43+00:00","og_image":[{"width":2000,"height":1500,"url":"https:\/\/sharecontrol.io\/wp-content\/uploads\/2022\/05\/Share-Control-samlet-2.jpg","type":"image\/jpeg"}],"twitter_card":"summary_large_image","twitter_misc":{"Estimeret l\u00e6setid":"1 minut"},"schema":{"@context":"https:\/\/schema.org","@graph":[{"@type":"WebPage","@id":"https:\/\/sharecontrol.io\/da\/bekraeftelse-tak-vi-har-modtaget-din-anmodning-om-en-demonstration\/","url":"https:\/\/sharecontrol.io\/da\/bekraeftelse-tak-vi-har-modtaget-din-anmodning-om-en-demonstration\/","name":"Bekr\u00e6ftelse - tak! Vi har modtaget din anmodning om en demonstration.","isPartOf":{"@id":"https:\/\/sharecontrol.io\/da\/#website"},"primaryImageOfPage":{"@id":"https:\/\/sharecontrol.io\/da\/bekraeftelse-tak-vi-har-modtaget-din-anmodning-om-en-demonstration\/#primaryimage"},"image":{"@id":"https:\/\/sharecontrol.io\/da\/bekraeftelse-tak-vi-har-modtaget-din-anmodning-om-en-demonstration\/#primaryimage"},"thumbnailUrl":"https:\/\/sharecontrol.io\/wp-content\/uploads\/2022\/05\/Share-Control-samlet-2.jpg","datePublished":"2023-10-24T06:52:39+00:00","dateModified":"2024-08-01T06:56:43+00:00","description":"Tak for din foresp\u00f8rgsel! Vi kontakter dig hurtigst muligt. I mellemtiden kan du l\u00e6se nogle af vores artikler.","breadcrumb":{"@id":"https:\/\/sharecontrol.io\/da\/bekraeftelse-tak-vi-har-modtaget-din-anmodning-om-en-demonstration\/#breadcrumb"},"inLanguage":"da-DK","potentialAction":[{"@type":"ReadAction","target":["https:\/\/sharecontrol.io\/da\/bekraeftelse-tak-vi-har-modtaget-din-anmodning-om-en-demonstration\/"]}]},{"@type":"ImageObject","inLanguage":"da-DK","@id":"https:\/\/sharecontrol.io\/da\/bekraeftelse-tak-vi-har-modtaget-din-anmodning-om-en-demonstration\/#primaryimage","url":"https:\/\/sharecontrol.io\/wp-content\/uploads\/2022\/05\/Share-Control-samlet-2.jpg","contentUrl":"https:\/\/sharecontrol.io\/wp-content\/uploads\/2022\/05\/Share-Control-samlet-2.jpg","width":2000,"height":1500},{"@type":"BreadcrumbList","@id":"https:\/\/sharecontrol.io\/da\/bekraeftelse-tak-vi-har-modtaget-din-anmodning-om-en-demonstration\/#breadcrumb","itemListElement":[{"@type":"ListItem","position":1,"name":"Home","item":"https:\/\/sharecontrol.io\/da\/"},{"@type":"ListItem","position":2,"name":"Bekr\u00e6ftelse &#8211; tak! Vi har modtaget din anmodning om en demonstration."}]},{"@type":"WebSite","@id":"https:\/\/sharecontrol.io\/da\/#website","url":"https:\/\/sharecontrol.io\/da\/","name":"ShareControl","description":"","publisher":{"@id":"https:\/\/sharecontrol.io\/da\/#organization"},"potentialAction":[{"@type":"SearchAction","target":{"@type":"EntryPoint","urlTemplate":"https:\/\/sharecontrol.io\/da\/?s={search_term_string}"},"query-input":{"@type":"PropertyValueSpecification","valueRequired":true,"valueName":"search_term_string"}}],"inLanguage":"da-DK"},{"@type":"Organization","@id":"https:\/\/sharecontrol.io\/da\/#organization","name":"ShareControl","url":"https:\/\/sharecontrol.io\/da\/","logo":{"@type":"ImageObject","inLanguage":"da-DK","@id":"https:\/\/sharecontrol.io\/da\/#\/schema\/logo\/image\/","url":"https:\/\/sharecontrol.io\/wp-content\/uploads\/2022\/05\/cropped-logo-sc-default-minified-small.png","contentUrl":"https:\/\/sharecontrol.io\/wp-content\/uploads\/2022\/05\/cropped-logo-sc-default-minified-small.png","width":900,"height":200,"caption":"ShareControl"},"image":{"@id":"https:\/\/sharecontrol.io\/da\/#\/schema\/logo\/image\/"}}]}},"uagb_featured_image_src":{"full":["https:\/\/sharecontrol.io\/wp-content\/uploads\/2022\/05\/Share-Control-samlet-2.jpg",2000,1500,false],"thumbnail":["https:\/\/sharecontrol.io\/wp-content\/uploads\/2022\/05\/Share-Control-samlet-2-150x150.jpg",150,150,true],"medium":["https:\/\/sharecontrol.io\/wp-content\/uploads\/2022\/05\/Share-Control-samlet-2-300x225.jpg",300,225,true],"medium_large":["https:\/\/sharecontrol.io\/wp-content\/uploads\/2022\/05\/Share-Control-samlet-2-768x576.jpg",768,576,true],"large":["https:\/\/sharecontrol.io\/wp-content\/uploads\/2022\/05\/Share-Control-samlet-2-1024x768.jpg",1024,768,true],"1536x1536":["https:\/\/sharecontrol.io\/wp-content\/uploads\/2022\/05\/Share-Control-samlet-2-1536x1152.jpg",1536,1152,true],"2048x2048":["https:\/\/sharecontrol.io\/wp-content\/uploads\/2022\/05\/Share-Control-samlet-2.jpg",2000,1500,false]},"uagb_author_info":{"display_name":"Ragnar Bryne","author_link":"https:\/\/sharecontrol.io\/da\/author\/ragnar\/"},"uagb_comment_info":0,"uagb_excerpt":"Succes! Tak for din interesse i Share Control og vores produkter.Vi kontakter dig, s\u00e5 snart vi har mulighed for at finde et tidspunkt, der passer os begge. Med venlig hilsen Seneste artikler Hvad er IFRS 16? Hvad er \u00e5penhetsloven, og hvad er din pligt? Hvad er de samlede omkostninger og forpligtelser for dine kontrakter? Hvad&hellip;","_links":{"self":[{"href":"https:\/\/sharecontrol.io\/da\/wp-json\/wp\/v2\/pages\/10365","targetHints":{"allow":["GET"]}}],"collection":[{"href":"https:\/\/sharecontrol.io\/da\/wp-json\/wp\/v2\/pages"}],"about":[{"href":"https:\/\/sharecontrol.io\/da\/wp-json\/wp\/v2\/types\/page"}],"author":[{"embeddable":true,"href":"https:\/\/sharecontrol.io\/da\/wp-json\/wp\/v2\/users\/5"}],"replies":[{"embeddable":true,"href":"https:\/\/sharecontrol.io\/da\/wp-json\/wp\/v2\/comments?post=10365"}],"version-history":[{"count":5,"href":"https:\/\/sharecontrol.io\/da\/wp-json\/wp\/v2\/pages\/10365\/revisions"}],"predecessor-version":[{"id":14743,"href":"https:\/\/sharecontrol.io\/da\/wp-json\/wp\/v2\/pages\/10365\/revisions\/14743"}],"wp:featuredmedia":[{"embeddable":true,"href":"https:\/\/sharecontrol.io\/da\/wp-json\/wp\/v2\/media\/7581"}],"wp:attachment":[{"href":"https:\/\/sharecontrol.io\/da\/wp-json\/wp\/v2\/media?parent=10365"}],"curies":[{"name":"wp","href":"https:\/\/api.w.org\/{rel}","templated":true}]}}