{"id":10905,"date":"2023-11-15T12:38:58","date_gmt":"2023-11-15T12:38:58","guid":{"rendered":"https:\/\/sharecontrol.io\/?page_id=10905"},"modified":"2025-01-13T07:55:18","modified_gmt":"2025-01-13T07:55:18","slug":"fexco","status":"publish","type":"page","link":"https:\/\/sharecontrol.io\/da\/kundehistorier\/fexco\/","title":{"rendered":"Fexco"},"content":{"rendered":"<div class=\"gb-container gb-container-84599a7f\">\n<h1 class=\"wp-block-heading\" id=\"fexco\">Fexco<\/h1>\n\n\n<p>Fexco-gruppen leverer valuta- og betalingstjenester med kerneaktiviteter, der ogs\u00e5 omfatter forretningsservice, ejendomsadministration, finansielle tjenester og b\u00e6redygtighedsteknologi.<\/p>\n\n\n<p class=\"gb-headline gb-headline-0e6351cf\"><span class=\"gb-icon\"><svg xmlns=\"http:\/\/www.w3.org\/2000\/svg\" viewbox=\"0 0 256 512\" width=\"1em\" height=\"1em\" aria-hidden=\"true\"><path d=\"M224.3 273l-136 136c-9.4 9.4-24.6 9.4-33.9 0l-22.6-22.6c-9.4-9.4-9.4-24.6 0-33.9l96.4-96.4-96.4-96.4c-9.4-9.4-9.4-24.6 0-33.9L54.3 103c9.4-9.4 24.6-9.4 33.9 0l136 136c9.5 9.4 9.5 24.6.1 34z\" fill=\"currentColor\"><\/path><\/svg><\/span><span class=\"gb-headline-text\"><strong>Produkt: <a href=\"https:\/\/sharecontrol.io\/da\/produkter\/ifrs-16-system\/\">ShareControl IFRS 16 software<\/a><\/strong><\/span><\/p>\n\n<p class=\"gb-headline gb-headline-2fae2ef4\"><span class=\"gb-icon\"><svg xmlns=\"http:\/\/www.w3.org\/2000\/svg\" viewbox=\"0 0 256 512\" width=\"1em\" height=\"1em\" aria-hidden=\"true\"><path d=\"M224.3 273l-136 136c-9.4 9.4-24.6 9.4-33.9 0l-22.6-22.6c-9.4-9.4-9.4-24.6 0-33.9l96.4-96.4-96.4-96.4c-9.4-9.4-9.4-24.6 0-33.9L54.3 103c9.4-9.4 24.6-9.4 33.9 0l136 136c9.5 9.4 9.5 24.6.1 34z\" fill=\"currentColor\"><\/path><\/svg><\/span><span class=\"gb-headline-text\"><strong>Antal ansatte: 2.500+<\/strong><\/span><\/p>\n<\/div>\n<div class=\"wp-block-getwid-section alignfull alignfull getwid-section-content-custom-width\"><div class=\"wp-block-getwid-section__wrapper getwid-padding-top-large getwid-padding-bottom-large getwid-padding-left-medium getwid-padding-right-medium\" style=\"min-height:200px\"><div class=\"wp-block-getwid-section__inner-wrapper\" style=\"max-width:1140px\"><div class=\"wp-block-getwid-section__background-holder\"><div class=\"wp-block-getwid-section__background\" style=\"background-image:url('https:\/\/sharecontrol.io\/wp-content\/uploads\/2023\/09\/ShareControl-IFRS-16.jpg')\"><div class=\"wp-block-getwid-section__background-image-wrapper\"><img decoding=\"async\" class=\"wp-block-getwid-section__background-image\" src=\"https:\/\/sharecontrol.io\/wp-content\/uploads\/2023\/09\/ShareControl-IFRS-16.jpg\" alt=\"ShareControl IFRS 16 dashboard.\"\/><\/div><\/div><div class=\"wp-block-getwid-section__foreground\" style=\"opacity:0.7;background-color:#000000\"><\/div><\/div><div class=\"wp-block-getwid-section__content\"><div class=\"wp-block-getwid-section__inner-content\">\n<blockquote class=\"wp-block-quote has-base-3-color has-text-color is-layout-flow wp-block-quote-is-layout-flow\">\n<p class=\"has-base-3-color has-text-color\">Share Control har udviklet et brugervenligt IFRS 16-system, der opfylder vores rapporteringsforpligtelser i henhold til IFRS 16. Platformen er nem at navigere og giver b\u00e5de et hurtigt blik p\u00e5 aktiviteten p\u00e5 individuelle lejem\u00e5l, samtidig med at brugerne kan grave dybere for at forst\u00e5 de enkelte lejem\u00e5lskomponenter.<\/p>\n<cite><a href=\"https:\/\/www.linkedin.com\/in\/john-sheehy-a96256103\/?originalSubdomain=ie\" target=\"_blank\" rel=\"noreferrer noopener\"><mark style=\"background-color:rgba(0, 0, 0, 0)\" class=\"has-inline-color has-base-3-color\"><em>\u2013 <strong>John Sheehy<\/strong>,<\/em>Group Financial Accountant<\/mark><\/a><\/cite><\/blockquote>\n<\/div><\/div><\/div><\/div><\/div>\n\n<div class=\"wp-block-getwid-section alignfull alignfull getwid-margin-top-medium\"><div class=\"wp-block-getwid-section__wrapper\"><div class=\"wp-block-getwid-section__inner-wrapper\"><div class=\"wp-block-getwid-section__background-holder\"><div class=\"wp-block-getwid-section__background\"><\/div><div class=\"wp-block-getwid-section__foreground\"><\/div><\/div><div class=\"wp-block-getwid-section__content\"><div class=\"wp-block-getwid-section__inner-content\"><h3 class=\"wp-block-heading\" id=\"hvad-har-vi-lavet-sammen\">Hvad har vi lavet sammen?<\/h3>\n\n\n<p><a href=\"https:\/\/www.fexco.com\" target=\"_blank\" rel=\"noreferrer noopener\">Fexco<\/a> har i samarbejde med Share Control f\u00e5et v\u00e6rdifuld hj\u00e6lp til at kortl\u00e6gge og importere de fleste lejeaftaler ind i systemet. Dette har lagt grundlaget for overholdelse af <a href=\"https:\/\/sharecontrol.io\/da\/ifrs-16-da\/hvad-er-ifrs-16\/\">IFRS 16,<\/a> og sikrer pr\u00e6cis rapportering i fremtiden for virksomheden.<\/p>\n\n\n\n<p>Gennem implementeringen har vi f\u00e5et fremragende support i systemops\u00e6tningen, som indebar automatisk upload af en lang r\u00e6kke kontrakter og detaljerede <a href=\"https:\/\/sharecontrol.io\/da\/ifrs-16-da\/ifrs-16-vurderinger-og-fortolkning-af-lejekontrakter-rejser-mange-spoergsmaal\/\">sp\u00f8rgsm\u00e5l relateret til IFRS 16<\/a>. <strong>Systemet blev sat i drift i december 2022.<\/strong><\/p>\n\n\n<h3 class=\"wp-block-heading\" id=\"hvordan-blev-du-kunde-hos-share-control\">Hvordan blev du kunde hos Share Control?<\/h3>\n\n\n<p>Vi blev opm\u00e6rksomme p\u00e5 Share Control og deres <a href=\"https:\/\/sharecontrol.io\/da\/produkter\/ifrs-16-system\/\">IFRS16-system<\/a> efter omfattende research i markedet og vurdering af flere produktleverand\u00f8rer. Efter en indledende introduktion med Share Control-salgsteamet ledet af <a href=\"https:\/\/sharecontrol.io\/da\/vores-historie\/\">Ragnar Bryne<\/a>, gav driftsteamet os et omfattende overblik over systemet, og hvordan systemet kunne opfylde vores rapporteringskrav. Efter denne demo foreslog Share Control ogs\u00e5, at vi taler med en anden bruger af deres platform. Denne feedback var meget positiv, s\u00e5 vi besluttede at g\u00e5 videre med implementeringen af \u200b\u200bproduktet i fjerde kvartal af 2022.<\/p>\n\n\n<h3 class=\"wp-block-heading\" id=\"paa-hvilken-maade-leverer-vi-vaerdi-til-dig\">P\u00e5 hvilken m\u00e5de leverer vi v\u00e6rdi til dig?<\/h3>\n\n\n<p>ShareControl IFRS 16 er en brugervenlig og fleksibel l\u00f8sning, der l\u00f8bende viser os kilden til vores data. Vi har over 100 kontrakter i systemet og oplever, at det giver os fremragende synlighed. Dette sikrer n\u00f8jagtig rapportering og sikrer, at vi har et enkelt lager for dataene. Den tid, som teamet har brugt p\u00e5 overholdelse af IFRS 16, er reduceret som f\u00f8lge af implementeringen af \u200b\u200bShareControl. ShareControl giver ogs\u00e5 vores eksterne revisorer fremragende synlighed i leasingkontrakttransaktioner &#8211; fanen med detaljer om \u00e6ndringerne i perioden er en s\u00e6rlig nyttig komponent, da den hurtigt viser alle leasing\u00e6ndringer.<\/p>\n\n\n\n<blockquote class=\"wp-block-quote is-layout-flow wp-block-quote-is-layout-flow\">\n<p>Vi finder ogs\u00e5, at kundesupporten er effektiv, da alle anmodninger, der sendes til supportteamet, behandles rettidigt uden at p\u00e5virke vores forretningsbehov.<\/p>\n<cite><em>\u2013 <strong>John Sheehy<\/strong>,<\/em>Group Financial Accountant<\/cite><\/blockquote>\n\n\n<h3 class=\"wp-block-heading\" id=\"hvad-skal-vi-goere-for-at-fortsaette-samarbejdet\">Hvad skal vi g\u00f8re for at forts\u00e6tte samarbejdet?<\/h3>\n\n\n<p>Share Control har hjulpet os med <a href=\"https:\/\/sharecontrol.io\/da\/ifrs-16-da\/implementering-af-ifrs-16-foer-boersnotering\/\">implementeringen af \u200b\u200bIFRS 16<\/a> og givet hurtig hj\u00e6lp til sp\u00f8rgsm\u00e5l. Share Control b\u00f8r forts\u00e6tte det effektive arbejde, de har udf\u00f8rt til dato, og samtidig fokusere p\u00e5 yderligere rapporteringsmuligheder, som kan omfatte kommende ESG-rapporteringskrav.<\/p>\n<\/div><\/div><\/div><\/div><\/div>\n\n<div class=\"wp-block-uagb-image aligncenter uagb-block-e7452f00 wp-block-uagb-image--layout-default wp-block-uagb-image--effect-static wp-block-uagb-image--align-center\"><figure class=\"wp-block-uagb-image__figure\"><img decoding=\"async\" srcset=\"https:\/\/sharecontrol.io\/wp-content\/uploads\/2023\/11\/Fexco_Logo_ShareControl_Customer_referance.png ,https:\/\/sharecontrol.io\/wp-content\/uploads\/2023\/11\/Fexco_Logo_ShareControl_Customer_referance.png 780w, https:\/\/sharecontrol.io\/wp-content\/uploads\/2023\/11\/Fexco_Logo_ShareControl_Customer_referance.png 360w\" sizes=\"auto, (max-width: 480px) 150px\" src=\"https:\/\/sharecontrol.io\/wp-content\/uploads\/2023\/11\/Fexco_Logo_ShareControl_Customer_referance.png\" alt=\"Fexco logo\" class=\"uag-image-10891\" width=\"1024\" height=\"536\" title=\"\" loading=\"lazy\" role=\"img\"><\/figure><\/div>\n","protected":false},"excerpt":{"rendered":"<p>Fexco Fexco-gruppen leverer valuta- og betalingstjenester med kerneaktiviteter, der ogs\u00e5 omfatter forretningsservice, ejendomsadministration, finansielle tjenester og b\u00e6redygtighedsteknologi. Produkt: ShareControl IFRS 16 software Antal ansatte: 2.500+<\/p>\n","protected":false},"author":5,"featured_media":10899,"parent":8811,"menu_order":0,"comment_status":"closed","ping_status":"closed","template":"","meta":{"content-type":"","_uag_custom_page_level_css":"","footnotes":""},"class_list":["post-10905","page","type-page","status-publish","has-post-thumbnail"],"yoast_head":"<!-- This site is optimized with the Yoast SEO plugin v27.2 - https:\/\/yoast.com\/product\/yoast-seo-wordpress\/ -->\n<title>Fexco<\/title>\n<meta name=\"description\" content=\"Fexco har gennem ShareControl IFRS 16 f\u00e5et god kontrol over leasingkontiene efter IFRS 16. L\u00e6s mere om vores samarbejde her.\" \/>\n<meta name=\"robots\" content=\"index, follow, max-snippet:-1, max-image-preview:large, max-video-preview:-1\" \/>\n<link rel=\"canonical\" href=\"https:\/\/sharecontrol.io\/da\/kundehistorier\/fexco\/\" \/>\n<meta property=\"og:locale\" content=\"da_DK\" \/>\n<meta property=\"og:type\" content=\"article\" \/>\n<meta property=\"og:title\" content=\"Fexco\" \/>\n<meta property=\"og:description\" content=\"Fexco har gennem ShareControl IFRS 16 f\u00e5et god kontrol over leasingkontiene efter IFRS 16. L\u00e6s mere om vores samarbejde her.\" \/>\n<meta property=\"og:url\" content=\"https:\/\/sharecontrol.io\/da\/kundehistorier\/fexco\/\" \/>\n<meta property=\"og:site_name\" content=\"ShareControl\" \/>\n<meta property=\"article:modified_time\" content=\"2025-01-13T07:55:18+00:00\" \/>\n<meta property=\"og:image\" content=\"https:\/\/sharecontrol.io\/wp-content\/uploads\/2023\/11\/fexco.jpg\" \/>\n\t<meta property=\"og:image:width\" content=\"2400\" \/>\n\t<meta property=\"og:image:height\" content=\"1256\" \/>\n\t<meta property=\"og:image:type\" content=\"image\/jpeg\" \/>\n<meta name=\"twitter:card\" content=\"summary_large_image\" \/>\n<meta name=\"twitter:label1\" content=\"Estimeret l\u00e6setid\" \/>\n\t<meta name=\"twitter:data1\" content=\"3 minutter\" \/>\n<script type=\"application\/ld+json\" class=\"yoast-schema-graph\">{\"@context\":\"https:\/\/schema.org\",\"@graph\":[{\"@type\":\"WebPage\",\"@id\":\"https:\/\/sharecontrol.io\/da\/kundehistorier\/fexco\/\",\"url\":\"https:\/\/sharecontrol.io\/da\/kundehistorier\/fexco\/\",\"name\":\"Fexco\",\"isPartOf\":{\"@id\":\"https:\/\/sharecontrol.io\/da\/#website\"},\"primaryImageOfPage\":{\"@id\":\"https:\/\/sharecontrol.io\/da\/kundehistorier\/fexco\/#primaryimage\"},\"image\":{\"@id\":\"https:\/\/sharecontrol.io\/da\/kundehistorier\/fexco\/#primaryimage\"},\"thumbnailUrl\":\"https:\/\/sharecontrol.io\/wp-content\/uploads\/2023\/11\/fexco.jpg\",\"datePublished\":\"2023-11-15T12:38:58+00:00\",\"dateModified\":\"2025-01-13T07:55:18+00:00\",\"description\":\"Fexco har gennem ShareControl IFRS 16 f\u00e5et god kontrol over leasingkontiene efter IFRS 16. L\u00e6s mere om vores samarbejde her.\",\"breadcrumb\":{\"@id\":\"https:\/\/sharecontrol.io\/da\/kundehistorier\/fexco\/#breadcrumb\"},\"inLanguage\":\"da-DK\",\"potentialAction\":[{\"@type\":\"ReadAction\",\"target\":[\"https:\/\/sharecontrol.io\/da\/kundehistorier\/fexco\/\"]}]},{\"@type\":\"ImageObject\",\"inLanguage\":\"da-DK\",\"@id\":\"https:\/\/sharecontrol.io\/da\/kundehistorier\/fexco\/#primaryimage\",\"url\":\"https:\/\/sharecontrol.io\/wp-content\/uploads\/2023\/11\/fexco.jpg\",\"contentUrl\":\"https:\/\/sharecontrol.io\/wp-content\/uploads\/2023\/11\/fexco.jpg\",\"width\":2400,\"height\":1256},{\"@type\":\"BreadcrumbList\",\"@id\":\"https:\/\/sharecontrol.io\/da\/kundehistorier\/fexco\/#breadcrumb\",\"itemListElement\":[{\"@type\":\"ListItem\",\"position\":1,\"name\":\"Home\",\"item\":\"https:\/\/sharecontrol.io\/da\/\"},{\"@type\":\"ListItem\",\"position\":2,\"name\":\"Kundehistorier\",\"item\":\"https:\/\/sharecontrol.io\/da\/kundehistorier\/\"},{\"@type\":\"ListItem\",\"position\":3,\"name\":\"Fexco\"}]},{\"@type\":\"WebSite\",\"@id\":\"https:\/\/sharecontrol.io\/da\/#website\",\"url\":\"https:\/\/sharecontrol.io\/da\/\",\"name\":\"ShareControl\",\"description\":\"\",\"publisher\":{\"@id\":\"https:\/\/sharecontrol.io\/da\/#organization\"},\"potentialAction\":[{\"@type\":\"SearchAction\",\"target\":{\"@type\":\"EntryPoint\",\"urlTemplate\":\"https:\/\/sharecontrol.io\/da\/?s={search_term_string}\"},\"query-input\":{\"@type\":\"PropertyValueSpecification\",\"valueRequired\":true,\"valueName\":\"search_term_string\"}}],\"inLanguage\":\"da-DK\"},{\"@type\":\"Organization\",\"@id\":\"https:\/\/sharecontrol.io\/da\/#organization\",\"name\":\"ShareControl\",\"url\":\"https:\/\/sharecontrol.io\/da\/\",\"logo\":{\"@type\":\"ImageObject\",\"inLanguage\":\"da-DK\",\"@id\":\"https:\/\/sharecontrol.io\/da\/#\/schema\/logo\/image\/\",\"url\":\"https:\/\/sharecontrol.io\/wp-content\/uploads\/2022\/05\/cropped-logo-sc-default-minified-small.png\",\"contentUrl\":\"https:\/\/sharecontrol.io\/wp-content\/uploads\/2022\/05\/cropped-logo-sc-default-minified-small.png\",\"width\":900,\"height\":200,\"caption\":\"ShareControl\"},\"image\":{\"@id\":\"https:\/\/sharecontrol.io\/da\/#\/schema\/logo\/image\/\"}}]}<\/script>\n<!-- \/ Yoast SEO plugin. -->","yoast_head_json":{"title":"Fexco","description":"Fexco har gennem ShareControl IFRS 16 f\u00e5et god kontrol over leasingkontiene efter IFRS 16. L\u00e6s mere om vores samarbejde her.","robots":{"index":"index","follow":"follow","max-snippet":"max-snippet:-1","max-image-preview":"max-image-preview:large","max-video-preview":"max-video-preview:-1"},"canonical":"https:\/\/sharecontrol.io\/da\/kundehistorier\/fexco\/","og_locale":"da_DK","og_type":"article","og_title":"Fexco","og_description":"Fexco har gennem ShareControl IFRS 16 f\u00e5et god kontrol over leasingkontiene efter IFRS 16. L\u00e6s mere om vores samarbejde her.","og_url":"https:\/\/sharecontrol.io\/da\/kundehistorier\/fexco\/","og_site_name":"ShareControl","article_modified_time":"2025-01-13T07:55:18+00:00","og_image":[{"width":2400,"height":1256,"url":"https:\/\/sharecontrol.io\/wp-content\/uploads\/2023\/11\/fexco.jpg","type":"image\/jpeg"}],"twitter_card":"summary_large_image","twitter_misc":{"Estimeret l\u00e6setid":"3 minutter"},"schema":{"@context":"https:\/\/schema.org","@graph":[{"@type":"WebPage","@id":"https:\/\/sharecontrol.io\/da\/kundehistorier\/fexco\/","url":"https:\/\/sharecontrol.io\/da\/kundehistorier\/fexco\/","name":"Fexco","isPartOf":{"@id":"https:\/\/sharecontrol.io\/da\/#website"},"primaryImageOfPage":{"@id":"https:\/\/sharecontrol.io\/da\/kundehistorier\/fexco\/#primaryimage"},"image":{"@id":"https:\/\/sharecontrol.io\/da\/kundehistorier\/fexco\/#primaryimage"},"thumbnailUrl":"https:\/\/sharecontrol.io\/wp-content\/uploads\/2023\/11\/fexco.jpg","datePublished":"2023-11-15T12:38:58+00:00","dateModified":"2025-01-13T07:55:18+00:00","description":"Fexco har gennem ShareControl IFRS 16 f\u00e5et god kontrol over leasingkontiene efter IFRS 16. L\u00e6s mere om vores samarbejde her.","breadcrumb":{"@id":"https:\/\/sharecontrol.io\/da\/kundehistorier\/fexco\/#breadcrumb"},"inLanguage":"da-DK","potentialAction":[{"@type":"ReadAction","target":["https:\/\/sharecontrol.io\/da\/kundehistorier\/fexco\/"]}]},{"@type":"ImageObject","inLanguage":"da-DK","@id":"https:\/\/sharecontrol.io\/da\/kundehistorier\/fexco\/#primaryimage","url":"https:\/\/sharecontrol.io\/wp-content\/uploads\/2023\/11\/fexco.jpg","contentUrl":"https:\/\/sharecontrol.io\/wp-content\/uploads\/2023\/11\/fexco.jpg","width":2400,"height":1256},{"@type":"BreadcrumbList","@id":"https:\/\/sharecontrol.io\/da\/kundehistorier\/fexco\/#breadcrumb","itemListElement":[{"@type":"ListItem","position":1,"name":"Home","item":"https:\/\/sharecontrol.io\/da\/"},{"@type":"ListItem","position":2,"name":"Kundehistorier","item":"https:\/\/sharecontrol.io\/da\/kundehistorier\/"},{"@type":"ListItem","position":3,"name":"Fexco"}]},{"@type":"WebSite","@id":"https:\/\/sharecontrol.io\/da\/#website","url":"https:\/\/sharecontrol.io\/da\/","name":"ShareControl","description":"","publisher":{"@id":"https:\/\/sharecontrol.io\/da\/#organization"},"potentialAction":[{"@type":"SearchAction","target":{"@type":"EntryPoint","urlTemplate":"https:\/\/sharecontrol.io\/da\/?s={search_term_string}"},"query-input":{"@type":"PropertyValueSpecification","valueRequired":true,"valueName":"search_term_string"}}],"inLanguage":"da-DK"},{"@type":"Organization","@id":"https:\/\/sharecontrol.io\/da\/#organization","name":"ShareControl","url":"https:\/\/sharecontrol.io\/da\/","logo":{"@type":"ImageObject","inLanguage":"da-DK","@id":"https:\/\/sharecontrol.io\/da\/#\/schema\/logo\/image\/","url":"https:\/\/sharecontrol.io\/wp-content\/uploads\/2022\/05\/cropped-logo-sc-default-minified-small.png","contentUrl":"https:\/\/sharecontrol.io\/wp-content\/uploads\/2022\/05\/cropped-logo-sc-default-minified-small.png","width":900,"height":200,"caption":"ShareControl"},"image":{"@id":"https:\/\/sharecontrol.io\/da\/#\/schema\/logo\/image\/"}}]}},"uagb_featured_image_src":{"full":["https:\/\/sharecontrol.io\/wp-content\/uploads\/2023\/11\/fexco.jpg",2400,1256,false],"thumbnail":["https:\/\/sharecontrol.io\/wp-content\/uploads\/2023\/11\/fexco-150x150.jpg",150,150,true],"medium":["https:\/\/sharecontrol.io\/wp-content\/uploads\/2023\/11\/fexco-300x157.jpg",300,157,true],"medium_large":["https:\/\/sharecontrol.io\/wp-content\/uploads\/2023\/11\/fexco-768x402.jpg",768,402,true],"large":["https:\/\/sharecontrol.io\/wp-content\/uploads\/2023\/11\/fexco-1024x536.jpg",1024,536,true],"1536x1536":["https:\/\/sharecontrol.io\/wp-content\/uploads\/2023\/11\/fexco-1536x804.jpg",1536,804,true],"2048x2048":["https:\/\/sharecontrol.io\/wp-content\/uploads\/2023\/11\/fexco-2048x1072.jpg",2048,1072,true]},"uagb_author_info":{"display_name":"Ragnar Bryne","author_link":"https:\/\/sharecontrol.io\/da\/author\/ragnar\/"},"uagb_comment_info":0,"uagb_excerpt":"Fexco Fexco-gruppen leverer valuta- og betalingstjenester med kerneaktiviteter, der ogs\u00e5 omfatter forretningsservice, ejendomsadministration, finansielle tjenester og b\u00e6redygtighedsteknologi. Produkt: ShareControl IFRS 16 software Antal ansatte: 2.500+","_links":{"self":[{"href":"https:\/\/sharecontrol.io\/da\/wp-json\/wp\/v2\/pages\/10905","targetHints":{"allow":["GET"]}}],"collection":[{"href":"https:\/\/sharecontrol.io\/da\/wp-json\/wp\/v2\/pages"}],"about":[{"href":"https:\/\/sharecontrol.io\/da\/wp-json\/wp\/v2\/types\/page"}],"author":[{"embeddable":true,"href":"https:\/\/sharecontrol.io\/da\/wp-json\/wp\/v2\/users\/5"}],"replies":[{"embeddable":true,"href":"https:\/\/sharecontrol.io\/da\/wp-json\/wp\/v2\/comments?post=10905"}],"version-history":[{"count":7,"href":"https:\/\/sharecontrol.io\/da\/wp-json\/wp\/v2\/pages\/10905\/revisions"}],"predecessor-version":[{"id":15735,"href":"https:\/\/sharecontrol.io\/da\/wp-json\/wp\/v2\/pages\/10905\/revisions\/15735"}],"up":[{"embeddable":true,"href":"https:\/\/sharecontrol.io\/da\/wp-json\/wp\/v2\/pages\/8811"}],"wp:featuredmedia":[{"embeddable":true,"href":"https:\/\/sharecontrol.io\/da\/wp-json\/wp\/v2\/media\/10899"}],"wp:attachment":[{"href":"https:\/\/sharecontrol.io\/da\/wp-json\/wp\/v2\/media?parent=10905"}],"curies":[{"name":"wp","href":"https:\/\/api.w.org\/{rel}","templated":true}]}}