{"id":7825,"date":"2022-05-10T09:06:33","date_gmt":"2022-05-10T09:06:33","guid":{"rendered":"https:\/\/sharecontrol.io\/fortrolighedspolitik\/"},"modified":"2024-09-20T06:47:42","modified_gmt":"2024-09-20T06:47:42","slug":"fortrolighedspolitik","status":"publish","type":"page","link":"https:\/\/sharecontrol.io\/da\/fortrolighedspolitik\/","title":{"rendered":"Fortrolighedspolitik"},"content":{"rendered":"<h3 class=\"wp-block-heading\" id=\"fortrolighedserklaering-for-share-control-og-wwwsharecontrolno\">Fortrolighedserkl\u00e6ring for Share Control og www.sharecontrol.no<\/h3>\n<p>Denne privatlivspolitik beskriver, hvilken slags persondata Share Control indsamler, og hvordan disse persondata behandles. Aktiekontrol overholder den norske persondatalov. Denne privatlivspolitik er udarbejdet i overensstemmelse med kravene i persondatalovens \u00a7\u00a7 18 og 19.<\/p>\n<h3 class=\"wp-block-heading\" id=\"hvad-er-personlige-data\">Hvad er personlige data<\/h3>\n<p>Persondata er oplysninger om den enkelte person. Det kan v\u00e6re personens navn, adresse, arbejdsplads, civilstand, telefonnummer, e-mailadresse mv. Oplysninger om din kontakt, \u00e5rsag til kontakt og kontaktform med Share Control kan ogs\u00e5 forst\u00e5s som persondata. F\u00f8lsomme personoplysninger hverken indsamles eller bruges af Share Control. Dette er personoplysninger s\u00e5som sigtelser, strafbare forhold, helbred og lignende.<\/p>\n\n<p>\u00d8nsker du mere information om persondata generelt, kan <a href=\"https:\/\/www.datatilsynet.no\/om-personvern\/personopplysninger\/\">https:\/\/www.datatilsynet.no\/om-personvern\/personopplysninger\/<\/a> bes\u00f8ges.<\/p>\n<h3 class=\"wp-block-heading\" id=\"hvem-er-ansvarlig-for-at-behandle-dine-personoplysninger-hos-share-control\">Hvem er ansvarlig for at behandle dine personoplysninger hos Share Control<\/h3>\n<p>Share Controls egen Office Manager er ansvarlig for virksomhedens behandling af personoplysninger. Ved eventuel fremtidig delegering er det kun opgaverne, der uddelegeres, ansvaret for personoplysningerne p\u00e5hviler alligevel altid Share Control<\/p>\n<h3 class=\"wp-block-heading\" id=\"personlige-data-share-control-modtager\">Personlige data Share Control modtager<\/h3>\n<p>Share Control har 2 kilder til persondata, som begge er baseret p\u00e5 \u00a7 8 i persondataloven.<\/p>\n\n<p>Hovedkilden til personlige data er oplysninger, du selv giver. Dette sker hovedsageligt gennem kontaktformularen p\u00e5 Share Controls hjemmeside. Kontaktformularen fungerer som m\u00f8destedet mellem potentielle\/eksisterende kunder og Share Control. Det er helt frivilligt, om du \u00f8nsker at udfylde en s\u00e5dan formular eller blot forblive en passiv bes\u00f8gende p\u00e5 siden. Personoplysninger indsamlet via kontaktformularen er telefon, e-mail og navn.<\/p>\n\n<p>Efter kontaktformularen kan yderligere personoplysninger genereres via e-mail, telefon og lignende korrespondance mellem Share Control og dig som potentiel\/eksisterende kunde.<\/p>\n\n<p>En anden kilde til personoplysninger er oplysninger, som Share Control selv indsamler. Indsamlingen foreg\u00e5r gennem Google Analytics. Den fanger hvor l\u00e6nge du er p\u00e5 siden, IP-adresse, hvis links du klikker p\u00e5 og antallet af brugere p\u00e5 siden p\u00e5 forskellige tidspunkter for at n\u00e6vne nogle f\u00e5.<\/p>\n<h3 class=\"wp-block-heading\" id=\"hvordan-share-control-bruger-de-personlige-data\">Hvordan Share Control bruger de personlige data<\/h3>\n<p>Form\u00e5let med kontaktformularen og efterf\u00f8lgende korrespondance er at f\u00f8lge op p\u00e5 \u00f8nsker og forpligtelser overfor kunder. Share Control er afh\u00e6ngig af en s\u00e5dan \u00e5ben platform mellem sig selv og sine kunder for at sikre en tilfredsstillende kommunikation og slutprodukt.<\/p>\n\n<p>Form\u00e5let med oplysningerne fra Google Analytics er at forbedre webstedsoplevelsen. Det kan for eksempel v\u00e6re at g\u00f8re layouterne mere brugervenlige, forst\u00e5 brugertendenser, effektivisere og levere de forventede services p\u00e5 en bedre m\u00e5de og forebygge kriminel adf\u00e6rd som hacking.<\/p>\n\n<p>Retsgrundlaget for Share Controls behandling af personoplysninger er persondatalovens \u00a7 11<\/p>\n<h3 class=\"wp-block-heading\" id=\"saadan-administrerer-du-dine-egne-personlige-data\">S\u00e5dan administrerer du dine egne personlige data<\/h3>\n<p>Den begr\u00e6nsede m\u00e6ngde persondata, Share Control indsamler via dig og p\u00e5 eget initiativ, er meget marginal sammenlignet med andre spillere og andre onlinetjenester. Dette har betydet, at enhver separat administration af persondataene, s\u00e5som indstillinger i brugerapps og indstillinger i personlig annoncering, ikke er relevant hos os. Som n\u00e6vnt bruges de indsamlede personoplysninger ikke til s\u00e5danne form\u00e5l.<\/p>\n\n<p>Du har stadig altid rettigheder i forbindelse med persondataene, som du kan l\u00e6se mere om nedenfor.<\/p>\n<h3 class=\"wp-block-heading\" id=\"informationsdeling-med-tredjeparter\">Informationsdeling med tredjeparter<\/h3>\n<p>Share Control deler ingen personlige oplysninger fra kontaktformularen, egne samlinger eller oplysninger fra andre med nogen tredjepart. Skulle en s\u00e5dan distribution alligevel finde sted, vil du altid modtage en anmodning om samtykke fra os.<\/p>\n<h3 class=\"wp-block-heading\" id=\"sikker-arkivering-sletning-og-intern-kontrol\">Sikker arkivering, sletning og intern kontrol<\/h3>\n<p>I henhold til persondatalovens \u00a7 13 vil alle personlige data, som Share Control modtager, blive arkiveret p\u00e5 enten en sikker e-mail eller server, s\u00e5 l\u00e6nge arbejdsforholdet mellem dig og Share Control forts\u00e6tter. Ved oph\u00f8r af ans\u00e6ttelsen slettes al kommunikation og persondata inden for 2 \u00e5r.<\/p>\n\n<p>Share Control har en intern kontrol p\u00e5 s\u00e5dan arkivering, sikkerhed og sletning sker i overensstemmelse med form\u00e5l og i overensstemmelse med juridiske standarder.<\/p>\n<h3 class=\"wp-block-heading\" id=\"rettigheder\">Rettigheder<\/h3>\n<p>If\u00f8lge persondataloven har du som bruger eller kunde hos Share Control ret til at blive glemt, ret til dataportabilitet, ret til indsigt og ret til at blive profileret.<\/p>\n\n<p>Retten til at blive glemt betyder, at alle persondata, der er registreret hos Aktiekontrol, kan anmodes om at blive slettet. Hvis dette ikke anmodes om, vil Share Control under alle omst\u00e6ndigheder slette de fleste persondata 2 \u00e5r efter kontaktens oph\u00f8r. Retten til dataportabilitet betyder, at du kan f\u00e5 en digital kopi af alle personoplysninger, som Share Control har om dig. Denne ret betyder ogs\u00e5, at du kan tage disse personoplysninger til en anden virksomhed, hvis det er teknisk muligt og forsvarligt. Persondata, der er omfattet af dataportabilitet, er persondata, der leveres til Share Control, s\u00e5som via kontaktformularen, eller automatiserede persondata, der genereres ved brug af Share Controls tjenester.<\/p>\n\n<p>Retten til indsigt betyder, at du har ret til at se, hvilke oplysninger Share Control har registreret om dig.<\/p>\n\n<p>Retten mod profilering giver dig ret til at n\u00e6gte Share Control at kortl\u00e6gge din brug og adf\u00e6rd og dermed skr\u00e6ddersy vores tjenester til dig ud fra denne kortl\u00e6gning. Typiske eksempler vil v\u00e6re personlig annoncering, serviceudvikling, markedsunders\u00f8gelser osv. Dette er ikke desto mindre af ringe relevans for aktiekontrol, n\u00e5r aktiekontrol har ringe interesse eller brug for en s\u00e5 bred og dyb kortl\u00e6gning. Kontakt os for at ud\u00f8ve en eller flere af disse rettigheder. Du har lovf\u00e6stet ret til at modtage svar fra os inden for mindst 1 m\u00e5ned.<\/p>\n<h3 class=\"wp-block-heading\" id=\"boerns-privatliv\">B\u00f8rns privatliv<\/h3>\n<p>Share Control har hverken \u00f8nsket om eller behov for at indsamle eller behandle personoplysninger om b\u00f8rn under 16 \u00e5r. S\u00e5danne personoplysninger skal komme gennem en v\u00e6rge. Personlige oplysninger efterladt af b\u00f8rn til Share Control vil blive slettet, s\u00e5 snart Share Control bliver opm\u00e6rksom p\u00e5 det.<\/p>\n<h3 class=\"wp-block-heading\" id=\"privatlivskommissaer\">Privatlivskommiss\u00e6r<\/h3>\n<p>Share Control har ikke en databeskyttelsesrepr\u00e6sentant, da virksomheden ikke er en offentlig virksomhed, ikke behandler f\u00f8lsomme oplysninger, ikke foretager systematisk kortl\u00e6gning af personer og ikke behandler personoplysninger om kriminelle forhold.<\/p>\n<h3 class=\"wp-block-heading\" id=\"implementering-af-aendringer\">Implementering af \u00e6ndringer<\/h3>\n<p>Share Control vil fra tid til anden opdatere sin fortrolighedserkl\u00e6ring for at sikre, at den lever op til den juridiske standard, der kr\u00e6ves af norsk lov. Du vil blive informeret om s\u00e5danne opdateringer.<\/p>\n<h3 class=\"wp-block-heading\" id=\"kontakt-information\">Kontakt information<\/h3>\n<p>Hvis du har yderligere sp\u00f8rgsm\u00e5l om Share Controls privatlivspolitik eller andre anmodninger, bedes du kontakte virksomheden.<\/p>\n\n<p>Telefon: +47 24 02 21 00<\/p>\n\n<p>Mail: post@sharecontrol.no<\/p>\n","protected":false},"excerpt":{"rendered":"<p>Fortrolighedserkl\u00e6ring for Share Control og www.sharecontrol.no Denne privatlivspolitik beskriver, hvilken slags persondata Share Control indsamler, og hvordan disse persondata behandles. Aktiekontrol overholder den norske persondatalov. Denne privatlivspolitik er udarbejdet i overensstemmelse med kravene i persondatalovens \u00a7\u00a7 18 og 19. Hvad er personlige data Persondata er oplysninger om den enkelte person. Det kan v\u00e6re personens navn, &#8230; <a title=\"Fortrolighedspolitik\" class=\"read-more\" href=\"https:\/\/sharecontrol.io\/da\/fortrolighedspolitik\/\" aria-label=\"Read more about Fortrolighedspolitik\">L\u00e6s Mere<\/a><\/p>\n","protected":false},"author":1,"featured_media":0,"parent":0,"menu_order":0,"comment_status":"closed","ping_status":"open","template":"","meta":{"content-type":"","_uag_custom_page_level_css":"","footnotes":""},"class_list":["post-7825","page","type-page","status-publish"],"yoast_head":"<!-- This site is optimized with the Yoast SEO plugin v27.2 - https:\/\/yoast.com\/product\/yoast-seo-wordpress\/ -->\n<title>Fortrolighedspolitik<\/title>\n<meta name=\"robots\" content=\"index, follow, max-snippet:-1, max-image-preview:large, max-video-preview:-1\" \/>\n<link rel=\"canonical\" href=\"https:\/\/sharecontrol.io\/da\/fortrolighedspolitik\/\" \/>\n<meta property=\"og:locale\" content=\"da_DK\" \/>\n<meta property=\"og:type\" content=\"article\" \/>\n<meta property=\"og:title\" content=\"Fortrolighedspolitik\" \/>\n<meta property=\"og:description\" content=\"Fortrolighedserkl\u00e6ring for Share Control og www.sharecontrol.no Denne privatlivspolitik beskriver, hvilken slags persondata Share Control indsamler, og hvordan disse persondata behandles. Aktiekontrol overholder den norske persondatalov. Denne privatlivspolitik er udarbejdet i overensstemmelse med kravene i persondatalovens \u00a7\u00a7 18 og 19. Hvad er personlige data Persondata er oplysninger om den enkelte person. Det kan v\u00e6re personens navn, ... L\u00e6s Mere\" \/>\n<meta property=\"og:url\" content=\"https:\/\/sharecontrol.io\/da\/fortrolighedspolitik\/\" \/>\n<meta property=\"og:site_name\" content=\"ShareControl\" \/>\n<meta property=\"article:modified_time\" content=\"2024-09-20T06:47:42+00:00\" \/>\n<meta name=\"twitter:card\" content=\"summary_large_image\" \/>\n<meta name=\"twitter:label1\" content=\"Estimeret l\u00e6setid\" \/>\n\t<meta name=\"twitter:data1\" content=\"5 minutter\" \/>\n<script type=\"application\/ld+json\" class=\"yoast-schema-graph\">{\"@context\":\"https:\/\/schema.org\",\"@graph\":[{\"@type\":\"WebPage\",\"@id\":\"https:\/\/sharecontrol.io\/da\/fortrolighedspolitik\/\",\"url\":\"https:\/\/sharecontrol.io\/da\/fortrolighedspolitik\/\",\"name\":\"Fortrolighedspolitik\",\"isPartOf\":{\"@id\":\"https:\/\/sharecontrol.io\/da\/#website\"},\"datePublished\":\"2022-05-10T09:06:33+00:00\",\"dateModified\":\"2024-09-20T06:47:42+00:00\",\"breadcrumb\":{\"@id\":\"https:\/\/sharecontrol.io\/da\/fortrolighedspolitik\/#breadcrumb\"},\"inLanguage\":\"da-DK\",\"potentialAction\":[{\"@type\":\"ReadAction\",\"target\":[\"https:\/\/sharecontrol.io\/da\/fortrolighedspolitik\/\"]}]},{\"@type\":\"BreadcrumbList\",\"@id\":\"https:\/\/sharecontrol.io\/da\/fortrolighedspolitik\/#breadcrumb\",\"itemListElement\":[{\"@type\":\"ListItem\",\"position\":1,\"name\":\"Home\",\"item\":\"https:\/\/sharecontrol.io\/da\/\"},{\"@type\":\"ListItem\",\"position\":2,\"name\":\"Fortrolighedspolitik\"}]},{\"@type\":\"WebSite\",\"@id\":\"https:\/\/sharecontrol.io\/da\/#website\",\"url\":\"https:\/\/sharecontrol.io\/da\/\",\"name\":\"ShareControl\",\"description\":\"\",\"publisher\":{\"@id\":\"https:\/\/sharecontrol.io\/da\/#organization\"},\"potentialAction\":[{\"@type\":\"SearchAction\",\"target\":{\"@type\":\"EntryPoint\",\"urlTemplate\":\"https:\/\/sharecontrol.io\/da\/?s={search_term_string}\"},\"query-input\":{\"@type\":\"PropertyValueSpecification\",\"valueRequired\":true,\"valueName\":\"search_term_string\"}}],\"inLanguage\":\"da-DK\"},{\"@type\":\"Organization\",\"@id\":\"https:\/\/sharecontrol.io\/da\/#organization\",\"name\":\"ShareControl\",\"url\":\"https:\/\/sharecontrol.io\/da\/\",\"logo\":{\"@type\":\"ImageObject\",\"inLanguage\":\"da-DK\",\"@id\":\"https:\/\/sharecontrol.io\/da\/#\/schema\/logo\/image\/\",\"url\":\"https:\/\/sharecontrol.io\/wp-content\/uploads\/2022\/05\/cropped-logo-sc-default-minified-small.png\",\"contentUrl\":\"https:\/\/sharecontrol.io\/wp-content\/uploads\/2022\/05\/cropped-logo-sc-default-minified-small.png\",\"width\":900,\"height\":200,\"caption\":\"ShareControl\"},\"image\":{\"@id\":\"https:\/\/sharecontrol.io\/da\/#\/schema\/logo\/image\/\"}}]}<\/script>\n<!-- \/ Yoast SEO plugin. -->","yoast_head_json":{"title":"Fortrolighedspolitik","robots":{"index":"index","follow":"follow","max-snippet":"max-snippet:-1","max-image-preview":"max-image-preview:large","max-video-preview":"max-video-preview:-1"},"canonical":"https:\/\/sharecontrol.io\/da\/fortrolighedspolitik\/","og_locale":"da_DK","og_type":"article","og_title":"Fortrolighedspolitik","og_description":"Fortrolighedserkl\u00e6ring for Share Control og www.sharecontrol.no Denne privatlivspolitik beskriver, hvilken slags persondata Share Control indsamler, og hvordan disse persondata behandles. Aktiekontrol overholder den norske persondatalov. Denne privatlivspolitik er udarbejdet i overensstemmelse med kravene i persondatalovens \u00a7\u00a7 18 og 19. Hvad er personlige data Persondata er oplysninger om den enkelte person. Det kan v\u00e6re personens navn, ... L\u00e6s Mere","og_url":"https:\/\/sharecontrol.io\/da\/fortrolighedspolitik\/","og_site_name":"ShareControl","article_modified_time":"2024-09-20T06:47:42+00:00","twitter_card":"summary_large_image","twitter_misc":{"Estimeret l\u00e6setid":"5 minutter"},"schema":{"@context":"https:\/\/schema.org","@graph":[{"@type":"WebPage","@id":"https:\/\/sharecontrol.io\/da\/fortrolighedspolitik\/","url":"https:\/\/sharecontrol.io\/da\/fortrolighedspolitik\/","name":"Fortrolighedspolitik","isPartOf":{"@id":"https:\/\/sharecontrol.io\/da\/#website"},"datePublished":"2022-05-10T09:06:33+00:00","dateModified":"2024-09-20T06:47:42+00:00","breadcrumb":{"@id":"https:\/\/sharecontrol.io\/da\/fortrolighedspolitik\/#breadcrumb"},"inLanguage":"da-DK","potentialAction":[{"@type":"ReadAction","target":["https:\/\/sharecontrol.io\/da\/fortrolighedspolitik\/"]}]},{"@type":"BreadcrumbList","@id":"https:\/\/sharecontrol.io\/da\/fortrolighedspolitik\/#breadcrumb","itemListElement":[{"@type":"ListItem","position":1,"name":"Home","item":"https:\/\/sharecontrol.io\/da\/"},{"@type":"ListItem","position":2,"name":"Fortrolighedspolitik"}]},{"@type":"WebSite","@id":"https:\/\/sharecontrol.io\/da\/#website","url":"https:\/\/sharecontrol.io\/da\/","name":"ShareControl","description":"","publisher":{"@id":"https:\/\/sharecontrol.io\/da\/#organization"},"potentialAction":[{"@type":"SearchAction","target":{"@type":"EntryPoint","urlTemplate":"https:\/\/sharecontrol.io\/da\/?s={search_term_string}"},"query-input":{"@type":"PropertyValueSpecification","valueRequired":true,"valueName":"search_term_string"}}],"inLanguage":"da-DK"},{"@type":"Organization","@id":"https:\/\/sharecontrol.io\/da\/#organization","name":"ShareControl","url":"https:\/\/sharecontrol.io\/da\/","logo":{"@type":"ImageObject","inLanguage":"da-DK","@id":"https:\/\/sharecontrol.io\/da\/#\/schema\/logo\/image\/","url":"https:\/\/sharecontrol.io\/wp-content\/uploads\/2022\/05\/cropped-logo-sc-default-minified-small.png","contentUrl":"https:\/\/sharecontrol.io\/wp-content\/uploads\/2022\/05\/cropped-logo-sc-default-minified-small.png","width":900,"height":200,"caption":"ShareControl"},"image":{"@id":"https:\/\/sharecontrol.io\/da\/#\/schema\/logo\/image\/"}}]}},"uagb_featured_image_src":{"full":false,"thumbnail":false,"medium":false,"medium_large":false,"large":false,"1536x1536":false,"2048x2048":false},"uagb_author_info":{"display_name":"admin","author_link":"https:\/\/sharecontrol.io\/da\/author\/admin\/"},"uagb_comment_info":0,"uagb_excerpt":"Fortrolighedserkl\u00e6ring for Share Control og www.sharecontrol.no Denne privatlivspolitik beskriver, hvilken slags persondata Share Control indsamler, og hvordan disse persondata behandles. Aktiekontrol overholder den norske persondatalov. Denne privatlivspolitik er udarbejdet i overensstemmelse med kravene i persondatalovens \u00a7\u00a7 18 og 19. Hvad er personlige data Persondata er oplysninger om den enkelte person. Det kan v\u00e6re personens navn,&hellip;","_links":{"self":[{"href":"https:\/\/sharecontrol.io\/da\/wp-json\/wp\/v2\/pages\/7825","targetHints":{"allow":["GET"]}}],"collection":[{"href":"https:\/\/sharecontrol.io\/da\/wp-json\/wp\/v2\/pages"}],"about":[{"href":"https:\/\/sharecontrol.io\/da\/wp-json\/wp\/v2\/types\/page"}],"author":[{"embeddable":true,"href":"https:\/\/sharecontrol.io\/da\/wp-json\/wp\/v2\/users\/1"}],"replies":[{"embeddable":true,"href":"https:\/\/sharecontrol.io\/da\/wp-json\/wp\/v2\/comments?post=7825"}],"version-history":[{"count":3,"href":"https:\/\/sharecontrol.io\/da\/wp-json\/wp\/v2\/pages\/7825\/revisions"}],"predecessor-version":[{"id":15526,"href":"https:\/\/sharecontrol.io\/da\/wp-json\/wp\/v2\/pages\/7825\/revisions\/15526"}],"wp:attachment":[{"href":"https:\/\/sharecontrol.io\/da\/wp-json\/wp\/v2\/media?parent=7825"}],"curies":[{"name":"wp","href":"https:\/\/api.w.org\/{rel}","templated":true}]}}