{"id":7826,"date":"2021-04-16T20:14:01","date_gmt":"2021-04-16T20:14:01","guid":{"rendered":"https:\/\/sharecontrol.io\/kontakt-os\/"},"modified":"2024-09-02T10:06:09","modified_gmt":"2024-09-02T10:06:09","slug":"kontakt-os","status":"publish","type":"page","link":"https:\/\/sharecontrol.io\/da\/kontakt-os\/","title":{"rendered":"Kontakt os"},"content":{"rendered":"<div class=\"gb-container gb-container-2f700e7f\"><div class=\"gb-inside-container\">\n<div class=\"gb-grid-wrapper gb-grid-wrapper-75b32420\">\n<div class=\"gb-grid-column gb-grid-column-d5af91d3\"><div class=\"gb-container gb-container-d5af91d3\"><div class=\"gb-inside-container\">\n<h1 class=\"gb-headline gb-headline-d07c52b5 gb-headline-text\" id=\"kontaktoplysninger\">Kontaktoplysninger<\/h1>\n\n\n<p>Du er velkommen til at kontakte os, hvis du har sp\u00f8rgsm\u00e5l vedr\u00f8rende <a href=\"https:\/\/sharecontrol.io\/da\/vores-historie\/\">Share Control<\/a>, vores l\u00f8sninger eller andet, vi kan bidrage med. Vi ser frem til at h\u00f8re fra dig. <\/p>\n\n\n\n<p><\/p>\n\n\n<h5 class=\"wp-block-heading\" id=\"share-control-as\">Share Control AS<\/h5>\n\n<p class=\"gb-headline gb-headline-5e9a5021\"><span class=\"gb-icon\"><svg xmlns=\"https:\/\/www.w3.org\/2000\/svg\" aria-hidden=\"true\" height=\"1em\" width=\"1em\" viewbox=\"0 0 512 512\"><path fill=\"currentColor\" d=\"M493.4 24.6l-104-24c-11.3-2.6-22.9 3.3-27.5 13.9l-48 112c-4.2 9.8-1.4 21.3 6.9 28l60.6 49.6c-36 76.7-98.9 140.5-177.2 177.2l-49.6-60.6c-6.8-8.3-18.2-11.1-28-6.9l-112 48C3.9 366.5-2 378.1.6 389.4l24 104C27.1 504.2 36.7 512 48 512c256.1 0 464-207.5 464-464 0-11.2-7.7-20.9-18.6-23.4z\"><\/path><\/svg><\/span><span class=\"gb-headline-text\"><a href=\"tel:+47%2024%2002%2021%2000\">+47 24 02 21 00<\/a><\/span><\/p>\n\n<p class=\"gb-headline gb-headline-a52384b2\"><span class=\"gb-icon\"><svg xmlns=\"https:\/\/www.w3.org\/2000\/svg\" aria-hidden=\"true\" height=\"1em\" width=\"1em\" viewbox=\"0 0 512 512\"><path fill=\"currentColor\" d=\"M464 64H48C21.49 64 0 85.49 0 112v288c0 26.51 21.49 48 48 48h416c26.51 0 48-21.49 48-48V112c0-26.51-21.49-48-48-48zm0 48v40.805c-22.422 18.259-58.168 46.651-134.587 106.49-16.841 13.247-50.201 45.072-73.413 44.701-23.208.375-56.579-31.459-73.413-44.701C106.18 199.465 70.425 171.067 48 152.805V112h416zM48 400V214.398c22.914 18.251 55.409 43.862 104.938 82.646 21.857 17.205 60.134 55.186 103.062 54.955 42.717.231 80.509-37.199 103.053-54.947 49.528-38.783 82.032-64.401 104.947-82.653V400H48z\"><\/path><\/svg><\/span><span class=\"gb-headline-text\"><a href=\"mailto:post@sharecontrol.no\">post@sharecontrol.no<\/a><\/span><\/p>\n\n<p class=\"gb-headline gb-headline-84aceed9\"><span class=\"gb-icon\"><svg aria-hidden=\"true\" role=\"img\" height=\"1em\" width=\"1em\" viewbox=\"0 0 384 512\" xmlns=\"https:\/\/www.w3.org\/2000\/svg\"><path fill=\"currentColor\" d=\"M172.268 501.67C26.97 291.031 0 269.413 0 192 0 85.961 85.961 0 192 0s192 85.961 192 192c0 77.413-26.97 99.031-172.268 309.67-9.535 13.774-29.93 13.773-39.464 0zM192 272c44.183 0 80-35.817 80-80s-35.817-80-80-80-80 35.817-80 80 35.817 80 80 80z\"><\/path><\/svg><\/span><span class=\"gb-headline-text\">Brynsveien 3<br>0667, Oslo<\/span><\/p>\n\n\n<p><\/p>\n\n\n<h5 class=\"wp-block-heading\" id=\"share-control-ab\">Share Control AB <\/h5>\n\n<p class=\"gb-headline gb-headline-0cacce38\"><span class=\"gb-icon\"><svg xmlns=\"https:\/\/www.w3.org\/2000\/svg\" aria-hidden=\"true\" height=\"1em\" width=\"1em\" viewbox=\"0 0 512 512\"><path fill=\"currentColor\" d=\"M493.4 24.6l-104-24c-11.3-2.6-22.9 3.3-27.5 13.9l-48 112c-4.2 9.8-1.4 21.3 6.9 28l60.6 49.6c-36 76.7-98.9 140.5-177.2 177.2l-49.6-60.6c-6.8-8.3-18.2-11.1-28-6.9l-112 48C3.9 366.5-2 378.1.6 389.4l24 104C27.1 504.2 36.7 512 48 512c256.1 0 464-207.5 464-464 0-11.2-7.7-20.9-18.6-23.4z\"><\/path><\/svg><\/span><span class=\"gb-headline-text\"><a href=\"tel:+47%2024%2002%2021%2000\">+47 24 02 21 00<\/a><\/span><\/p>\n\n<p class=\"gb-headline gb-headline-f57cfa39\"><span class=\"gb-icon\"><svg xmlns=\"https:\/\/www.w3.org\/2000\/svg\" aria-hidden=\"true\" height=\"1em\" width=\"1em\" viewbox=\"0 0 512 512\"><path fill=\"currentColor\" d=\"M464 64H48C21.49 64 0 85.49 0 112v288c0 26.51 21.49 48 48 48h416c26.51 0 48-21.49 48-48V112c0-26.51-21.49-48-48-48zm0 48v40.805c-22.422 18.259-58.168 46.651-134.587 106.49-16.841 13.247-50.201 45.072-73.413 44.701-23.208.375-56.579-31.459-73.413-44.701C106.18 199.465 70.425 171.067 48 152.805V112h416zM48 400V214.398c22.914 18.251 55.409 43.862 104.938 82.646 21.857 17.205 60.134 55.186 103.062 54.955 42.717.231 80.509-37.199 103.053-54.947 49.528-38.783 82.032-64.401 104.947-82.653V400H48z\"><\/path><\/svg><\/span><span class=\"gb-headline-text\"><a href=\"mailto:post@sharecontrol.se\" target=\"_blank\" rel=\"noreferrer noopener\">post@sharecontrol.se<\/a><\/span><\/p>\n\n<p class=\"gb-headline gb-headline-1a01d99b\"><span class=\"gb-icon\"><svg aria-hidden=\"true\" role=\"img\" height=\"1em\" width=\"1em\" viewbox=\"0 0 384 512\" xmlns=\"https:\/\/www.w3.org\/2000\/svg\"><path fill=\"currentColor\" d=\"M172.268 501.67C26.97 291.031 0 269.413 0 192 0 85.961 85.961 0 192 0s192 85.961 192 192c0 77.413-26.97 99.031-172.268 309.67-9.535 13.774-29.93 13.773-39.464 0zM192 272c44.183 0 80-35.817 80-80s-35.817-80-80-80-80 35.817-80 80 35.817 80 80 80z\"><\/path><\/svg><\/span><span class=\"gb-headline-text\">Klara S\u00f6dra Kyrkogata 1<br>111 73 Stockholm<\/span><\/p>\n\n\n<p><\/p>\n\n\n<p class=\"gb-headline gb-headline-d1d99aef gb-headline-text\">F\u00f8lg os p\u00e5: <\/p>\n\n<div class=\"gb-button-wrapper gb-button-wrapper-b619746f\">\n\n<a class=\"gb-button gb-button-1b26f8f7\" href=\"\/\/www.linkedin.com\/company\/share-control-as\" target=\"_blank\" rel=\"noopener noreferrer\"><span class=\"gb-icon\"><svg xmlns=\"https:\/\/www.w3.org\/2000\/svg\" viewBox=\"0 0 448 512\" width=\"1em\" height=\"1em\" aria-hidden=\"true\"><path d=\"M100.28 448H7.4V148.9h92.88zM53.79 108.1C24.09 108.1 0 83.5 0 53.8a53.79 53.79 0 0 1 107.58 0c0 29.7-24.1 54.3-53.79 54.3zM447.9 448h-92.68V302.4c0-34.7-.7-79.2-48.29-79.2-48.29 0-55.69 37.7-55.69 76.7V448h-92.78V148.9h89.08v40.8h1.3c12.4-23.5 42.69-48.3 87.88-48.3 94 0 111.28 61.9 111.28 142.3V448z\" fill=\"currentColor\"><\/path><\/svg><\/span><\/a>\n\n\n\n<a class=\"gb-button gb-button-d7e17fad\" href=\"\/\/www.facebook.com\/sharecontrol\" target=\"_blank\" rel=\"noopener noreferrer\"><span class=\"gb-icon\"><svg xmlns=\"https:\/\/www.w3.org\/2000\/svg\" aria-hidden=\"true\" role=\"img\" height=\"1em\" width=\"1em\" viewBox=\"0 0 320 512\"><path fill=\"currentColor\" d=\"M279.14 288l14.22-92.66h-88.91v-60.13c0-25.35 12.42-50.06 52.24-50.06h40.42V6.26S260.43 0 225.36 0c-73.22 0-121.08 44.38-121.08 124.72v70.62H22.89V288h81.39v224h100.17V288z\"><\/path><\/svg><\/span><\/a>\n\n<\/div>\n<\/div><\/div><\/div>\n\n<div class=\"gb-grid-column gb-grid-column-78671382\"><div class=\"gb-container gb-container-78671382\"><div class=\"gb-inside-container\">\n<h3 class=\"gb-headline gb-headline-1becf5cd gb-headline-text\" id=\"kontakt-os\">Kontakt os<\/h3>\n\n\n<p>Hvis du vil booke et m\u00f8de med os direkte i kalenderen, kan du scrolle ned p\u00e5 siden.<\/p>\n\n\n\n<script charset=\"utf-8\" type=\"text\/javascript\" src=\"\/\/js-eu1.hsforms.net\/forms\/embed\/v2.js\"><\/script>\n<script>\n  hbspt.forms.create({\n    region: \"eu1\",\n    portalId: \"25744173\",\n    formId: \"cd6c1fa7-80a8-434d-99dd-5d3b5f90ee8e\"\n  });\n<\/script>\n\n<\/div><\/div><\/div>\n<\/div>\n<\/div><\/div>\n\n<div class=\"gb-container gb-container-e63b3406\"><div class=\"gb-inside-container\">\n<div class=\"gb-grid-wrapper gb-grid-wrapper-4cde8eb6\">\n<div class=\"gb-grid-column gb-grid-column-a9d99f9a\"><div class=\"gb-container gb-container-a9d99f9a\">\n<h2 class=\"gb-headline gb-headline-1edeb57b gb-headline-text\" id=\"book-et-moede-med-os\">Book et m\u00f8de med os<\/h2>\n\n\n<p class=\"has-text-align-center\">I kalenderen nedenfor skal du blot v\u00e6lge det tidspunkt, der passer dig bedst.\nDu vil derefter modtage en e-mail med et link til teamm\u00f8det. <\/p>\n\n\n\n<!-- Start of Meetings Embed Script -->\n    <div class=\"meetings-iframe-container\" data-src=\"https:\/\/meetings-eu1.hubspot.com\/meetings\/share\/book-a-meeting?embed=true\"><\/div>\n    <script type=\"text\/javascript\" src=\"https:\/\/static.hsappstatic.net\/MeetingsEmbed\/ex\/MeetingsEmbedCode.js\"><\/script>\n  <!-- End of Meetings Embed Script -->\n\n<\/div><\/div>\n<\/div>\n<\/div><\/div>","protected":false},"excerpt":{"rendered":"","protected":false},"author":5,"featured_media":7617,"parent":0,"menu_order":0,"comment_status":"closed","ping_status":"closed","template":"","meta":{"content-type":"","_uag_custom_page_level_css":"","footnotes":""},"class_list":["post-7826","page","type-page","status-publish","has-post-thumbnail"],"yoast_head":"<!-- This site is optimized with the Yoast SEO plugin v27.2 - https:\/\/yoast.com\/product\/yoast-seo-wordpress\/ -->\n<title>Kontakt os<\/title>\n<meta name=\"description\" content=\"Kontakt os her. Vi besvarer gerne sp\u00f8rgsm\u00e5l, viser vores produkter frem eller besvarer andre henvendelser.\" \/>\n<meta name=\"robots\" content=\"index, follow, max-snippet:-1, max-image-preview:large, max-video-preview:-1\" \/>\n<link rel=\"canonical\" href=\"https:\/\/sharecontrol.io\/da\/kontakt-os\/\" \/>\n<meta property=\"og:locale\" content=\"da_DK\" \/>\n<meta property=\"og:type\" content=\"article\" \/>\n<meta property=\"og:title\" content=\"Kontakt os\" \/>\n<meta property=\"og:description\" content=\"Kontakt os her. Vi besvarer gerne sp\u00f8rgsm\u00e5l, viser vores produkter frem eller besvarer andre henvendelser.\" \/>\n<meta property=\"og:url\" content=\"https:\/\/sharecontrol.io\/da\/kontakt-os\/\" \/>\n<meta property=\"og:site_name\" content=\"ShareControl\" \/>\n<meta property=\"article:modified_time\" content=\"2024-09-02T10:06:09+00:00\" \/>\n<meta property=\"og:image\" content=\"https:\/\/sharecontrol.io\/wp-content\/uploads\/2022\/06\/Untitled-design-37.png\" \/>\n\t<meta property=\"og:image:width\" content=\"750\" \/>\n\t<meta property=\"og:image:height\" content=\"750\" \/>\n\t<meta property=\"og:image:type\" content=\"image\/png\" \/>\n<meta name=\"twitter:card\" content=\"summary_large_image\" \/>\n<meta name=\"twitter:label1\" content=\"Estimeret l\u00e6setid\" \/>\n\t<meta name=\"twitter:data1\" content=\"1 minut\" \/>\n<script type=\"application\/ld+json\" class=\"yoast-schema-graph\">{\"@context\":\"https:\/\/schema.org\",\"@graph\":[{\"@type\":\"WebPage\",\"@id\":\"https:\/\/sharecontrol.io\/da\/kontakt-os\/\",\"url\":\"https:\/\/sharecontrol.io\/da\/kontakt-os\/\",\"name\":\"Kontakt os\",\"isPartOf\":{\"@id\":\"https:\/\/sharecontrol.io\/da\/#website\"},\"primaryImageOfPage\":{\"@id\":\"https:\/\/sharecontrol.io\/da\/kontakt-os\/#primaryimage\"},\"image\":{\"@id\":\"https:\/\/sharecontrol.io\/da\/kontakt-os\/#primaryimage\"},\"thumbnailUrl\":\"https:\/\/sharecontrol.io\/wp-content\/uploads\/2022\/06\/Untitled-design-37.png\",\"datePublished\":\"2021-04-16T20:14:01+00:00\",\"dateModified\":\"2024-09-02T10:06:09+00:00\",\"description\":\"Kontakt os her. Vi besvarer gerne sp\u00f8rgsm\u00e5l, viser vores produkter frem eller besvarer andre henvendelser.\",\"breadcrumb\":{\"@id\":\"https:\/\/sharecontrol.io\/da\/kontakt-os\/#breadcrumb\"},\"inLanguage\":\"da-DK\",\"potentialAction\":[{\"@type\":\"ReadAction\",\"target\":[\"https:\/\/sharecontrol.io\/da\/kontakt-os\/\"]}]},{\"@type\":\"ImageObject\",\"inLanguage\":\"da-DK\",\"@id\":\"https:\/\/sharecontrol.io\/da\/kontakt-os\/#primaryimage\",\"url\":\"https:\/\/sharecontrol.io\/wp-content\/uploads\/2022\/06\/Untitled-design-37.png\",\"contentUrl\":\"https:\/\/sharecontrol.io\/wp-content\/uploads\/2022\/06\/Untitled-design-37.png\",\"width\":750,\"height\":750},{\"@type\":\"BreadcrumbList\",\"@id\":\"https:\/\/sharecontrol.io\/da\/kontakt-os\/#breadcrumb\",\"itemListElement\":[{\"@type\":\"ListItem\",\"position\":1,\"name\":\"Home\",\"item\":\"https:\/\/sharecontrol.io\/da\/\"},{\"@type\":\"ListItem\",\"position\":2,\"name\":\"Kontakt os\"}]},{\"@type\":\"WebSite\",\"@id\":\"https:\/\/sharecontrol.io\/da\/#website\",\"url\":\"https:\/\/sharecontrol.io\/da\/\",\"name\":\"ShareControl\",\"description\":\"\",\"publisher\":{\"@id\":\"https:\/\/sharecontrol.io\/da\/#organization\"},\"potentialAction\":[{\"@type\":\"SearchAction\",\"target\":{\"@type\":\"EntryPoint\",\"urlTemplate\":\"https:\/\/sharecontrol.io\/da\/?s={search_term_string}\"},\"query-input\":{\"@type\":\"PropertyValueSpecification\",\"valueRequired\":true,\"valueName\":\"search_term_string\"}}],\"inLanguage\":\"da-DK\"},{\"@type\":\"Organization\",\"@id\":\"https:\/\/sharecontrol.io\/da\/#organization\",\"name\":\"ShareControl\",\"url\":\"https:\/\/sharecontrol.io\/da\/\",\"logo\":{\"@type\":\"ImageObject\",\"inLanguage\":\"da-DK\",\"@id\":\"https:\/\/sharecontrol.io\/da\/#\/schema\/logo\/image\/\",\"url\":\"https:\/\/sharecontrol.io\/wp-content\/uploads\/2022\/05\/cropped-logo-sc-default-minified-small.png\",\"contentUrl\":\"https:\/\/sharecontrol.io\/wp-content\/uploads\/2022\/05\/cropped-logo-sc-default-minified-small.png\",\"width\":900,\"height\":200,\"caption\":\"ShareControl\"},\"image\":{\"@id\":\"https:\/\/sharecontrol.io\/da\/#\/schema\/logo\/image\/\"}}]}<\/script>\n<!-- \/ Yoast SEO plugin. -->","yoast_head_json":{"title":"Kontakt os","description":"Kontakt os her. Vi besvarer gerne sp\u00f8rgsm\u00e5l, viser vores produkter frem eller besvarer andre henvendelser.","robots":{"index":"index","follow":"follow","max-snippet":"max-snippet:-1","max-image-preview":"max-image-preview:large","max-video-preview":"max-video-preview:-1"},"canonical":"https:\/\/sharecontrol.io\/da\/kontakt-os\/","og_locale":"da_DK","og_type":"article","og_title":"Kontakt os","og_description":"Kontakt os her. Vi besvarer gerne sp\u00f8rgsm\u00e5l, viser vores produkter frem eller besvarer andre henvendelser.","og_url":"https:\/\/sharecontrol.io\/da\/kontakt-os\/","og_site_name":"ShareControl","article_modified_time":"2024-09-02T10:06:09+00:00","og_image":[{"width":750,"height":750,"url":"https:\/\/sharecontrol.io\/wp-content\/uploads\/2022\/06\/Untitled-design-37.png","type":"image\/png"}],"twitter_card":"summary_large_image","twitter_misc":{"Estimeret l\u00e6setid":"1 minut"},"schema":{"@context":"https:\/\/schema.org","@graph":[{"@type":"WebPage","@id":"https:\/\/sharecontrol.io\/da\/kontakt-os\/","url":"https:\/\/sharecontrol.io\/da\/kontakt-os\/","name":"Kontakt os","isPartOf":{"@id":"https:\/\/sharecontrol.io\/da\/#website"},"primaryImageOfPage":{"@id":"https:\/\/sharecontrol.io\/da\/kontakt-os\/#primaryimage"},"image":{"@id":"https:\/\/sharecontrol.io\/da\/kontakt-os\/#primaryimage"},"thumbnailUrl":"https:\/\/sharecontrol.io\/wp-content\/uploads\/2022\/06\/Untitled-design-37.png","datePublished":"2021-04-16T20:14:01+00:00","dateModified":"2024-09-02T10:06:09+00:00","description":"Kontakt os her. Vi besvarer gerne sp\u00f8rgsm\u00e5l, viser vores produkter frem eller besvarer andre henvendelser.","breadcrumb":{"@id":"https:\/\/sharecontrol.io\/da\/kontakt-os\/#breadcrumb"},"inLanguage":"da-DK","potentialAction":[{"@type":"ReadAction","target":["https:\/\/sharecontrol.io\/da\/kontakt-os\/"]}]},{"@type":"ImageObject","inLanguage":"da-DK","@id":"https:\/\/sharecontrol.io\/da\/kontakt-os\/#primaryimage","url":"https:\/\/sharecontrol.io\/wp-content\/uploads\/2022\/06\/Untitled-design-37.png","contentUrl":"https:\/\/sharecontrol.io\/wp-content\/uploads\/2022\/06\/Untitled-design-37.png","width":750,"height":750},{"@type":"BreadcrumbList","@id":"https:\/\/sharecontrol.io\/da\/kontakt-os\/#breadcrumb","itemListElement":[{"@type":"ListItem","position":1,"name":"Home","item":"https:\/\/sharecontrol.io\/da\/"},{"@type":"ListItem","position":2,"name":"Kontakt os"}]},{"@type":"WebSite","@id":"https:\/\/sharecontrol.io\/da\/#website","url":"https:\/\/sharecontrol.io\/da\/","name":"ShareControl","description":"","publisher":{"@id":"https:\/\/sharecontrol.io\/da\/#organization"},"potentialAction":[{"@type":"SearchAction","target":{"@type":"EntryPoint","urlTemplate":"https:\/\/sharecontrol.io\/da\/?s={search_term_string}"},"query-input":{"@type":"PropertyValueSpecification","valueRequired":true,"valueName":"search_term_string"}}],"inLanguage":"da-DK"},{"@type":"Organization","@id":"https:\/\/sharecontrol.io\/da\/#organization","name":"ShareControl","url":"https:\/\/sharecontrol.io\/da\/","logo":{"@type":"ImageObject","inLanguage":"da-DK","@id":"https:\/\/sharecontrol.io\/da\/#\/schema\/logo\/image\/","url":"https:\/\/sharecontrol.io\/wp-content\/uploads\/2022\/05\/cropped-logo-sc-default-minified-small.png","contentUrl":"https:\/\/sharecontrol.io\/wp-content\/uploads\/2022\/05\/cropped-logo-sc-default-minified-small.png","width":900,"height":200,"caption":"ShareControl"},"image":{"@id":"https:\/\/sharecontrol.io\/da\/#\/schema\/logo\/image\/"}}]}},"uagb_featured_image_src":{"full":["https:\/\/sharecontrol.io\/wp-content\/uploads\/2022\/06\/Untitled-design-37.png",750,750,false],"thumbnail":["https:\/\/sharecontrol.io\/wp-content\/uploads\/2022\/06\/Untitled-design-37-150x150.png",150,150,true],"medium":["https:\/\/sharecontrol.io\/wp-content\/uploads\/2022\/06\/Untitled-design-37-300x300.png",300,300,true],"medium_large":["https:\/\/sharecontrol.io\/wp-content\/uploads\/2022\/06\/Untitled-design-37.png",750,750,false],"large":["https:\/\/sharecontrol.io\/wp-content\/uploads\/2022\/06\/Untitled-design-37.png",750,750,false],"1536x1536":["https:\/\/sharecontrol.io\/wp-content\/uploads\/2022\/06\/Untitled-design-37.png",750,750,false],"2048x2048":["https:\/\/sharecontrol.io\/wp-content\/uploads\/2022\/06\/Untitled-design-37.png",750,750,false]},"uagb_author_info":{"display_name":"Ragnar Bryne","author_link":"https:\/\/sharecontrol.io\/da\/author\/ragnar\/"},"uagb_comment_info":0,"uagb_excerpt":null,"_links":{"self":[{"href":"https:\/\/sharecontrol.io\/da\/wp-json\/wp\/v2\/pages\/7826","targetHints":{"allow":["GET"]}}],"collection":[{"href":"https:\/\/sharecontrol.io\/da\/wp-json\/wp\/v2\/pages"}],"about":[{"href":"https:\/\/sharecontrol.io\/da\/wp-json\/wp\/v2\/types\/page"}],"author":[{"embeddable":true,"href":"https:\/\/sharecontrol.io\/da\/wp-json\/wp\/v2\/users\/5"}],"replies":[{"embeddable":true,"href":"https:\/\/sharecontrol.io\/da\/wp-json\/wp\/v2\/comments?post=7826"}],"version-history":[{"count":48,"href":"https:\/\/sharecontrol.io\/da\/wp-json\/wp\/v2\/pages\/7826\/revisions"}],"predecessor-version":[{"id":15254,"href":"https:\/\/sharecontrol.io\/da\/wp-json\/wp\/v2\/pages\/7826\/revisions\/15254"}],"wp:featuredmedia":[{"embeddable":true,"href":"https:\/\/sharecontrol.io\/da\/wp-json\/wp\/v2\/media\/7617"}],"wp:attachment":[{"href":"https:\/\/sharecontrol.io\/da\/wp-json\/wp\/v2\/media?parent=7826"}],"curies":[{"name":"wp","href":"https:\/\/api.w.org\/{rel}","templated":true}]}}