{"id":7987,"date":"2022-06-27T12:05:20","date_gmt":"2022-06-27T12:05:20","guid":{"rendered":"https:\/\/sharecontrol.io\/aker-solutions\/"},"modified":"2025-01-13T07:53:32","modified_gmt":"2025-01-13T07:53:32","slug":"aker-solutions","status":"publish","type":"page","link":"https:\/\/sharecontrol.io\/da\/kundehistorier\/aker-solutions\/","title":{"rendered":"Aker Solutions"},"content":{"rendered":"<div class=\"gb-container gb-container-84599a7f\">\n<h1 class=\"wp-block-heading\" id=\"aker-solutions\">Aker Solutions<\/h1>\n\n\n<p><a href=\"https:\/\/www.akersolutions.com\" target=\"_blank\" rel=\"noreferrer noopener\">Aker Solutions<\/a> er en f\u00f8rende leverand\u00f8rvirksomhed. Virksomheden leverer integrerede l\u00f8sninger, produkter og tjenester til den globale energisektor. Virksomhedens innovative l\u00f8sninger muligg\u00f8r produktion af olie og gas med lavt kulstofindhold og udvikling af vedvarende l\u00f8sninger til at im\u00f8dekomme fremtidens energibehov.<\/p>\n\n\n<p class=\"gb-headline gb-headline-0e6351cf\"><span class=\"gb-icon\"><svg xmlns=\"http:\/\/www.w3.org\/2000\/svg\" viewbox=\"0 0 256 512\" width=\"1em\" height=\"1em\" aria-hidden=\"true\"><path d=\"M224.3 273l-136 136c-9.4 9.4-24.6 9.4-33.9 0l-22.6-22.6c-9.4-9.4-9.4-24.6 0-33.9l96.4-96.4-96.4-96.4c-9.4-9.4-9.4-24.6 0-33.9L54.3 103c9.4-9.4 24.6-9.4 33.9 0l136 136c9.5 9.4 9.5 24.6.1 34z\" fill=\"currentColor\"><\/path><\/svg><\/span><span class=\"gb-headline-text\"><strong>Produkt: <a href=\"https:\/\/sharecontrol.io\/da\/produkter\/ifrs-16-system\/\">ShareControl IFRS 16<\/a><\/strong><\/span><\/p>\n\n<p class=\"gb-headline gb-headline-2fae2ef4\"><span class=\"gb-icon\"><svg xmlns=\"http:\/\/www.w3.org\/2000\/svg\" viewbox=\"0 0 256 512\" width=\"1em\" height=\"1em\" aria-hidden=\"true\"><path d=\"M224.3 273l-136 136c-9.4 9.4-24.6 9.4-33.9 0l-22.6-22.6c-9.4-9.4-9.4-24.6 0-33.9l96.4-96.4-96.4-96.4c-9.4-9.4-9.4-24.6 0-33.9L54.3 103c9.4-9.4 24.6-9.4 33.9 0l136 136c9.5 9.4 9.5 24.6.1 34z\" fill=\"currentColor\"><\/path><\/svg><\/span><span class=\"gb-headline-text\"><strong>Antal ansatte: 11 000<\/strong><\/span><\/p>\n<\/div>\n<div class=\"wp-block-getwid-section alignfull alignfull getwid-section-content-custom-width\"><div class=\"wp-block-getwid-section__wrapper getwid-padding-top-large getwid-padding-bottom-large getwid-padding-left-medium getwid-padding-right-medium\" style=\"min-height:200px\"><div class=\"wp-block-getwid-section__inner-wrapper\" style=\"max-width:1140px\"><div class=\"wp-block-getwid-section__background-holder\"><div class=\"wp-block-getwid-section__background\" style=\"background-image:url('https:\/\/sharecontrol.io\/wp-content\/uploads\/2023\/09\/ShareControl-IFRS-16.jpg')\"><div class=\"wp-block-getwid-section__background-image-wrapper\"><img decoding=\"async\" class=\"wp-block-getwid-section__background-image\" src=\"https:\/\/sharecontrol.io\/wp-content\/uploads\/2023\/09\/ShareControl-IFRS-16.jpg\" alt=\"ShareControl IFRS 16 dashboard.\"\/><\/div><\/div><div class=\"wp-block-getwid-section__foreground\" style=\"opacity:0.7;background-color:#000000\"><\/div><\/div><div class=\"wp-block-getwid-section__content\"><div class=\"wp-block-getwid-section__inner-content\">\n<blockquote class=\"wp-block-quote has-base-3-color has-text-color is-layout-flow wp-block-quote-is-layout-flow\">\n<p class=\"has-base-3-color has-text-color\">&#8220;Share Controls styrke er, at deres IFRS 16-system og professionelle ekspertise giver os ro i sindet&#8221;<\/p>\n<cite><em>\u2013 <strong>Per \u00d8yvind Reneflot<\/strong>, Senior Advisor<\/em><\/cite><\/blockquote>\n<\/div><\/div><\/div><\/div><\/div>\n\n<div class=\"wp-block-getwid-section alignfull alignfull getwid-margin-top-medium\"><div class=\"wp-block-getwid-section__wrapper\"><div class=\"wp-block-getwid-section__inner-wrapper\"><div class=\"wp-block-getwid-section__background-holder\"><div class=\"wp-block-getwid-section__background\"><\/div><div class=\"wp-block-getwid-section__foreground\"><\/div><\/div><div class=\"wp-block-getwid-section__content\"><div class=\"wp-block-getwid-section__inner-content\"><h3 class=\"wp-block-heading\" id=\"hvad-har-vi-lavet-sammen\">Hvad har vi lavet sammen?<\/h3>\n\n\n<p>Vores samarbejde har betydet, at vi i Aker Solutions sammen med Share Control fik et system, der fungerer rigtig godt. Hvor Share Control er n\u00e5et frem til en teknisk l\u00f8sning og bidraget med specialviden. Vi har haft gode faglige diskussioner med Share Control.<\/p>\n\n\n\n<p>Aktiekontrol adskiller sig fra andre leverand\u00f8rer ved, at de kender <a href=\"https:\/\/sharecontrol.io\/da\/ifrs-16-da\/hvad-er-ifrs-16\/\">IFRS 16<\/a>. Aker Solutions har igen bidraget fra et brugerperspektiv.<\/p>\n\n\n\n<p>L\u00f8sningen er enkel, intuitiv og fleksibel, hvor du altid kan se, hvor dataene kommer fra.<\/p>\n\n\n<h3 class=\"wp-block-heading\" id=\"hvordan-blev-du-kunde-hos-share-control\">Hvordan blev du kunde hos Share Control?<\/h3>\n\n\n<p>Vi startede samarbejdet med en pilot allerede i 2017. Det var en mulighed for at evaluere Share Control i forhold til at bygge en skr\u00e6ddersyet l\u00f8sning i Microsoft Excel.<\/p>\n\n\n\n<p>S\u00e5 vi har v\u00e6ret p\u00e5 hele rejsen sammen, fra 0 kunder til Share Control i dag med mere end 60 kunder.<\/p>\n\n\n<h3 class=\"wp-block-heading\" id=\"paa-hvilken-maade-leverer-vi-vaerdi-til-dig\">P\u00e5 hvilken m\u00e5de leverer vi v\u00e6rdi til dig?<\/h3>\n\n\n<p>ShareControl <a href=\"https:\/\/sharecontrol.io\/da\/produkter\/ifrs-16-system\/\">IFRS 16-systemet <\/a> s\u00e4kerst\u00e4ller att ber\u00e4kningarna g\u00f6rs. Vi s\u00e6tter ogs\u00e5 stor pris p\u00e5 kategorien Skift fane! L\u00f8sningen fungerer rigtig godt til intern kontrol hos Aker Solutions, samtidig med at det er nemt for revisor at se \u00e6ndringer.<\/p>\n\n\n<h3 class=\"wp-block-heading\" id=\"hvad-skal-vi-goere-for-at-fortsaette-samarbejdet\">Hvad skal vi g\u00f8re for at forts\u00e6tte samarbejdet?<\/h3>\n\n\n<p>Med l\u00f8bende forbedringer og en god dialog om, hvad vi \u00f8nsker i l\u00f8sningen, mener vi, at samarbejdet mellem Share Control og Aker Solutions fungerer rigtig godt. Vi mener derfor, at Share Control b\u00f8r forts\u00e6tte det gode arbejde, som de allerede g\u00f8r.<\/p>\n<\/div><\/div><\/div><\/div><\/div>\n\n<div class=\"wp-block-uagb-image uagb-block-e7452f00 wp-block-uagb-image--layout-default wp-block-uagb-image--effect-static wp-block-uagb-image--align-none\"><figure class=\"wp-block-uagb-image__figure\"><img decoding=\"async\" srcset=\"https:\/\/sharecontrol.io\/wp-content\/uploads\/2023\/10\/Aker-Solutions_Share-Control-1024x536.jpg ,https:\/\/sharecontrol.io\/wp-content\/uploads\/2023\/10\/Aker-Solutions_Share-Control.jpg 780w, https:\/\/sharecontrol.io\/wp-content\/uploads\/2023\/10\/Aker-Solutions_Share-Control.jpg 360w\" sizes=\"auto, (max-width: 480px) 150px\" src=\"https:\/\/sharecontrol.io\/wp-content\/uploads\/2023\/10\/Aker-Solutions_Share-Control-1024x536.jpg\" alt=\"Aker Solutions Logo\" class=\"uag-image-10210\" width=\"1024\" height=\"536\" title=\"\" loading=\"lazy\" role=\"img\"><\/figure><\/div>\n","protected":false},"excerpt":{"rendered":"<p>Aker Solutions Aker Solutions er en f\u00f8rende leverand\u00f8rvirksomhed. Virksomheden leverer integrerede l\u00f8sninger, produkter og tjenester til den globale energisektor. Virksomhedens innovative l\u00f8sninger muligg\u00f8r produktion af olie og gas med lavt kulstofindhold og udvikling af vedvarende l\u00f8sninger til at im\u00f8dekomme fremtidens energibehov. Produkt: ShareControl IFRS 16 Antal ansatte: 11 000<\/p>\n","protected":false},"author":5,"featured_media":10211,"parent":8811,"menu_order":0,"comment_status":"closed","ping_status":"closed","template":"","meta":{"content-type":"","_uag_custom_page_level_css":"","footnotes":""},"class_list":["post-7987","page","type-page","status-publish","has-post-thumbnail"],"yoast_head":"<!-- This site is optimized with the Yoast SEO plugin v27.2 - https:\/\/yoast.com\/product\/yoast-seo-wordpress\/ -->\n<title>Aker Solutions<\/title>\n<meta name=\"description\" content=\"Samarbejdet mellem Share Control og Aker Solution har givet fordele for begge virksomheder. L\u00e6s, hvordan de fik gavn af vores IFRS 16-l\u00f8sning.\" \/>\n<meta name=\"robots\" content=\"index, follow, max-snippet:-1, max-image-preview:large, max-video-preview:-1\" \/>\n<link rel=\"canonical\" href=\"https:\/\/sharecontrol.io\/da\/kundehistorier\/aker-solutions\/\" \/>\n<meta property=\"og:locale\" content=\"da_DK\" \/>\n<meta property=\"og:type\" content=\"article\" \/>\n<meta property=\"og:title\" content=\"Aker Solutions\" \/>\n<meta property=\"og:description\" content=\"Samarbejdet mellem Share Control og Aker Solution har givet fordele for begge virksomheder. L\u00e6s, hvordan de fik gavn af vores IFRS 16-l\u00f8sning.\" \/>\n<meta property=\"og:url\" content=\"https:\/\/sharecontrol.io\/da\/kundehistorier\/aker-solutions\/\" \/>\n<meta property=\"og:site_name\" content=\"ShareControl\" \/>\n<meta property=\"article:modified_time\" content=\"2025-01-13T07:53:32+00:00\" \/>\n<meta property=\"og:image\" content=\"https:\/\/sharecontrol.io\/wp-content\/uploads\/2023\/10\/Aker-Solutions_Share-Control.jpg\" \/>\n\t<meta property=\"og:image:width\" content=\"2400\" \/>\n\t<meta property=\"og:image:height\" content=\"1256\" \/>\n\t<meta property=\"og:image:type\" content=\"image\/jpeg\" \/>\n<meta name=\"twitter:card\" content=\"summary_large_image\" \/>\n<meta name=\"twitter:label1\" content=\"Estimeret l\u00e6setid\" \/>\n\t<meta name=\"twitter:data1\" content=\"2 minutter\" \/>\n<script type=\"application\/ld+json\" class=\"yoast-schema-graph\">{\"@context\":\"https:\/\/schema.org\",\"@graph\":[{\"@type\":\"WebPage\",\"@id\":\"https:\/\/sharecontrol.io\/da\/kundehistorier\/aker-solutions\/\",\"url\":\"https:\/\/sharecontrol.io\/da\/kundehistorier\/aker-solutions\/\",\"name\":\"Aker Solutions\",\"isPartOf\":{\"@id\":\"https:\/\/sharecontrol.io\/da\/#website\"},\"primaryImageOfPage\":{\"@id\":\"https:\/\/sharecontrol.io\/da\/kundehistorier\/aker-solutions\/#primaryimage\"},\"image\":{\"@id\":\"https:\/\/sharecontrol.io\/da\/kundehistorier\/aker-solutions\/#primaryimage\"},\"thumbnailUrl\":\"https:\/\/sharecontrol.io\/wp-content\/uploads\/2023\/10\/Aker-Solutions_Share-Control.jpg\",\"datePublished\":\"2022-06-27T12:05:20+00:00\",\"dateModified\":\"2025-01-13T07:53:32+00:00\",\"description\":\"Samarbejdet mellem Share Control og Aker Solution har givet fordele for begge virksomheder. L\u00e6s, hvordan de fik gavn af vores IFRS 16-l\u00f8sning.\",\"breadcrumb\":{\"@id\":\"https:\/\/sharecontrol.io\/da\/kundehistorier\/aker-solutions\/#breadcrumb\"},\"inLanguage\":\"da-DK\",\"potentialAction\":[{\"@type\":\"ReadAction\",\"target\":[\"https:\/\/sharecontrol.io\/da\/kundehistorier\/aker-solutions\/\"]}]},{\"@type\":\"ImageObject\",\"inLanguage\":\"da-DK\",\"@id\":\"https:\/\/sharecontrol.io\/da\/kundehistorier\/aker-solutions\/#primaryimage\",\"url\":\"https:\/\/sharecontrol.io\/wp-content\/uploads\/2023\/10\/Aker-Solutions_Share-Control.jpg\",\"contentUrl\":\"https:\/\/sharecontrol.io\/wp-content\/uploads\/2023\/10\/Aker-Solutions_Share-Control.jpg\",\"width\":2400,\"height\":1256,\"caption\":\"Aker Solutions kundereferanse av Share Control.\"},{\"@type\":\"BreadcrumbList\",\"@id\":\"https:\/\/sharecontrol.io\/da\/kundehistorier\/aker-solutions\/#breadcrumb\",\"itemListElement\":[{\"@type\":\"ListItem\",\"position\":1,\"name\":\"Home\",\"item\":\"https:\/\/sharecontrol.io\/da\/\"},{\"@type\":\"ListItem\",\"position\":2,\"name\":\"Kundehistorier\",\"item\":\"https:\/\/sharecontrol.io\/da\/kundehistorier\/\"},{\"@type\":\"ListItem\",\"position\":3,\"name\":\"Aker Solutions\"}]},{\"@type\":\"WebSite\",\"@id\":\"https:\/\/sharecontrol.io\/da\/#website\",\"url\":\"https:\/\/sharecontrol.io\/da\/\",\"name\":\"ShareControl\",\"description\":\"\",\"publisher\":{\"@id\":\"https:\/\/sharecontrol.io\/da\/#organization\"},\"potentialAction\":[{\"@type\":\"SearchAction\",\"target\":{\"@type\":\"EntryPoint\",\"urlTemplate\":\"https:\/\/sharecontrol.io\/da\/?s={search_term_string}\"},\"query-input\":{\"@type\":\"PropertyValueSpecification\",\"valueRequired\":true,\"valueName\":\"search_term_string\"}}],\"inLanguage\":\"da-DK\"},{\"@type\":\"Organization\",\"@id\":\"https:\/\/sharecontrol.io\/da\/#organization\",\"name\":\"ShareControl\",\"url\":\"https:\/\/sharecontrol.io\/da\/\",\"logo\":{\"@type\":\"ImageObject\",\"inLanguage\":\"da-DK\",\"@id\":\"https:\/\/sharecontrol.io\/da\/#\/schema\/logo\/image\/\",\"url\":\"https:\/\/sharecontrol.io\/wp-content\/uploads\/2022\/05\/cropped-logo-sc-default-minified-small.png\",\"contentUrl\":\"https:\/\/sharecontrol.io\/wp-content\/uploads\/2022\/05\/cropped-logo-sc-default-minified-small.png\",\"width\":900,\"height\":200,\"caption\":\"ShareControl\"},\"image\":{\"@id\":\"https:\/\/sharecontrol.io\/da\/#\/schema\/logo\/image\/\"}}]}<\/script>\n<!-- \/ Yoast SEO plugin. -->","yoast_head_json":{"title":"Aker Solutions","description":"Samarbejdet mellem Share Control og Aker Solution har givet fordele for begge virksomheder. L\u00e6s, hvordan de fik gavn af vores IFRS 16-l\u00f8sning.","robots":{"index":"index","follow":"follow","max-snippet":"max-snippet:-1","max-image-preview":"max-image-preview:large","max-video-preview":"max-video-preview:-1"},"canonical":"https:\/\/sharecontrol.io\/da\/kundehistorier\/aker-solutions\/","og_locale":"da_DK","og_type":"article","og_title":"Aker Solutions","og_description":"Samarbejdet mellem Share Control og Aker Solution har givet fordele for begge virksomheder. L\u00e6s, hvordan de fik gavn af vores IFRS 16-l\u00f8sning.","og_url":"https:\/\/sharecontrol.io\/da\/kundehistorier\/aker-solutions\/","og_site_name":"ShareControl","article_modified_time":"2025-01-13T07:53:32+00:00","og_image":[{"width":2400,"height":1256,"url":"https:\/\/sharecontrol.io\/wp-content\/uploads\/2023\/10\/Aker-Solutions_Share-Control.jpg","type":"image\/jpeg"}],"twitter_card":"summary_large_image","twitter_misc":{"Estimeret l\u00e6setid":"2 minutter"},"schema":{"@context":"https:\/\/schema.org","@graph":[{"@type":"WebPage","@id":"https:\/\/sharecontrol.io\/da\/kundehistorier\/aker-solutions\/","url":"https:\/\/sharecontrol.io\/da\/kundehistorier\/aker-solutions\/","name":"Aker Solutions","isPartOf":{"@id":"https:\/\/sharecontrol.io\/da\/#website"},"primaryImageOfPage":{"@id":"https:\/\/sharecontrol.io\/da\/kundehistorier\/aker-solutions\/#primaryimage"},"image":{"@id":"https:\/\/sharecontrol.io\/da\/kundehistorier\/aker-solutions\/#primaryimage"},"thumbnailUrl":"https:\/\/sharecontrol.io\/wp-content\/uploads\/2023\/10\/Aker-Solutions_Share-Control.jpg","datePublished":"2022-06-27T12:05:20+00:00","dateModified":"2025-01-13T07:53:32+00:00","description":"Samarbejdet mellem Share Control og Aker Solution har givet fordele for begge virksomheder. L\u00e6s, hvordan de fik gavn af vores IFRS 16-l\u00f8sning.","breadcrumb":{"@id":"https:\/\/sharecontrol.io\/da\/kundehistorier\/aker-solutions\/#breadcrumb"},"inLanguage":"da-DK","potentialAction":[{"@type":"ReadAction","target":["https:\/\/sharecontrol.io\/da\/kundehistorier\/aker-solutions\/"]}]},{"@type":"ImageObject","inLanguage":"da-DK","@id":"https:\/\/sharecontrol.io\/da\/kundehistorier\/aker-solutions\/#primaryimage","url":"https:\/\/sharecontrol.io\/wp-content\/uploads\/2023\/10\/Aker-Solutions_Share-Control.jpg","contentUrl":"https:\/\/sharecontrol.io\/wp-content\/uploads\/2023\/10\/Aker-Solutions_Share-Control.jpg","width":2400,"height":1256,"caption":"Aker Solutions kundereferanse av Share Control."},{"@type":"BreadcrumbList","@id":"https:\/\/sharecontrol.io\/da\/kundehistorier\/aker-solutions\/#breadcrumb","itemListElement":[{"@type":"ListItem","position":1,"name":"Home","item":"https:\/\/sharecontrol.io\/da\/"},{"@type":"ListItem","position":2,"name":"Kundehistorier","item":"https:\/\/sharecontrol.io\/da\/kundehistorier\/"},{"@type":"ListItem","position":3,"name":"Aker Solutions"}]},{"@type":"WebSite","@id":"https:\/\/sharecontrol.io\/da\/#website","url":"https:\/\/sharecontrol.io\/da\/","name":"ShareControl","description":"","publisher":{"@id":"https:\/\/sharecontrol.io\/da\/#organization"},"potentialAction":[{"@type":"SearchAction","target":{"@type":"EntryPoint","urlTemplate":"https:\/\/sharecontrol.io\/da\/?s={search_term_string}"},"query-input":{"@type":"PropertyValueSpecification","valueRequired":true,"valueName":"search_term_string"}}],"inLanguage":"da-DK"},{"@type":"Organization","@id":"https:\/\/sharecontrol.io\/da\/#organization","name":"ShareControl","url":"https:\/\/sharecontrol.io\/da\/","logo":{"@type":"ImageObject","inLanguage":"da-DK","@id":"https:\/\/sharecontrol.io\/da\/#\/schema\/logo\/image\/","url":"https:\/\/sharecontrol.io\/wp-content\/uploads\/2022\/05\/cropped-logo-sc-default-minified-small.png","contentUrl":"https:\/\/sharecontrol.io\/wp-content\/uploads\/2022\/05\/cropped-logo-sc-default-minified-small.png","width":900,"height":200,"caption":"ShareControl"},"image":{"@id":"https:\/\/sharecontrol.io\/da\/#\/schema\/logo\/image\/"}}]}},"uagb_featured_image_src":{"full":["https:\/\/sharecontrol.io\/wp-content\/uploads\/2023\/10\/Aker-Solutions_Share-Control.jpg",2400,1256,false],"thumbnail":["https:\/\/sharecontrol.io\/wp-content\/uploads\/2023\/10\/Aker-Solutions_Share-Control-150x150.jpg",150,150,true],"medium":["https:\/\/sharecontrol.io\/wp-content\/uploads\/2023\/10\/Aker-Solutions_Share-Control-300x157.jpg",300,157,true],"medium_large":["https:\/\/sharecontrol.io\/wp-content\/uploads\/2023\/10\/Aker-Solutions_Share-Control-768x402.jpg",768,402,true],"large":["https:\/\/sharecontrol.io\/wp-content\/uploads\/2023\/10\/Aker-Solutions_Share-Control-1024x536.jpg",1024,536,true],"1536x1536":["https:\/\/sharecontrol.io\/wp-content\/uploads\/2023\/10\/Aker-Solutions_Share-Control-1536x804.jpg",1536,804,true],"2048x2048":["https:\/\/sharecontrol.io\/wp-content\/uploads\/2023\/10\/Aker-Solutions_Share-Control-2048x1072.jpg",2048,1072,true]},"uagb_author_info":{"display_name":"Ragnar Bryne","author_link":"https:\/\/sharecontrol.io\/da\/author\/ragnar\/"},"uagb_comment_info":0,"uagb_excerpt":"Aker Solutions Aker Solutions er en f\u00f8rende leverand\u00f8rvirksomhed. Virksomheden leverer integrerede l\u00f8sninger, produkter og tjenester til den globale energisektor. Virksomhedens innovative l\u00f8sninger muligg\u00f8r produktion af olie og gas med lavt kulstofindhold og udvikling af vedvarende l\u00f8sninger til at im\u00f8dekomme fremtidens energibehov. Produkt: ShareControl IFRS 16 Antal ansatte: 11 000","_links":{"self":[{"href":"https:\/\/sharecontrol.io\/da\/wp-json\/wp\/v2\/pages\/7987","targetHints":{"allow":["GET"]}}],"collection":[{"href":"https:\/\/sharecontrol.io\/da\/wp-json\/wp\/v2\/pages"}],"about":[{"href":"https:\/\/sharecontrol.io\/da\/wp-json\/wp\/v2\/types\/page"}],"author":[{"embeddable":true,"href":"https:\/\/sharecontrol.io\/da\/wp-json\/wp\/v2\/users\/5"}],"replies":[{"embeddable":true,"href":"https:\/\/sharecontrol.io\/da\/wp-json\/wp\/v2\/comments?post=7987"}],"version-history":[{"count":10,"href":"https:\/\/sharecontrol.io\/da\/wp-json\/wp\/v2\/pages\/7987\/revisions"}],"predecessor-version":[{"id":15733,"href":"https:\/\/sharecontrol.io\/da\/wp-json\/wp\/v2\/pages\/7987\/revisions\/15733"}],"up":[{"embeddable":true,"href":"https:\/\/sharecontrol.io\/da\/wp-json\/wp\/v2\/pages\/8811"}],"wp:featuredmedia":[{"embeddable":true,"href":"https:\/\/sharecontrol.io\/da\/wp-json\/wp\/v2\/media\/10211"}],"wp:attachment":[{"href":"https:\/\/sharecontrol.io\/da\/wp-json\/wp\/v2\/media?parent=7987"}],"curies":[{"name":"wp","href":"https:\/\/api.w.org\/{rel}","templated":true}]}}