{"id":7999,"date":"2022-06-27T12:12:53","date_gmt":"2022-06-27T12:12:53","guid":{"rendered":"https:\/\/sharecontrol.io\/kundehistorier\/frosunda\/"},"modified":"2025-01-13T07:55:21","modified_gmt":"2025-01-13T07:55:21","slug":"frosunda","status":"publish","type":"page","link":"https:\/\/sharecontrol.io\/da\/kundehistorier\/frosunda\/","title":{"rendered":"Fr\u00f6sunda"},"content":{"rendered":"<div class=\"gb-container gb-container-84599a7f\">\n<h1 class=\"wp-block-heading\" id=\"frosunda\">Fr\u00f6sunda<\/h1>\n\n\n<p>Fr\u00f6sunda er en af \u200b\u200bSveriges f\u00f8rende akt\u00f8rer inden for pleje. Med et st\u00e6rkt engagement, den rette st\u00f8tte og hj\u00e6lp g\u00f8r de en stor forskel for de mennesker, der har mest brug for det. Virksomhedens aktivitetsomr\u00e5der er personlig assistance og pleje.<\/p>\n\n\n<p class=\"gb-headline gb-headline-0e6351cf\"><span class=\"gb-icon\"><svg xmlns=\"http:\/\/www.w3.org\/2000\/svg\" viewbox=\"0 0 256 512\" width=\"1em\" height=\"1em\" aria-hidden=\"true\"><path d=\"M224.3 273l-136 136c-9.4 9.4-24.6 9.4-33.9 0l-22.6-22.6c-9.4-9.4-9.4-24.6 0-33.9l96.4-96.4-96.4-96.4c-9.4-9.4-9.4-24.6 0-33.9L54.3 103c9.4-9.4 24.6-9.4 33.9 0l136 136c9.5 9.4 9.5 24.6.1 34z\" fill=\"currentColor\"><\/path><\/svg><\/span><span class=\"gb-headline-text\"><strong>Produkt: <a href=\"https:\/\/sharecontrol.io\/da\/produkter\/ifrs-16-system\/\">ShareControl IFRS 16<\/a><\/strong><\/span><\/p>\n\n<p class=\"gb-headline gb-headline-2fae2ef4\"><span class=\"gb-icon\"><svg xmlns=\"http:\/\/www.w3.org\/2000\/svg\" viewbox=\"0 0 256 512\" width=\"1em\" height=\"1em\" aria-hidden=\"true\"><path d=\"M224.3 273l-136 136c-9.4 9.4-24.6 9.4-33.9 0l-22.6-22.6c-9.4-9.4-9.4-24.6 0-33.9l96.4-96.4-96.4-96.4c-9.4-9.4-9.4-24.6 0-33.9L54.3 103c9.4-9.4 24.6-9.4 33.9 0l136 136c9.5 9.4 9.5 24.6.1 34z\" fill=\"currentColor\"><\/path><\/svg><\/span><span class=\"gb-headline-text\"><strong>Antal ansatte: 6 000<\/strong><\/span><\/p>\n<\/div>\n<div class=\"wp-block-getwid-section alignfull alignfull getwid-section-content-custom-width\"><div class=\"wp-block-getwid-section__wrapper getwid-padding-top-large getwid-padding-bottom-large getwid-padding-left-medium getwid-padding-right-medium\" style=\"min-height:200px\"><div class=\"wp-block-getwid-section__inner-wrapper\" style=\"max-width:1140px\"><div class=\"wp-block-getwid-section__background-holder\"><div class=\"wp-block-getwid-section__background\" style=\"background-image:url('https:\/\/sharecontrol.io\/wp-content\/uploads\/2023\/09\/ShareControl-IFRS-16.jpg')\"><div class=\"wp-block-getwid-section__background-image-wrapper\"><img decoding=\"async\" class=\"wp-block-getwid-section__background-image\" src=\"https:\/\/sharecontrol.io\/wp-content\/uploads\/2023\/09\/ShareControl-IFRS-16.jpg\" alt=\"ShareControl IFRS 16 dashboard.\"\/><\/div><\/div><div class=\"wp-block-getwid-section__foreground\" style=\"opacity:0.7;background-color:#000000\"><\/div><\/div><div class=\"wp-block-getwid-section__content\"><div class=\"wp-block-getwid-section__inner-content\">\n<blockquote class=\"wp-block-quote has-base-3-color has-text-color is-layout-flow wp-block-quote-is-layout-flow\">\n<p class=\"has-base-3-color has-text-color\"><em>&#8220;Det m\u00e6rkes, at Share Controls IFRS 16-l\u00f8sning er udviklet af revisorer, der har t\u00e6nkt over revisionssporet&#8221;.<\/em><\/p>\n<cite><em>\u2013 <\/em><strong>Elisabeth Croce<\/strong>, ansvarlig for intern revision og Business Controller<\/cite><\/blockquote>\n<\/div><\/div><\/div><\/div><\/div>\n\n<div class=\"wp-block-getwid-section alignfull alignfull getwid-margin-top-medium\"><div class=\"wp-block-getwid-section__wrapper\"><div class=\"wp-block-getwid-section__inner-wrapper\"><div class=\"wp-block-getwid-section__background-holder\"><div class=\"wp-block-getwid-section__background\"><\/div><div class=\"wp-block-getwid-section__foreground\"><\/div><\/div><div class=\"wp-block-getwid-section__content\"><div class=\"wp-block-getwid-section__inner-content\"><h3 class=\"wp-block-heading\" id=\"hvad-har-vi-lavet-sammen\">Hvad har vi lavet sammen?<\/h3>\n\n\n<p>Vi har lagt grundlaget for <a href=\"https:\/\/sharecontrol.io\/da\/ifrs-16-da\/hvad-er-ifrs-16\/#verktoy-for-handtering-av-ifrs-16\">IFRS 16 h\u00e5ndteringen<\/a> og kortlagt alle vores vigtige aftaler og tilf\u00f8jet dem til systeml\u00f8sningen. Administration, h\u00e5ndtering og flagning af aftaler. Med ShareControl <a href=\"https:\/\/sharecontrol.io\/da\/produkter\/ifrs-16-system\/\">IFRS 16 systemet<\/a> sikrer vi kontrol og p\u00e5lidelighed i regnskabet. Da Fr\u00f6sunda Omsorg er noteret p\u00e5 <a href=\"https:\/\/www.nasdaq.com\" target=\"_blank\" rel=\"noreferrer noopener\">Nasdaq<\/a>, skal tallene til enhver tid v\u00e6re helt korrekte.<\/p>\n\n\n\n<p>Share Control har altid v\u00e6ret ekstremt kundefokuseret og har hjulpet med sp\u00f8rgsm\u00e5l, siger Elisabeth Croce, ansvarlig for regnskabs- og forretningskontrol, Fr\u00f6sunda Care.<\/p>\n\n\n<h3 class=\"wp-block-heading\" id=\"hvordan-blev-du-kunde-hos-share-control\">Hvordan blev du kunde hos Share Control?<\/h3>\n\n\n<p>Siden Fr\u00f6sunda Omsorg blev <a href=\"https:\/\/www.dn.no\/helse\/frosunda-omsorg\/kristian-adolfsen\/roger-adolfsen\/milliardkjop-pa-fjerde-forsok\/2-1-292640\" target=\"_blank\" rel=\"noreferrer noopener\">opk\u00f8bt af Norlandia Health Care<\/a>, fik vi gennem koncernen adgang til Share Controls l\u00f8sning til IFRS 16 og kontraktstyring.<\/p>\n\n\n<h3 class=\"wp-block-heading\" id=\"paa-hvilken-maade-leverer-vi-vaerdi-til-dig\">P\u00e5 hvilken m\u00e5de leverer vi v\u00e6rdi til dig?<\/h3>\n\n\n<blockquote class=\"wp-block-quote is-layout-flow wp-block-quote-is-layout-flow\">\n<p>Man skal turde g\u00e5 ind og se p\u00e5 systemet for at forst\u00e5 logikken. S\u00e5 f\u00e5r du en st\u00f8rre forst\u00e5else og en \u00f8velse du b\u00f8r lave for at se, at det er korrekt. S\u00e5 ved du, at det er rigtigt for revisorerne, og du best\u00e5r kontrollen p\u00e5 en sikrere og mere sikker m\u00e5de.<\/p>\n<cite><strong>Elisabeth Croce<\/strong>, Business Controller<\/cite><\/blockquote>\n\n\n<h3 class=\"wp-block-heading\" id=\"hvad-skal-vi-goere-for-at-fortsaette-samarbejdet\">Hvad skal vi g\u00f8re for at forts\u00e6tte samarbejdet?<\/h3>\n\n\n<p>Share Control skal fortsat v\u00e6re kundefokuseret og g\u00f8re brug af den ekspertise, de besidder. De skal ogs\u00e5 forts\u00e6tte med at udvikle I<a href=\"https:\/\/sharecontrol.io\/da\/produkter\/ifrs-16-system\/\">FRS 16 systemet <\/a> og jeg ser frem til endnu bedre brugsanvisninger. P\u00e5 sigt ser jeg gerne, at der er startet en brugergruppe, hvor vi har et forum til at udveksle erfaringer og problemer, siger Elisabeth afslutningsvis.<\/p>\n<\/div><\/div><\/div><\/div><\/div>\n\n<div class=\"wp-block-uagb-image uagb-block-15db043d wp-block-uagb-image--layout-default wp-block-uagb-image--effect-static wp-block-uagb-image--align-none\"><figure class=\"wp-block-uagb-image__figure\"><img decoding=\"async\" srcset=\"https:\/\/sharecontrol.io\/wp-content\/uploads\/2023\/10\/Frosunda_Share-Control-1024x536.jpg ,https:\/\/sharecontrol.io\/wp-content\/uploads\/2023\/10\/Frosunda_Share-Control.jpg 780w, https:\/\/sharecontrol.io\/wp-content\/uploads\/2023\/10\/Frosunda_Share-Control.jpg 360w\" sizes=\"auto, (max-width: 480px) 150px\" src=\"https:\/\/sharecontrol.io\/wp-content\/uploads\/2023\/10\/Frosunda_Share-Control-1024x536.jpg\" alt=\"Fr\u00f6sunda Logo\" class=\"uag-image-10247\" width=\"1024\" height=\"536\" title=\"\" loading=\"lazy\" role=\"img\"><\/figure><\/div>\n\n<div class=\"wp-block-uagb-container uagb-block-88ae35f9 alignfull uagb-is-root-container\"><div class=\"uagb-container-inner-blocks-wrap\">\n<div style=\"height:20px\" aria-hidden=\"true\" class=\"wp-block-spacer\"><\/div>\n\n\n<h2 class=\"wp-block-heading has-text-align-center\" id=\"kontakt-os\">Kontakt os<\/h2>\n\n\n<p>Har du sp\u00f8rgsm\u00e5l til vores produkter, eller spekulerer du p\u00e5, hvordan vi kan hj\u00e6lpe dig med at administrere dine udlejningsaftaler?\nKontakt os via formularen nedenfor. <\/p>\n\n\n\n<script charset=\"utf-8\" type=\"text\/javascript\" src=\"\/\/js-eu1.hsforms.net\/forms\/embed\/v2.js\"><\/script><script>hbspt.forms.create({\n    region: \"eu1\",\n    portalId: \"25744173\",\n    formId: \"1e0baa63-d039-41cc-b4f1-90f26f7d181a\"\n  });\n<\/script>\n<\/div><\/div>\n","protected":false},"excerpt":{"rendered":"<p>Fr\u00f6sunda Fr\u00f6sunda er en af \u200b\u200bSveriges f\u00f8rende akt\u00f8rer inden for pleje. Med et st\u00e6rkt engagement, den rette st\u00f8tte og hj\u00e6lp g\u00f8r de en stor forskel for de mennesker, der har mest brug for det. Virksomhedens aktivitetsomr\u00e5der er personlig assistance og pleje. Produkt: ShareControl IFRS 16 Antal ansatte: 6 000 Kontakt os Har du sp\u00f8rgsm\u00e5l til &#8230; <a title=\"Fr\u00f6sunda\" class=\"read-more\" href=\"https:\/\/sharecontrol.io\/da\/kundehistorier\/frosunda\/\" aria-label=\"Read more about Fr\u00f6sunda\">L\u00e6s Mere<\/a><\/p>\n","protected":false},"author":5,"featured_media":10248,"parent":8811,"menu_order":0,"comment_status":"closed","ping_status":"closed","template":"","meta":{"content-type":"","_uag_custom_page_level_css":"","footnotes":""},"class_list":["post-7999","page","type-page","status-publish","has-post-thumbnail"],"yoast_head":"<!-- This site is optimized with the Yoast SEO plugin v27.2 - https:\/\/yoast.com\/product\/yoast-seo-wordpress\/ -->\n<title>Fr\u00f6sunda<\/title>\n<meta name=\"description\" content=\"Fr\u00f6sunda har ved hj\u00e6lp af ShareControl IFRS 16 f\u00e5et styr p\u00e5 sit leasingregnskab. L\u00e6s mere om vores samarbejde her.\" \/>\n<meta name=\"robots\" content=\"index, follow, max-snippet:-1, max-image-preview:large, max-video-preview:-1\" \/>\n<link rel=\"canonical\" href=\"https:\/\/sharecontrol.io\/da\/kundehistorier\/frosunda\/\" \/>\n<meta property=\"og:locale\" content=\"da_DK\" \/>\n<meta property=\"og:type\" content=\"article\" \/>\n<meta property=\"og:title\" content=\"Fr\u00f6sunda\" \/>\n<meta property=\"og:description\" content=\"Fr\u00f6sunda har ved hj\u00e6lp af ShareControl IFRS 16 f\u00e5et styr p\u00e5 sit leasingregnskab. L\u00e6s mere om vores samarbejde her.\" \/>\n<meta property=\"og:url\" content=\"https:\/\/sharecontrol.io\/da\/kundehistorier\/frosunda\/\" \/>\n<meta property=\"og:site_name\" content=\"ShareControl\" \/>\n<meta property=\"article:modified_time\" content=\"2025-01-13T07:55:21+00:00\" \/>\n<meta property=\"og:image\" content=\"https:\/\/sharecontrol.io\/wp-content\/uploads\/2023\/10\/Frosunda_Share-Control.jpg\" \/>\n\t<meta property=\"og:image:width\" content=\"2400\" \/>\n\t<meta property=\"og:image:height\" content=\"1256\" \/>\n\t<meta property=\"og:image:type\" content=\"image\/jpeg\" \/>\n<meta name=\"twitter:card\" content=\"summary_large_image\" \/>\n<meta name=\"twitter:label1\" content=\"Estimeret l\u00e6setid\" \/>\n\t<meta name=\"twitter:data1\" content=\"2 minutter\" \/>\n<script type=\"application\/ld+json\" class=\"yoast-schema-graph\">{\"@context\":\"https:\/\/schema.org\",\"@graph\":[{\"@type\":\"WebPage\",\"@id\":\"https:\/\/sharecontrol.io\/da\/kundehistorier\/frosunda\/\",\"url\":\"https:\/\/sharecontrol.io\/da\/kundehistorier\/frosunda\/\",\"name\":\"Fr\u00f6sunda\",\"isPartOf\":{\"@id\":\"https:\/\/sharecontrol.io\/da\/#website\"},\"primaryImageOfPage\":{\"@id\":\"https:\/\/sharecontrol.io\/da\/kundehistorier\/frosunda\/#primaryimage\"},\"image\":{\"@id\":\"https:\/\/sharecontrol.io\/da\/kundehistorier\/frosunda\/#primaryimage\"},\"thumbnailUrl\":\"https:\/\/sharecontrol.io\/wp-content\/uploads\/2023\/10\/Frosunda_Share-Control.jpg\",\"datePublished\":\"2022-06-27T12:12:53+00:00\",\"dateModified\":\"2025-01-13T07:55:21+00:00\",\"description\":\"Fr\u00f6sunda har ved hj\u00e6lp af ShareControl IFRS 16 f\u00e5et styr p\u00e5 sit leasingregnskab. L\u00e6s mere om vores samarbejde her.\",\"breadcrumb\":{\"@id\":\"https:\/\/sharecontrol.io\/da\/kundehistorier\/frosunda\/#breadcrumb\"},\"inLanguage\":\"da-DK\",\"potentialAction\":[{\"@type\":\"ReadAction\",\"target\":[\"https:\/\/sharecontrol.io\/da\/kundehistorier\/frosunda\/\"]}]},{\"@type\":\"ImageObject\",\"inLanguage\":\"da-DK\",\"@id\":\"https:\/\/sharecontrol.io\/da\/kundehistorier\/frosunda\/#primaryimage\",\"url\":\"https:\/\/sharecontrol.io\/wp-content\/uploads\/2023\/10\/Frosunda_Share-Control.jpg\",\"contentUrl\":\"https:\/\/sharecontrol.io\/wp-content\/uploads\/2023\/10\/Frosunda_Share-Control.jpg\",\"width\":2400,\"height\":1256,\"caption\":\"Fr\u00f6sunda har f\u00e5tt kontroll p\u00e5 regnskapet av leasingavtalene sine med ShareControl IFRS 16.\"},{\"@type\":\"BreadcrumbList\",\"@id\":\"https:\/\/sharecontrol.io\/da\/kundehistorier\/frosunda\/#breadcrumb\",\"itemListElement\":[{\"@type\":\"ListItem\",\"position\":1,\"name\":\"Home\",\"item\":\"https:\/\/sharecontrol.io\/da\/\"},{\"@type\":\"ListItem\",\"position\":2,\"name\":\"Kundehistorier\",\"item\":\"https:\/\/sharecontrol.io\/da\/kundehistorier\/\"},{\"@type\":\"ListItem\",\"position\":3,\"name\":\"Fr\u00f6sunda\"}]},{\"@type\":\"WebSite\",\"@id\":\"https:\/\/sharecontrol.io\/da\/#website\",\"url\":\"https:\/\/sharecontrol.io\/da\/\",\"name\":\"ShareControl\",\"description\":\"\",\"publisher\":{\"@id\":\"https:\/\/sharecontrol.io\/da\/#organization\"},\"potentialAction\":[{\"@type\":\"SearchAction\",\"target\":{\"@type\":\"EntryPoint\",\"urlTemplate\":\"https:\/\/sharecontrol.io\/da\/?s={search_term_string}\"},\"query-input\":{\"@type\":\"PropertyValueSpecification\",\"valueRequired\":true,\"valueName\":\"search_term_string\"}}],\"inLanguage\":\"da-DK\"},{\"@type\":\"Organization\",\"@id\":\"https:\/\/sharecontrol.io\/da\/#organization\",\"name\":\"ShareControl\",\"url\":\"https:\/\/sharecontrol.io\/da\/\",\"logo\":{\"@type\":\"ImageObject\",\"inLanguage\":\"da-DK\",\"@id\":\"https:\/\/sharecontrol.io\/da\/#\/schema\/logo\/image\/\",\"url\":\"https:\/\/sharecontrol.io\/wp-content\/uploads\/2022\/05\/cropped-logo-sc-default-minified-small.png\",\"contentUrl\":\"https:\/\/sharecontrol.io\/wp-content\/uploads\/2022\/05\/cropped-logo-sc-default-minified-small.png\",\"width\":900,\"height\":200,\"caption\":\"ShareControl\"},\"image\":{\"@id\":\"https:\/\/sharecontrol.io\/da\/#\/schema\/logo\/image\/\"}}]}<\/script>\n<!-- \/ Yoast SEO plugin. -->","yoast_head_json":{"title":"Fr\u00f6sunda","description":"Fr\u00f6sunda har ved hj\u00e6lp af ShareControl IFRS 16 f\u00e5et styr p\u00e5 sit leasingregnskab. L\u00e6s mere om vores samarbejde her.","robots":{"index":"index","follow":"follow","max-snippet":"max-snippet:-1","max-image-preview":"max-image-preview:large","max-video-preview":"max-video-preview:-1"},"canonical":"https:\/\/sharecontrol.io\/da\/kundehistorier\/frosunda\/","og_locale":"da_DK","og_type":"article","og_title":"Fr\u00f6sunda","og_description":"Fr\u00f6sunda har ved hj\u00e6lp af ShareControl IFRS 16 f\u00e5et styr p\u00e5 sit leasingregnskab. L\u00e6s mere om vores samarbejde her.","og_url":"https:\/\/sharecontrol.io\/da\/kundehistorier\/frosunda\/","og_site_name":"ShareControl","article_modified_time":"2025-01-13T07:55:21+00:00","og_image":[{"width":2400,"height":1256,"url":"https:\/\/sharecontrol.io\/wp-content\/uploads\/2023\/10\/Frosunda_Share-Control.jpg","type":"image\/jpeg"}],"twitter_card":"summary_large_image","twitter_misc":{"Estimeret l\u00e6setid":"2 minutter"},"schema":{"@context":"https:\/\/schema.org","@graph":[{"@type":"WebPage","@id":"https:\/\/sharecontrol.io\/da\/kundehistorier\/frosunda\/","url":"https:\/\/sharecontrol.io\/da\/kundehistorier\/frosunda\/","name":"Fr\u00f6sunda","isPartOf":{"@id":"https:\/\/sharecontrol.io\/da\/#website"},"primaryImageOfPage":{"@id":"https:\/\/sharecontrol.io\/da\/kundehistorier\/frosunda\/#primaryimage"},"image":{"@id":"https:\/\/sharecontrol.io\/da\/kundehistorier\/frosunda\/#primaryimage"},"thumbnailUrl":"https:\/\/sharecontrol.io\/wp-content\/uploads\/2023\/10\/Frosunda_Share-Control.jpg","datePublished":"2022-06-27T12:12:53+00:00","dateModified":"2025-01-13T07:55:21+00:00","description":"Fr\u00f6sunda har ved hj\u00e6lp af ShareControl IFRS 16 f\u00e5et styr p\u00e5 sit leasingregnskab. L\u00e6s mere om vores samarbejde her.","breadcrumb":{"@id":"https:\/\/sharecontrol.io\/da\/kundehistorier\/frosunda\/#breadcrumb"},"inLanguage":"da-DK","potentialAction":[{"@type":"ReadAction","target":["https:\/\/sharecontrol.io\/da\/kundehistorier\/frosunda\/"]}]},{"@type":"ImageObject","inLanguage":"da-DK","@id":"https:\/\/sharecontrol.io\/da\/kundehistorier\/frosunda\/#primaryimage","url":"https:\/\/sharecontrol.io\/wp-content\/uploads\/2023\/10\/Frosunda_Share-Control.jpg","contentUrl":"https:\/\/sharecontrol.io\/wp-content\/uploads\/2023\/10\/Frosunda_Share-Control.jpg","width":2400,"height":1256,"caption":"Fr\u00f6sunda har f\u00e5tt kontroll p\u00e5 regnskapet av leasingavtalene sine med ShareControl IFRS 16."},{"@type":"BreadcrumbList","@id":"https:\/\/sharecontrol.io\/da\/kundehistorier\/frosunda\/#breadcrumb","itemListElement":[{"@type":"ListItem","position":1,"name":"Home","item":"https:\/\/sharecontrol.io\/da\/"},{"@type":"ListItem","position":2,"name":"Kundehistorier","item":"https:\/\/sharecontrol.io\/da\/kundehistorier\/"},{"@type":"ListItem","position":3,"name":"Fr\u00f6sunda"}]},{"@type":"WebSite","@id":"https:\/\/sharecontrol.io\/da\/#website","url":"https:\/\/sharecontrol.io\/da\/","name":"ShareControl","description":"","publisher":{"@id":"https:\/\/sharecontrol.io\/da\/#organization"},"potentialAction":[{"@type":"SearchAction","target":{"@type":"EntryPoint","urlTemplate":"https:\/\/sharecontrol.io\/da\/?s={search_term_string}"},"query-input":{"@type":"PropertyValueSpecification","valueRequired":true,"valueName":"search_term_string"}}],"inLanguage":"da-DK"},{"@type":"Organization","@id":"https:\/\/sharecontrol.io\/da\/#organization","name":"ShareControl","url":"https:\/\/sharecontrol.io\/da\/","logo":{"@type":"ImageObject","inLanguage":"da-DK","@id":"https:\/\/sharecontrol.io\/da\/#\/schema\/logo\/image\/","url":"https:\/\/sharecontrol.io\/wp-content\/uploads\/2022\/05\/cropped-logo-sc-default-minified-small.png","contentUrl":"https:\/\/sharecontrol.io\/wp-content\/uploads\/2022\/05\/cropped-logo-sc-default-minified-small.png","width":900,"height":200,"caption":"ShareControl"},"image":{"@id":"https:\/\/sharecontrol.io\/da\/#\/schema\/logo\/image\/"}}]}},"uagb_featured_image_src":{"full":["https:\/\/sharecontrol.io\/wp-content\/uploads\/2023\/10\/Frosunda_Share-Control.jpg",2400,1256,false],"thumbnail":["https:\/\/sharecontrol.io\/wp-content\/uploads\/2023\/10\/Frosunda_Share-Control-150x150.jpg",150,150,true],"medium":["https:\/\/sharecontrol.io\/wp-content\/uploads\/2023\/10\/Frosunda_Share-Control-300x157.jpg",300,157,true],"medium_large":["https:\/\/sharecontrol.io\/wp-content\/uploads\/2023\/10\/Frosunda_Share-Control-768x402.jpg",768,402,true],"large":["https:\/\/sharecontrol.io\/wp-content\/uploads\/2023\/10\/Frosunda_Share-Control-1024x536.jpg",1024,536,true],"1536x1536":["https:\/\/sharecontrol.io\/wp-content\/uploads\/2023\/10\/Frosunda_Share-Control-1536x804.jpg",1536,804,true],"2048x2048":["https:\/\/sharecontrol.io\/wp-content\/uploads\/2023\/10\/Frosunda_Share-Control-2048x1072.jpg",2048,1072,true]},"uagb_author_info":{"display_name":"Ragnar Bryne","author_link":"https:\/\/sharecontrol.io\/da\/author\/ragnar\/"},"uagb_comment_info":0,"uagb_excerpt":"Fr\u00f6sunda Fr\u00f6sunda er en af \u200b\u200bSveriges f\u00f8rende akt\u00f8rer inden for pleje. Med et st\u00e6rkt engagement, den rette st\u00f8tte og hj\u00e6lp g\u00f8r de en stor forskel for de mennesker, der har mest brug for det. Virksomhedens aktivitetsomr\u00e5der er personlig assistance og pleje. Produkt: ShareControl IFRS 16 Antal ansatte: 6 000 Kontakt os Har du sp\u00f8rgsm\u00e5l til&hellip;","_links":{"self":[{"href":"https:\/\/sharecontrol.io\/da\/wp-json\/wp\/v2\/pages\/7999","targetHints":{"allow":["GET"]}}],"collection":[{"href":"https:\/\/sharecontrol.io\/da\/wp-json\/wp\/v2\/pages"}],"about":[{"href":"https:\/\/sharecontrol.io\/da\/wp-json\/wp\/v2\/types\/page"}],"author":[{"embeddable":true,"href":"https:\/\/sharecontrol.io\/da\/wp-json\/wp\/v2\/users\/5"}],"replies":[{"embeddable":true,"href":"https:\/\/sharecontrol.io\/da\/wp-json\/wp\/v2\/comments?post=7999"}],"version-history":[{"count":10,"href":"https:\/\/sharecontrol.io\/da\/wp-json\/wp\/v2\/pages\/7999\/revisions"}],"predecessor-version":[{"id":15737,"href":"https:\/\/sharecontrol.io\/da\/wp-json\/wp\/v2\/pages\/7999\/revisions\/15737"}],"up":[{"embeddable":true,"href":"https:\/\/sharecontrol.io\/da\/wp-json\/wp\/v2\/pages\/8811"}],"wp:featuredmedia":[{"embeddable":true,"href":"https:\/\/sharecontrol.io\/da\/wp-json\/wp\/v2\/media\/10248"}],"wp:attachment":[{"href":"https:\/\/sharecontrol.io\/da\/wp-json\/wp\/v2\/media?parent=7999"}],"curies":[{"name":"wp","href":"https:\/\/api.w.org\/{rel}","templated":true}]}}