{"id":8011,"date":"2022-11-13T14:13:00","date_gmt":"2022-11-13T14:13:00","guid":{"rendered":"https:\/\/sharecontrol.io\/download-det-komplette-kontraktstyringssystem-for-bedre-oekonomiske-resultater\/"},"modified":"2024-08-01T07:25:09","modified_gmt":"2024-08-01T07:25:09","slug":"download-det-komplette-kontraktstyringssystem-for-bedre-oekonomiske-resultater","status":"publish","type":"page","link":"https:\/\/sharecontrol.io\/da\/download-det-komplette-kontraktstyringssystem-for-bedre-oekonomiske-resultater\/","title":{"rendered":"Download: Det komplette kontraktstyringssystem for bedre \u00f8konomiske resultater"},"content":{"rendered":"\n<div class=\"wp-block-uagb-container uagb-block-43397a0b alignfull uagb-is-root-container\"><div class=\"uagb-container-inner-blocks-wrap\">\n<div class=\"wp-block-uagb-container uagb-block-4b1b8cbe\"><h2 class=\"wp-block-heading\" id=\"vejledning-til-kontraktstyring\">Vejledning til kontraktstyring<\/h2>\n\n\n<p>I nutidens dynamiske forretningsmilj\u00f8 er effektiv kontraktstyring afg\u00f8rende for at sikre, at aftaler overholdes, og risici minimeres. Ved at implementere kontraktstyring p\u00e5 Microsoft 365 kan organisationer drage fordel af en r\u00e6kke avancerede funktioner og integrationer, der forbedrer b\u00e5de sikkerheden og effektiviteten ved h\u00e5ndtering af kontrakter.<\/p>\n<\/div>\n\n\n\n<div class=\"wp-block-uagb-container uagb-block-248b0fcf\">\n<div class=\"wp-block-uagb-image uagb-block-ef0fe94d wp-block-uagb-image--layout-default wp-block-uagb-image--effect-static wp-block-uagb-image--align-none\"><figure class=\"wp-block-uagb-image__figure\"><img decoding=\"async\" srcset=\"https:\/\/sharecontrol.io\/wp-content\/uploads\/2024\/06\/ShareControl_Contract_Guide.jpg ,https:\/\/sharecontrol.io\/wp-content\/uploads\/2024\/06\/ShareControl_Contract_Guide.jpg 780w, https:\/\/sharecontrol.io\/wp-content\/uploads\/2024\/06\/ShareControl_Contract_Guide.jpg 360w\" sizes=\"auto, (max-width: 480px) 150px\" src=\"https:\/\/sharecontrol.io\/wp-content\/uploads\/2024\/06\/ShareControl_Contract_Guide.jpg\" alt=\"\" class=\"uag-image-14550\" width=\"1024\" height=\"650\" title=\"ShareControl_Contract_Guide\" loading=\"lazy\" role=\"img\"><\/figure><\/div>\n<\/div>\n<\/div><\/div>\n\n<div style=\"height:40px\" aria-hidden=\"true\" class=\"wp-block-spacer\"><\/div>\n\n<div class=\"wp-block-uagb-container uagb-block-dd868f1c alignfull uagb-is-root-container\"><div class=\"uagb-container-inner-blocks-wrap\">\n<div class=\"wp-block-uagb-container uag-hide-mob uagb-block-a2c5c24b\">\n<div class=\"wp-block-uagb-image uagb-block-d17a1be2 wp-block-uagb-image--layout-default wp-block-uagb-image--effect-static wp-block-uagb-image--align-none\"><figure class=\"wp-block-uagb-image__figure\"><img decoding=\"async\" srcset=\"https:\/\/sharecontrol.io\/wp-content\/uploads\/2024\/04\/Contract_Management_ShareControl_Contract.jpg ,https:\/\/sharecontrol.io\/wp-content\/uploads\/2024\/04\/Contract_Management_ShareControl_Contract.jpg 780w, https:\/\/sharecontrol.io\/wp-content\/uploads\/2024\/04\/Contract_Management_ShareControl_Contract.jpg 360w\" sizes=\"auto, (max-width: 480px) 150px\" src=\"https:\/\/sharecontrol.io\/wp-content\/uploads\/2024\/04\/Contract_Management_ShareControl_Contract.jpg\" alt=\"\" class=\"uag-image-13702\" width=\"1024\" height=\"650\" title=\"Contract_Management_ShareControl_Contract\" loading=\"lazy\" role=\"img\"><\/figure><\/div>\n<\/div>\n\n\n\n<div class=\"wp-block-uagb-container uagb-block-e106bf47\"><h2 class=\"wp-block-heading\" id=\"indhold\">Indhold<\/h2>\n\n\n<p><strong>Guiden vil give en dybere indsigt i f\u00f8lgende emner:<\/strong><\/p>\n\n\n\n<div class=\"wp-block-uagb-icon-list uagb-block-47d7403b\"><div class=\"uagb-icon-list__wrap\">\n<div class=\"wp-block-uagb-icon-list-child uagb-block-f4d24c57\"><span class=\"uagb-icon-list__source-wrap\"><svg xmlns=\"https:\/\/www.w3.org\/2000\/svg\" viewbox=\"0 0 256 512\"><path d=\"M64 448c-8.188 0-16.38-3.125-22.62-9.375c-12.5-12.5-12.5-32.75 0-45.25L178.8 256L41.38 118.6c-12.5-12.5-12.5-32.75 0-45.25s32.75-12.5 45.25 0l160 160c12.5 12.5 12.5 32.75 0 45.25l-160 160C80.38 444.9 72.19 448 64 448z\"><\/path><\/svg><\/span><span class=\"uagb-icon-list__label\"><strong>Fordele ved et kontraktsystem<\/strong><\/span><\/div>\n\n\n\n<div class=\"wp-block-uagb-icon-list-child uagb-block-690e6244\"><span class=\"uagb-icon-list__source-wrap\"><svg xmlns=\"https:\/\/www.w3.org\/2000\/svg\" viewbox=\"0 0 256 512\"><path d=\"M64 448c-8.188 0-16.38-3.125-22.62-9.375c-12.5-12.5-12.5-32.75 0-45.25L178.8 256L41.38 118.6c-12.5-12.5-12.5-32.75 0-45.25s32.75-12.5 45.25 0l160 160c12.5 12.5 12.5 32.75 0 45.25l-160 160C80.38 444.9 72.19 448 64 448z\"><\/path><\/svg><\/span><span class=\"uagb-icon-list__label\"><strong>Typiske \u00e5rsager til, at kontrakter ikke leverer<\/strong><\/span><\/div>\n\n\n\n<div class=\"wp-block-uagb-icon-list-child uagb-block-4ef0cf6e\"><span class=\"uagb-icon-list__source-wrap\"><svg xmlns=\"https:\/\/www.w3.org\/2000\/svg\" viewbox=\"0 0 256 512\"><path d=\"M64 448c-8.188 0-16.38-3.125-22.62-9.375c-12.5-12.5-12.5-32.75 0-45.25L178.8 256L41.38 118.6c-12.5-12.5-12.5-32.75 0-45.25s32.75-12.5 45.25 0l160 160c12.5 12.5 12.5 32.75 0 45.25l-160 160C80.38 444.9 72.19 448 64 448z\"><\/path><\/svg><\/span><span class=\"uagb-icon-list__label\"><strong>Udfordringer med kontraktstyring<\/strong><\/span><\/div>\n\n\n\n<div class=\"wp-block-uagb-icon-list-child uagb-block-7d49a900\"><span class=\"uagb-icon-list__source-wrap\"><svg xmlns=\"https:\/\/www.w3.org\/2000\/svg\" viewbox=\"0 0 256 512\"><path d=\"M64 448c-8.188 0-16.38-3.125-22.62-9.375c-12.5-12.5-12.5-32.75 0-45.25L178.8 256L41.38 118.6c-12.5-12.5-12.5-32.75 0-45.25s32.75-12.5 45.25 0l160 160c12.5 12.5 12.5 32.75 0 45.25l-160 160C80.38 444.9 72.19 448 64 448z\"><\/path><\/svg><\/span><span class=\"uagb-icon-list__label\"><strong>Indholdet af ShareControl-kontrakten<\/strong><\/span><\/div>\n<\/div><\/div>\n<\/div>\n<\/div><\/div>\n\n<div class=\"wp-block-uagb-container uagb-block-cf06eef0 alignfull uagb-is-root-container\"><div class=\"uagb-container-inner-blocks-wrap\"><div class=\"gb-container gb-container-4ea2b59b\"><div class=\"gb-inside-container\">\n<h2 class=\"wp-block-heading\" id=\"download-her\">Download her<\/h2>\n\n\n<p>Udfyld formularen for at downloade<\/p>\n\n\n\n<script charset=\"utf-8\" type=\"text\/javascript\" src=\"\/\/js-eu1.hsforms.net\/forms\/embed\/v2.js\"><\/script><script>hbspt.forms.create({\n    region: \"eu1\",\n    portalId: \"25744173\",\n    formId: \"74357934-2da1-4178-ae7a-657850394540\"\n  });\n<\/script>\n\n<\/div><\/div><\/div><\/div>\n\n<div class=\"wp-block-uagb-container uagb-block-2ee809bd alignfull uagb-is-root-container\"><div class=\"uagb-container-inner-blocks-wrap\"><div class=\"gb-container gb-container-f5b09256\"><div class=\"gb-inside-container\">\n<h2 class=\"wp-block-heading\" id=\"se-flere-artikler-om-kontraktstyring\">Se flere artikler om kontraktstyring:<\/h2>\n\n\n<style>.wp-show-posts-columns#wpsp-12791 {margin-left: -80px; }.wp-show-posts-columns#wpsp-12791 .wp-show-posts-inner {margin: 0 0 80px 80px; }<\/style><section id=\"wpsp-12791\" class=\" wp-show-posts-columns wp-show-posts\" style=\"\"><article class=\" wp-show-posts-single post-15300 post type-post status-publish format-standard has-post-thumbnail hentry category-kontraktstyring wpsp-col-6\" itemtype=\"http:\/\/schema.org\/CreativeWork\" itemscope><div class=\"wp-show-posts-inner\" style=\"\">\t\t<div class=\"wp-show-posts-image  wpsp-image-center \">\n\t\t\t<a href=\"https:\/\/sharecontrol.io\/da\/kontraktstyring\/software-til-kontraktstyring-saadan-kommer-du-i-gang\/\"  title=\"Software til kontraktstyring &#8211; s\u00e5dan kommer du i gang\"><img decoding=\"async\" width=\"800\" height=\"500\" src=\"https:\/\/sharecontrol.io\/wp-content\/uploads\/2024\/09\/Software-for-contract-management.jpg\" class=\"attachment-full size-full wp-post-image\" alt=\"\" itemprop=\"image\" srcset=\"https:\/\/sharecontrol.io\/wp-content\/uploads\/2024\/09\/Software-for-contract-management.jpg 800w, https:\/\/sharecontrol.io\/wp-content\/uploads\/2024\/09\/Software-for-contract-management-300x188.jpg 300w, https:\/\/sharecontrol.io\/wp-content\/uploads\/2024\/09\/Software-for-contract-management-768x480.jpg 768w\" sizes=\"(max-width: 800px) 100vw, 800px\" \/><\/a>\t\t<\/div>\n\t\t\t\t\t\t\t\t<header class=\"wp-show-posts-entry-header\">\n\t\t\t\t\t\t\t<h3 class=\"wp-show-posts-entry-title\" itemprop=\"headline\"><a href=\"https:\/\/sharecontrol.io\/da\/kontraktstyring\/software-til-kontraktstyring-saadan-kommer-du-i-gang\/\" rel=\"bookmark\">Software til kontraktstyring &#8211; s\u00e5dan kommer du i gang<\/a><\/h3><div class=\"wp-show-posts-entry-meta wp-show-posts-entry-meta-below-title post-meta-inline\"><span class=\"wp-show-posts-posted-on wp-show-posts-meta\">\n\t\t\t\t\t<a href=\"https:\/\/sharecontrol.io\/da\/kontraktstyring\/software-til-kontraktstyring-saadan-kommer-du-i-gang\/\" title=\"10:32 am\" rel=\"bookmark\"><time class=\"wp-show-posts-entry-date published\" datetime=\"2024-09-09T10:32:23+01:00\" itemprop=\"datePublished\">september 9, 2024<\/time><time class=\"wp-show-posts-updated\" datetime=\"2025-02-25T09:55:25+01:00\" itemprop=\"dateModified\">februar 25, 2025<\/time><\/a>\n\t\t\t\t<\/span><\/div>\t\t\t\t\t\t<\/header><!-- .entry-header -->\n\t\t\t\t\t<\/div><!-- wp-show-posts-inner --><\/article><article class=\" wp-show-posts-single post-15113 post type-post status-publish format-standard has-post-thumbnail hentry category-kontraktstyring wpsp-col-6\" itemtype=\"http:\/\/schema.org\/CreativeWork\" itemscope><div class=\"wp-show-posts-inner\" style=\"\">\t\t<div class=\"wp-show-posts-image  wpsp-image-center \">\n\t\t\t<a href=\"https:\/\/sharecontrol.io\/da\/kontraktstyring\/effektiv-kontraktshaandtering-i-2024\/\"  title=\"Effektiv kontraktsh\u00e5ndtering i 2024\"><img decoding=\"async\" width=\"800\" height=\"500\" src=\"https:\/\/sharecontrol.io\/wp-content\/uploads\/2024\/08\/Contract-Management-in-2024.jpg\" class=\"attachment-full size-full wp-post-image\" alt=\"Effective Contract Management in 2024\" itemprop=\"image\" srcset=\"https:\/\/sharecontrol.io\/wp-content\/uploads\/2024\/08\/Contract-Management-in-2024.jpg 800w, https:\/\/sharecontrol.io\/wp-content\/uploads\/2024\/08\/Contract-Management-in-2024-300x188.jpg 300w, https:\/\/sharecontrol.io\/wp-content\/uploads\/2024\/08\/Contract-Management-in-2024-768x480.jpg 768w\" sizes=\"(max-width: 800px) 100vw, 800px\" \/><\/a>\t\t<\/div>\n\t\t\t\t\t\t\t\t<header class=\"wp-show-posts-entry-header\">\n\t\t\t\t\t\t\t<h3 class=\"wp-show-posts-entry-title\" itemprop=\"headline\"><a href=\"https:\/\/sharecontrol.io\/da\/kontraktstyring\/effektiv-kontraktshaandtering-i-2024\/\" rel=\"bookmark\">Effektiv kontraktsh\u00e5ndtering i 2024<\/a><\/h3><div class=\"wp-show-posts-entry-meta wp-show-posts-entry-meta-below-title post-meta-inline\"><span class=\"wp-show-posts-posted-on wp-show-posts-meta\">\n\t\t\t\t\t<a href=\"https:\/\/sharecontrol.io\/da\/kontraktstyring\/effektiv-kontraktshaandtering-i-2024\/\" title=\"5:16 am\" rel=\"bookmark\"><time class=\"wp-show-posts-entry-date published\" datetime=\"2024-08-08T05:16:56+01:00\" itemprop=\"datePublished\">august 8, 2024<\/time><time class=\"wp-show-posts-updated\" datetime=\"2025-02-25T10:05:50+01:00\" itemprop=\"dateModified\">februar 25, 2025<\/time><\/a>\n\t\t\t\t<\/span><\/div>\t\t\t\t\t\t<\/header><!-- .entry-header -->\n\t\t\t\t\t<\/div><!-- wp-show-posts-inner --><\/article><div class=\"wpsp-clear\"><\/div><\/section><!-- .wp-show-posts -->\n\n<\/div><\/div><\/div><\/div>\n","protected":false},"excerpt":{"rendered":"<p>Vejledning til kontraktstyring I nutidens dynamiske forretningsmilj\u00f8 er effektiv kontraktstyring afg\u00f8rende for at sikre, at aftaler overholdes, og risici minimeres. Ved at implementere kontraktstyring p\u00e5 Microsoft 365 kan organisationer drage fordel af en r\u00e6kke avancerede funktioner og integrationer, der forbedrer b\u00e5de sikkerheden og effektiviteten ved h\u00e5ndtering af kontrakter. Indhold Guiden vil give en dybere indsigt &#8230; <a title=\"Effektiv kontraktsh\u00e5ndtering i 2024\" class=\"read-more\" href=\"https:\/\/sharecontrol.io\/da\/kontraktstyring\/effektiv-kontraktshaandtering-i-2024\/\" aria-label=\"Read more about Effektiv kontraktsh\u00e5ndtering i 2024\">L\u00e6s Mere<\/a><\/p>\n","protected":false},"author":5,"featured_media":9388,"parent":0,"menu_order":0,"comment_status":"closed","ping_status":"closed","template":"","meta":{"content-type":"","_uag_custom_page_level_css":"","footnotes":""},"class_list":["post-8011","page","type-page","status-publish","has-post-thumbnail","hentry","generate-columns","tablet-grid-50","mobile-grid-100","grid-parent","grid-50"],"yoast_head":"<!-- This site is optimized with the Yoast SEO plugin v27.2 - https:\/\/yoast.com\/product\/yoast-seo-wordpress\/ -->\n<title>Download: Det komplette kontraktstyringssystem for bedre \u00f8konomiske resultater<\/title>\n<meta name=\"description\" content=\"Vejledning til kontraktstyring | Download vejledningen om bedste praksis for kontraktstyring. L\u00e6s mere om ShareControl Contract.\" \/>\n<meta name=\"robots\" content=\"index, follow, max-snippet:-1, max-image-preview:large, max-video-preview:-1\" \/>\n<link rel=\"canonical\" href=\"https:\/\/sharecontrol.io\/da\/download-det-komplette-kontraktstyringssystem-for-bedre-oekonomiske-resultater\/\" \/>\n<meta property=\"og:locale\" content=\"da_DK\" \/>\n<meta property=\"og:type\" content=\"article\" \/>\n<meta property=\"og:title\" content=\"Download: Det komplette kontraktstyringssystem for bedre \u00f8konomiske resultater\" \/>\n<meta property=\"og:description\" content=\"Vejledning til kontraktstyring | Download vejledningen om bedste praksis for kontraktstyring. L\u00e6s mere om ShareControl Contract.\" \/>\n<meta property=\"og:url\" content=\"https:\/\/sharecontrol.io\/da\/download-det-komplette-kontraktstyringssystem-for-bedre-oekonomiske-resultater\/\" \/>\n<meta property=\"og:site_name\" content=\"ShareControl\" \/>\n<meta property=\"article:modified_time\" content=\"2024-08-01T07:25:09+00:00\" \/>\n<meta property=\"og:image\" content=\"https:\/\/sharecontrol.io\/wp-content\/uploads\/2023\/09\/Guide-for-handtering-av-apenhetsloven.png\" \/>\n\t<meta property=\"og:image:width\" content=\"1080\" \/>\n\t<meta property=\"og:image:height\" content=\"1080\" \/>\n\t<meta property=\"og:image:type\" content=\"image\/png\" \/>\n<meta name=\"twitter:card\" content=\"summary_large_image\" \/>\n<meta name=\"twitter:label1\" content=\"Estimeret l\u00e6setid\" \/>\n\t<meta name=\"twitter:data1\" content=\"2 minutter\" \/>\n<script type=\"application\/ld+json\" class=\"yoast-schema-graph\">{\"@context\":\"https:\/\/schema.org\",\"@graph\":[{\"@type\":\"WebPage\",\"@id\":\"https:\/\/sharecontrol.io\/da\/download-det-komplette-kontraktstyringssystem-for-bedre-oekonomiske-resultater\/\",\"url\":\"https:\/\/sharecontrol.io\/da\/download-det-komplette-kontraktstyringssystem-for-bedre-oekonomiske-resultater\/\",\"name\":\"Download: Det komplette kontraktstyringssystem for bedre \u00f8konomiske resultater\",\"isPartOf\":{\"@id\":\"https:\/\/sharecontrol.io\/da\/#website\"},\"primaryImageOfPage\":{\"@id\":\"https:\/\/sharecontrol.io\/da\/download-det-komplette-kontraktstyringssystem-for-bedre-oekonomiske-resultater\/#primaryimage\"},\"image\":{\"@id\":\"https:\/\/sharecontrol.io\/da\/download-det-komplette-kontraktstyringssystem-for-bedre-oekonomiske-resultater\/#primaryimage\"},\"thumbnailUrl\":\"https:\/\/sharecontrol.io\/wp-content\/uploads\/2023\/09\/Guide-for-handtering-av-apenhetsloven.png\",\"datePublished\":\"2022-11-13T14:13:00+00:00\",\"dateModified\":\"2024-08-01T07:25:09+00:00\",\"description\":\"Vejledning til kontraktstyring | Download vejledningen om bedste praksis for kontraktstyring. L\u00e6s mere om ShareControl Contract.\",\"breadcrumb\":{\"@id\":\"https:\/\/sharecontrol.io\/da\/download-det-komplette-kontraktstyringssystem-for-bedre-oekonomiske-resultater\/#breadcrumb\"},\"inLanguage\":\"da-DK\",\"potentialAction\":[{\"@type\":\"ReadAction\",\"target\":[\"https:\/\/sharecontrol.io\/da\/download-det-komplette-kontraktstyringssystem-for-bedre-oekonomiske-resultater\/\"]}]},{\"@type\":\"ImageObject\",\"inLanguage\":\"da-DK\",\"@id\":\"https:\/\/sharecontrol.io\/da\/download-det-komplette-kontraktstyringssystem-for-bedre-oekonomiske-resultater\/#primaryimage\",\"url\":\"https:\/\/sharecontrol.io\/wp-content\/uploads\/2023\/09\/Guide-for-handtering-av-apenhetsloven.png\",\"contentUrl\":\"https:\/\/sharecontrol.io\/wp-content\/uploads\/2023\/09\/Guide-for-handtering-av-apenhetsloven.png\",\"width\":1080,\"height\":1080,\"caption\":\"Last ned Share Controls guide for h\u00e5ndtering av \u00e5penhetsloven her.\"},{\"@type\":\"BreadcrumbList\",\"@id\":\"https:\/\/sharecontrol.io\/da\/download-det-komplette-kontraktstyringssystem-for-bedre-oekonomiske-resultater\/#breadcrumb\",\"itemListElement\":[{\"@type\":\"ListItem\",\"position\":1,\"name\":\"Home\",\"item\":\"https:\/\/sharecontrol.io\/da\/\"},{\"@type\":\"ListItem\",\"position\":2,\"name\":\"Download: Det komplette kontraktstyringssystem for bedre \u00f8konomiske resultater\"}]},{\"@type\":\"WebSite\",\"@id\":\"https:\/\/sharecontrol.io\/da\/#website\",\"url\":\"https:\/\/sharecontrol.io\/da\/\",\"name\":\"ShareControl\",\"description\":\"\",\"publisher\":{\"@id\":\"https:\/\/sharecontrol.io\/da\/#organization\"},\"potentialAction\":[{\"@type\":\"SearchAction\",\"target\":{\"@type\":\"EntryPoint\",\"urlTemplate\":\"https:\/\/sharecontrol.io\/da\/?s={search_term_string}\"},\"query-input\":{\"@type\":\"PropertyValueSpecification\",\"valueRequired\":true,\"valueName\":\"search_term_string\"}}],\"inLanguage\":\"da-DK\"},{\"@type\":\"Organization\",\"@id\":\"https:\/\/sharecontrol.io\/da\/#organization\",\"name\":\"ShareControl\",\"url\":\"https:\/\/sharecontrol.io\/da\/\",\"logo\":{\"@type\":\"ImageObject\",\"inLanguage\":\"da-DK\",\"@id\":\"https:\/\/sharecontrol.io\/da\/#\/schema\/logo\/image\/\",\"url\":\"https:\/\/sharecontrol.io\/wp-content\/uploads\/2022\/05\/cropped-logo-sc-default-minified-small.png\",\"contentUrl\":\"https:\/\/sharecontrol.io\/wp-content\/uploads\/2022\/05\/cropped-logo-sc-default-minified-small.png\",\"width\":900,\"height\":200,\"caption\":\"ShareControl\"},\"image\":{\"@id\":\"https:\/\/sharecontrol.io\/da\/#\/schema\/logo\/image\/\"}}]}<\/script>\n<!-- \/ Yoast SEO plugin. -->","yoast_head_json":{"title":"Download: Det komplette kontraktstyringssystem for bedre \u00f8konomiske resultater","description":"Vejledning til kontraktstyring | Download vejledningen om bedste praksis for kontraktstyring. L\u00e6s mere om ShareControl Contract.","robots":{"index":"index","follow":"follow","max-snippet":"max-snippet:-1","max-image-preview":"max-image-preview:large","max-video-preview":"max-video-preview:-1"},"canonical":"https:\/\/sharecontrol.io\/da\/download-det-komplette-kontraktstyringssystem-for-bedre-oekonomiske-resultater\/","og_locale":"da_DK","og_type":"article","og_title":"Download: Det komplette kontraktstyringssystem for bedre \u00f8konomiske resultater","og_description":"Vejledning til kontraktstyring | Download vejledningen om bedste praksis for kontraktstyring. L\u00e6s mere om ShareControl Contract.","og_url":"https:\/\/sharecontrol.io\/da\/download-det-komplette-kontraktstyringssystem-for-bedre-oekonomiske-resultater\/","og_site_name":"ShareControl","article_modified_time":"2024-08-01T07:25:09+00:00","og_image":[{"width":1080,"height":1080,"url":"https:\/\/sharecontrol.io\/wp-content\/uploads\/2023\/09\/Guide-for-handtering-av-apenhetsloven.png","type":"image\/png"}],"twitter_card":"summary_large_image","twitter_misc":{"Estimeret l\u00e6setid":"2 minutter"},"schema":{"@context":"https:\/\/schema.org","@graph":[{"@type":"WebPage","@id":"https:\/\/sharecontrol.io\/da\/download-det-komplette-kontraktstyringssystem-for-bedre-oekonomiske-resultater\/","url":"https:\/\/sharecontrol.io\/da\/download-det-komplette-kontraktstyringssystem-for-bedre-oekonomiske-resultater\/","name":"Download: Det komplette kontraktstyringssystem for bedre \u00f8konomiske resultater","isPartOf":{"@id":"https:\/\/sharecontrol.io\/da\/#website"},"primaryImageOfPage":{"@id":"https:\/\/sharecontrol.io\/da\/download-det-komplette-kontraktstyringssystem-for-bedre-oekonomiske-resultater\/#primaryimage"},"image":{"@id":"https:\/\/sharecontrol.io\/da\/download-det-komplette-kontraktstyringssystem-for-bedre-oekonomiske-resultater\/#primaryimage"},"thumbnailUrl":"https:\/\/sharecontrol.io\/wp-content\/uploads\/2023\/09\/Guide-for-handtering-av-apenhetsloven.png","datePublished":"2022-11-13T14:13:00+00:00","dateModified":"2024-08-01T07:25:09+00:00","description":"Vejledning til kontraktstyring | Download vejledningen om bedste praksis for kontraktstyring. L\u00e6s mere om ShareControl Contract.","breadcrumb":{"@id":"https:\/\/sharecontrol.io\/da\/download-det-komplette-kontraktstyringssystem-for-bedre-oekonomiske-resultater\/#breadcrumb"},"inLanguage":"da-DK","potentialAction":[{"@type":"ReadAction","target":["https:\/\/sharecontrol.io\/da\/download-det-komplette-kontraktstyringssystem-for-bedre-oekonomiske-resultater\/"]}]},{"@type":"ImageObject","inLanguage":"da-DK","@id":"https:\/\/sharecontrol.io\/da\/download-det-komplette-kontraktstyringssystem-for-bedre-oekonomiske-resultater\/#primaryimage","url":"https:\/\/sharecontrol.io\/wp-content\/uploads\/2023\/09\/Guide-for-handtering-av-apenhetsloven.png","contentUrl":"https:\/\/sharecontrol.io\/wp-content\/uploads\/2023\/09\/Guide-for-handtering-av-apenhetsloven.png","width":1080,"height":1080,"caption":"Last ned Share Controls guide for h\u00e5ndtering av \u00e5penhetsloven her."},{"@type":"BreadcrumbList","@id":"https:\/\/sharecontrol.io\/da\/download-det-komplette-kontraktstyringssystem-for-bedre-oekonomiske-resultater\/#breadcrumb","itemListElement":[{"@type":"ListItem","position":1,"name":"Home","item":"https:\/\/sharecontrol.io\/da\/"},{"@type":"ListItem","position":2,"name":"Download: Det komplette kontraktstyringssystem for bedre \u00f8konomiske resultater"}]},{"@type":"WebSite","@id":"https:\/\/sharecontrol.io\/da\/#website","url":"https:\/\/sharecontrol.io\/da\/","name":"ShareControl","description":"","publisher":{"@id":"https:\/\/sharecontrol.io\/da\/#organization"},"potentialAction":[{"@type":"SearchAction","target":{"@type":"EntryPoint","urlTemplate":"https:\/\/sharecontrol.io\/da\/?s={search_term_string}"},"query-input":{"@type":"PropertyValueSpecification","valueRequired":true,"valueName":"search_term_string"}}],"inLanguage":"da-DK"},{"@type":"Organization","@id":"https:\/\/sharecontrol.io\/da\/#organization","name":"ShareControl","url":"https:\/\/sharecontrol.io\/da\/","logo":{"@type":"ImageObject","inLanguage":"da-DK","@id":"https:\/\/sharecontrol.io\/da\/#\/schema\/logo\/image\/","url":"https:\/\/sharecontrol.io\/wp-content\/uploads\/2022\/05\/cropped-logo-sc-default-minified-small.png","contentUrl":"https:\/\/sharecontrol.io\/wp-content\/uploads\/2022\/05\/cropped-logo-sc-default-minified-small.png","width":900,"height":200,"caption":"ShareControl"},"image":{"@id":"https:\/\/sharecontrol.io\/da\/#\/schema\/logo\/image\/"}}]}},"uagb_featured_image_src":{"full":["https:\/\/sharecontrol.io\/wp-content\/uploads\/2023\/09\/Guide-for-handtering-av-apenhetsloven.png",1080,1080,false],"thumbnail":["https:\/\/sharecontrol.io\/wp-content\/uploads\/2023\/09\/Guide-for-handtering-av-apenhetsloven-150x150.png",150,150,true],"medium":["https:\/\/sharecontrol.io\/wp-content\/uploads\/2023\/09\/Guide-for-handtering-av-apenhetsloven-300x300.png",300,300,true],"medium_large":["https:\/\/sharecontrol.io\/wp-content\/uploads\/2023\/09\/Guide-for-handtering-av-apenhetsloven-768x768.png",768,768,true],"large":["https:\/\/sharecontrol.io\/wp-content\/uploads\/2023\/09\/Guide-for-handtering-av-apenhetsloven-1024x1024.png",1024,1024,true],"1536x1536":["https:\/\/sharecontrol.io\/wp-content\/uploads\/2023\/09\/Guide-for-handtering-av-apenhetsloven.png",1080,1080,false],"2048x2048":["https:\/\/sharecontrol.io\/wp-content\/uploads\/2023\/09\/Guide-for-handtering-av-apenhetsloven.png",1080,1080,false]},"uagb_author_info":{"display_name":"Ragnar Bryne","author_link":"https:\/\/sharecontrol.io\/da\/author\/ragnar\/"},"uagb_comment_info":0,"uagb_excerpt":"Vejledning til kontraktstyring I nutidens dynamiske forretningsmilj\u00f8 er effektiv kontraktstyring afg\u00f8rende for at sikre, at aftaler overholdes, og risici minimeres. Ved at implementere kontraktstyring p\u00e5 Microsoft 365 kan organisationer drage fordel af en r\u00e6kke avancerede funktioner og integrationer, der forbedrer b\u00e5de sikkerheden og effektiviteten ved h\u00e5ndtering af kontrakter. Indhold Guiden vil give en dybere indsigt&hellip;","_links":{"self":[{"href":"https:\/\/sharecontrol.io\/da\/wp-json\/wp\/v2\/pages\/8011","targetHints":{"allow":["GET"]}}],"collection":[{"href":"https:\/\/sharecontrol.io\/da\/wp-json\/wp\/v2\/pages"}],"about":[{"href":"https:\/\/sharecontrol.io\/da\/wp-json\/wp\/v2\/types\/page"}],"author":[{"embeddable":true,"href":"https:\/\/sharecontrol.io\/da\/wp-json\/wp\/v2\/users\/5"}],"replies":[{"embeddable":true,"href":"https:\/\/sharecontrol.io\/da\/wp-json\/wp\/v2\/comments?post=8011"}],"version-history":[{"count":12,"href":"https:\/\/sharecontrol.io\/da\/wp-json\/wp\/v2\/pages\/8011\/revisions"}],"predecessor-version":[{"id":14764,"href":"https:\/\/sharecontrol.io\/da\/wp-json\/wp\/v2\/pages\/8011\/revisions\/14764"}],"wp:featuredmedia":[{"embeddable":true,"href":"https:\/\/sharecontrol.io\/da\/wp-json\/wp\/v2\/media\/9388"}],"wp:attachment":[{"href":"https:\/\/sharecontrol.io\/da\/wp-json\/wp\/v2\/media?parent=8011"}],"curies":[{"name":"wp","href":"https:\/\/api.w.org\/{rel}","templated":true}]}}