{"id":8025,"date":"2022-06-27T12:25:28","date_gmt":"2022-06-27T11:25:28","guid":{"rendered":"https:\/\/sharecontrol.io\/produkter\/servicepakker\/"},"modified":"2026-01-05T14:35:24","modified_gmt":"2026-01-05T13:35:24","slug":"servicepakker","status":"publish","type":"page","link":"https:\/\/sharecontrol.io\/da\/produkter\/servicepakker\/","title":{"rendered":"Servicepakker"},"content":{"rendered":"\n<p>Vi tilbyder servicepakker, der garanterer dig kvartalsvis assistance og support fra os. Du kan v\u00e6lge mellem forskellige servicepakker til en fast pris med et givet antal timer fordelt p\u00e5 regnskab og teknisk support fra os. Ubrugte timer i et kvartal rulles over til n\u00e6ste kvartal til brug, hvis det er sandt inden for samme aftaleperiode og kalender\u00e5r som kontrakten. Afregning af servicepakken sker ved udl\u00f8bet af kundens licensperiode, samt ved udgangen af kalender\u00e5ret. Hvis der bruges flere timer ud over servicepakken, faktureres der normalt en timepris pr. time.<\/p>\n\n\n\n<div class=\"wp-block-columns alignwide is-layout-flex wp-container-core-columns-is-layout-9d6595d7 wp-block-columns-is-layout-flex\">\n<div class=\"wp-block-column has-text-color has-background has-link-color wp-elements-f952898620a2a4d969b8adeaee0b36d7 is-layout-flow wp-block-column-is-layout-flow\" style=\"color:#000000;background-color:#399ca1;padding-top:2em;padding-right:2em;padding-bottom:2em;padding-left:2em\"><h2 class=\"wp-block-heading has-base-3-color has-text-color\" id=\"single\" style=\"font-size:40px\"><strong>Lille<\/strong><\/h2>\n\n\n<p class=\"has-base-3-color has-text-color has-normal-font-size\" style=\"line-height:1.5\"><strong>3 timer \/ per kvartal<\/strong><\/p>\n\n\n\n<hr class=\"wp-block-separator has-text-color has-base-3-color has-alpha-channel-opacity has-base-3-background-color has-background is-style-wide\"\/>\n\n\n\n<div class=\"wp-block-buttons alignfull is-horizontal is-content-justification-center is-layout-flex wp-container-core-buttons-is-layout-499968f5 wp-block-buttons-is-layout-flex\"><\/div>\n\n\n\n<p class=\"has-base-3-color has-text-color\"><strong>NOK 5 400,- \/ pr. kvartal<\/strong><\/p>\n<\/div>\n\n\n\n<div class=\"wp-block-column has-text-color has-background has-link-color wp-elements-cf81f109f1ced847e19231eab6e7b309 is-layout-flow wp-block-column-is-layout-flow\" style=\"color:#000000;background-color:#37a8b3;padding-top:2em;padding-right:2em;padding-bottom:2em;padding-left:2em\"><h2 class=\"wp-block-heading has-base-3-color has-text-color\" id=\"family\" style=\"font-size:40px\"><strong>Medium<\/strong><\/h2>\n\n\n<p class=\"has-base-3-color has-text-color has-normal-font-size\" style=\"line-height:1.5\"><strong>6 timer \/ per kvartal<\/strong><\/p>\n\n\n\n<hr class=\"wp-block-separator has-text-color has-base-3-color has-alpha-channel-opacity has-base-3-background-color has-background is-style-wide\"\/>\n\n\n\n<div class=\"wp-block-buttons alignfull is-horizontal is-content-justification-center is-layout-flex wp-container-core-buttons-is-layout-499968f5 wp-block-buttons-is-layout-flex\"><\/div>\n\n\n\n<p class=\"has-base-3-color has-text-color\"><strong>NOK 9 900,- \/ pr. kvartal<\/strong><\/p>\n<\/div>\n\n\n\n<div class=\"wp-block-column has-base-3-color has-text-color has-background has-link-color wp-elements-33d35ade340b3f3fe6c1cde6c6c5303f is-layout-flow wp-block-column-is-layout-flow\" style=\"background-color:#346a70;padding-top:2em;padding-right:2em;padding-bottom:2em;padding-left:2em\"><h2 class=\"wp-block-heading has-base-3-color has-text-color\" id=\"patron\" style=\"font-size:40px\"><strong>Stor<\/strong><\/h2>\n\n\n<p class=\"has-base-3-color has-text-color has-normal-font-size\"><strong>9 timer \/ per kvartal<\/strong><\/p>\n\n\n\n<hr class=\"wp-block-separator has-css-opacity is-style-wide\"\/>\n\n\n\n<div class=\"wp-block-buttons alignfull is-horizontal is-content-justification-center is-layout-flex wp-container-core-buttons-is-layout-499968f5 wp-block-buttons-is-layout-flex\"><\/div>\n\n\n\n<p><strong>NOK 14 000,- \/ pr. kvartal<\/strong><\/p>\n<\/div>\n<\/div>\n\n\n\n<div style=\"height:25px\" aria-hidden=\"true\" class=\"wp-block-spacer\"><\/div>\n\n\n<h2 class=\"wp-block-heading\" id=\"vaelg-servicepakke\">V\u00e6lg servicepakke<\/h2>\n\n<div class=\"gb-grid-wrapper gb-grid-wrapper-b52aec0b\">\n<div class=\"gb-grid-column gb-grid-column-d924d0fa\"><div class=\"gb-container gb-container-d924d0fa\"><div class=\"gb-inside-container\">\n\n<script charset=\"utf-8\" type=\"text\/javascript\" src=\"\/\/js-eu1.hsforms.net\/forms\/embed\/v2.js\"><\/script><script>hbspt.forms.create({\n    region: \"eu1\",\n    portalId: \"25744173\",\n    formId: \"e09f2109-d1a9-49d6-bdac-e308134b8a12\"\n  });\n<\/script>\n\n<\/div><\/div><\/div>\n\n<div class=\"gb-grid-column gb-grid-column-bdc3e636\"><div class=\"gb-container gb-container-bdc3e636\"><div class=\"gb-inside-container\"><\/div><\/div><\/div>\n<\/div>","protected":false},"excerpt":{"rendered":"<p>Vi tilbyder servicepakker, der garanterer dig kvartalsvis assistance og support fra os. Du kan v\u00e6lge mellem forskellige servicepakker til en fast pris med et givet antal timer fordelt p\u00e5 regnskab og teknisk support fra os. Ubrugte timer i et kvartal rulles over til n\u00e6ste kvartal til brug, hvis det er sandt inden for samme aftaleperiode &#8230; <a title=\"Servicepakker\" class=\"read-more\" href=\"https:\/\/sharecontrol.io\/da\/produkter\/servicepakker\/\" aria-label=\"Read more about Servicepakker\">L\u00e6s Mere<\/a><\/p>\n","protected":false},"author":5,"featured_media":7509,"parent":7857,"menu_order":0,"comment_status":"closed","ping_status":"closed","template":"","meta":{"content-type":"","_uag_custom_page_level_css":"","footnotes":""},"class_list":["post-8025","page","type-page","status-publish","has-post-thumbnail"],"yoast_head":"<!-- This site is optimized with the Yoast SEO plugin v27.2 - https:\/\/yoast.com\/product\/yoast-seo-wordpress\/ -->\n<title>Servicepakker<\/title>\n<meta name=\"description\" content=\"Vi tilbyder servicepakker, der sikrer vores kunder kvartalsvis assistance og support. Vi tilbyder 3 forskellige servicepakker - l\u00e6s mere her!\" \/>\n<meta name=\"robots\" content=\"index, follow, max-snippet:-1, max-image-preview:large, max-video-preview:-1\" \/>\n<link rel=\"canonical\" href=\"https:\/\/sharecontrol.io\/da\/produkter\/servicepakker\/\" \/>\n<meta property=\"og:locale\" content=\"da_DK\" \/>\n<meta property=\"og:type\" content=\"article\" \/>\n<meta property=\"og:title\" content=\"Servicepakker\" \/>\n<meta property=\"og:description\" content=\"Vi tilbyder servicepakker, der sikrer vores kunder kvartalsvis assistance og support. Vi tilbyder 3 forskellige servicepakker - l\u00e6s mere her!\" \/>\n<meta property=\"og:url\" content=\"https:\/\/sharecontrol.io\/da\/produkter\/servicepakker\/\" \/>\n<meta property=\"og:site_name\" content=\"ShareControl\" \/>\n<meta property=\"article:modified_time\" content=\"2026-01-05T13:35:24+00:00\" \/>\n<meta property=\"og:image\" content=\"https:\/\/sharecontrol.io\/wp-content\/uploads\/2022\/05\/arbeidsbilde-scaled.jpg\" \/>\n\t<meta property=\"og:image:width\" content=\"2560\" \/>\n\t<meta property=\"og:image:height\" content=\"1920\" \/>\n\t<meta property=\"og:image:type\" content=\"image\/jpeg\" \/>\n<meta name=\"twitter:card\" content=\"summary_large_image\" \/>\n<meta name=\"twitter:label1\" content=\"Estimeret l\u00e6setid\" \/>\n\t<meta name=\"twitter:data1\" content=\"1 minut\" \/>\n<script type=\"application\/ld+json\" class=\"yoast-schema-graph\">{\"@context\":\"https:\/\/schema.org\",\"@graph\":[{\"@type\":\"WebPage\",\"@id\":\"https:\/\/sharecontrol.io\/da\/produkter\/servicepakker\/\",\"url\":\"https:\/\/sharecontrol.io\/da\/produkter\/servicepakker\/\",\"name\":\"Servicepakker\",\"isPartOf\":{\"@id\":\"https:\/\/sharecontrol.io\/da\/#website\"},\"primaryImageOfPage\":{\"@id\":\"https:\/\/sharecontrol.io\/da\/produkter\/servicepakker\/#primaryimage\"},\"image\":{\"@id\":\"https:\/\/sharecontrol.io\/da\/produkter\/servicepakker\/#primaryimage\"},\"thumbnailUrl\":\"https:\/\/sharecontrol.io\/wp-content\/uploads\/2022\/05\/arbeidsbilde-scaled.jpg\",\"datePublished\":\"2022-06-27T11:25:28+00:00\",\"dateModified\":\"2026-01-05T13:35:24+00:00\",\"description\":\"Vi tilbyder servicepakker, der sikrer vores kunder kvartalsvis assistance og support. Vi tilbyder 3 forskellige servicepakker - l\u00e6s mere her!\",\"breadcrumb\":{\"@id\":\"https:\/\/sharecontrol.io\/da\/produkter\/servicepakker\/#breadcrumb\"},\"inLanguage\":\"da-DK\",\"potentialAction\":[{\"@type\":\"ReadAction\",\"target\":[\"https:\/\/sharecontrol.io\/da\/produkter\/servicepakker\/\"]}]},{\"@type\":\"ImageObject\",\"inLanguage\":\"da-DK\",\"@id\":\"https:\/\/sharecontrol.io\/da\/produkter\/servicepakker\/#primaryimage\",\"url\":\"https:\/\/sharecontrol.io\/wp-content\/uploads\/2022\/05\/arbeidsbilde-scaled.jpg\",\"contentUrl\":\"https:\/\/sharecontrol.io\/wp-content\/uploads\/2022\/05\/arbeidsbilde-scaled.jpg\",\"width\":2560,\"height\":1920,\"caption\":\"Share Control er en leverand\u00f8r av addons til Microsoft 365.\"},{\"@type\":\"BreadcrumbList\",\"@id\":\"https:\/\/sharecontrol.io\/da\/produkter\/servicepakker\/#breadcrumb\",\"itemListElement\":[{\"@type\":\"ListItem\",\"position\":1,\"name\":\"Home\",\"item\":\"https:\/\/sharecontrol.io\/da\/\"},{\"@type\":\"ListItem\",\"position\":2,\"name\":\"Produkter\",\"item\":\"https:\/\/sharecontrol.io\/da\/produkter\/\"},{\"@type\":\"ListItem\",\"position\":3,\"name\":\"Servicepakker\"}]},{\"@type\":\"WebSite\",\"@id\":\"https:\/\/sharecontrol.io\/da\/#website\",\"url\":\"https:\/\/sharecontrol.io\/da\/\",\"name\":\"ShareControl\",\"description\":\"\",\"publisher\":{\"@id\":\"https:\/\/sharecontrol.io\/da\/#organization\"},\"potentialAction\":[{\"@type\":\"SearchAction\",\"target\":{\"@type\":\"EntryPoint\",\"urlTemplate\":\"https:\/\/sharecontrol.io\/da\/?s={search_term_string}\"},\"query-input\":{\"@type\":\"PropertyValueSpecification\",\"valueRequired\":true,\"valueName\":\"search_term_string\"}}],\"inLanguage\":\"da-DK\"},{\"@type\":\"Organization\",\"@id\":\"https:\/\/sharecontrol.io\/da\/#organization\",\"name\":\"ShareControl\",\"url\":\"https:\/\/sharecontrol.io\/da\/\",\"logo\":{\"@type\":\"ImageObject\",\"inLanguage\":\"da-DK\",\"@id\":\"https:\/\/sharecontrol.io\/da\/#\/schema\/logo\/image\/\",\"url\":\"https:\/\/sharecontrol.io\/wp-content\/uploads\/2022\/05\/cropped-logo-sc-default-minified-small.png\",\"contentUrl\":\"https:\/\/sharecontrol.io\/wp-content\/uploads\/2022\/05\/cropped-logo-sc-default-minified-small.png\",\"width\":900,\"height\":200,\"caption\":\"ShareControl\"},\"image\":{\"@id\":\"https:\/\/sharecontrol.io\/da\/#\/schema\/logo\/image\/\"}}]}<\/script>\n<!-- \/ Yoast SEO plugin. -->","yoast_head_json":{"title":"Servicepakker","description":"Vi tilbyder servicepakker, der sikrer vores kunder kvartalsvis assistance og support. Vi tilbyder 3 forskellige servicepakker - l\u00e6s mere her!","robots":{"index":"index","follow":"follow","max-snippet":"max-snippet:-1","max-image-preview":"max-image-preview:large","max-video-preview":"max-video-preview:-1"},"canonical":"https:\/\/sharecontrol.io\/da\/produkter\/servicepakker\/","og_locale":"da_DK","og_type":"article","og_title":"Servicepakker","og_description":"Vi tilbyder servicepakker, der sikrer vores kunder kvartalsvis assistance og support. Vi tilbyder 3 forskellige servicepakker - l\u00e6s mere her!","og_url":"https:\/\/sharecontrol.io\/da\/produkter\/servicepakker\/","og_site_name":"ShareControl","article_modified_time":"2026-01-05T13:35:24+00:00","og_image":[{"width":2560,"height":1920,"url":"https:\/\/sharecontrol.io\/wp-content\/uploads\/2022\/05\/arbeidsbilde-scaled.jpg","type":"image\/jpeg"}],"twitter_card":"summary_large_image","twitter_misc":{"Estimeret l\u00e6setid":"1 minut"},"schema":{"@context":"https:\/\/schema.org","@graph":[{"@type":"WebPage","@id":"https:\/\/sharecontrol.io\/da\/produkter\/servicepakker\/","url":"https:\/\/sharecontrol.io\/da\/produkter\/servicepakker\/","name":"Servicepakker","isPartOf":{"@id":"https:\/\/sharecontrol.io\/da\/#website"},"primaryImageOfPage":{"@id":"https:\/\/sharecontrol.io\/da\/produkter\/servicepakker\/#primaryimage"},"image":{"@id":"https:\/\/sharecontrol.io\/da\/produkter\/servicepakker\/#primaryimage"},"thumbnailUrl":"https:\/\/sharecontrol.io\/wp-content\/uploads\/2022\/05\/arbeidsbilde-scaled.jpg","datePublished":"2022-06-27T11:25:28+00:00","dateModified":"2026-01-05T13:35:24+00:00","description":"Vi tilbyder servicepakker, der sikrer vores kunder kvartalsvis assistance og support. Vi tilbyder 3 forskellige servicepakker - l\u00e6s mere her!","breadcrumb":{"@id":"https:\/\/sharecontrol.io\/da\/produkter\/servicepakker\/#breadcrumb"},"inLanguage":"da-DK","potentialAction":[{"@type":"ReadAction","target":["https:\/\/sharecontrol.io\/da\/produkter\/servicepakker\/"]}]},{"@type":"ImageObject","inLanguage":"da-DK","@id":"https:\/\/sharecontrol.io\/da\/produkter\/servicepakker\/#primaryimage","url":"https:\/\/sharecontrol.io\/wp-content\/uploads\/2022\/05\/arbeidsbilde-scaled.jpg","contentUrl":"https:\/\/sharecontrol.io\/wp-content\/uploads\/2022\/05\/arbeidsbilde-scaled.jpg","width":2560,"height":1920,"caption":"Share Control er en leverand\u00f8r av addons til Microsoft 365."},{"@type":"BreadcrumbList","@id":"https:\/\/sharecontrol.io\/da\/produkter\/servicepakker\/#breadcrumb","itemListElement":[{"@type":"ListItem","position":1,"name":"Home","item":"https:\/\/sharecontrol.io\/da\/"},{"@type":"ListItem","position":2,"name":"Produkter","item":"https:\/\/sharecontrol.io\/da\/produkter\/"},{"@type":"ListItem","position":3,"name":"Servicepakker"}]},{"@type":"WebSite","@id":"https:\/\/sharecontrol.io\/da\/#website","url":"https:\/\/sharecontrol.io\/da\/","name":"ShareControl","description":"","publisher":{"@id":"https:\/\/sharecontrol.io\/da\/#organization"},"potentialAction":[{"@type":"SearchAction","target":{"@type":"EntryPoint","urlTemplate":"https:\/\/sharecontrol.io\/da\/?s={search_term_string}"},"query-input":{"@type":"PropertyValueSpecification","valueRequired":true,"valueName":"search_term_string"}}],"inLanguage":"da-DK"},{"@type":"Organization","@id":"https:\/\/sharecontrol.io\/da\/#organization","name":"ShareControl","url":"https:\/\/sharecontrol.io\/da\/","logo":{"@type":"ImageObject","inLanguage":"da-DK","@id":"https:\/\/sharecontrol.io\/da\/#\/schema\/logo\/image\/","url":"https:\/\/sharecontrol.io\/wp-content\/uploads\/2022\/05\/cropped-logo-sc-default-minified-small.png","contentUrl":"https:\/\/sharecontrol.io\/wp-content\/uploads\/2022\/05\/cropped-logo-sc-default-minified-small.png","width":900,"height":200,"caption":"ShareControl"},"image":{"@id":"https:\/\/sharecontrol.io\/da\/#\/schema\/logo\/image\/"}}]}},"uagb_featured_image_src":{"full":["https:\/\/sharecontrol.io\/wp-content\/uploads\/2022\/05\/arbeidsbilde-scaled.jpg",2560,1920,false],"thumbnail":["https:\/\/sharecontrol.io\/wp-content\/uploads\/2022\/05\/arbeidsbilde-150x150.jpg",150,150,true],"medium":["https:\/\/sharecontrol.io\/wp-content\/uploads\/2022\/05\/arbeidsbilde-300x225.jpg",300,225,true],"medium_large":["https:\/\/sharecontrol.io\/wp-content\/uploads\/2022\/05\/arbeidsbilde-768x576.jpg",768,576,true],"large":["https:\/\/sharecontrol.io\/wp-content\/uploads\/2022\/05\/arbeidsbilde-1024x768.jpg",1024,768,true],"1536x1536":["https:\/\/sharecontrol.io\/wp-content\/uploads\/2022\/05\/arbeidsbilde-1536x1152.jpg",1536,1152,true],"2048x2048":["https:\/\/sharecontrol.io\/wp-content\/uploads\/2022\/05\/arbeidsbilde-2048x1536.jpg",2048,1536,true]},"uagb_author_info":{"display_name":"Ragnar Bryne","author_link":"https:\/\/sharecontrol.io\/da\/author\/ragnar\/"},"uagb_comment_info":0,"uagb_excerpt":"Vi tilbyder servicepakker, der garanterer dig kvartalsvis assistance og support fra os. Du kan v\u00e6lge mellem forskellige servicepakker til en fast pris med et givet antal timer fordelt p\u00e5 regnskab og teknisk support fra os. Ubrugte timer i et kvartal rulles over til n\u00e6ste kvartal til brug, hvis det er sandt inden for samme aftaleperiode&hellip;","_links":{"self":[{"href":"https:\/\/sharecontrol.io\/da\/wp-json\/wp\/v2\/pages\/8025","targetHints":{"allow":["GET"]}}],"collection":[{"href":"https:\/\/sharecontrol.io\/da\/wp-json\/wp\/v2\/pages"}],"about":[{"href":"https:\/\/sharecontrol.io\/da\/wp-json\/wp\/v2\/types\/page"}],"author":[{"embeddable":true,"href":"https:\/\/sharecontrol.io\/da\/wp-json\/wp\/v2\/users\/5"}],"replies":[{"embeddable":true,"href":"https:\/\/sharecontrol.io\/da\/wp-json\/wp\/v2\/comments?post=8025"}],"version-history":[{"count":17,"href":"https:\/\/sharecontrol.io\/da\/wp-json\/wp\/v2\/pages\/8025\/revisions"}],"predecessor-version":[{"id":16160,"href":"https:\/\/sharecontrol.io\/da\/wp-json\/wp\/v2\/pages\/8025\/revisions\/16160"}],"up":[{"embeddable":true,"href":"https:\/\/sharecontrol.io\/da\/wp-json\/wp\/v2\/pages\/7857"}],"wp:featuredmedia":[{"embeddable":true,"href":"https:\/\/sharecontrol.io\/da\/wp-json\/wp\/v2\/media\/7509"}],"wp:attachment":[{"href":"https:\/\/sharecontrol.io\/da\/wp-json\/wp\/v2\/media?parent=8025"}],"curies":[{"name":"wp","href":"https:\/\/api.w.org\/{rel}","templated":true}]}}