{"id":8575,"date":"2023-02-22T10:18:43","date_gmt":"2023-02-22T10:18:43","guid":{"rendered":"https:\/\/sharecontrol.io\/ordrebekraeftelse-service\/"},"modified":"2024-08-01T07:40:33","modified_gmt":"2024-08-01T07:40:33","slug":"ordrebekraeftelse-service","status":"publish","type":"page","link":"https:\/\/sharecontrol.io\/da\/ordrebekraeftelse-service\/","title":{"rendered":"Ordrebekr\u00e6ftelse service"},"content":{"rendered":"<div class=\"gb-container gb-container-edb23477\"><div class=\"gb-inside-container\">\n<h1 class=\"gb-headline gb-headline-180bdb97 gb-headline-text\" id=\"vi-har-modtaget-din-serviceordre\">Vi har modtaget din serviceordre.<\/h1>\n\n\n<p>Tak for din serviceordre.<\/p>\n\n\n\n<p>Vi sender dig en ordrebekr\u00e6ftelse via e-mail og bekr\u00e6fter, hvorn\u00e5r din servicesupport er blevet opsat.<\/p>\n\n\n\n<p>Med venlig hilsen<\/p>\n\n\n<div class=\"gb-grid-wrapper gb-grid-wrapper-cca444d6\">\n<div class=\"gb-grid-column gb-grid-column-2a7dd565\"><div class=\"gb-container gb-container-2a7dd565\"><div class=\"gb-inside-container\">\n<div class=\"gb-container gb-container-6826778e column-shadow \"><div class=\"gb-inside-container\">\n<div class=\"wp-block-image is-style-rounded\">\n<figure class=\"aligncenter size-full is-resized\"><img decoding=\"async\" width=\"250\" height=\"250\" src=\"https:\/\/sharecontrol.io\/wp-content\/uploads\/2023\/08\/Ragnar-Bryne.png\" alt=\"Share Control Ragnar Bryne\" class=\"wp-image-9292\" style=\"object-fit:cover;width:173px;height:173px\" srcset=\"https:\/\/sharecontrol.io\/wp-content\/uploads\/2023\/08\/Ragnar-Bryne.png 250w, https:\/\/sharecontrol.io\/wp-content\/uploads\/2023\/08\/Ragnar-Bryne-150x150.png 150w\" sizes=\"(max-width: 250px) 100vw, 250px\" \/><\/figure>\n<\/div>\n\n<h3 class=\"gb-headline gb-headline-74de41bf gb-headline-text\" id=\"ragnar-bryne\">Ragnar Bryne<\/h3>\n\n<p class=\"gb-headline gb-headline-174cd066 gb-headline-text\"><em><em><em>Leder, statsautorisert revisor<\/em><\/em><\/em><\/p>\n\n<p class=\"gb-headline gb-headline-33ed8a54 gb-headline-text\">Telefon: <a href=\"tel:+47%20416%2009%20779\">+47 416 09 779<\/a><\/p>\n\n<div class=\"gb-button-wrapper gb-button-wrapper-32273dc8\">\n\n<a class=\"gb-button gb-button-bf643660\" href=\"mailto:rb@sharecontrol.no\"><span class=\"gb-icon\"><svg xmlns=\"https:\/\/www.w3.org\/2000\/svg\" aria-hidden=\"true\" role=\"img\" height=\"1em\" width=\"1em\" viewbox=\"0 0 512 512\"><path fill=\"currentColor\" d=\"M464 64H48C21.49 64 0 85.49 0 112v288c0 26.51 21.49 48 48 48h416c26.51 0 48-21.49 48-48V112c0-26.51-21.49-48-48-48zm0 48v40.805c-22.422 18.259-58.168 46.651-134.587 106.49-16.841 13.247-50.201 45.072-73.413 44.701-23.208.375-56.579-31.459-73.413-44.701C106.18 199.465 70.425 171.067 48 152.805V112h416zM48 400V214.398c22.914 18.251 55.409 43.862 104.938 82.646 21.857 17.205 60.134 55.186 103.062 54.955 42.717.231 80.509-37.199 103.053-54.947 49.528-38.783 82.032-64.401 104.947-82.653V400H48z\"><\/path><\/svg><\/span><\/a>\n\n\n\n<a class=\"gb-button gb-button-385c5f8e\" href=\"https:\/\/www.linkedin.com\/in\/ragnar-bryne-5267023\/\" target=\"_blank\" rel=\"noopener noreferrer\"><span class=\"gb-icon\"><svg xmlns=\"https:\/\/www.w3.org\/2000\/svg\" viewbox=\"0 0 448 512\" width=\"1em\" height=\"1em\" aria-hidden=\"true\"><path d=\"M416 32H31.9C14.3 32 0 46.5 0 64.3v383.4C0 465.5 14.3 480 31.9 480H416c17.6 0 32-14.5 32-32.3V64.3c0-17.8-14.4-32.3-32-32.3zM135.4 416H69V202.2h66.5V416zm-33.2-243c-21.3 0-38.5-17.3-38.5-38.5S80.9 96 102.2 96c21.2 0 38.5 17.3 38.5 38.5 0 21.3-17.2 38.5-38.5 38.5zm282.1 243h-66.4V312c0-24.8-.5-56.7-34.5-56.7-34.6 0-39.9 27-39.9 54.9V416h-66.4V202.2h63.7v29.2h.9c8.9-16.8 30.6-34.5 62.9-34.5 67.2 0 79.7 44.3 79.7 101.9V416z\" fill=\"currentColor\"><\/path><\/svg><\/span><\/a>\n\n<\/div>\n<\/div><\/div>\n<\/div><\/div><\/div>\n\n<div class=\"gb-grid-column gb-grid-column-9d70c926\"><div class=\"gb-container gb-container-9d70c926\"><div class=\"gb-inside-container\"><\/div><\/div><\/div>\n\n<div class=\"gb-grid-column gb-grid-column-7bb24108\"><div class=\"gb-container gb-container-7bb24108\"><div class=\"gb-inside-container\"><\/div><\/div><\/div>\n<\/div>\n<\/div><\/div><div class=\"gb-container gb-container-9eaf6bae\"><div class=\"gb-inside-container\">\n<h3 class=\"gb-headline gb-headline-5e498e82 gb-headline-text\" id=\"seneste-artikler\">Seneste artikler<\/h3>\n\n<p class=\"gb-headline gb-headline-b9c47f61\"><span class=\"gb-icon\"><svg xmlns=\"https:\/\/www.w3.org\/2000\/svg\" aria-hidden=\"true\" role=\"img\" height=\"1em\" width=\"1em\" viewbox=\"0 0 256 512\"><path fill=\"currentColor\" d=\"M224.3 273l-136 136c-9.4 9.4-24.6 9.4-33.9 0l-22.6-22.6c-9.4-9.4-9.4-24.6 0-33.9l96.4-96.4-96.4-96.4c-9.4-9.4-9.4-24.6 0-33.9L54.3 103c9.4-9.4 24.6-9.4 33.9 0l136 136c9.5 9.4 9.5 24.6.1 34z\"><\/path><\/svg><\/span><span class=\"gb-headline-text\"><a href=\"https:\/\/sharecontrol.io\/da\/abenhedsloven\/hvad-er-gennemsigtighedsloven-og-hvad-er-din-pligt\/\">Hvad er gennemsigtighedsloven, og hvad er din pligt?<\/a><\/span><\/p>\n\n<p class=\"gb-headline gb-headline-f9b5a72f\"><span class=\"gb-icon\"><svg xmlns=\"https:\/\/www.w3.org\/2000\/svg\" aria-hidden=\"true\" role=\"img\" height=\"1em\" width=\"1em\" viewbox=\"0 0 256 512\"><path fill=\"currentColor\" d=\"M224.3 273l-136 136c-9.4 9.4-24.6 9.4-33.9 0l-22.6-22.6c-9.4-9.4-9.4-24.6 0-33.9l96.4-96.4-96.4-96.4c-9.4-9.4-9.4-24.6 0-33.9L54.3 103c9.4-9.4 24.6-9.4 33.9 0l136 136c9.5 9.4 9.5 24.6.1 34z\"><\/path><\/svg><\/span><span class=\"gb-headline-text\"><a href=\"https:\/\/sharecontrol.io\/da\/kontraktstyring\/hvad-er-de-samlede-omkostninger-og-forpligtelser-for-dine-kontrakter\/\">Hvad er de samlede omkostninger og forpligtelser for dine kontrakter?<\/a><\/span><\/p>\n\n<p class=\"gb-headline gb-headline-fb2ba09c\"><span class=\"gb-icon\"><svg xmlns=\"https:\/\/www.w3.org\/2000\/svg\" aria-hidden=\"true\" role=\"img\" height=\"1em\" width=\"1em\" viewbox=\"0 0 256 512\"><path fill=\"currentColor\" d=\"M224.3 273l-136 136c-9.4 9.4-24.6 9.4-33.9 0l-22.6-22.6c-9.4-9.4-9.4-24.6 0-33.9l96.4-96.4-96.4-96.4c-9.4-9.4-9.4-24.6 0-33.9L54.3 103c9.4-9.4 24.6-9.4 33.9 0l136 136c9.5 9.4 9.5 24.6.1 34z\"><\/path><\/svg><\/span><span class=\"gb-headline-text\"><a href=\"https:\/\/sharecontrol.io\/da\/kontraktstyring\/hvad-er-kontraktstyring-og-kontraktstyringssystem\/\">Hvad er kontraktstyring og kontraktstyringssystem?<\/a><\/span><\/p>\n\n<p class=\"gb-headline gb-headline-4dad3a5f\"><span class=\"gb-icon\"><svg xmlns=\"https:\/\/www.w3.org\/2000\/svg\" aria-hidden=\"true\" role=\"img\" height=\"1em\" width=\"1em\" viewbox=\"0 0 256 512\"><path fill=\"currentColor\" d=\"M224.3 273l-136 136c-9.4 9.4-24.6 9.4-33.9 0l-22.6-22.6c-9.4-9.4-9.4-24.6 0-33.9l96.4-96.4-96.4-96.4c-9.4-9.4-9.4-24.6 0-33.9L54.3 103c9.4-9.4 24.6-9.4 33.9 0l136 136c9.5 9.4 9.5 24.6.1 34z\"><\/path><\/svg><\/span><span class=\"gb-headline-text\"><a href=\"https:\/\/sharecontrol.io\/da\/bestyrelsesarbejde\/de-foerste-100-dage-som-ny-cfo-vejen-til-succes\/\">De f\u00f8rste 100 dage som ny CFO \u2013 vejen til succes<\/a><\/span><\/p>\n<\/div><\/div>","protected":false},"excerpt":{"rendered":"<p>Vi har modtaget din serviceordre. Tak for din serviceordre. Vi sender dig en ordrebekr\u00e6ftelse via e-mail og bekr\u00e6fter, hvorn\u00e5r din servicesupport er blevet opsat. Med venlig hilsen Seneste artikler Hvad er gennemsigtighedsloven, og hvad er din pligt? Hvad er de samlede omkostninger og forpligtelser for dine kontrakter? Hvad er kontraktstyring og kontraktstyringssystem? De f\u00f8rste 100 &#8230; <a title=\"Ordrebekr\u00e6ftelse service\" class=\"read-more\" href=\"https:\/\/sharecontrol.io\/da\/ordrebekraeftelse-service\/\" aria-label=\"Read more about Ordrebekr\u00e6ftelse service\">L\u00e6s Mere<\/a><\/p>\n","protected":false},"author":5,"featured_media":0,"parent":0,"menu_order":0,"comment_status":"closed","ping_status":"closed","template":"","meta":{"content-type":"","_uag_custom_page_level_css":"","footnotes":""},"class_list":["post-8575","page","type-page","status-publish"],"yoast_head":"<!-- This site is optimized with the Yoast SEO plugin v27.2 - https:\/\/yoast.com\/product\/yoast-seo-wordpress\/ -->\n<title>Ordrebekr\u00e6ftelse service<\/title>\n<meta name=\"robots\" content=\"index, follow, max-snippet:-1, max-image-preview:large, max-video-preview:-1\" \/>\n<link rel=\"canonical\" href=\"https:\/\/sharecontrol.io\/da\/ordrebekraeftelse-service\/\" \/>\n<meta property=\"og:locale\" content=\"da_DK\" \/>\n<meta property=\"og:type\" content=\"article\" \/>\n<meta property=\"og:title\" content=\"Ordrebekr\u00e6ftelse service\" \/>\n<meta property=\"og:description\" content=\"Vi har modtaget din serviceordre. Tak for din serviceordre. Vi sender dig en ordrebekr\u00e6ftelse via e-mail og bekr\u00e6fter, hvorn\u00e5r din servicesupport er blevet opsat. Med venlig hilsen Seneste artikler Hvad er gennemsigtighedsloven, og hvad er din pligt? Hvad er de samlede omkostninger og forpligtelser for dine kontrakter? Hvad er kontraktstyring og kontraktstyringssystem? De f\u00f8rste 100 ... L\u00e6s Mere\" \/>\n<meta property=\"og:url\" content=\"https:\/\/sharecontrol.io\/da\/ordrebekraeftelse-service\/\" \/>\n<meta property=\"og:site_name\" content=\"ShareControl\" \/>\n<meta property=\"article:modified_time\" content=\"2024-08-01T07:40:33+00:00\" \/>\n<meta property=\"og:image\" content=\"https:\/\/sharecontrol.io\/wp-content\/uploads\/2023\/08\/Ragnar-Bryne.png\" \/>\n<meta name=\"twitter:card\" content=\"summary_large_image\" \/>\n<script type=\"application\/ld+json\" class=\"yoast-schema-graph\">{\"@context\":\"https:\/\/schema.org\",\"@graph\":[{\"@type\":\"WebPage\",\"@id\":\"https:\/\/sharecontrol.io\/da\/ordrebekraeftelse-service\/\",\"url\":\"https:\/\/sharecontrol.io\/da\/ordrebekraeftelse-service\/\",\"name\":\"Ordrebekr\u00e6ftelse service\",\"isPartOf\":{\"@id\":\"https:\/\/sharecontrol.io\/da\/#website\"},\"primaryImageOfPage\":{\"@id\":\"https:\/\/sharecontrol.io\/da\/ordrebekraeftelse-service\/#primaryimage\"},\"image\":{\"@id\":\"https:\/\/sharecontrol.io\/da\/ordrebekraeftelse-service\/#primaryimage\"},\"thumbnailUrl\":\"https:\/\/sharecontrol.io\/wp-content\/uploads\/2023\/08\/Ragnar-Bryne.png\",\"datePublished\":\"2023-02-22T10:18:43+00:00\",\"dateModified\":\"2024-08-01T07:40:33+00:00\",\"breadcrumb\":{\"@id\":\"https:\/\/sharecontrol.io\/da\/ordrebekraeftelse-service\/#breadcrumb\"},\"inLanguage\":\"da-DK\",\"potentialAction\":[{\"@type\":\"ReadAction\",\"target\":[\"https:\/\/sharecontrol.io\/da\/ordrebekraeftelse-service\/\"]}]},{\"@type\":\"ImageObject\",\"inLanguage\":\"da-DK\",\"@id\":\"https:\/\/sharecontrol.io\/da\/ordrebekraeftelse-service\/#primaryimage\",\"url\":\"https:\/\/sharecontrol.io\/wp-content\/uploads\/2023\/08\/Ragnar-Bryne.png\",\"contentUrl\":\"https:\/\/sharecontrol.io\/wp-content\/uploads\/2023\/08\/Ragnar-Bryne.png\"},{\"@type\":\"BreadcrumbList\",\"@id\":\"https:\/\/sharecontrol.io\/da\/ordrebekraeftelse-service\/#breadcrumb\",\"itemListElement\":[{\"@type\":\"ListItem\",\"position\":1,\"name\":\"Home\",\"item\":\"https:\/\/sharecontrol.io\/da\/\"},{\"@type\":\"ListItem\",\"position\":2,\"name\":\"Ordrebekr\u00e6ftelse service\"}]},{\"@type\":\"WebSite\",\"@id\":\"https:\/\/sharecontrol.io\/da\/#website\",\"url\":\"https:\/\/sharecontrol.io\/da\/\",\"name\":\"ShareControl\",\"description\":\"\",\"publisher\":{\"@id\":\"https:\/\/sharecontrol.io\/da\/#organization\"},\"potentialAction\":[{\"@type\":\"SearchAction\",\"target\":{\"@type\":\"EntryPoint\",\"urlTemplate\":\"https:\/\/sharecontrol.io\/da\/?s={search_term_string}\"},\"query-input\":{\"@type\":\"PropertyValueSpecification\",\"valueRequired\":true,\"valueName\":\"search_term_string\"}}],\"inLanguage\":\"da-DK\"},{\"@type\":\"Organization\",\"@id\":\"https:\/\/sharecontrol.io\/da\/#organization\",\"name\":\"ShareControl\",\"url\":\"https:\/\/sharecontrol.io\/da\/\",\"logo\":{\"@type\":\"ImageObject\",\"inLanguage\":\"da-DK\",\"@id\":\"https:\/\/sharecontrol.io\/da\/#\/schema\/logo\/image\/\",\"url\":\"https:\/\/sharecontrol.io\/wp-content\/uploads\/2022\/05\/cropped-logo-sc-default-minified-small.png\",\"contentUrl\":\"https:\/\/sharecontrol.io\/wp-content\/uploads\/2022\/05\/cropped-logo-sc-default-minified-small.png\",\"width\":900,\"height\":200,\"caption\":\"ShareControl\"},\"image\":{\"@id\":\"https:\/\/sharecontrol.io\/da\/#\/schema\/logo\/image\/\"}}]}<\/script>\n<!-- \/ Yoast SEO plugin. -->","yoast_head_json":{"title":"Ordrebekr\u00e6ftelse service","robots":{"index":"index","follow":"follow","max-snippet":"max-snippet:-1","max-image-preview":"max-image-preview:large","max-video-preview":"max-video-preview:-1"},"canonical":"https:\/\/sharecontrol.io\/da\/ordrebekraeftelse-service\/","og_locale":"da_DK","og_type":"article","og_title":"Ordrebekr\u00e6ftelse service","og_description":"Vi har modtaget din serviceordre. Tak for din serviceordre. Vi sender dig en ordrebekr\u00e6ftelse via e-mail og bekr\u00e6fter, hvorn\u00e5r din servicesupport er blevet opsat. Med venlig hilsen Seneste artikler Hvad er gennemsigtighedsloven, og hvad er din pligt? Hvad er de samlede omkostninger og forpligtelser for dine kontrakter? Hvad er kontraktstyring og kontraktstyringssystem? De f\u00f8rste 100 ... L\u00e6s Mere","og_url":"https:\/\/sharecontrol.io\/da\/ordrebekraeftelse-service\/","og_site_name":"ShareControl","article_modified_time":"2024-08-01T07:40:33+00:00","og_image":[{"url":"https:\/\/sharecontrol.io\/wp-content\/uploads\/2023\/08\/Ragnar-Bryne.png","type":"","width":"","height":""}],"twitter_card":"summary_large_image","schema":{"@context":"https:\/\/schema.org","@graph":[{"@type":"WebPage","@id":"https:\/\/sharecontrol.io\/da\/ordrebekraeftelse-service\/","url":"https:\/\/sharecontrol.io\/da\/ordrebekraeftelse-service\/","name":"Ordrebekr\u00e6ftelse service","isPartOf":{"@id":"https:\/\/sharecontrol.io\/da\/#website"},"primaryImageOfPage":{"@id":"https:\/\/sharecontrol.io\/da\/ordrebekraeftelse-service\/#primaryimage"},"image":{"@id":"https:\/\/sharecontrol.io\/da\/ordrebekraeftelse-service\/#primaryimage"},"thumbnailUrl":"https:\/\/sharecontrol.io\/wp-content\/uploads\/2023\/08\/Ragnar-Bryne.png","datePublished":"2023-02-22T10:18:43+00:00","dateModified":"2024-08-01T07:40:33+00:00","breadcrumb":{"@id":"https:\/\/sharecontrol.io\/da\/ordrebekraeftelse-service\/#breadcrumb"},"inLanguage":"da-DK","potentialAction":[{"@type":"ReadAction","target":["https:\/\/sharecontrol.io\/da\/ordrebekraeftelse-service\/"]}]},{"@type":"ImageObject","inLanguage":"da-DK","@id":"https:\/\/sharecontrol.io\/da\/ordrebekraeftelse-service\/#primaryimage","url":"https:\/\/sharecontrol.io\/wp-content\/uploads\/2023\/08\/Ragnar-Bryne.png","contentUrl":"https:\/\/sharecontrol.io\/wp-content\/uploads\/2023\/08\/Ragnar-Bryne.png"},{"@type":"BreadcrumbList","@id":"https:\/\/sharecontrol.io\/da\/ordrebekraeftelse-service\/#breadcrumb","itemListElement":[{"@type":"ListItem","position":1,"name":"Home","item":"https:\/\/sharecontrol.io\/da\/"},{"@type":"ListItem","position":2,"name":"Ordrebekr\u00e6ftelse service"}]},{"@type":"WebSite","@id":"https:\/\/sharecontrol.io\/da\/#website","url":"https:\/\/sharecontrol.io\/da\/","name":"ShareControl","description":"","publisher":{"@id":"https:\/\/sharecontrol.io\/da\/#organization"},"potentialAction":[{"@type":"SearchAction","target":{"@type":"EntryPoint","urlTemplate":"https:\/\/sharecontrol.io\/da\/?s={search_term_string}"},"query-input":{"@type":"PropertyValueSpecification","valueRequired":true,"valueName":"search_term_string"}}],"inLanguage":"da-DK"},{"@type":"Organization","@id":"https:\/\/sharecontrol.io\/da\/#organization","name":"ShareControl","url":"https:\/\/sharecontrol.io\/da\/","logo":{"@type":"ImageObject","inLanguage":"da-DK","@id":"https:\/\/sharecontrol.io\/da\/#\/schema\/logo\/image\/","url":"https:\/\/sharecontrol.io\/wp-content\/uploads\/2022\/05\/cropped-logo-sc-default-minified-small.png","contentUrl":"https:\/\/sharecontrol.io\/wp-content\/uploads\/2022\/05\/cropped-logo-sc-default-minified-small.png","width":900,"height":200,"caption":"ShareControl"},"image":{"@id":"https:\/\/sharecontrol.io\/da\/#\/schema\/logo\/image\/"}}]}},"uagb_featured_image_src":{"full":false,"thumbnail":false,"medium":false,"medium_large":false,"large":false,"1536x1536":false,"2048x2048":false},"uagb_author_info":{"display_name":"Ragnar Bryne","author_link":"https:\/\/sharecontrol.io\/da\/author\/ragnar\/"},"uagb_comment_info":0,"uagb_excerpt":"Vi har modtaget din serviceordre. Tak for din serviceordre. Vi sender dig en ordrebekr\u00e6ftelse via e-mail og bekr\u00e6fter, hvorn\u00e5r din servicesupport er blevet opsat. Med venlig hilsen Seneste artikler Hvad er gennemsigtighedsloven, og hvad er din pligt? Hvad er de samlede omkostninger og forpligtelser for dine kontrakter? Hvad er kontraktstyring og kontraktstyringssystem? De f\u00f8rste 100&hellip;","_links":{"self":[{"href":"https:\/\/sharecontrol.io\/da\/wp-json\/wp\/v2\/pages\/8575","targetHints":{"allow":["GET"]}}],"collection":[{"href":"https:\/\/sharecontrol.io\/da\/wp-json\/wp\/v2\/pages"}],"about":[{"href":"https:\/\/sharecontrol.io\/da\/wp-json\/wp\/v2\/types\/page"}],"author":[{"embeddable":true,"href":"https:\/\/sharecontrol.io\/da\/wp-json\/wp\/v2\/users\/5"}],"replies":[{"embeddable":true,"href":"https:\/\/sharecontrol.io\/da\/wp-json\/wp\/v2\/comments?post=8575"}],"version-history":[{"count":6,"href":"https:\/\/sharecontrol.io\/da\/wp-json\/wp\/v2\/pages\/8575\/revisions"}],"predecessor-version":[{"id":14767,"href":"https:\/\/sharecontrol.io\/da\/wp-json\/wp\/v2\/pages\/8575\/revisions\/14767"}],"wp:attachment":[{"href":"https:\/\/sharecontrol.io\/da\/wp-json\/wp\/v2\/media?parent=8575"}],"curies":[{"name":"wp","href":"https:\/\/api.w.org\/{rel}","templated":true}]}}