{"id":8811,"date":"2022-06-27T11:58:42","date_gmt":"2022-06-27T11:58:42","guid":{"rendered":"https:\/\/sharecontrol.io\/kundehistorier\/"},"modified":"2025-01-13T08:30:47","modified_gmt":"2025-01-13T08:30:47","slug":"kundehistorier","status":"publish","type":"page","link":"https:\/\/sharecontrol.io\/da\/kundehistorier\/","title":{"rendered":"Kundehistorier"},"content":{"rendered":"<h1 class=\"wp-block-heading\" id=\"kundehistorier\">Kundehistorier<\/h1>\n\n\n<p>Share Control har siden 2014 leveret l\u00f8sninger til dokument- og aftalestyring inden for forskellige fagomr\u00e5der til erhvervsmarkedet. Vores l\u00f8sninger er udviklet p\u00e5 Microsofts moderne cloudplatform <a href=\"https:\/\/www.microsoft365.com\">Microsoft 365<\/a>. Se hvad vores kunder siger om os og vores l\u00f8sninger i vores kundehistorier.<\/p>\n\n\n\n<div style=\"height:100px\" aria-hidden=\"true\" class=\"wp-block-spacer\"><\/div>\n\n\n\n<figure class=\"wp-block-image size-full uag-hide-desktop uag-hide-tab\"><img decoding=\"async\" width=\"873\" height=\"192\" src=\"https:\/\/sharecontrol.io\/wp-content\/uploads\/2022\/06\/Aker-Solutions-logo-ref.jpeg\" alt=\"\" class=\"wp-image-6910\" srcset=\"https:\/\/sharecontrol.io\/wp-content\/uploads\/2022\/06\/Aker-Solutions-logo-ref.jpeg 873w, https:\/\/sharecontrol.io\/wp-content\/uploads\/2022\/06\/Aker-Solutions-logo-ref-300x66.jpeg 300w, https:\/\/sharecontrol.io\/wp-content\/uploads\/2022\/06\/Aker-Solutions-logo-ref-768x169.jpeg 768w\" sizes=\"(max-width: 873px) 100vw, 873px\" \/><\/figure>\n\n\n<div class=\"gb-container gb-container-60303c98\"><div class=\"gb-inside-container\">\n\n<div class=\"wp-block-columns is-layout-flex wp-container-core-columns-is-layout-9d6595d7 wp-block-columns-is-layout-flex\">\n<div class=\"wp-block-column is-layout-flow wp-block-column-is-layout-flow\"><h2 class=\"wp-block-heading\" id=\"aker-solutions\">Aker Solutions<\/h2>\n\n\n<p><strong>Produkt<\/strong>: ShareControl IFRS 16<\/p>\n\n\n\n<p>&#8220;Share Controls styrke er, at deres IFRS 16-system og specialistekspertise giver os ro i sindet&#8221;.<\/p>\n\n\n<div class=\"gb-button-wrapper gb-button-wrapper-a9ecfcf8\">\n\n<a class=\"gb-button gb-button-388980d5\" href=\"https:\/\/sharecontrol.io\/da\/kundehistorier\/aker-solutions\/\"><span class=\"gb-button-text\">L\u00e6s mere her<\/span><span class=\"gb-icon\"><svg viewBox=\"0 0 16 16\" class=\"bi bi-arrow-right-short\" fill=\"currentColor\" height=\"16\" width=\"16\" xmlns=\"https:\/\/www.w3.org\/2000\/svg\">   <path d=\"M4 8a.5.5 0 0 1 .5-.5h5.793L8.146 5.354a.5.5 0 1 1 .708-.708l3 3a.5.5 0 0 1 0 .708l-3 3a.5.5 0 0 1-.708-.708L10.293 8.5H4.5A.5.5 0 0 1 4 8z\" fill-rule=\"evenodd\"><\/path> <\/svg><\/span><\/a>\n\n<\/div><\/div>\n\n\n\n<div class=\"wp-block-column is-layout-flow wp-block-column-is-layout-flow\">\n<figure class=\"wp-block-image size-full uag-hide-mob\"><img decoding=\"async\" width=\"873\" height=\"192\" src=\"https:\/\/sharecontrol.io\/wp-content\/uploads\/2022\/06\/Aker-Solutions-logo-ref.jpeg\" alt=\"\" class=\"wp-image-6910\" srcset=\"https:\/\/sharecontrol.io\/wp-content\/uploads\/2022\/06\/Aker-Solutions-logo-ref.jpeg 873w, https:\/\/sharecontrol.io\/wp-content\/uploads\/2022\/06\/Aker-Solutions-logo-ref-300x66.jpeg 300w, https:\/\/sharecontrol.io\/wp-content\/uploads\/2022\/06\/Aker-Solutions-logo-ref-768x169.jpeg 768w\" sizes=\"(max-width: 873px) 100vw, 873px\" \/><\/figure>\n<\/div>\n<\/div>\n\n<\/div><\/div>\n\n\n<div style=\"height:50px\" aria-hidden=\"true\" class=\"wp-block-spacer\"><\/div>\n\n\n\n<div class=\"wp-block-cover alignfull\"><span aria-hidden=\"true\" class=\"wp-block-cover__background has-base-2-background-color has-background-dim-100 has-background-dim\"><\/span><div class=\"wp-block-cover__inner-container is-layout-flow wp-block-cover-is-layout-flow\"><div class=\"gb-container gb-container-260092b4\"><div class=\"gb-inside-container\">\n\n<div class=\"wp-block-columns is-layout-flex wp-container-core-columns-is-layout-9d6595d7 wp-block-columns-is-layout-flex\">\n<div class=\"wp-block-column is-layout-flow wp-block-column-is-layout-flow\">\n<figure class=\"wp-block-image size-full is-resized\"><img decoding=\"async\" width=\"780\" height=\"293\" src=\"https:\/\/sharecontrol.io\/wp-content\/uploads\/2023\/11\/Fexco_Logo_ShareControl_Customer_referance.png\" alt=\"Fexco logo\" class=\"wp-image-10892\" srcset=\"https:\/\/sharecontrol.io\/wp-content\/uploads\/2023\/11\/Fexco_Logo_ShareControl_Customer_referance.png 780w, https:\/\/sharecontrol.io\/wp-content\/uploads\/2023\/11\/Fexco_Logo_ShareControl_Customer_referance-300x113.png 300w, https:\/\/sharecontrol.io\/wp-content\/uploads\/2023\/11\/Fexco_Logo_ShareControl_Customer_referance-768x288.png 768w\" sizes=\"(max-width: 780px) 100vw, 780px\" \/><\/figure>\n<\/div>\n\n\n\n<div class=\"wp-block-column has-contrast-color has-text-color is-layout-flow wp-block-column-is-layout-flow\"><h2 class=\"wp-block-heading\" id=\"fexco\">Fexco<\/h2>\n\n\n<p><strong>Produkt<\/strong>: ShareControl IFRS 16<\/p>\n\n\n\n<p>&#8220;Share Control har udviklet et brugervenligt IFRS 16-system, der opfylder vores rapporteringsforpligtelser i henhold til IFRS 16&#8221;.<\/p>\n\n\n<div class=\"gb-button-wrapper gb-button-wrapper-64bf1d7c\">\n\n<a class=\"gb-button gb-button-e3638952\" href=\"https:\/\/sharecontrol.io\/da\/kundehistorier\/fexco\/\"><span class=\"gb-button-text\">L\u00e6s mere her<\/span><span class=\"gb-icon\"><svg viewBox=\"0 0 16 16\" class=\"bi bi-arrow-right-short\" fill=\"currentColor\" height=\"16\" width=\"16\" xmlns=\"https:\/\/www.w3.org\/2000\/svg\">   <path d=\"M4 8a.5.5 0 0 1 .5-.5h5.793L8.146 5.354a.5.5 0 1 1 .708-.708l3 3a.5.5 0 0 1 0 .708l-3 3a.5.5 0 0 1-.708-.708L10.293 8.5H4.5A.5.5 0 0 1 4 8z\" fill-rule=\"evenodd\"><\/path> <\/svg><\/span><\/a>\n\n<\/div><\/div>\n<\/div>\n\n<\/div><\/div><\/div><\/div>\n\n\n\n<div style=\"height:50px\" aria-hidden=\"true\" class=\"wp-block-spacer\"><\/div>\n\n\n\n<figure class=\"wp-block-image size-full is-resized uag-hide-desktop uag-hide-tab\"><img decoding=\"async\" width=\"951\" height=\"251\" src=\"https:\/\/sharecontrol.io\/wp-content\/uploads\/2023\/11\/frosunda-logo.webp\" alt=\"Fr\u00f6sunda Logo\n\" class=\"wp-image-10921\" style=\"width:777px;height:auto\" srcset=\"https:\/\/sharecontrol.io\/wp-content\/uploads\/2023\/11\/frosunda-logo.webp 951w, https:\/\/sharecontrol.io\/wp-content\/uploads\/2023\/11\/frosunda-logo-300x79.webp 300w, https:\/\/sharecontrol.io\/wp-content\/uploads\/2023\/11\/frosunda-logo-768x203.webp 768w\" sizes=\"(max-width: 951px) 100vw, 951px\" \/><\/figure>\n\n\n<div class=\"gb-container gb-container-5b5a2abe\"><div class=\"gb-inside-container\">\n\n<div class=\"wp-block-columns is-layout-flex wp-container-core-columns-is-layout-9d6595d7 wp-block-columns-is-layout-flex\">\n<div class=\"wp-block-column is-layout-flow wp-block-column-is-layout-flow\"><h2 class=\"wp-block-heading\" id=\"frosunda\">Fr\u00f6sunda<\/h2>\n\n\n<p><strong>Produkt<\/strong>: ShareControl IFRS 16<\/p>\n\n\n\n<p>&#8220;Det er bem\u00e6rkelsesv\u00e6rdigt, at Share Controls IFRS 16-l\u00f8sning er udviklet af revisorer, der har t\u00e6nkt over revisionssporet&#8221;.<\/p>\n\n\n<div class=\"gb-button-wrapper gb-button-wrapper-3011ca32\">\n\n<a class=\"gb-button gb-button-3c3ddc3f\" href=\"https:\/\/sharecontrol.io\/da\/kundehistorier\/frosunda\/\"><span class=\"gb-button-text\">L\u00e6s mere her<\/span><span class=\"gb-icon\"><svg viewBox=\"0 0 16 16\" class=\"bi bi-arrow-right-short\" fill=\"currentColor\" height=\"16\" width=\"16\" xmlns=\"https:\/\/www.w3.org\/2000\/svg\">   <path d=\"M4 8a.5.5 0 0 1 .5-.5h5.793L8.146 5.354a.5.5 0 1 1 .708-.708l3 3a.5.5 0 0 1 0 .708l-3 3a.5.5 0 0 1-.708-.708L10.293 8.5H4.5A.5.5 0 0 1 4 8z\" fill-rule=\"evenodd\"><\/path> <\/svg><\/span><\/a>\n\n<\/div><\/div>\n\n\n\n<div class=\"wp-block-column is-layout-flow wp-block-column-is-layout-flow\">\n<figure class=\"wp-block-image size-large uag-hide-mob\"><img decoding=\"async\" src=\"https:\/\/sharecontrol.io\/wp-content\/uploads\/2023\/11\/frosunda-logo.webp\" alt=\"Fexco logo\"\/><\/figure>\n<\/div>\n<\/div>\n\n<\/div><\/div>\n\n\n<div style=\"height:50px\" aria-hidden=\"true\" class=\"wp-block-spacer\"><\/div>\n\n\n\n<div class=\"wp-block-cover alignfull\"><span aria-hidden=\"true\" class=\"wp-block-cover__background has-base-2-background-color has-background-dim-100 has-background-dim\"><\/span><div class=\"wp-block-cover__inner-container is-layout-flow wp-block-cover-is-layout-flow\"><div class=\"gb-container gb-container-00b7651f\"><div class=\"gb-inside-container\">\n\n<div class=\"wp-block-columns is-layout-flex wp-container-core-columns-is-layout-9d6595d7 wp-block-columns-is-layout-flex\">\n<div class=\"wp-block-column is-layout-flow wp-block-column-is-layout-flow\">\n<figure class=\"wp-block-image size-large is-resized\"><img decoding=\"async\" src=\"https:\/\/sharecontrol.io\/wp-content\/uploads\/2024\/09\/ININ-logo.svg\" alt=\"Fr\u00f6sunda Logo\n\"\/><\/figure>\n<\/div>\n\n\n\n<div class=\"wp-block-column has-contrast-color has-text-color is-layout-flow wp-block-column-is-layout-flow\"><h2 class=\"wp-block-heading\" id=\"inin-group-as\">Inin Group AS<\/h2>\n\n\n<p><strong>Produkt<\/strong>: ShareControl IFRS 16<\/p>\n\n\n\n<p>&#8220;ShareControl IFRS 16 giver os fuld kontrol over alle leasingaftaler og vores forpligtelser&#8221;.<\/p>\n\n\n<div class=\"gb-button-wrapper gb-button-wrapper-4a3f680d\">\n\n<a class=\"gb-button gb-button-fc3d3422\" href=\"https:\/\/sharecontrol.io\/da\/kundehistorier\/inin-group-as\/\"><span class=\"gb-button-text\">L\u00e6s mere her<\/span><span class=\"gb-icon\"><svg viewBox=\"0 0 16 16\" class=\"bi bi-arrow-right-short\" fill=\"currentColor\" height=\"16\" width=\"16\" xmlns=\"https:\/\/www.w3.org\/2000\/svg\">   <path d=\"M4 8a.5.5 0 0 1 .5-.5h5.793L8.146 5.354a.5.5 0 1 1 .708-.708l3 3a.5.5 0 0 1 0 .708l-3 3a.5.5 0 0 1-.708-.708L10.293 8.5H4.5A.5.5 0 0 1 4 8z\" fill-rule=\"evenodd\"><\/path> <\/svg><\/span><\/a>\n\n<\/div><\/div>\n<\/div>\n\n<\/div><\/div><\/div><\/div>\n\n\n\n<div style=\"height:50px\" aria-hidden=\"true\" class=\"wp-block-spacer\"><\/div>\n","protected":false},"excerpt":{"rendered":"<p>Kundehistorier Share Control har siden 2014 leveret l\u00f8sninger til dokument- og aftalestyring inden for forskellige fagomr\u00e5der til erhvervsmarkedet. Vores l\u00f8sninger er udviklet p\u00e5 Microsofts moderne cloudplatform Microsoft 365. Se hvad vores kunder siger om os og vores l\u00f8sninger i vores kundehistorier. Aker Solutions Produkt: ShareControl IFRS 16 &#8220;Share Controls styrke er, at deres IFRS 16-system &#8230; <a title=\"Kundehistorier\" class=\"read-more\" href=\"https:\/\/sharecontrol.io\/da\/kundehistorier\/\" aria-label=\"Read more about Kundehistorier\">L\u00e6s Mere<\/a><\/p>\n","protected":false},"author":5,"featured_media":12005,"parent":0,"menu_order":0,"comment_status":"closed","ping_status":"closed","template":"","meta":{"content-type":"","_uag_custom_page_level_css":"","footnotes":""},"class_list":["post-8811","page","type-page","status-publish","has-post-thumbnail"],"yoast_head":"<!-- This site is optimized with the Yoast SEO plugin v27.2 - https:\/\/yoast.com\/product\/yoast-seo-wordpress\/ -->\n<title>Kundehistorier<\/title>\n<meta name=\"description\" content=\"Share Control kundehistorier | Les hva noen av v\u00e5re kunder forteller om samarbeidet v\u00e5rt og v\u00e5re produkter her.\" \/>\n<meta name=\"robots\" content=\"index, follow, max-snippet:-1, max-image-preview:large, max-video-preview:-1\" \/>\n<link rel=\"canonical\" href=\"https:\/\/sharecontrol.io\/da\/kundehistorier\/\" \/>\n<meta property=\"og:locale\" content=\"da_DK\" \/>\n<meta property=\"og:type\" content=\"article\" \/>\n<meta property=\"og:title\" content=\"Kundehistorier\" \/>\n<meta property=\"og:description\" content=\"Share Control kundehistorier | Les hva noen av v\u00e5re kunder forteller om samarbeidet v\u00e5rt og v\u00e5re produkter her.\" \/>\n<meta property=\"og:url\" content=\"https:\/\/sharecontrol.io\/da\/kundehistorier\/\" \/>\n<meta property=\"og:site_name\" content=\"ShareControl\" \/>\n<meta property=\"article:modified_time\" content=\"2025-01-13T08:30:47+00:00\" \/>\n<meta property=\"og:image\" content=\"https:\/\/sharecontrol.io\/wp-content\/uploads\/2023\/11\/Kundereferanser_Sharecontrol.jpg\" \/>\n\t<meta property=\"og:image:width\" content=\"2400\" \/>\n\t<meta property=\"og:image:height\" content=\"1256\" \/>\n\t<meta property=\"og:image:type\" content=\"image\/jpeg\" \/>\n<meta name=\"twitter:card\" content=\"summary_large_image\" \/>\n<meta name=\"twitter:label1\" content=\"Estimeret l\u00e6setid\" \/>\n\t<meta name=\"twitter:data1\" content=\"2 minutter\" \/>\n<script type=\"application\/ld+json\" class=\"yoast-schema-graph\">{\"@context\":\"https:\/\/schema.org\",\"@graph\":[{\"@type\":\"WebPage\",\"@id\":\"https:\/\/sharecontrol.io\/da\/kundehistorier\/\",\"url\":\"https:\/\/sharecontrol.io\/da\/kundehistorier\/\",\"name\":\"Kundehistorier\",\"isPartOf\":{\"@id\":\"https:\/\/sharecontrol.io\/da\/#website\"},\"primaryImageOfPage\":{\"@id\":\"https:\/\/sharecontrol.io\/da\/kundehistorier\/#primaryimage\"},\"image\":{\"@id\":\"https:\/\/sharecontrol.io\/da\/kundehistorier\/#primaryimage\"},\"thumbnailUrl\":\"https:\/\/sharecontrol.io\/wp-content\/uploads\/2023\/12\/Share_control_customer_stories.jpg\",\"datePublished\":\"2022-06-27T11:58:42+00:00\",\"dateModified\":\"2025-01-13T08:30:47+00:00\",\"description\":\"Share Control kundehistorier | Les hva noen av v\u00e5re kunder forteller om samarbeidet v\u00e5rt og v\u00e5re produkter her.\",\"breadcrumb\":{\"@id\":\"https:\/\/sharecontrol.io\/da\/kundehistorier\/#breadcrumb\"},\"inLanguage\":\"da-DK\",\"potentialAction\":[{\"@type\":\"ReadAction\",\"target\":[\"https:\/\/sharecontrol.io\/da\/kundehistorier\/\"]}]},{\"@type\":\"ImageObject\",\"inLanguage\":\"da-DK\",\"@id\":\"https:\/\/sharecontrol.io\/da\/kundehistorier\/#primaryimage\",\"url\":\"https:\/\/sharecontrol.io\/wp-content\/uploads\/2023\/12\/Share_control_customer_stories.jpg\",\"contentUrl\":\"https:\/\/sharecontrol.io\/wp-content\/uploads\/2023\/12\/Share_control_customer_stories.jpg\",\"width\":800,\"height\":500},{\"@type\":\"BreadcrumbList\",\"@id\":\"https:\/\/sharecontrol.io\/da\/kundehistorier\/#breadcrumb\",\"itemListElement\":[{\"@type\":\"ListItem\",\"position\":1,\"name\":\"Home\",\"item\":\"https:\/\/sharecontrol.io\/da\/\"},{\"@type\":\"ListItem\",\"position\":2,\"name\":\"Kundehistorier\"}]},{\"@type\":\"WebSite\",\"@id\":\"https:\/\/sharecontrol.io\/da\/#website\",\"url\":\"https:\/\/sharecontrol.io\/da\/\",\"name\":\"ShareControl\",\"description\":\"\",\"publisher\":{\"@id\":\"https:\/\/sharecontrol.io\/da\/#organization\"},\"potentialAction\":[{\"@type\":\"SearchAction\",\"target\":{\"@type\":\"EntryPoint\",\"urlTemplate\":\"https:\/\/sharecontrol.io\/da\/?s={search_term_string}\"},\"query-input\":{\"@type\":\"PropertyValueSpecification\",\"valueRequired\":true,\"valueName\":\"search_term_string\"}}],\"inLanguage\":\"da-DK\"},{\"@type\":\"Organization\",\"@id\":\"https:\/\/sharecontrol.io\/da\/#organization\",\"name\":\"ShareControl\",\"url\":\"https:\/\/sharecontrol.io\/da\/\",\"logo\":{\"@type\":\"ImageObject\",\"inLanguage\":\"da-DK\",\"@id\":\"https:\/\/sharecontrol.io\/da\/#\/schema\/logo\/image\/\",\"url\":\"https:\/\/sharecontrol.io\/wp-content\/uploads\/2022\/05\/cropped-logo-sc-default-minified-small.png\",\"contentUrl\":\"https:\/\/sharecontrol.io\/wp-content\/uploads\/2022\/05\/cropped-logo-sc-default-minified-small.png\",\"width\":900,\"height\":200,\"caption\":\"ShareControl\"},\"image\":{\"@id\":\"https:\/\/sharecontrol.io\/da\/#\/schema\/logo\/image\/\"}}]}<\/script>\n<!-- \/ Yoast SEO plugin. -->","yoast_head_json":{"title":"Kundehistorier","description":"Share Control kundehistorier | Les hva noen av v\u00e5re kunder forteller om samarbeidet v\u00e5rt og v\u00e5re produkter her.","robots":{"index":"index","follow":"follow","max-snippet":"max-snippet:-1","max-image-preview":"max-image-preview:large","max-video-preview":"max-video-preview:-1"},"canonical":"https:\/\/sharecontrol.io\/da\/kundehistorier\/","og_locale":"da_DK","og_type":"article","og_title":"Kundehistorier","og_description":"Share Control kundehistorier | Les hva noen av v\u00e5re kunder forteller om samarbeidet v\u00e5rt og v\u00e5re produkter her.","og_url":"https:\/\/sharecontrol.io\/da\/kundehistorier\/","og_site_name":"ShareControl","article_modified_time":"2025-01-13T08:30:47+00:00","og_image":[{"width":2400,"height":1256,"url":"https:\/\/sharecontrol.io\/wp-content\/uploads\/2023\/11\/Kundereferanser_Sharecontrol.jpg","type":"image\/jpeg"}],"twitter_card":"summary_large_image","twitter_misc":{"Estimeret l\u00e6setid":"2 minutter"},"schema":{"@context":"https:\/\/schema.org","@graph":[{"@type":"WebPage","@id":"https:\/\/sharecontrol.io\/da\/kundehistorier\/","url":"https:\/\/sharecontrol.io\/da\/kundehistorier\/","name":"Kundehistorier","isPartOf":{"@id":"https:\/\/sharecontrol.io\/da\/#website"},"primaryImageOfPage":{"@id":"https:\/\/sharecontrol.io\/da\/kundehistorier\/#primaryimage"},"image":{"@id":"https:\/\/sharecontrol.io\/da\/kundehistorier\/#primaryimage"},"thumbnailUrl":"https:\/\/sharecontrol.io\/wp-content\/uploads\/2023\/12\/Share_control_customer_stories.jpg","datePublished":"2022-06-27T11:58:42+00:00","dateModified":"2025-01-13T08:30:47+00:00","description":"Share Control kundehistorier | Les hva noen av v\u00e5re kunder forteller om samarbeidet v\u00e5rt og v\u00e5re produkter her.","breadcrumb":{"@id":"https:\/\/sharecontrol.io\/da\/kundehistorier\/#breadcrumb"},"inLanguage":"da-DK","potentialAction":[{"@type":"ReadAction","target":["https:\/\/sharecontrol.io\/da\/kundehistorier\/"]}]},{"@type":"ImageObject","inLanguage":"da-DK","@id":"https:\/\/sharecontrol.io\/da\/kundehistorier\/#primaryimage","url":"https:\/\/sharecontrol.io\/wp-content\/uploads\/2023\/12\/Share_control_customer_stories.jpg","contentUrl":"https:\/\/sharecontrol.io\/wp-content\/uploads\/2023\/12\/Share_control_customer_stories.jpg","width":800,"height":500},{"@type":"BreadcrumbList","@id":"https:\/\/sharecontrol.io\/da\/kundehistorier\/#breadcrumb","itemListElement":[{"@type":"ListItem","position":1,"name":"Home","item":"https:\/\/sharecontrol.io\/da\/"},{"@type":"ListItem","position":2,"name":"Kundehistorier"}]},{"@type":"WebSite","@id":"https:\/\/sharecontrol.io\/da\/#website","url":"https:\/\/sharecontrol.io\/da\/","name":"ShareControl","description":"","publisher":{"@id":"https:\/\/sharecontrol.io\/da\/#organization"},"potentialAction":[{"@type":"SearchAction","target":{"@type":"EntryPoint","urlTemplate":"https:\/\/sharecontrol.io\/da\/?s={search_term_string}"},"query-input":{"@type":"PropertyValueSpecification","valueRequired":true,"valueName":"search_term_string"}}],"inLanguage":"da-DK"},{"@type":"Organization","@id":"https:\/\/sharecontrol.io\/da\/#organization","name":"ShareControl","url":"https:\/\/sharecontrol.io\/da\/","logo":{"@type":"ImageObject","inLanguage":"da-DK","@id":"https:\/\/sharecontrol.io\/da\/#\/schema\/logo\/image\/","url":"https:\/\/sharecontrol.io\/wp-content\/uploads\/2022\/05\/cropped-logo-sc-default-minified-small.png","contentUrl":"https:\/\/sharecontrol.io\/wp-content\/uploads\/2022\/05\/cropped-logo-sc-default-minified-small.png","width":900,"height":200,"caption":"ShareControl"},"image":{"@id":"https:\/\/sharecontrol.io\/da\/#\/schema\/logo\/image\/"}}]}},"uagb_featured_image_src":{"full":["https:\/\/sharecontrol.io\/wp-content\/uploads\/2023\/12\/Share_control_customer_stories.jpg",800,500,false],"thumbnail":["https:\/\/sharecontrol.io\/wp-content\/uploads\/2023\/12\/Share_control_customer_stories-150x150.jpg",150,150,true],"medium":["https:\/\/sharecontrol.io\/wp-content\/uploads\/2023\/12\/Share_control_customer_stories-300x188.jpg",300,188,true],"medium_large":["https:\/\/sharecontrol.io\/wp-content\/uploads\/2023\/12\/Share_control_customer_stories-768x480.jpg",768,480,true],"large":["https:\/\/sharecontrol.io\/wp-content\/uploads\/2023\/12\/Share_control_customer_stories.jpg",800,500,false],"1536x1536":["https:\/\/sharecontrol.io\/wp-content\/uploads\/2023\/12\/Share_control_customer_stories.jpg",800,500,false],"2048x2048":["https:\/\/sharecontrol.io\/wp-content\/uploads\/2023\/12\/Share_control_customer_stories.jpg",800,500,false]},"uagb_author_info":{"display_name":"Ragnar Bryne","author_link":"https:\/\/sharecontrol.io\/da\/author\/ragnar\/"},"uagb_comment_info":0,"uagb_excerpt":"Kundehistorier Share Control har siden 2014 leveret l\u00f8sninger til dokument- og aftalestyring inden for forskellige fagomr\u00e5der til erhvervsmarkedet. Vores l\u00f8sninger er udviklet p\u00e5 Microsofts moderne cloudplatform Microsoft 365. Se hvad vores kunder siger om os og vores l\u00f8sninger i vores kundehistorier. Aker Solutions Produkt: ShareControl IFRS 16 &#8220;Share Controls styrke er, at deres IFRS 16-system&hellip;","_links":{"self":[{"href":"https:\/\/sharecontrol.io\/da\/wp-json\/wp\/v2\/pages\/8811","targetHints":{"allow":["GET"]}}],"collection":[{"href":"https:\/\/sharecontrol.io\/da\/wp-json\/wp\/v2\/pages"}],"about":[{"href":"https:\/\/sharecontrol.io\/da\/wp-json\/wp\/v2\/types\/page"}],"author":[{"embeddable":true,"href":"https:\/\/sharecontrol.io\/da\/wp-json\/wp\/v2\/users\/5"}],"replies":[{"embeddable":true,"href":"https:\/\/sharecontrol.io\/da\/wp-json\/wp\/v2\/comments?post=8811"}],"version-history":[{"count":14,"href":"https:\/\/sharecontrol.io\/da\/wp-json\/wp\/v2\/pages\/8811\/revisions"}],"predecessor-version":[{"id":15747,"href":"https:\/\/sharecontrol.io\/da\/wp-json\/wp\/v2\/pages\/8811\/revisions\/15747"}],"wp:featuredmedia":[{"embeddable":true,"href":"https:\/\/sharecontrol.io\/da\/wp-json\/wp\/v2\/media\/12005"}],"wp:attachment":[{"href":"https:\/\/sharecontrol.io\/da\/wp-json\/wp\/v2\/media?parent=8811"}],"curies":[{"name":"wp","href":"https:\/\/api.w.org\/{rel}","templated":true}]}}