{"id":9420,"date":"2023-09-11T09:15:32","date_gmt":"2023-09-11T09:15:32","guid":{"rendered":"https:\/\/sharecontrol.io\/download-vejledning-til-haandtering-af-gennemsigtighedsloven\/"},"modified":"2024-08-01T07:27:08","modified_gmt":"2024-08-01T07:27:08","slug":"download-vejledning-til-haandtering-af-gennemsigtighedsloven","status":"publish","type":"page","link":"https:\/\/sharecontrol.io\/da\/download-vejledning-til-haandtering-af-gennemsigtighedsloven\/","title":{"rendered":"Download: Vejledning til h\u00e5ndtering af gennemsigtighedsloven"},"content":{"rendered":"\n<div class=\"wp-block-columns is-layout-flex wp-container-core-columns-is-layout-9d6595d7 wp-block-columns-is-layout-flex\">\n<div class=\"wp-block-column is-layout-flow wp-block-column-is-layout-flow\" style=\"flex-basis:100%\">\n<div class=\"wp-block-uagb-container uagb-block-1b59da5c alignfull uagb-is-root-container\"><div class=\"uagb-container-inner-blocks-wrap\"><h1 class=\"wp-block-heading has-large-font-size\" id=\"download-vejledning-til-haandtering-af-gennemsigtighedsloven\">Download: Vejledning til h\u00e5ndtering af gennemsigtighedsloven<\/h1><\/div><\/div>\n<\/div>\n<\/div>\n\n<div class=\"wp-block-getwid-section alignfull alignfull getwid-margin-top-none getwid-section-content-custom-width\"><div class=\"wp-block-getwid-section__wrapper getwid-padding-left-medium getwid-padding-right-medium\"><div class=\"wp-block-getwid-section__inner-wrapper\" style=\"max-width:1140px\"><div class=\"wp-block-getwid-section__background-holder\"><div class=\"wp-block-getwid-section__background has-background has-base-3-background-color\"><\/div><div class=\"wp-block-getwid-section__foreground\"><\/div><\/div><div class=\"wp-block-getwid-section__content\"><div class=\"wp-block-getwid-section__inner-content\">\n<div class=\"wp-block-columns has-2-columns are-vertically-aligned-center is-layout-flex wp-container-core-columns-is-layout-9d6595d7 wp-block-columns-is-layout-flex\">\n<div class=\"wp-block-column is-vertically-aligned-center uag-hide-tab uag-hide-mob is-layout-flow wp-block-column-is-layout-flow\"><div class=\"wp-block-image size-large\">\n<figure class=\"aligncenter\"><img decoding=\"async\" width=\"1024\" height=\"1024\" src=\"https:\/\/sharecontrol.io\/wp-content\/uploads\/2023\/09\/Apenhetsloven_med_Share_Control_AS-1024x1024.jpg\" alt=\"\" class=\"wp-image-9675\" style=\"object-fit:cover\" srcset=\"https:\/\/sharecontrol.io\/wp-content\/uploads\/2023\/09\/Apenhetsloven_med_Share_Control_AS-1024x1024.jpg 1024w, https:\/\/sharecontrol.io\/wp-content\/uploads\/2023\/09\/Apenhetsloven_med_Share_Control_AS-300x300.jpg 300w, https:\/\/sharecontrol.io\/wp-content\/uploads\/2023\/09\/Apenhetsloven_med_Share_Control_AS-150x150.jpg 150w, https:\/\/sharecontrol.io\/wp-content\/uploads\/2023\/09\/Apenhetsloven_med_Share_Control_AS-768x768.jpg 768w, https:\/\/sharecontrol.io\/wp-content\/uploads\/2023\/09\/Apenhetsloven_med_Share_Control_AS.jpg 1080w\" sizes=\"(max-width: 1024px) 100vw, 1024px\" \/><\/figure>\n<\/div><\/div>\n\n\n\n<div class=\"wp-block-column is-vertically-aligned-center is-layout-flow wp-block-column-is-layout-flow\">\n<div class=\"wp-block-getwid-advanced-heading\" style=\"margin-bottom:0px;margin-top:0px\"><span class=\"wp-block-getwid-advanced-heading__content\">Vejledning til h\u00e5ndtering af <a href=\"https:\/\/sharecontrol.io\/da\/abenhedsloven\/hvad-er-gennemsigtighedsloven-og-hvad-er-din-pligt\/\">gennemsigtighedsloven<\/a><\/span><\/div>\n\n\n<h2 class=\"wp-block-heading\" id=\"dette-er-inkluderet-i-vejledningen\">Dette er inkluderet i vejledningen<\/h2>\n\n\n<p>Share Controls vejledning til gennemsigtighedsloven omhandler de vigtigste punkter i lovgivningen: <a href=\"https:\/\/sharecontrol.io\/da\/abenhedsloven\/due-diligence-vurderinger-efter-gennemsigtighedsloven\/\">due diligence-vurderinger<\/a>, risikovurdering og <a href=\"https:\/\/sharecontrol.io\/da\/abenhedsloven\/indberetning-efter-gennemsigtighedsloven\/\">indberetning efter gennemsigtighedsloven<\/a>. F\u00e5 et dybere indblik i, hvad der kr\u00e6ves, og hvordan du effektivt kan h\u00e5ndtere loven med ShareControl Transparency &#8211; <a href=\"https:\/\/sharecontrol.io\/da\/produkter\/sharecontrol-transparency-software-for-gennemsigtighedsloven\/\">systemet til gennemsigtighedsloven<\/a>.<\/p>\n\n\n\n<div class=\"wp-block-group has-medium-font-size is-nowrap is-layout-flex wp-container-core-group-is-layout-ad2f72ca wp-block-group-is-layout-flex\">\n<div class=\"wp-block-columns is-layout-flex wp-container-core-columns-is-layout-9d6595d7 wp-block-columns-is-layout-flex\">\n<div class=\"wp-block-column is-layout-flow wp-block-column-is-layout-flow\">\n<div class=\"wp-block-uagb-icon-list uagb-block-14299503\"><div class=\"uagb-icon-list__wrap\">\n<div class=\"wp-block-uagb-icon-list-child uagb-block-5bf60347\"><span class=\"uagb-icon-list__source-wrap\"><svg xmlns=\"https:\/\/www.w3.org\/2000\/svg\" viewbox=\"0 0 448 512\"><path d=\"M438.6 105.4C451.1 117.9 451.1 138.1 438.6 150.6L182.6 406.6C170.1 419.1 149.9 419.1 137.4 406.6L9.372 278.6C-3.124 266.1-3.124 245.9 9.372 233.4C21.87 220.9 42.13 220.9 54.63 233.4L159.1 338.7L393.4 105.4C405.9 92.88 426.1 92.88 438.6 105.4H438.6z\"><\/path><\/svg><\/span><span class=\"uagb-icon-list__label\">S\u00e5dan laver du due diligence-vurderinger.<\/span><\/div>\n\n\n\n<div class=\"wp-block-uagb-icon-list-child uagb-block-cb179fef\"><span class=\"uagb-icon-list__source-wrap\"><svg xmlns=\"https:\/\/www.w3.org\/2000\/svg\" viewbox=\"0 0 448 512\"><path d=\"M438.6 105.4C451.1 117.9 451.1 138.1 438.6 150.6L182.6 406.6C170.1 419.1 149.9 419.1 137.4 406.6L9.372 278.6C-3.124 266.1-3.124 245.9 9.372 233.4C21.87 220.9 42.13 220.9 54.63 233.4L159.1 338.7L393.4 105.4C405.9 92.88 426.1 92.88 438.6 105.4H438.6z\"><\/path><\/svg><\/span><span class=\"uagb-icon-list__label\">Skabelon til unders\u00f8gelse og Code of Conduct (etiske retningslinjer).<\/span><\/div>\n\n\n\n<div class=\"wp-block-uagb-icon-list-child uagb-block-bd427e38\"><span class=\"uagb-icon-list__source-wrap\"><svg xmlns=\"https:\/\/www.w3.org\/2000\/svg\" viewbox=\"0 0 448 512\"><path d=\"M438.6 105.4C451.1 117.9 451.1 138.1 438.6 150.6L182.6 406.6C170.1 419.1 149.9 419.1 137.4 406.6L9.372 278.6C-3.124 266.1-3.124 245.9 9.372 233.4C21.87 220.9 42.13 220.9 54.63 233.4L159.1 338.7L393.4 105.4C405.9 92.88 426.1 92.88 438.6 105.4H438.6z\"><\/path><\/svg><\/span><span class=\"uagb-icon-list__label\">S\u00e5dan skriver du den \u00e5rlige rapporteringen.<\/span><\/div>\n<\/div><\/div>\n<\/div>\n<\/div>\n<\/div>\n<\/div>\n<\/div>\n<\/div><\/div><\/div><\/div><\/div>\n\n<div class=\"wp-block-getwid-section alignfull alignfull has-inner-blocks-gap-small getwid-margin-top-none getwid-section-content-custom-width\"><div class=\"wp-block-getwid-section__wrapper getwid-padding-left-medium getwid-padding-right-medium\"><div class=\"wp-block-getwid-section__inner-wrapper\" style=\"max-width:1140px\"><div class=\"wp-block-getwid-section__background-holder\"><div class=\"wp-block-getwid-section__background has-background has-base-2-background-color\"><\/div><div class=\"wp-block-getwid-section__foreground\"><\/div><\/div><div class=\"wp-block-getwid-section__content\"><div class=\"wp-block-getwid-section__inner-content\">\n<div class=\"wp-block-columns has-2-columns are-vertically-aligned-center is-layout-flex wp-container-core-columns-is-layout-9d6595d7 wp-block-columns-is-layout-flex\">\n<div class=\"wp-block-column is-vertically-aligned-center is-layout-flow wp-block-column-is-layout-flow\">\n<div class=\"wp-block-getwid-advanced-heading\" style=\"margin-bottom:0px;margin-top:0px\"><span class=\"wp-block-getwid-advanced-heading__content\">ShareControl <strong>Transparency<\/strong><\/span><\/div>\n\n\n<h2 class=\"wp-block-heading\" id=\"hvad-er-gennemsigtighedsloven\">Hvad er gennemsigtighedsloven?<\/h2>\n\n\n<p style=\"font-size:16px\"><a href=\"https:\/\/lovdata.no\/dokument\/NL\/lov\/2021-06-18-99\">\u00c5benhedsloven<\/a> skal fremme virksomheders respekt for grundl\u00e6ggende menneskerettigheder og anst\u00e6ndige arbejdsforhold i forbindelse med vareproduktion og levering af tjenesteydelser. Loven skal ogs\u00e5 sikre offentligheden adgang til information om, hvordan virksomheder h\u00e5ndterer negative konsekvenser for grundl\u00e6ggende menneskerettigheder og anst\u00e6ndige arbejdsforhold. <\/p>\n\n\n\n<p><a href=\"https:\/\/sharecontrol.io\/produkter\/transparency\/\"><mark style=\"background-color:rgba(0, 0, 0, 0)\" class=\"has-inline-color has-accent-3-color\"><strong>L\u00e6s mere om gennemsigtighedsloven her<\/strong><\/mark><\/a><\/p>\n<\/div>\n\n\n\n<div class=\"wp-block-column is-vertically-aligned-center is-layout-flow wp-block-column-is-layout-flow\"><div class=\"wp-block-image size-large\">\n<figure class=\"aligncenter\"><img decoding=\"async\" width=\"1024\" height=\"1024\" src=\"https:\/\/sharecontrol.io\/wp-content\/uploads\/2023\/09\/Apenhetsloven_Guide-1024x1024.jpg\" alt=\"Vejledning i gennemsigtighedsloven\" class=\"wp-image-9392\" style=\"object-fit:cover\" srcset=\"https:\/\/sharecontrol.io\/wp-content\/uploads\/2023\/09\/Apenhetsloven_Guide-1024x1024.jpg 1024w, https:\/\/sharecontrol.io\/wp-content\/uploads\/2023\/09\/Apenhetsloven_Guide-300x300.jpg 300w, https:\/\/sharecontrol.io\/wp-content\/uploads\/2023\/09\/Apenhetsloven_Guide-150x150.jpg 150w, https:\/\/sharecontrol.io\/wp-content\/uploads\/2023\/09\/Apenhetsloven_Guide-768x768.jpg 768w, https:\/\/sharecontrol.io\/wp-content\/uploads\/2023\/09\/Apenhetsloven_Guide.jpg 1080w\" sizes=\"(max-width: 1024px) 100vw, 1024px\" \/><\/figure>\n<\/div><\/div>\n<\/div>\n<\/div><\/div><\/div><\/div><\/div>\n<div class=\"gb-grid-wrapper gb-grid-wrapper-3b3b82a3\">\n<div class=\"gb-grid-column gb-grid-column-4ea2b59b\"><div class=\"gb-container gb-container-4ea2b59b\"><div class=\"gb-inside-container\">\n<h2 class=\"wp-block-heading\" id=\"download-her\">Download her<\/h2>\n\n\n<p>Udfyld formularen for at downloade.<\/p>\n\n\n\n<script charset=\"utf-8\" type=\"text\/javascript\" src=\"\/\/js-eu1.hsforms.net\/forms\/embed\/v2.js\"><\/script><script>hbspt.forms.create({\n    region: \"eu1\",\n    portalId: \"25744173\",\n    formId: \"90620f55-3170-47d5-8e11-ecd2fbfda117\"\n  });\n<\/script>\n\n<\/div><\/div><\/div>\n\n<div class=\"gb-grid-column gb-grid-column-4173997a\"><div class=\"gb-container gb-container-4173997a\"><div class=\"gb-inside-container\">\n<div class=\"wp-block-image\">\n<figure class=\"aligncenter size-full\"><img decoding=\"async\" width=\"810\" height=\"810\" src=\"https:\/\/sharecontrol.io\/wp-content\/uploads\/2024\/03\/Apenhetsloven_guide_ShareControl.png\" alt=\"Vejledning i gennemsigtighedsloven\" class=\"wp-image-13328\" style=\"object-fit:cover\" srcset=\"https:\/\/sharecontrol.io\/wp-content\/uploads\/2024\/03\/Apenhetsloven_guide_ShareControl.png 810w, https:\/\/sharecontrol.io\/wp-content\/uploads\/2024\/03\/Apenhetsloven_guide_ShareControl-300x300.png 300w, https:\/\/sharecontrol.io\/wp-content\/uploads\/2024\/03\/Apenhetsloven_guide_ShareControl-150x150.png 150w, https:\/\/sharecontrol.io\/wp-content\/uploads\/2024\/03\/Apenhetsloven_guide_ShareControl-768x768.png 768w\" sizes=\"(max-width: 810px) 100vw, 810px\" \/><\/figure>\n<\/div>\n<\/div><\/div><\/div>\n<\/div>","protected":false},"excerpt":{"rendered":"<p>Download: Vejledning til h\u00e5ndtering af gennemsigtighedsloven<\/p>\n","protected":false},"author":5,"featured_media":9393,"parent":0,"menu_order":0,"comment_status":"closed","ping_status":"closed","template":"","meta":{"content-type":"","_uag_custom_page_level_css":"","footnotes":""},"class_list":["post-9420","page","type-page","status-publish","has-post-thumbnail"],"yoast_head":"<!-- This site is optimized with the Yoast SEO plugin v27.2 - https:\/\/yoast.com\/product\/yoast-seo-wordpress\/ -->\n<title>Download: Vejledning til h\u00e5ndtering af gennemsigtighedsloven<\/title>\n<meta name=\"description\" content=\"Ikke sikker p\u00e5, hvordan du h\u00e5ndterer gennemsigtighedsloven? Vi har udviklet en vejledning til at h\u00e5ndtere gennemsigtighedsloven p\u00e5 en effektiv m\u00e5de. Download her!\" \/>\n<meta name=\"robots\" content=\"index, follow, max-snippet:-1, max-image-preview:large, max-video-preview:-1\" \/>\n<link rel=\"canonical\" href=\"https:\/\/sharecontrol.io\/da\/download-vejledning-til-haandtering-af-gennemsigtighedsloven\/\" \/>\n<meta property=\"og:locale\" content=\"da_DK\" \/>\n<meta property=\"og:type\" content=\"article\" \/>\n<meta property=\"og:title\" content=\"Download: Vejledning til h\u00e5ndtering af gennemsigtighedsloven\" \/>\n<meta property=\"og:description\" content=\"Ikke sikker p\u00e5, hvordan du h\u00e5ndterer gennemsigtighedsloven? Vi har udviklet en vejledning til at h\u00e5ndtere gennemsigtighedsloven p\u00e5 en effektiv m\u00e5de. Download her!\" \/>\n<meta property=\"og:url\" content=\"https:\/\/sharecontrol.io\/da\/download-vejledning-til-haandtering-af-gennemsigtighedsloven\/\" \/>\n<meta property=\"og:site_name\" content=\"ShareControl\" \/>\n<meta property=\"article:modified_time\" content=\"2024-08-01T07:27:08+00:00\" \/>\n<meta property=\"og:image\" content=\"https:\/\/sharecontrol.io\/wp-content\/uploads\/2023\/09\/Apenhetsloven_Guide.jpg\" \/>\n\t<meta property=\"og:image:width\" content=\"1080\" \/>\n\t<meta property=\"og:image:height\" content=\"1080\" \/>\n\t<meta property=\"og:image:type\" content=\"image\/jpeg\" \/>\n<meta name=\"twitter:card\" content=\"summary_large_image\" \/>\n<meta name=\"twitter:label1\" content=\"Estimeret l\u00e6setid\" \/>\n\t<meta name=\"twitter:data1\" content=\"1 minut\" \/>\n<script type=\"application\/ld+json\" class=\"yoast-schema-graph\">{\"@context\":\"https:\/\/schema.org\",\"@graph\":[{\"@type\":\"WebPage\",\"@id\":\"https:\/\/sharecontrol.io\/da\/download-vejledning-til-haandtering-af-gennemsigtighedsloven\/\",\"url\":\"https:\/\/sharecontrol.io\/da\/download-vejledning-til-haandtering-af-gennemsigtighedsloven\/\",\"name\":\"Download: Vejledning til h\u00e5ndtering af gennemsigtighedsloven\",\"isPartOf\":{\"@id\":\"https:\/\/sharecontrol.io\/da\/#website\"},\"primaryImageOfPage\":{\"@id\":\"https:\/\/sharecontrol.io\/da\/download-vejledning-til-haandtering-af-gennemsigtighedsloven\/#primaryimage\"},\"image\":{\"@id\":\"https:\/\/sharecontrol.io\/da\/download-vejledning-til-haandtering-af-gennemsigtighedsloven\/#primaryimage\"},\"thumbnailUrl\":\"https:\/\/sharecontrol.io\/wp-content\/uploads\/2023\/09\/Apenhetsloven_Guide.jpg\",\"datePublished\":\"2023-09-11T09:15:32+00:00\",\"dateModified\":\"2024-08-01T07:27:08+00:00\",\"description\":\"Ikke sikker p\u00e5, hvordan du h\u00e5ndterer gennemsigtighedsloven? Vi har udviklet en vejledning til at h\u00e5ndtere gennemsigtighedsloven p\u00e5 en effektiv m\u00e5de. Download her!\",\"breadcrumb\":{\"@id\":\"https:\/\/sharecontrol.io\/da\/download-vejledning-til-haandtering-af-gennemsigtighedsloven\/#breadcrumb\"},\"inLanguage\":\"da-DK\",\"potentialAction\":[{\"@type\":\"ReadAction\",\"target\":[\"https:\/\/sharecontrol.io\/da\/download-vejledning-til-haandtering-af-gennemsigtighedsloven\/\"]}]},{\"@type\":\"ImageObject\",\"inLanguage\":\"da-DK\",\"@id\":\"https:\/\/sharecontrol.io\/da\/download-vejledning-til-haandtering-af-gennemsigtighedsloven\/#primaryimage\",\"url\":\"https:\/\/sharecontrol.io\/wp-content\/uploads\/2023\/09\/Apenhetsloven_Guide.jpg\",\"contentUrl\":\"https:\/\/sharecontrol.io\/wp-content\/uploads\/2023\/09\/Apenhetsloven_Guide.jpg\",\"width\":1080,\"height\":1080,\"caption\":\"Last ned Share Controls guide for h\u00e5ndtering av \u00e5penehtsloven her.\"},{\"@type\":\"BreadcrumbList\",\"@id\":\"https:\/\/sharecontrol.io\/da\/download-vejledning-til-haandtering-af-gennemsigtighedsloven\/#breadcrumb\",\"itemListElement\":[{\"@type\":\"ListItem\",\"position\":1,\"name\":\"Home\",\"item\":\"https:\/\/sharecontrol.io\/da\/\"},{\"@type\":\"ListItem\",\"position\":2,\"name\":\"Download: Vejledning til h\u00e5ndtering af gennemsigtighedsloven\"}]},{\"@type\":\"WebSite\",\"@id\":\"https:\/\/sharecontrol.io\/da\/#website\",\"url\":\"https:\/\/sharecontrol.io\/da\/\",\"name\":\"ShareControl\",\"description\":\"\",\"publisher\":{\"@id\":\"https:\/\/sharecontrol.io\/da\/#organization\"},\"potentialAction\":[{\"@type\":\"SearchAction\",\"target\":{\"@type\":\"EntryPoint\",\"urlTemplate\":\"https:\/\/sharecontrol.io\/da\/?s={search_term_string}\"},\"query-input\":{\"@type\":\"PropertyValueSpecification\",\"valueRequired\":true,\"valueName\":\"search_term_string\"}}],\"inLanguage\":\"da-DK\"},{\"@type\":\"Organization\",\"@id\":\"https:\/\/sharecontrol.io\/da\/#organization\",\"name\":\"ShareControl\",\"url\":\"https:\/\/sharecontrol.io\/da\/\",\"logo\":{\"@type\":\"ImageObject\",\"inLanguage\":\"da-DK\",\"@id\":\"https:\/\/sharecontrol.io\/da\/#\/schema\/logo\/image\/\",\"url\":\"https:\/\/sharecontrol.io\/wp-content\/uploads\/2022\/05\/cropped-logo-sc-default-minified-small.png\",\"contentUrl\":\"https:\/\/sharecontrol.io\/wp-content\/uploads\/2022\/05\/cropped-logo-sc-default-minified-small.png\",\"width\":900,\"height\":200,\"caption\":\"ShareControl\"},\"image\":{\"@id\":\"https:\/\/sharecontrol.io\/da\/#\/schema\/logo\/image\/\"}}]}<\/script>\n<!-- \/ Yoast SEO plugin. -->","yoast_head_json":{"title":"Download: Vejledning til h\u00e5ndtering af gennemsigtighedsloven","description":"Ikke sikker p\u00e5, hvordan du h\u00e5ndterer gennemsigtighedsloven? Vi har udviklet en vejledning til at h\u00e5ndtere gennemsigtighedsloven p\u00e5 en effektiv m\u00e5de. Download her!","robots":{"index":"index","follow":"follow","max-snippet":"max-snippet:-1","max-image-preview":"max-image-preview:large","max-video-preview":"max-video-preview:-1"},"canonical":"https:\/\/sharecontrol.io\/da\/download-vejledning-til-haandtering-af-gennemsigtighedsloven\/","og_locale":"da_DK","og_type":"article","og_title":"Download: Vejledning til h\u00e5ndtering af gennemsigtighedsloven","og_description":"Ikke sikker p\u00e5, hvordan du h\u00e5ndterer gennemsigtighedsloven? Vi har udviklet en vejledning til at h\u00e5ndtere gennemsigtighedsloven p\u00e5 en effektiv m\u00e5de. Download her!","og_url":"https:\/\/sharecontrol.io\/da\/download-vejledning-til-haandtering-af-gennemsigtighedsloven\/","og_site_name":"ShareControl","article_modified_time":"2024-08-01T07:27:08+00:00","og_image":[{"width":1080,"height":1080,"url":"https:\/\/sharecontrol.io\/wp-content\/uploads\/2023\/09\/Apenhetsloven_Guide.jpg","type":"image\/jpeg"}],"twitter_card":"summary_large_image","twitter_misc":{"Estimeret l\u00e6setid":"1 minut"},"schema":{"@context":"https:\/\/schema.org","@graph":[{"@type":"WebPage","@id":"https:\/\/sharecontrol.io\/da\/download-vejledning-til-haandtering-af-gennemsigtighedsloven\/","url":"https:\/\/sharecontrol.io\/da\/download-vejledning-til-haandtering-af-gennemsigtighedsloven\/","name":"Download: Vejledning til h\u00e5ndtering af gennemsigtighedsloven","isPartOf":{"@id":"https:\/\/sharecontrol.io\/da\/#website"},"primaryImageOfPage":{"@id":"https:\/\/sharecontrol.io\/da\/download-vejledning-til-haandtering-af-gennemsigtighedsloven\/#primaryimage"},"image":{"@id":"https:\/\/sharecontrol.io\/da\/download-vejledning-til-haandtering-af-gennemsigtighedsloven\/#primaryimage"},"thumbnailUrl":"https:\/\/sharecontrol.io\/wp-content\/uploads\/2023\/09\/Apenhetsloven_Guide.jpg","datePublished":"2023-09-11T09:15:32+00:00","dateModified":"2024-08-01T07:27:08+00:00","description":"Ikke sikker p\u00e5, hvordan du h\u00e5ndterer gennemsigtighedsloven? Vi har udviklet en vejledning til at h\u00e5ndtere gennemsigtighedsloven p\u00e5 en effektiv m\u00e5de. Download her!","breadcrumb":{"@id":"https:\/\/sharecontrol.io\/da\/download-vejledning-til-haandtering-af-gennemsigtighedsloven\/#breadcrumb"},"inLanguage":"da-DK","potentialAction":[{"@type":"ReadAction","target":["https:\/\/sharecontrol.io\/da\/download-vejledning-til-haandtering-af-gennemsigtighedsloven\/"]}]},{"@type":"ImageObject","inLanguage":"da-DK","@id":"https:\/\/sharecontrol.io\/da\/download-vejledning-til-haandtering-af-gennemsigtighedsloven\/#primaryimage","url":"https:\/\/sharecontrol.io\/wp-content\/uploads\/2023\/09\/Apenhetsloven_Guide.jpg","contentUrl":"https:\/\/sharecontrol.io\/wp-content\/uploads\/2023\/09\/Apenhetsloven_Guide.jpg","width":1080,"height":1080,"caption":"Last ned Share Controls guide for h\u00e5ndtering av \u00e5penehtsloven her."},{"@type":"BreadcrumbList","@id":"https:\/\/sharecontrol.io\/da\/download-vejledning-til-haandtering-af-gennemsigtighedsloven\/#breadcrumb","itemListElement":[{"@type":"ListItem","position":1,"name":"Home","item":"https:\/\/sharecontrol.io\/da\/"},{"@type":"ListItem","position":2,"name":"Download: Vejledning til h\u00e5ndtering af gennemsigtighedsloven"}]},{"@type":"WebSite","@id":"https:\/\/sharecontrol.io\/da\/#website","url":"https:\/\/sharecontrol.io\/da\/","name":"ShareControl","description":"","publisher":{"@id":"https:\/\/sharecontrol.io\/da\/#organization"},"potentialAction":[{"@type":"SearchAction","target":{"@type":"EntryPoint","urlTemplate":"https:\/\/sharecontrol.io\/da\/?s={search_term_string}"},"query-input":{"@type":"PropertyValueSpecification","valueRequired":true,"valueName":"search_term_string"}}],"inLanguage":"da-DK"},{"@type":"Organization","@id":"https:\/\/sharecontrol.io\/da\/#organization","name":"ShareControl","url":"https:\/\/sharecontrol.io\/da\/","logo":{"@type":"ImageObject","inLanguage":"da-DK","@id":"https:\/\/sharecontrol.io\/da\/#\/schema\/logo\/image\/","url":"https:\/\/sharecontrol.io\/wp-content\/uploads\/2022\/05\/cropped-logo-sc-default-minified-small.png","contentUrl":"https:\/\/sharecontrol.io\/wp-content\/uploads\/2022\/05\/cropped-logo-sc-default-minified-small.png","width":900,"height":200,"caption":"ShareControl"},"image":{"@id":"https:\/\/sharecontrol.io\/da\/#\/schema\/logo\/image\/"}}]}},"uagb_featured_image_src":{"full":["https:\/\/sharecontrol.io\/wp-content\/uploads\/2023\/09\/Apenhetsloven_Guide.jpg",1080,1080,false],"thumbnail":["https:\/\/sharecontrol.io\/wp-content\/uploads\/2023\/09\/Apenhetsloven_Guide-150x150.jpg",150,150,true],"medium":["https:\/\/sharecontrol.io\/wp-content\/uploads\/2023\/09\/Apenhetsloven_Guide-300x300.jpg",300,300,true],"medium_large":["https:\/\/sharecontrol.io\/wp-content\/uploads\/2023\/09\/Apenhetsloven_Guide-768x768.jpg",768,768,true],"large":["https:\/\/sharecontrol.io\/wp-content\/uploads\/2023\/09\/Apenhetsloven_Guide-1024x1024.jpg",1024,1024,true],"1536x1536":["https:\/\/sharecontrol.io\/wp-content\/uploads\/2023\/09\/Apenhetsloven_Guide.jpg",1080,1080,false],"2048x2048":["https:\/\/sharecontrol.io\/wp-content\/uploads\/2023\/09\/Apenhetsloven_Guide.jpg",1080,1080,false]},"uagb_author_info":{"display_name":"Ragnar Bryne","author_link":"https:\/\/sharecontrol.io\/da\/author\/ragnar\/"},"uagb_comment_info":0,"uagb_excerpt":"Download: Vejledning til h\u00e5ndtering af gennemsigtighedsloven","_links":{"self":[{"href":"https:\/\/sharecontrol.io\/da\/wp-json\/wp\/v2\/pages\/9420","targetHints":{"allow":["GET"]}}],"collection":[{"href":"https:\/\/sharecontrol.io\/da\/wp-json\/wp\/v2\/pages"}],"about":[{"href":"https:\/\/sharecontrol.io\/da\/wp-json\/wp\/v2\/types\/page"}],"author":[{"embeddable":true,"href":"https:\/\/sharecontrol.io\/da\/wp-json\/wp\/v2\/users\/5"}],"replies":[{"embeddable":true,"href":"https:\/\/sharecontrol.io\/da\/wp-json\/wp\/v2\/comments?post=9420"}],"version-history":[{"count":13,"href":"https:\/\/sharecontrol.io\/da\/wp-json\/wp\/v2\/pages\/9420\/revisions"}],"predecessor-version":[{"id":14093,"href":"https:\/\/sharecontrol.io\/da\/wp-json\/wp\/v2\/pages\/9420\/revisions\/14093"}],"wp:featuredmedia":[{"embeddable":true,"href":"https:\/\/sharecontrol.io\/da\/wp-json\/wp\/v2\/media\/9393"}],"wp:attachment":[{"href":"https:\/\/sharecontrol.io\/da\/wp-json\/wp\/v2\/media?parent=9420"}],"curies":[{"name":"wp","href":"https:\/\/api.w.org\/{rel}","templated":true}]}}