{"id":8001,"date":"2022-06-27T12:12:53","date_gmt":"2022-06-27T12:12:53","guid":{"rendered":"https:\/\/sharecontrol.io\/customer-stories\/frosunda\/"},"modified":"2025-01-13T07:55:21","modified_gmt":"2025-01-13T07:55:21","slug":"frosunda","status":"publish","type":"page","link":"https:\/\/sharecontrol.io\/en\/customer-stories\/frosunda\/","title":{"rendered":"Fr\u00f6sunda"},"content":{"rendered":"<div class=\"gb-container gb-container-84599a7f\">\n<h1 class=\"wp-block-heading\" id=\"frosunda\">Fr\u00f6sunda<\/h1>\n\n\n<p>Fr\u00f6sunda is one of Sweden&#8217;s leading players in care. With a strong commitment, the right support and help, they make a big difference to the people who need it most. The company&#8217;s areas of activity are personal assistance and care.<\/p>\n\n\n<p class=\"gb-headline gb-headline-0e6351cf\"><span class=\"gb-icon\"><svg xmlns=\"http:\/\/www.w3.org\/2000\/svg\" viewbox=\"0 0 256 512\" width=\"1em\" height=\"1em\" aria-hidden=\"true\"><path d=\"M224.3 273l-136 136c-9.4 9.4-24.6 9.4-33.9 0l-22.6-22.6c-9.4-9.4-9.4-24.6 0-33.9l96.4-96.4-96.4-96.4c-9.4-9.4-9.4-24.6 0-33.9L54.3 103c9.4-9.4 24.6-9.4 33.9 0l136 136c9.5 9.4 9.5 24.6.1 34z\" fill=\"currentColor\"><\/path><\/svg><\/span><span class=\"gb-headline-text\"><strong>Product: <a href=\"https:\/\/sharecontrol.io\/en\/products\/ifrs-16-system\/\">ShareControl IFRS 16<\/a><\/strong><\/span><\/p>\n\n<p class=\"gb-headline gb-headline-2fae2ef4\"><span class=\"gb-icon\"><svg xmlns=\"http:\/\/www.w3.org\/2000\/svg\" viewbox=\"0 0 256 512\" width=\"1em\" height=\"1em\" aria-hidden=\"true\"><path d=\"M224.3 273l-136 136c-9.4 9.4-24.6 9.4-33.9 0l-22.6-22.6c-9.4-9.4-9.4-24.6 0-33.9l96.4-96.4-96.4-96.4c-9.4-9.4-9.4-24.6 0-33.9L54.3 103c9.4-9.4 24.6-9.4 33.9 0l136 136c9.5 9.4 9.5 24.6.1 34z\" fill=\"currentColor\"><\/path><\/svg><\/span><span class=\"gb-headline-text\"><strong>Number of employees: 6 000<\/strong><\/span><\/p>\n<\/div>\n<div class=\"wp-block-getwid-section alignfull alignfull getwid-section-content-custom-width\"><div class=\"wp-block-getwid-section__wrapper getwid-padding-top-large getwid-padding-bottom-large getwid-padding-left-medium getwid-padding-right-medium\" style=\"min-height:200px\"><div class=\"wp-block-getwid-section__inner-wrapper\" style=\"max-width:1140px\"><div class=\"wp-block-getwid-section__background-holder\"><div class=\"wp-block-getwid-section__background\" style=\"background-image:url('https:\/\/sharecontrol.io\/wp-content\/uploads\/2023\/09\/ShareControl-IFRS-16.jpg')\"><div class=\"wp-block-getwid-section__background-image-wrapper\"><img decoding=\"async\" class=\"wp-block-getwid-section__background-image\" src=\"https:\/\/sharecontrol.io\/wp-content\/uploads\/2023\/09\/ShareControl-IFRS-16.jpg\" alt=\"ShareControl IFRS 16 dashboard.\"\/><\/div><\/div><div class=\"wp-block-getwid-section__foreground\" style=\"opacity:0.7;background-color:#000000\"><\/div><\/div><div class=\"wp-block-getwid-section__content\"><div class=\"wp-block-getwid-section__inner-content\">\n<blockquote class=\"wp-block-quote has-base-3-color has-text-color is-layout-flow wp-block-quote-is-layout-flow\">\n<p class=\"has-base-3-color has-text-color\"><em>&#8220;It is noticeable that Share Control&#8217;s IFRS 16 solution was developed by auditors who have thought about the Audit trail&#8221;.<\/em><\/p>\n<cite><em>\u2013 <\/em><strong>Elisabeth Croce<\/strong>, responsible for internal audit and Business Controller<\/cite><\/blockquote>\n<\/div><\/div><\/div><\/div><\/div>\n\n<div class=\"wp-block-getwid-section alignfull alignfull getwid-margin-top-medium\"><div class=\"wp-block-getwid-section__wrapper\"><div class=\"wp-block-getwid-section__inner-wrapper\"><div class=\"wp-block-getwid-section__background-holder\"><div class=\"wp-block-getwid-section__background\"><\/div><div class=\"wp-block-getwid-section__foreground\"><\/div><\/div><div class=\"wp-block-getwid-section__content\"><div class=\"wp-block-getwid-section__inner-content\"><h3 class=\"wp-block-heading\" id=\"what-have-we-done-together\">What have we done together?<\/h3>\n\n\n<p>We have laid the foundations for <a href=\"https:\/\/sharecontrol.io\/en\/ifrs-16-en\/what-is-ifrs-16\/#verktoy-for-handtering-av-ifrs-16\">IFRS 16 handling<\/a> and mapped all important agreements and added them to the system solution. Administration, handling and flagging of agreements. With the ShareControl <a href=\"https:\/\/sharecontrol.io\/en\/products\/ifrs-16-system\/\">IFRS 16 system<\/a>, we ensure control and reliability in the accounts. Since Fr\u00f6sunda Omsorg is listed on <a href=\"https:\/\/www.nasdaq.com\" target=\"_blank\" rel=\"noreferrer noopener\">Nasdaq<\/a>, the figures must be completely correct at all times.<\/p>\n\n\n\n<p>Share Control has always been extremely customer-focused and has helped with questions, says Elisabeth Croce, responsible for accounting and business controls, Fr\u00f6sunda Care.<\/p>\n\n\n<h3 class=\"wp-block-heading\" id=\"how-did-you-become-a-customer-of-share-control\">How did you become a customer of Share Control?<\/h3>\n\n\n<p>Since Fr\u00f6sunda Omsorg was <a href=\"https:\/\/www.dn.no\/helse\/frosunda-omsorg\/kristian-adolfsen\/roger-adolfsen\/milliardkjop-pa-fjerde-forsok\/2-1-292640\" target=\"_blank\" rel=\"noreferrer noopener\">acquired by Norlandia Health Care<\/a>, through the group we gained access to Share Control&#8217;s solution for IFRS 16 and contract management.<\/p>\n\n\n<h3 class=\"wp-block-heading\" id=\"in-what-way-do-we-deliver-value-to-you\">In what way do we deliver value to you?<\/h3>\n\n\n<blockquote class=\"wp-block-quote is-layout-flow wp-block-quote-is-layout-flow\">\n<p>You have to dare to go inside and look at the system to understand the logic. Then you get a greater understanding and an exercise you should do to see that it is correct. Then you know that it is right for the auditors and you pass the inspection in a safer and more secure way.<\/p>\n<cite><strong>Elisabeth Croce<\/strong>, Business Controller<\/cite><\/blockquote>\n\n\n<h3 class=\"wp-block-heading\" id=\"what-must-we-do-to-continue-the-collaboration\">What must we do to continue the collaboration?<\/h3>\n\n\n<p>Share Control must continue to be customer-focused and make use of the expertise they possess. They must also continue to develop the <a href=\"https:\/\/sharecontrol.io\/en\/products\/ifrs-16-system\/\">IFRS 16 system<\/a> and I look forward to even better instructions for use. In the long term, I would like to see a user group started where we have a forum to exchange experiences and problems, says Elisabeth in conclusion.<\/p>\n<\/div><\/div><\/div><\/div><\/div>\n\n<div class=\"wp-block-uagb-image uagb-block-15db043d wp-block-uagb-image--layout-default wp-block-uagb-image--effect-static wp-block-uagb-image--align-none\"><figure class=\"wp-block-uagb-image__figure\"><img decoding=\"async\" srcset=\"https:\/\/sharecontrol.io\/wp-content\/uploads\/2023\/10\/Frosunda_Share-Control-1024x536.jpg ,https:\/\/sharecontrol.io\/wp-content\/uploads\/2023\/10\/Frosunda_Share-Control.jpg 780w, https:\/\/sharecontrol.io\/wp-content\/uploads\/2023\/10\/Frosunda_Share-Control.jpg 360w\" sizes=\"auto, (max-width: 480px) 150px\" src=\"https:\/\/sharecontrol.io\/wp-content\/uploads\/2023\/10\/Frosunda_Share-Control-1024x536.jpg\" alt=\"Fr\u00f6sunda Logo\" class=\"uag-image-10247\" width=\"1024\" height=\"536\" title=\"\" loading=\"lazy\" role=\"img\"><\/figure><\/div>\n\n<div class=\"wp-block-uagb-container uagb-block-88ae35f9 alignfull uagb-is-root-container\"><div class=\"uagb-container-inner-blocks-wrap\">\n<div style=\"height:20px\" aria-hidden=\"true\" class=\"wp-block-spacer\"><\/div>\n\n\n<h2 class=\"wp-block-heading has-text-align-center\" id=\"contact-us\">Contact Us<\/h2>\n\n\n<p>Do you have questions about our products or are you wondering how we can help you manage your leases?\nGet in touch with us via the form below. <\/p>\n\n\n\n<script charset=\"utf-8\" type=\"text\/javascript\" src=\"\/\/js-eu1.hsforms.net\/forms\/embed\/v2.js\"><\/script><script>hbspt.forms.create({\n    region: \"eu1\",\n    portalId: \"25744173\",\n    formId: \"1e0baa63-d039-41cc-b4f1-90f26f7d181a\"\n  });\n<\/script>\n<\/div><\/div>\n","protected":false},"excerpt":{"rendered":"<p>Fr\u00f6sunda Fr\u00f6sunda is one of Sweden&#8217;s leading players in care. With a strong commitment, the right support and help, they make a big difference to the people who need it most. The company&#8217;s areas of activity are personal assistance and care. Product: ShareControl IFRS 16 Number of employees: 6 000 Contact Us Do you have &#8230; <a title=\"Fr\u00f6sunda\" class=\"read-more\" href=\"https:\/\/sharecontrol.io\/en\/customer-stories\/frosunda\/\" aria-label=\"Read more about Fr\u00f6sunda\">Read more<\/a><\/p>\n","protected":false},"author":5,"featured_media":10249,"parent":7995,"menu_order":0,"comment_status":"closed","ping_status":"closed","template":"","meta":{"content-type":"","_uag_custom_page_level_css":"","footnotes":""},"class_list":["post-8001","page","type-page","status-publish","has-post-thumbnail"],"yoast_head":"<!-- This site is optimized with the Yoast SEO plugin v27.2 - https:\/\/yoast.com\/product\/yoast-seo-wordpress\/ -->\n<title>Fr\u00f6sunda<\/title>\n<meta name=\"description\" content=\"With the help of ShareControl IFRS 16, Fr\u00f6sunda has got its leasing accounts in order. Read more about our collaboration here.\" \/>\n<meta name=\"robots\" content=\"index, follow, max-snippet:-1, max-image-preview:large, max-video-preview:-1\" \/>\n<link rel=\"canonical\" href=\"https:\/\/sharecontrol.io\/en\/customer-stories\/frosunda\/\" \/>\n<meta property=\"og:locale\" content=\"en_US\" \/>\n<meta property=\"og:type\" content=\"article\" \/>\n<meta property=\"og:title\" content=\"Fr\u00f6sunda\" \/>\n<meta property=\"og:description\" content=\"With the help of ShareControl IFRS 16, Fr\u00f6sunda has got its leasing accounts in order. Read more about our collaboration here.\" \/>\n<meta property=\"og:url\" content=\"https:\/\/sharecontrol.io\/en\/customer-stories\/frosunda\/\" \/>\n<meta property=\"og:site_name\" content=\"ShareControl\" \/>\n<meta property=\"article:modified_time\" content=\"2025-01-13T07:55:21+00:00\" \/>\n<meta property=\"og:image\" content=\"https:\/\/sharecontrol.io\/wp-content\/uploads\/2023\/10\/Frosunda_Share-Control.jpg\" \/>\n\t<meta property=\"og:image:width\" content=\"2400\" \/>\n\t<meta property=\"og:image:height\" content=\"1256\" \/>\n\t<meta property=\"og:image:type\" content=\"image\/jpeg\" \/>\n<meta name=\"twitter:card\" content=\"summary_large_image\" \/>\n<meta name=\"twitter:label1\" content=\"Est. reading time\" \/>\n\t<meta name=\"twitter:data1\" content=\"2 minutes\" \/>\n<script type=\"application\/ld+json\" class=\"yoast-schema-graph\">{\"@context\":\"https:\/\/schema.org\",\"@graph\":[{\"@type\":\"WebPage\",\"@id\":\"https:\/\/sharecontrol.io\/en\/customer-stories\/frosunda\/\",\"url\":\"https:\/\/sharecontrol.io\/en\/customer-stories\/frosunda\/\",\"name\":\"Fr\u00f6sunda\",\"isPartOf\":{\"@id\":\"https:\/\/sharecontrol.io\/en\/#website\"},\"primaryImageOfPage\":{\"@id\":\"https:\/\/sharecontrol.io\/en\/customer-stories\/frosunda\/#primaryimage\"},\"image\":{\"@id\":\"https:\/\/sharecontrol.io\/en\/customer-stories\/frosunda\/#primaryimage\"},\"thumbnailUrl\":\"https:\/\/sharecontrol.io\/wp-content\/uploads\/2023\/10\/Frosunda_Share-Control.jpg\",\"datePublished\":\"2022-06-27T12:12:53+00:00\",\"dateModified\":\"2025-01-13T07:55:21+00:00\",\"description\":\"With the help of ShareControl IFRS 16, Fr\u00f6sunda has got its leasing accounts in order. Read more about our collaboration here.\",\"breadcrumb\":{\"@id\":\"https:\/\/sharecontrol.io\/en\/customer-stories\/frosunda\/#breadcrumb\"},\"inLanguage\":\"en-US\",\"potentialAction\":[{\"@type\":\"ReadAction\",\"target\":[\"https:\/\/sharecontrol.io\/en\/customer-stories\/frosunda\/\"]}]},{\"@type\":\"ImageObject\",\"inLanguage\":\"en-US\",\"@id\":\"https:\/\/sharecontrol.io\/en\/customer-stories\/frosunda\/#primaryimage\",\"url\":\"https:\/\/sharecontrol.io\/wp-content\/uploads\/2023\/10\/Frosunda_Share-Control.jpg\",\"contentUrl\":\"https:\/\/sharecontrol.io\/wp-content\/uploads\/2023\/10\/Frosunda_Share-Control.jpg\",\"width\":2400,\"height\":1256,\"caption\":\"Fr\u00f6sunda har f\u00e5tt kontroll p\u00e5 regnskapet av leasingavtalene sine med ShareControl IFRS 16.\"},{\"@type\":\"BreadcrumbList\",\"@id\":\"https:\/\/sharecontrol.io\/en\/customer-stories\/frosunda\/#breadcrumb\",\"itemListElement\":[{\"@type\":\"ListItem\",\"position\":1,\"name\":\"Home\",\"item\":\"https:\/\/sharecontrol.io\/en\/\"},{\"@type\":\"ListItem\",\"position\":2,\"name\":\"Customer stories\",\"item\":\"https:\/\/sharecontrol.io\/en\/customer-stories\/\"},{\"@type\":\"ListItem\",\"position\":3,\"name\":\"Fr\u00f6sunda\"}]},{\"@type\":\"WebSite\",\"@id\":\"https:\/\/sharecontrol.io\/en\/#website\",\"url\":\"https:\/\/sharecontrol.io\/en\/\",\"name\":\"ShareControl\",\"description\":\"\",\"publisher\":{\"@id\":\"https:\/\/sharecontrol.io\/en\/#organization\"},\"potentialAction\":[{\"@type\":\"SearchAction\",\"target\":{\"@type\":\"EntryPoint\",\"urlTemplate\":\"https:\/\/sharecontrol.io\/en\/?s={search_term_string}\"},\"query-input\":{\"@type\":\"PropertyValueSpecification\",\"valueRequired\":true,\"valueName\":\"search_term_string\"}}],\"inLanguage\":\"en-US\"},{\"@type\":\"Organization\",\"@id\":\"https:\/\/sharecontrol.io\/en\/#organization\",\"name\":\"ShareControl\",\"url\":\"https:\/\/sharecontrol.io\/en\/\",\"logo\":{\"@type\":\"ImageObject\",\"inLanguage\":\"en-US\",\"@id\":\"https:\/\/sharecontrol.io\/en\/#\/schema\/logo\/image\/\",\"url\":\"https:\/\/sharecontrol.io\/wp-content\/uploads\/2022\/05\/cropped-logo-sc-default-minified-small.png\",\"contentUrl\":\"https:\/\/sharecontrol.io\/wp-content\/uploads\/2022\/05\/cropped-logo-sc-default-minified-small.png\",\"width\":900,\"height\":200,\"caption\":\"ShareControl\"},\"image\":{\"@id\":\"https:\/\/sharecontrol.io\/en\/#\/schema\/logo\/image\/\"}}]}<\/script>\n<!-- \/ Yoast SEO plugin. -->","yoast_head_json":{"title":"Fr\u00f6sunda","description":"With the help of ShareControl IFRS 16, Fr\u00f6sunda has got its leasing accounts in order. Read more about our collaboration here.","robots":{"index":"index","follow":"follow","max-snippet":"max-snippet:-1","max-image-preview":"max-image-preview:large","max-video-preview":"max-video-preview:-1"},"canonical":"https:\/\/sharecontrol.io\/en\/customer-stories\/frosunda\/","og_locale":"en_US","og_type":"article","og_title":"Fr\u00f6sunda","og_description":"With the help of ShareControl IFRS 16, Fr\u00f6sunda has got its leasing accounts in order. Read more about our collaboration here.","og_url":"https:\/\/sharecontrol.io\/en\/customer-stories\/frosunda\/","og_site_name":"ShareControl","article_modified_time":"2025-01-13T07:55:21+00:00","og_image":[{"width":2400,"height":1256,"url":"https:\/\/sharecontrol.io\/wp-content\/uploads\/2023\/10\/Frosunda_Share-Control.jpg","type":"image\/jpeg"}],"twitter_card":"summary_large_image","twitter_misc":{"Est. reading time":"2 minutes"},"schema":{"@context":"https:\/\/schema.org","@graph":[{"@type":"WebPage","@id":"https:\/\/sharecontrol.io\/en\/customer-stories\/frosunda\/","url":"https:\/\/sharecontrol.io\/en\/customer-stories\/frosunda\/","name":"Fr\u00f6sunda","isPartOf":{"@id":"https:\/\/sharecontrol.io\/en\/#website"},"primaryImageOfPage":{"@id":"https:\/\/sharecontrol.io\/en\/customer-stories\/frosunda\/#primaryimage"},"image":{"@id":"https:\/\/sharecontrol.io\/en\/customer-stories\/frosunda\/#primaryimage"},"thumbnailUrl":"https:\/\/sharecontrol.io\/wp-content\/uploads\/2023\/10\/Frosunda_Share-Control.jpg","datePublished":"2022-06-27T12:12:53+00:00","dateModified":"2025-01-13T07:55:21+00:00","description":"With the help of ShareControl IFRS 16, Fr\u00f6sunda has got its leasing accounts in order. Read more about our collaboration here.","breadcrumb":{"@id":"https:\/\/sharecontrol.io\/en\/customer-stories\/frosunda\/#breadcrumb"},"inLanguage":"en-US","potentialAction":[{"@type":"ReadAction","target":["https:\/\/sharecontrol.io\/en\/customer-stories\/frosunda\/"]}]},{"@type":"ImageObject","inLanguage":"en-US","@id":"https:\/\/sharecontrol.io\/en\/customer-stories\/frosunda\/#primaryimage","url":"https:\/\/sharecontrol.io\/wp-content\/uploads\/2023\/10\/Frosunda_Share-Control.jpg","contentUrl":"https:\/\/sharecontrol.io\/wp-content\/uploads\/2023\/10\/Frosunda_Share-Control.jpg","width":2400,"height":1256,"caption":"Fr\u00f6sunda har f\u00e5tt kontroll p\u00e5 regnskapet av leasingavtalene sine med ShareControl IFRS 16."},{"@type":"BreadcrumbList","@id":"https:\/\/sharecontrol.io\/en\/customer-stories\/frosunda\/#breadcrumb","itemListElement":[{"@type":"ListItem","position":1,"name":"Home","item":"https:\/\/sharecontrol.io\/en\/"},{"@type":"ListItem","position":2,"name":"Customer stories","item":"https:\/\/sharecontrol.io\/en\/customer-stories\/"},{"@type":"ListItem","position":3,"name":"Fr\u00f6sunda"}]},{"@type":"WebSite","@id":"https:\/\/sharecontrol.io\/en\/#website","url":"https:\/\/sharecontrol.io\/en\/","name":"ShareControl","description":"","publisher":{"@id":"https:\/\/sharecontrol.io\/en\/#organization"},"potentialAction":[{"@type":"SearchAction","target":{"@type":"EntryPoint","urlTemplate":"https:\/\/sharecontrol.io\/en\/?s={search_term_string}"},"query-input":{"@type":"PropertyValueSpecification","valueRequired":true,"valueName":"search_term_string"}}],"inLanguage":"en-US"},{"@type":"Organization","@id":"https:\/\/sharecontrol.io\/en\/#organization","name":"ShareControl","url":"https:\/\/sharecontrol.io\/en\/","logo":{"@type":"ImageObject","inLanguage":"en-US","@id":"https:\/\/sharecontrol.io\/en\/#\/schema\/logo\/image\/","url":"https:\/\/sharecontrol.io\/wp-content\/uploads\/2022\/05\/cropped-logo-sc-default-minified-small.png","contentUrl":"https:\/\/sharecontrol.io\/wp-content\/uploads\/2022\/05\/cropped-logo-sc-default-minified-small.png","width":900,"height":200,"caption":"ShareControl"},"image":{"@id":"https:\/\/sharecontrol.io\/en\/#\/schema\/logo\/image\/"}}]}},"uagb_featured_image_src":{"full":["https:\/\/sharecontrol.io\/wp-content\/uploads\/2023\/10\/Frosunda_Share-Control.jpg",2400,1256,false],"thumbnail":["https:\/\/sharecontrol.io\/wp-content\/uploads\/2023\/10\/Frosunda_Share-Control-150x150.jpg",150,150,true],"medium":["https:\/\/sharecontrol.io\/wp-content\/uploads\/2023\/10\/Frosunda_Share-Control-300x157.jpg",300,157,true],"medium_large":["https:\/\/sharecontrol.io\/wp-content\/uploads\/2023\/10\/Frosunda_Share-Control-768x402.jpg",768,402,true],"large":["https:\/\/sharecontrol.io\/wp-content\/uploads\/2023\/10\/Frosunda_Share-Control-1024x536.jpg",1024,536,true],"1536x1536":["https:\/\/sharecontrol.io\/wp-content\/uploads\/2023\/10\/Frosunda_Share-Control-1536x804.jpg",1536,804,true],"2048x2048":["https:\/\/sharecontrol.io\/wp-content\/uploads\/2023\/10\/Frosunda_Share-Control-2048x1072.jpg",2048,1072,true]},"uagb_author_info":{"display_name":"Ragnar Bryne","author_link":"https:\/\/sharecontrol.io\/en\/author\/ragnar\/"},"uagb_comment_info":0,"uagb_excerpt":"Fr\u00f6sunda Fr\u00f6sunda is one of Sweden&#8217;s leading players in care. With a strong commitment, the right support and help, they make a big difference to the people who need it most. The company&#8217;s areas of activity are personal assistance and care. Product: ShareControl IFRS 16 Number of employees: 6 000 Contact Us Do you have&hellip;","_links":{"self":[{"href":"https:\/\/sharecontrol.io\/en\/wp-json\/wp\/v2\/pages\/8001","targetHints":{"allow":["GET"]}}],"collection":[{"href":"https:\/\/sharecontrol.io\/en\/wp-json\/wp\/v2\/pages"}],"about":[{"href":"https:\/\/sharecontrol.io\/en\/wp-json\/wp\/v2\/types\/page"}],"author":[{"embeddable":true,"href":"https:\/\/sharecontrol.io\/en\/wp-json\/wp\/v2\/users\/5"}],"replies":[{"embeddable":true,"href":"https:\/\/sharecontrol.io\/en\/wp-json\/wp\/v2\/comments?post=8001"}],"version-history":[{"count":8,"href":"https:\/\/sharecontrol.io\/en\/wp-json\/wp\/v2\/pages\/8001\/revisions"}],"predecessor-version":[{"id":15736,"href":"https:\/\/sharecontrol.io\/en\/wp-json\/wp\/v2\/pages\/8001\/revisions\/15736"}],"up":[{"embeddable":true,"href":"https:\/\/sharecontrol.io\/en\/wp-json\/wp\/v2\/pages\/7995"}],"wp:featuredmedia":[{"embeddable":true,"href":"https:\/\/sharecontrol.io\/en\/wp-json\/wp\/v2\/media\/10249"}],"wp:attachment":[{"href":"https:\/\/sharecontrol.io\/en\/wp-json\/wp\/v2\/media?parent=8001"}],"curies":[{"name":"wp","href":"https:\/\/api.w.org\/{rel}","templated":true}]}}