{"id":10907,"date":"2023-11-15T12:38:58","date_gmt":"2023-11-15T12:38:58","guid":{"rendered":"https:\/\/sharecontrol.io\/?page_id=10907"},"modified":"2025-01-13T07:55:21","modified_gmt":"2025-01-13T07:55:21","slug":"fexco","status":"publish","type":"page","link":"https:\/\/sharecontrol.io\/sv\/kundberattelser\/fexco\/","title":{"rendered":"Fexco"},"content":{"rendered":"<div class=\"gb-container gb-container-84599a7f\">\n<h1 class=\"wp-block-heading\" id=\"fexco\">Fexco<\/h1>\n\n\n<p>Fexco-gruppen tillhandah\u00e5ller valuta- och betaltj\u00e4nster med k\u00e4rnaktiviteter som \u00e4ven inkluderar f\u00f6retagstj\u00e4nster, fastighetsf\u00f6rvaltning, finansiella tj\u00e4nster och h\u00e5llbarhetsteknologi.<\/p>\n\n\n<p class=\"gb-headline gb-headline-0e6351cf\"><span class=\"gb-icon\"><svg xmlns=\"http:\/\/www.w3.org\/2000\/svg\" viewbox=\"0 0 256 512\" width=\"1em\" height=\"1em\" aria-hidden=\"true\"><path d=\"M224.3 273l-136 136c-9.4 9.4-24.6 9.4-33.9 0l-22.6-22.6c-9.4-9.4-9.4-24.6 0-33.9l96.4-96.4-96.4-96.4c-9.4-9.4-9.4-24.6 0-33.9L54.3 103c9.4-9.4 24.6-9.4 33.9 0l136 136c9.5 9.4 9.5 24.6.1 34z\" fill=\"currentColor\"><\/path><\/svg><\/span><span class=\"gb-headline-text\"><strong>Produkt: <a href=\"https:\/\/sharecontrol.io\/sv\/produkter\/ifrs-16-system\/\">ShareControl IFRS 16 software<\/a><\/strong><\/span><\/p>\n\n<p class=\"gb-headline gb-headline-2fae2ef4\"><span class=\"gb-icon\"><svg xmlns=\"http:\/\/www.w3.org\/2000\/svg\" viewbox=\"0 0 256 512\" width=\"1em\" height=\"1em\" aria-hidden=\"true\"><path d=\"M224.3 273l-136 136c-9.4 9.4-24.6 9.4-33.9 0l-22.6-22.6c-9.4-9.4-9.4-24.6 0-33.9l96.4-96.4-96.4-96.4c-9.4-9.4-9.4-24.6 0-33.9L54.3 103c9.4-9.4 24.6-9.4 33.9 0l136 136c9.5 9.4 9.5 24.6.1 34z\" fill=\"currentColor\"><\/path><\/svg><\/span><span class=\"gb-headline-text\"><strong>Antal anst\u00e4llda: 2 500+<\/strong><\/span><\/p>\n<\/div>\n<div class=\"wp-block-getwid-section alignfull alignfull getwid-section-content-custom-width\"><div class=\"wp-block-getwid-section__wrapper getwid-padding-top-large getwid-padding-bottom-large getwid-padding-left-medium getwid-padding-right-medium\" style=\"min-height:200px\"><div class=\"wp-block-getwid-section__inner-wrapper\" style=\"max-width:1140px\"><div class=\"wp-block-getwid-section__background-holder\"><div class=\"wp-block-getwid-section__background\" style=\"background-image:url('https:\/\/sharecontrol.io\/wp-content\/uploads\/2023\/09\/ShareControl-IFRS-16.jpg')\"><div class=\"wp-block-getwid-section__background-image-wrapper\"><img decoding=\"async\" class=\"wp-block-getwid-section__background-image\" src=\"https:\/\/sharecontrol.io\/wp-content\/uploads\/2023\/09\/ShareControl-IFRS-16.jpg\" alt=\"ShareControl IFRS 16 dashboard.\"\/><\/div><\/div><div class=\"wp-block-getwid-section__foreground\" style=\"opacity:0.7;background-color:#000000\"><\/div><\/div><div class=\"wp-block-getwid-section__content\"><div class=\"wp-block-getwid-section__inner-content\">\n<blockquote class=\"wp-block-quote has-base-3-color has-text-color is-layout-flow wp-block-quote-is-layout-flow\">\n<p class=\"has-base-3-color has-text-color\">Share Control har utvecklat ett anv\u00e4ndarv\u00e4nligt IFRS 16-system som uppfyller v\u00e5ra rapporteringsskyldigheter enligt IFRS 16. Plattformen \u00e4r l\u00e4tt att navigera och ger b\u00e5de en snabb blick p\u00e5 aktiviteten p\u00e5 enskilda leasingavtal, samtidigt som anv\u00e4ndarna kan gr\u00e4va djupare f\u00f6r att f\u00f6rst\u00e5 enskilda leasingkomponenter.<\/p>\n<cite><a href=\"https:\/\/www.linkedin.com\/in\/john-sheehy-a96256103\/?originalSubdomain=ie\" target=\"_blank\" rel=\"noreferrer noopener\"><mark style=\"background-color:rgba(0, 0, 0, 0)\" class=\"has-inline-color has-base-3-color\"><em>\u2013 <strong>John Sheehy<\/strong>,<\/em>Group Financial Accountant<\/mark><\/a><\/cite><\/blockquote>\n<\/div><\/div><\/div><\/div><\/div>\n\n<div class=\"wp-block-getwid-section alignfull alignfull getwid-margin-top-medium\"><div class=\"wp-block-getwid-section__wrapper\"><div class=\"wp-block-getwid-section__inner-wrapper\"><div class=\"wp-block-getwid-section__background-holder\"><div class=\"wp-block-getwid-section__background\"><\/div><div class=\"wp-block-getwid-section__foreground\"><\/div><\/div><div class=\"wp-block-getwid-section__content\"><div class=\"wp-block-getwid-section__inner-content\"><h3 class=\"wp-block-heading\" id=\"vad-har-vi-gjort-tillsammans\">Vad har vi gjort tillsammans?<\/h3>\n\n\n<p><a href=\"https:\/\/www.fexco.com\" target=\"_blank\" rel=\"noreferrer noopener\">Fexco<\/a> har i samarbete med Share Control f\u00e5tt v\u00e4rdefull hj\u00e4lp med att kartl\u00e4gga och importera de flesta av hyresavtalen till systemet. Detta har lagt grunden f\u00f6r efterlevnad av <a href=\"https:\/\/sharecontrol.io\/sv\/ifrs-16-sv\/vad-ar-ifrs-16\/\">IFRS 16<\/a> och s\u00e4kerst\u00e4ller korrekt rapportering i framtiden f\u00f6r f\u00f6retaget.<\/p>\n\n\n\n<p>Genom implementeringen har vi f\u00e5tt utm\u00e4rkt st\u00f6d i systemupps\u00e4ttningen, vilket innebar att automatiskt ladda upp ett stort antal kontrakt och detaljerade <a href=\"https:\/\/sharecontrol.io\/sv\/ifrs-16-sv\/ifrs-16-bedomningar-och-tolkning-av-leasingavtal-vacker-manga-fragor\/\">fr\u00e5gor relaterade till IFRS 16<\/a>. <strong>Systemet togs i drift i december 2022.<\/strong><\/p>\n\n\n<h3 class=\"wp-block-heading\" id=\"hur-blev-du-kund-pa-share-control\">Hur blev du kund p\u00e5 Share Control?<\/h3>\n\n\n<p>Vi blev medvetna om Share Control och deras <a href=\"https:\/\/sharecontrol.io\/sv\/produkter\/ifrs-16-system\/\">IFRS16-system<\/a> efter omfattande efterforskningar p\u00e5 marknaden och bed\u00f6mning av flera produktleverant\u00f6rer. Efter en inledande introduktion med Share Control-s\u00e4ljteamet under ledning av <a href=\"https:\/\/sharecontrol.io\/sv\/var-historia\/\">Ragnar Bryne<\/a>, gav driftsteamet oss en omfattande \u00f6versikt \u00f6ver systemet och hur systemet kunde uppfylla v\u00e5ra rapporteringskrav. Efter denna demo f\u00f6reslog Share Control ocks\u00e5 att vi skulle prata med en annan anv\u00e4ndare av deras plattform. Denna feedback var mycket positiv, s\u00e5 vi best\u00e4mde oss f\u00f6r att g\u00e5 vidare med implementeringen av produkten under fj\u00e4rde kvartalet 2022.<\/p>\n\n\n<h3 class=\"wp-block-heading\" id=\"pa-vilket-satt-levererar-vi-varde-till-dig\">P\u00e5 vilket s\u00e4tt levererar vi v\u00e4rde till dig?<\/h3>\n\n\n<p>ShareControl IFRS 16 \u00e4r en anv\u00e4ndarv\u00e4nlig och flexibel l\u00f6sning som kontinuerligt visar oss k\u00e4llan till v\u00e5r data. Vi har \u00f6ver 100 kontrakt i systemet och upplever att det ger oss utm\u00e4rkt synlighet. Detta s\u00e4kerst\u00e4ller korrekt rapportering och s\u00e4kerst\u00e4ller att vi har ett enda arkiv f\u00f6r data. Tiden som lagts ned av teamet p\u00e5 att f\u00f6lja IFRS 16 har minskat som ett resultat av implementeringen av ShareControl. ShareControl ger ocks\u00e5 v\u00e5ra externa revisorer utm\u00e4rkt insyn i leasingkontraktstransaktioner &#8211; fliken som visar \u00e4ndringarna under perioden \u00e4r en s\u00e4rskilt anv\u00e4ndbar komponent eftersom den snabbt visar alla leasingf\u00f6r\u00e4ndringar.<\/p>\n\n\n\n<blockquote class=\"wp-block-quote is-layout-flow wp-block-quote-is-layout-flow\">\n<p>Vi tycker ocks\u00e5 att kundsupporttj\u00e4nsten \u00e4r effektiv eftersom alla f\u00f6rfr\u00e5gningar som skickas till supportteamet behandlas i tid utan att det p\u00e5verkar v\u00e5ra aff\u00e4rsbehov.<\/p>\n<cite><em>\u2013 <strong>John Sheehy<\/strong>,<\/em>Group Financial Accountant<\/cite><\/blockquote>\n\n\n<h3 class=\"wp-block-heading\" id=\"vad-maste-vi-gora-for-att-fortsatta-samarbetet\">Vad m\u00e5ste vi g\u00f6ra f\u00f6r att forts\u00e4tta samarbetet?<\/h3>\n\n\n<p>Share Control har hj\u00e4lpt oss med <a href=\"https:\/\/sharecontrol.io\/sv\/ifrs-16-sv\/implementering-av-ifrs-16-fore-notering\/\"> implementeringen av IFRS 16<\/a> och gett snabb hj\u00e4lp med fr\u00e5gor. Aktiekontroll b\u00f6r forts\u00e4tta det effektiva arbete de har gjort hittills, samtidigt som de fokuserar p\u00e5 ytterligare rapporteringsm\u00f6jligheter som kan inkludera kommande ESG-rapporteringskrav.<\/p>\n<\/div><\/div><\/div><\/div><\/div>\n\n<div class=\"wp-block-uagb-image aligncenter uagb-block-e7452f00 wp-block-uagb-image--layout-default wp-block-uagb-image--effect-static wp-block-uagb-image--align-center\"><figure class=\"wp-block-uagb-image__figure\"><img decoding=\"async\" srcset=\"https:\/\/sharecontrol.io\/wp-content\/uploads\/2023\/11\/Fexco_Logo_ShareControl_Customer_referance.png ,https:\/\/sharecontrol.io\/wp-content\/uploads\/2023\/11\/Fexco_Logo_ShareControl_Customer_referance.png 780w, https:\/\/sharecontrol.io\/wp-content\/uploads\/2023\/11\/Fexco_Logo_ShareControl_Customer_referance.png 360w\" sizes=\"auto, (max-width: 480px) 150px\" src=\"https:\/\/sharecontrol.io\/wp-content\/uploads\/2023\/11\/Fexco_Logo_ShareControl_Customer_referance.png\" alt=\"Fexco logo\" class=\"uag-image-10891\" width=\"1024\" height=\"536\" title=\"\" loading=\"lazy\" role=\"img\"><\/figure><\/div>\n","protected":false},"excerpt":{"rendered":"<p>Fexco Fexco-gruppen tillhandah\u00e5ller valuta- och betaltj\u00e4nster med k\u00e4rnaktiviteter som \u00e4ven inkluderar f\u00f6retagstj\u00e4nster, fastighetsf\u00f6rvaltning, finansiella tj\u00e4nster och h\u00e5llbarhetsteknologi. Produkt: ShareControl IFRS 16 software Antal anst\u00e4llda: 2 500+<\/p>\n","protected":false},"author":5,"featured_media":10901,"parent":7997,"menu_order":0,"comment_status":"closed","ping_status":"closed","template":"","meta":{"content-type":"","_uag_custom_page_level_css":"","footnotes":""},"class_list":["post-10907","page","type-page","status-publish","has-post-thumbnail"],"yoast_head":"<!-- This site is optimized with the Yoast SEO plugin v27.2 - https:\/\/yoast.com\/product\/yoast-seo-wordpress\/ -->\n<title>Fexco<\/title>\n<meta name=\"description\" content=\"Genom ShareControl IFRS 16 har Fexco f\u00e5tt god kontroll \u00f6ver leasingkontona enligt IFRS 16. L\u00e4s mer om v\u00e5rt samarbete h\u00e4r.\" \/>\n<meta name=\"robots\" content=\"index, follow, max-snippet:-1, max-image-preview:large, max-video-preview:-1\" \/>\n<link rel=\"canonical\" href=\"https:\/\/sharecontrol.io\/sv\/kundberattelser\/fexco\/\" \/>\n<meta property=\"og:locale\" content=\"sv_SE\" \/>\n<meta property=\"og:type\" content=\"article\" \/>\n<meta property=\"og:title\" content=\"Fexco\" \/>\n<meta property=\"og:description\" content=\"Genom ShareControl IFRS 16 har Fexco f\u00e5tt god kontroll \u00f6ver leasingkontona enligt IFRS 16. L\u00e4s mer om v\u00e5rt samarbete h\u00e4r.\" \/>\n<meta property=\"og:url\" content=\"https:\/\/sharecontrol.io\/sv\/kundberattelser\/fexco\/\" \/>\n<meta property=\"og:site_name\" content=\"ShareControl\" \/>\n<meta property=\"article:modified_time\" content=\"2025-01-13T07:55:21+00:00\" \/>\n<meta property=\"og:image\" content=\"https:\/\/sharecontrol.io\/wp-content\/uploads\/2023\/11\/fexco.jpg\" \/>\n\t<meta property=\"og:image:width\" content=\"2400\" \/>\n\t<meta property=\"og:image:height\" content=\"1256\" \/>\n\t<meta property=\"og:image:type\" content=\"image\/jpeg\" \/>\n<meta name=\"twitter:card\" content=\"summary_large_image\" \/>\n<meta name=\"twitter:label1\" content=\"Ber\u00e4knad l\u00e4stid\" \/>\n\t<meta name=\"twitter:data1\" content=\"3 minuter\" \/>\n<script type=\"application\/ld+json\" class=\"yoast-schema-graph\">{\"@context\":\"https:\/\/schema.org\",\"@graph\":[{\"@type\":\"WebPage\",\"@id\":\"https:\/\/sharecontrol.io\/sv\/kundberattelser\/fexco\/\",\"url\":\"https:\/\/sharecontrol.io\/sv\/kundberattelser\/fexco\/\",\"name\":\"Fexco\",\"isPartOf\":{\"@id\":\"https:\/\/sharecontrol.io\/sv\/#website\"},\"primaryImageOfPage\":{\"@id\":\"https:\/\/sharecontrol.io\/sv\/kundberattelser\/fexco\/#primaryimage\"},\"image\":{\"@id\":\"https:\/\/sharecontrol.io\/sv\/kundberattelser\/fexco\/#primaryimage\"},\"thumbnailUrl\":\"https:\/\/sharecontrol.io\/wp-content\/uploads\/2023\/11\/fexco.jpg\",\"datePublished\":\"2023-11-15T12:38:58+00:00\",\"dateModified\":\"2025-01-13T07:55:21+00:00\",\"description\":\"Genom ShareControl IFRS 16 har Fexco f\u00e5tt god kontroll \u00f6ver leasingkontona enligt IFRS 16. L\u00e4s mer om v\u00e5rt samarbete h\u00e4r.\",\"breadcrumb\":{\"@id\":\"https:\/\/sharecontrol.io\/sv\/kundberattelser\/fexco\/#breadcrumb\"},\"inLanguage\":\"sv-SE\",\"potentialAction\":[{\"@type\":\"ReadAction\",\"target\":[\"https:\/\/sharecontrol.io\/sv\/kundberattelser\/fexco\/\"]}]},{\"@type\":\"ImageObject\",\"inLanguage\":\"sv-SE\",\"@id\":\"https:\/\/sharecontrol.io\/sv\/kundberattelser\/fexco\/#primaryimage\",\"url\":\"https:\/\/sharecontrol.io\/wp-content\/uploads\/2023\/11\/fexco.jpg\",\"contentUrl\":\"https:\/\/sharecontrol.io\/wp-content\/uploads\/2023\/11\/fexco.jpg\",\"width\":2400,\"height\":1256},{\"@type\":\"BreadcrumbList\",\"@id\":\"https:\/\/sharecontrol.io\/sv\/kundberattelser\/fexco\/#breadcrumb\",\"itemListElement\":[{\"@type\":\"ListItem\",\"position\":1,\"name\":\"Home\",\"item\":\"https:\/\/sharecontrol.io\/sv\/\"},{\"@type\":\"ListItem\",\"position\":2,\"name\":\"Kundber\u00e4ttelser\",\"item\":\"https:\/\/sharecontrol.io\/sv\/kundberattelser\/\"},{\"@type\":\"ListItem\",\"position\":3,\"name\":\"Fexco\"}]},{\"@type\":\"WebSite\",\"@id\":\"https:\/\/sharecontrol.io\/sv\/#website\",\"url\":\"https:\/\/sharecontrol.io\/sv\/\",\"name\":\"ShareControl\",\"description\":\"\",\"publisher\":{\"@id\":\"https:\/\/sharecontrol.io\/sv\/#organization\"},\"potentialAction\":[{\"@type\":\"SearchAction\",\"target\":{\"@type\":\"EntryPoint\",\"urlTemplate\":\"https:\/\/sharecontrol.io\/sv\/?s={search_term_string}\"},\"query-input\":{\"@type\":\"PropertyValueSpecification\",\"valueRequired\":true,\"valueName\":\"search_term_string\"}}],\"inLanguage\":\"sv-SE\"},{\"@type\":\"Organization\",\"@id\":\"https:\/\/sharecontrol.io\/sv\/#organization\",\"name\":\"ShareControl\",\"url\":\"https:\/\/sharecontrol.io\/sv\/\",\"logo\":{\"@type\":\"ImageObject\",\"inLanguage\":\"sv-SE\",\"@id\":\"https:\/\/sharecontrol.io\/sv\/#\/schema\/logo\/image\/\",\"url\":\"https:\/\/sharecontrol.io\/wp-content\/uploads\/2022\/05\/cropped-logo-sc-default-minified-small.png\",\"contentUrl\":\"https:\/\/sharecontrol.io\/wp-content\/uploads\/2022\/05\/cropped-logo-sc-default-minified-small.png\",\"width\":900,\"height\":200,\"caption\":\"ShareControl\"},\"image\":{\"@id\":\"https:\/\/sharecontrol.io\/sv\/#\/schema\/logo\/image\/\"}}]}<\/script>\n<!-- \/ Yoast SEO plugin. -->","yoast_head_json":{"title":"Fexco","description":"Genom ShareControl IFRS 16 har Fexco f\u00e5tt god kontroll \u00f6ver leasingkontona enligt IFRS 16. L\u00e4s mer om v\u00e5rt samarbete h\u00e4r.","robots":{"index":"index","follow":"follow","max-snippet":"max-snippet:-1","max-image-preview":"max-image-preview:large","max-video-preview":"max-video-preview:-1"},"canonical":"https:\/\/sharecontrol.io\/sv\/kundberattelser\/fexco\/","og_locale":"sv_SE","og_type":"article","og_title":"Fexco","og_description":"Genom ShareControl IFRS 16 har Fexco f\u00e5tt god kontroll \u00f6ver leasingkontona enligt IFRS 16. L\u00e4s mer om v\u00e5rt samarbete h\u00e4r.","og_url":"https:\/\/sharecontrol.io\/sv\/kundberattelser\/fexco\/","og_site_name":"ShareControl","article_modified_time":"2025-01-13T07:55:21+00:00","og_image":[{"width":2400,"height":1256,"url":"https:\/\/sharecontrol.io\/wp-content\/uploads\/2023\/11\/fexco.jpg","type":"image\/jpeg"}],"twitter_card":"summary_large_image","twitter_misc":{"Ber\u00e4knad l\u00e4stid":"3 minuter"},"schema":{"@context":"https:\/\/schema.org","@graph":[{"@type":"WebPage","@id":"https:\/\/sharecontrol.io\/sv\/kundberattelser\/fexco\/","url":"https:\/\/sharecontrol.io\/sv\/kundberattelser\/fexco\/","name":"Fexco","isPartOf":{"@id":"https:\/\/sharecontrol.io\/sv\/#website"},"primaryImageOfPage":{"@id":"https:\/\/sharecontrol.io\/sv\/kundberattelser\/fexco\/#primaryimage"},"image":{"@id":"https:\/\/sharecontrol.io\/sv\/kundberattelser\/fexco\/#primaryimage"},"thumbnailUrl":"https:\/\/sharecontrol.io\/wp-content\/uploads\/2023\/11\/fexco.jpg","datePublished":"2023-11-15T12:38:58+00:00","dateModified":"2025-01-13T07:55:21+00:00","description":"Genom ShareControl IFRS 16 har Fexco f\u00e5tt god kontroll \u00f6ver leasingkontona enligt IFRS 16. L\u00e4s mer om v\u00e5rt samarbete h\u00e4r.","breadcrumb":{"@id":"https:\/\/sharecontrol.io\/sv\/kundberattelser\/fexco\/#breadcrumb"},"inLanguage":"sv-SE","potentialAction":[{"@type":"ReadAction","target":["https:\/\/sharecontrol.io\/sv\/kundberattelser\/fexco\/"]}]},{"@type":"ImageObject","inLanguage":"sv-SE","@id":"https:\/\/sharecontrol.io\/sv\/kundberattelser\/fexco\/#primaryimage","url":"https:\/\/sharecontrol.io\/wp-content\/uploads\/2023\/11\/fexco.jpg","contentUrl":"https:\/\/sharecontrol.io\/wp-content\/uploads\/2023\/11\/fexco.jpg","width":2400,"height":1256},{"@type":"BreadcrumbList","@id":"https:\/\/sharecontrol.io\/sv\/kundberattelser\/fexco\/#breadcrumb","itemListElement":[{"@type":"ListItem","position":1,"name":"Home","item":"https:\/\/sharecontrol.io\/sv\/"},{"@type":"ListItem","position":2,"name":"Kundber\u00e4ttelser","item":"https:\/\/sharecontrol.io\/sv\/kundberattelser\/"},{"@type":"ListItem","position":3,"name":"Fexco"}]},{"@type":"WebSite","@id":"https:\/\/sharecontrol.io\/sv\/#website","url":"https:\/\/sharecontrol.io\/sv\/","name":"ShareControl","description":"","publisher":{"@id":"https:\/\/sharecontrol.io\/sv\/#organization"},"potentialAction":[{"@type":"SearchAction","target":{"@type":"EntryPoint","urlTemplate":"https:\/\/sharecontrol.io\/sv\/?s={search_term_string}"},"query-input":{"@type":"PropertyValueSpecification","valueRequired":true,"valueName":"search_term_string"}}],"inLanguage":"sv-SE"},{"@type":"Organization","@id":"https:\/\/sharecontrol.io\/sv\/#organization","name":"ShareControl","url":"https:\/\/sharecontrol.io\/sv\/","logo":{"@type":"ImageObject","inLanguage":"sv-SE","@id":"https:\/\/sharecontrol.io\/sv\/#\/schema\/logo\/image\/","url":"https:\/\/sharecontrol.io\/wp-content\/uploads\/2022\/05\/cropped-logo-sc-default-minified-small.png","contentUrl":"https:\/\/sharecontrol.io\/wp-content\/uploads\/2022\/05\/cropped-logo-sc-default-minified-small.png","width":900,"height":200,"caption":"ShareControl"},"image":{"@id":"https:\/\/sharecontrol.io\/sv\/#\/schema\/logo\/image\/"}}]}},"uagb_featured_image_src":{"full":["https:\/\/sharecontrol.io\/wp-content\/uploads\/2023\/11\/fexco.jpg",2400,1256,false],"thumbnail":["https:\/\/sharecontrol.io\/wp-content\/uploads\/2023\/11\/fexco-150x150.jpg",150,150,true],"medium":["https:\/\/sharecontrol.io\/wp-content\/uploads\/2023\/11\/fexco-300x157.jpg",300,157,true],"medium_large":["https:\/\/sharecontrol.io\/wp-content\/uploads\/2023\/11\/fexco-768x402.jpg",768,402,true],"large":["https:\/\/sharecontrol.io\/wp-content\/uploads\/2023\/11\/fexco-1024x536.jpg",1024,536,true],"1536x1536":["https:\/\/sharecontrol.io\/wp-content\/uploads\/2023\/11\/fexco-1536x804.jpg",1536,804,true],"2048x2048":["https:\/\/sharecontrol.io\/wp-content\/uploads\/2023\/11\/fexco-2048x1072.jpg",2048,1072,true]},"uagb_author_info":{"display_name":"Ragnar Bryne","author_link":"https:\/\/sharecontrol.io\/sv\/author\/ragnar\/"},"uagb_comment_info":0,"uagb_excerpt":"Fexco Fexco-gruppen tillhandah\u00e5ller valuta- och betaltj\u00e4nster med k\u00e4rnaktiviteter som \u00e4ven inkluderar f\u00f6retagstj\u00e4nster, fastighetsf\u00f6rvaltning, finansiella tj\u00e4nster och h\u00e5llbarhetsteknologi. Produkt: ShareControl IFRS 16 software Antal anst\u00e4llda: 2 500+","_links":{"self":[{"href":"https:\/\/sharecontrol.io\/sv\/wp-json\/wp\/v2\/pages\/10907","targetHints":{"allow":["GET"]}}],"collection":[{"href":"https:\/\/sharecontrol.io\/sv\/wp-json\/wp\/v2\/pages"}],"about":[{"href":"https:\/\/sharecontrol.io\/sv\/wp-json\/wp\/v2\/types\/page"}],"author":[{"embeddable":true,"href":"https:\/\/sharecontrol.io\/sv\/wp-json\/wp\/v2\/users\/5"}],"replies":[{"embeddable":true,"href":"https:\/\/sharecontrol.io\/sv\/wp-json\/wp\/v2\/comments?post=10907"}],"version-history":[{"count":9,"href":"https:\/\/sharecontrol.io\/sv\/wp-json\/wp\/v2\/pages\/10907\/revisions"}],"predecessor-version":[{"id":15738,"href":"https:\/\/sharecontrol.io\/sv\/wp-json\/wp\/v2\/pages\/10907\/revisions\/15738"}],"up":[{"embeddable":true,"href":"https:\/\/sharecontrol.io\/sv\/wp-json\/wp\/v2\/pages\/7997"}],"wp:featuredmedia":[{"embeddable":true,"href":"https:\/\/sharecontrol.io\/sv\/wp-json\/wp\/v2\/media\/10901"}],"wp:attachment":[{"href":"https:\/\/sharecontrol.io\/sv\/wp-json\/wp\/v2\/media?parent=10907"}],"curies":[{"name":"wp","href":"https:\/\/api.w.org\/{rel}","templated":true}]}}