{"id":7845,"date":"2022-05-10T09:06:33","date_gmt":"2022-05-10T09:06:33","guid":{"rendered":"https:\/\/sharecontrol.io\/integritetspolicy\/"},"modified":"2024-09-20T06:48:14","modified_gmt":"2024-09-20T06:48:14","slug":"integritetspolicy","status":"publish","type":"page","link":"https:\/\/sharecontrol.io\/sv\/integritetspolicy\/","title":{"rendered":"Integritetspolicy"},"content":{"rendered":"<h3 class=\"wp-block-heading\" id=\"sekretesspolicy-for-share-control-och-wwwsharecontrolno\">Sekretesspolicy f\u00f6r Share Control och www.sharecontrol.no<\/h3>\n<p>Denna integritetspolicy beskriver vilken typ av personuppgifter Share Control samlar in och hur dessa personuppgifter behandlas. Aktiekontroll f\u00f6ljer den norska personuppgiftslagen. Denna integritetspolicy har uppr\u00e4ttats i enlighet med kraven i personuppgiftslagen 18 och 19 \u00a7\u00a7.<\/p>\n<h3 class=\"wp-block-heading\" id=\"vad-ar-personuppgifter\">Vad \u00e4r personuppgifter<\/h3>\n<p>Personuppgifter \u00e4r information om den enskilda personen. Det kan vara personens namn, adress, arbetsplats, civilst\u00e5nd, telefonnummer, e-postadress m.m. Information om din kontakt, anledning till kontakt och kontaktform med Share Control kan ocks\u00e5 f\u00f6rst\u00e5s som personuppgifter. K\u00e4nsliga personuppgifter varken samlas in eller anv\u00e4nds av Share Control. Detta \u00e4r personuppgifter s\u00e5som \u00e5tal, brott, h\u00e4lsa och liknande.<\/p>\n\n<p>Vill du ha mer information om personuppgifter i allm\u00e4nhet kan <a href=\"https:\/\/www.datatilsynet.no\/om-personvern\/personopplysninger\/\">https:\/\/www.datatilsynet.no\/om-personvern\/personopplysninger\/<\/a> bes\u00f6kas.<\/p>\n<h3 class=\"wp-block-heading\" id=\"vem-ar-ansvarig-for-behandlingen-av-dina-personuppgifter-hos-share-control\">Vem \u00e4r ansvarig f\u00f6r behandlingen av dina personuppgifter hos Share Control<\/h3>\n<p>Share Controls egen Office Manager ansvarar f\u00f6r f\u00f6retagets behandling av personuppgifter. Vid eventuell framtida delegering kommer endast uppgifterna att delegeras, ansvaret f\u00f6r personuppgifterna vilar alltid p\u00e5 Share Control \u00e4nd\u00e5<\/p>\n<h3 class=\"wp-block-heading\" id=\"personuppgifter-share-control-tar-emot\">Personuppgifter Share Control tar emot<\/h3>\n<p>Aktiekontroll har 2 k\u00e4llor f\u00f6r personuppgifter som b\u00e5da baseras p\u00e5 8 \u00a7 i personuppgiftslagen.<\/p>\n\n<p>Den huvudsakliga k\u00e4llan till personuppgifter \u00e4r information som du sj\u00e4lv tillhandah\u00e5ller. Detta sker fr\u00e4mst genom kontaktformul\u00e4ret p\u00e5 Share Controls hemsida. Kontaktformul\u00e4ret fungerar som m\u00f6tesplatsen mellan potentiella\/befintliga kunder och Share Control. Det \u00e4r helt frivilligt om du vill fylla i ett s\u00e5dant formul\u00e4r eller helt enkelt f\u00f6rbli en passiv bes\u00f6kare p\u00e5 sidan. Personuppgifter som samlas in via kontaktformul\u00e4ret \u00e4r telefon, e-post och namn.<\/p>\n\n<p>Efter kontaktformul\u00e4ret kan ytterligare personuppgifter genereras genom e-post, telefon och liknande korrespondens mellan Share Control och dig som potentiell\/befintlig kund.<\/p>\n\n<p>En annan k\u00e4lla till personuppgifter \u00e4r information som Share Control sj\u00e4lv samlar in. Insamlingen sker genom Google Analytics. Den f\u00e5ngar hur l\u00e4nge du \u00e4r p\u00e5 sidan, IP-adress, vars l\u00e4nkar du klickar p\u00e5 och antalet anv\u00e4ndare p\u00e5 sidan vid olika tidpunkter f\u00f6r att n\u00e4mna n\u00e5gra.<\/p>\n<h3 class=\"wp-block-heading\" id=\"hur-share-control-anvander-personuppgifterna\">Hur Share Control anv\u00e4nder personuppgifterna<\/h3>\n<p>Syftet med kontaktformul\u00e4ret och efterf\u00f6ljande korrespondens \u00e4r att f\u00f6lja upp \u00f6nskem\u00e5l och skyldigheter gentemot kunder. Share Control \u00e4r beroende av en s\u00e5dan \u00f6ppen plattform mellan sig och sina kunder f\u00f6r att s\u00e4kerst\u00e4lla en tillfredsst\u00e4llande kommunikation och slutprodukt.<\/p>\n\n<p>Syftet med informationen fr\u00e5n Google Analytics \u00e4r att f\u00f6rb\u00e4ttra webbplatsupplevelsen. Det kan till exempel handla om att g\u00f6ra layouterna mer anv\u00e4ndarv\u00e4nliga, f\u00f6rst\u00e5 anv\u00e4ndartrender, effektivisera och leverera de tj\u00e4nster som f\u00f6rv\u00e4ntas p\u00e5 ett b\u00e4ttre s\u00e4tt och f\u00f6rhindra kriminellt beteende som hackning.<\/p>\n\n<p>Den r\u00e4ttsliga grunden f\u00f6r Aktiekontrolls behandling av personuppgifter \u00e4r 11 \u00a7 personuppgiftslagen<\/p>\n<h3 class=\"wp-block-heading\" id=\"hur-du-hanterar-dina-egna-personuppgifter\">Hur du hanterar dina egna personuppgifter<\/h3>\n<p>Den begr\u00e4nsade m\u00e4ngden personuppgifter Share Control samlar in via dig och p\u00e5 eget initiativ \u00e4r mycket marginell j\u00e4mf\u00f6rt med andra spelare och andra onlinetj\u00e4nster. Detta har gjort att eventuell separat administration av personuppgifterna, s\u00e5som inst\u00e4llningar i anv\u00e4ndarappar och inst\u00e4llningar i personlig annonsering, inte \u00e4r relevant hos oss. Som n\u00e4mnts anv\u00e4nds inte de insamlade personuppgifterna f\u00f6r s\u00e5dana \u00e4ndam\u00e5l.<\/p>\n\n<p>Du har fortfarande alltid r\u00e4ttigheter relaterade till personuppgifterna, vilket du kan l\u00e4sa mer om nedan.<\/p>\n<h3 class=\"wp-block-heading\" id=\"informationsdelning-med-tredje-part\">Informationsdelning med tredje part<\/h3>\n<p>Share Control delar ingen personlig information fr\u00e5n kontaktformul\u00e4ret, egna samlingar eller information fr\u00e5n andra med n\u00e5gon tredje part. Skulle s\u00e5dan distribution \u00e4nd\u00e5 ske kommer du alltid att f\u00e5 en samtyckesf\u00f6rfr\u00e5gan fr\u00e5n oss.<\/p>\n<h3 class=\"wp-block-heading\" id=\"saker-arkivering-radering-och-intern-kontroll\">S\u00e4ker arkivering, radering och intern kontroll<\/h3>\n<p>I enlighet med \u00a7 13 i personuppgiftslagen kommer alla personuppgifter Share Control mottar att arkiveras p\u00e5 antingen en s\u00e4ker e-post eller server s\u00e5 l\u00e4nge som arbetsrelationen mellan dig och Share Control forts\u00e4tter. Vid upps\u00e4gning av anst\u00e4llning kommer all kommunikation och personuppgifter att raderas inom 2 \u00e5r.<\/p>\n\n<p>Share Control har en intern kontroll p\u00e5 s\u00e5dan arkivering, s\u00e4kerhet och radering sker i enlighet med m\u00e5l och i enlighet med legala standarder.<\/p>\n<h3 class=\"wp-block-heading\" id=\"rattigheter\">R\u00e4ttigheter<\/h3>\n<p>Enligt personuppgiftslagen har du som anv\u00e4ndare eller kund hos Share Control r\u00e4tt att bli bortgl\u00f6md, r\u00e4tt till dataportabilitet, r\u00e4tt till \u00e5tkomst och r\u00e4tt att bli profilerad.<\/p>\n\n<p>R\u00e4tten att bli bortgl\u00f6md inneb\u00e4r att alla personuppgifter som registrerats hos Aktiekontroll kan beg\u00e4ras raderade. Om detta inte efterfr\u00e5gas kommer Share Control i alla fall att radera de flesta personuppgifter 2 \u00e5r efter avslutad kontakt. R\u00e4tten till dataportabilitet inneb\u00e4r att du kan f\u00e5 en digital kopia av alla personuppgifter Share Control har om dig. Denna r\u00e4ttighet inneb\u00e4r ocks\u00e5 att du kan ta dessa personuppgifter till en annan verksamhet om det \u00e4r tekniskt m\u00f6jligt och f\u00f6rsvarbart. Personuppgifter som omfattas av dataportabilitet \u00e4r personuppgifter som l\u00e4mnas till Share Control, s\u00e5som via kontaktformul\u00e4ret, eller automatiserade personuppgifter som genereras genom anv\u00e4ndning av Share Controls tj\u00e4nster.<\/p>\n\n<p>R\u00e4tten till tillg\u00e5ng inneb\u00e4r att du har r\u00e4tt att se vilken information Share Control har registrerat om dig.<\/p>\n\n<p>R\u00e4tten mot profilering ger dig r\u00e4tt att v\u00e4gra Share Control att kartl\u00e4gga din anv\u00e4ndning och ditt beteende och d\u00e4rmed skr\u00e4ddarsy v\u00e5ra tj\u00e4nster till dig utifr\u00e5n denna kartl\u00e4ggning. Typiska exempel skulle vara personlig reklam, tj\u00e4nsteutveckling, marknadsunders\u00f6kningar etc. Detta \u00e4r inte desto mindre av liten relevans f\u00f6r aktiekontroll n\u00e4r aktiekontroll har litet intresse eller anv\u00e4ndning f\u00f6r en s\u00e5dan bred och djup kartl\u00e4ggning. F\u00f6r att ut\u00f6va en eller flera av dessa r\u00e4ttigheter, kontakta oss. Du har lagstadgad r\u00e4tt att f\u00e5 svar fr\u00e5n oss inom minst 1 m\u00e5nad.<\/p>\n<h3 class=\"wp-block-heading\" id=\"barns-integritet\">Barns integritet<\/h3>\n<p>Share Control har varken \u00f6nskan eller behov av att samla in eller behandla personuppgifter om barn under 16 \u00e5r. S\u00e5dana personuppgifter m\u00e5ste komma via en v\u00e5rdnadshavare. Personlig information som l\u00e4mnats av barn till Share Control kommer att raderas s\u00e5 snart Share Control blir medveten om det.<\/p>\n<h3 class=\"wp-block-heading\" id=\"integritetskommissionar\">Integritetskommission\u00e4r<\/h3>\n<p>Share Control har inget dataskyddsombud d\u00e5 f\u00f6retaget inte \u00e4r ett offentligt f\u00f6retag, inte behandlar k\u00e4nslig information, inte beg\u00e5r systematisk kartl\u00e4ggning av personer och inte behandlar personuppgifter om brottsliga \u00e4renden.<\/p>\n<h3 class=\"wp-block-heading\" id=\"genomforande-av-forandringar\">Genomf\u00f6rande av f\u00f6r\u00e4ndringar<\/h3>\n<p>Share Control kommer d\u00e5 och d\u00e5 att uppdatera sin integritetspolicy f\u00f6r att s\u00e4kerst\u00e4lla att den uppfyller den juridiska standard som kr\u00e4vs enligt norsk lag. Du kommer att informeras om s\u00e5dana uppdateringar.<\/p>\n<h3 class=\"wp-block-heading\" id=\"kontaktinformation\">Kontaktinformation<\/h3>\n<p>Om du har ytterligare fr\u00e5gor om Share Controls integritetspolicy eller andra f\u00f6rfr\u00e5gningar, v\u00e4nligen kontakta bolaget.<\/p>\n\n<p>Telefon: +47 24 02 21 00<\/p>\n\n<p>E-post: post@sharecontrol.no<\/p>\n","protected":false},"excerpt":{"rendered":"<p>Sekretesspolicy f\u00f6r Share Control och www.sharecontrol.no Denna integritetspolicy beskriver vilken typ av personuppgifter Share Control samlar in och hur dessa personuppgifter behandlas. Aktiekontroll f\u00f6ljer den norska personuppgiftslagen. Denna integritetspolicy har uppr\u00e4ttats i enlighet med kraven i personuppgiftslagen 18 och 19 \u00a7\u00a7. Vad \u00e4r personuppgifter Personuppgifter \u00e4r information om den enskilda personen. Det kan vara personens &#8230; <a title=\"Integritetspolicy\" class=\"read-more\" href=\"https:\/\/sharecontrol.io\/sv\/integritetspolicy\/\" aria-label=\"L\u00e4s mer om Integritetspolicy\">L\u00e4s mer<\/a><\/p>\n","protected":false},"author":1,"featured_media":0,"parent":0,"menu_order":0,"comment_status":"closed","ping_status":"open","template":"","meta":{"content-type":"","_uag_custom_page_level_css":"","footnotes":""},"class_list":["post-7845","page","type-page","status-publish"],"yoast_head":"<!-- This site is optimized with the Yoast SEO plugin v27.2 - https:\/\/yoast.com\/product\/yoast-seo-wordpress\/ -->\n<title>Integritetspolicy<\/title>\n<meta name=\"robots\" content=\"index, follow, max-snippet:-1, max-image-preview:large, max-video-preview:-1\" \/>\n<link rel=\"canonical\" href=\"https:\/\/sharecontrol.io\/sv\/integritetspolicy\/\" \/>\n<meta property=\"og:locale\" content=\"sv_SE\" \/>\n<meta property=\"og:type\" content=\"article\" \/>\n<meta property=\"og:title\" content=\"Integritetspolicy\" \/>\n<meta property=\"og:description\" content=\"Sekretesspolicy f\u00f6r Share Control och www.sharecontrol.no Denna integritetspolicy beskriver vilken typ av personuppgifter Share Control samlar in och hur dessa personuppgifter behandlas. Aktiekontroll f\u00f6ljer den norska personuppgiftslagen. Denna integritetspolicy har uppr\u00e4ttats i enlighet med kraven i personuppgiftslagen 18 och 19 \u00a7\u00a7. Vad \u00e4r personuppgifter Personuppgifter \u00e4r information om den enskilda personen. Det kan vara personens ... L\u00e4s mer\" \/>\n<meta property=\"og:url\" content=\"https:\/\/sharecontrol.io\/sv\/integritetspolicy\/\" \/>\n<meta property=\"og:site_name\" content=\"ShareControl\" \/>\n<meta property=\"article:modified_time\" content=\"2024-09-20T06:48:14+00:00\" \/>\n<meta name=\"twitter:card\" content=\"summary_large_image\" \/>\n<meta name=\"twitter:label1\" content=\"Ber\u00e4knad l\u00e4stid\" \/>\n\t<meta name=\"twitter:data1\" content=\"6 minuter\" \/>\n<script type=\"application\/ld+json\" class=\"yoast-schema-graph\">{\"@context\":\"https:\/\/schema.org\",\"@graph\":[{\"@type\":\"WebPage\",\"@id\":\"https:\/\/sharecontrol.io\/sv\/integritetspolicy\/\",\"url\":\"https:\/\/sharecontrol.io\/sv\/integritetspolicy\/\",\"name\":\"Integritetspolicy\",\"isPartOf\":{\"@id\":\"https:\/\/sharecontrol.io\/sv\/#website\"},\"datePublished\":\"2022-05-10T09:06:33+00:00\",\"dateModified\":\"2024-09-20T06:48:14+00:00\",\"breadcrumb\":{\"@id\":\"https:\/\/sharecontrol.io\/sv\/integritetspolicy\/#breadcrumb\"},\"inLanguage\":\"sv-SE\",\"potentialAction\":[{\"@type\":\"ReadAction\",\"target\":[\"https:\/\/sharecontrol.io\/sv\/integritetspolicy\/\"]}]},{\"@type\":\"BreadcrumbList\",\"@id\":\"https:\/\/sharecontrol.io\/sv\/integritetspolicy\/#breadcrumb\",\"itemListElement\":[{\"@type\":\"ListItem\",\"position\":1,\"name\":\"Home\",\"item\":\"https:\/\/sharecontrol.io\/sv\/\"},{\"@type\":\"ListItem\",\"position\":2,\"name\":\"Integritetspolicy\"}]},{\"@type\":\"WebSite\",\"@id\":\"https:\/\/sharecontrol.io\/sv\/#website\",\"url\":\"https:\/\/sharecontrol.io\/sv\/\",\"name\":\"ShareControl\",\"description\":\"\",\"publisher\":{\"@id\":\"https:\/\/sharecontrol.io\/sv\/#organization\"},\"potentialAction\":[{\"@type\":\"SearchAction\",\"target\":{\"@type\":\"EntryPoint\",\"urlTemplate\":\"https:\/\/sharecontrol.io\/sv\/?s={search_term_string}\"},\"query-input\":{\"@type\":\"PropertyValueSpecification\",\"valueRequired\":true,\"valueName\":\"search_term_string\"}}],\"inLanguage\":\"sv-SE\"},{\"@type\":\"Organization\",\"@id\":\"https:\/\/sharecontrol.io\/sv\/#organization\",\"name\":\"ShareControl\",\"url\":\"https:\/\/sharecontrol.io\/sv\/\",\"logo\":{\"@type\":\"ImageObject\",\"inLanguage\":\"sv-SE\",\"@id\":\"https:\/\/sharecontrol.io\/sv\/#\/schema\/logo\/image\/\",\"url\":\"https:\/\/sharecontrol.io\/wp-content\/uploads\/2022\/05\/cropped-logo-sc-default-minified-small.png\",\"contentUrl\":\"https:\/\/sharecontrol.io\/wp-content\/uploads\/2022\/05\/cropped-logo-sc-default-minified-small.png\",\"width\":900,\"height\":200,\"caption\":\"ShareControl\"},\"image\":{\"@id\":\"https:\/\/sharecontrol.io\/sv\/#\/schema\/logo\/image\/\"}}]}<\/script>\n<!-- \/ Yoast SEO plugin. -->","yoast_head_json":{"title":"Integritetspolicy","robots":{"index":"index","follow":"follow","max-snippet":"max-snippet:-1","max-image-preview":"max-image-preview:large","max-video-preview":"max-video-preview:-1"},"canonical":"https:\/\/sharecontrol.io\/sv\/integritetspolicy\/","og_locale":"sv_SE","og_type":"article","og_title":"Integritetspolicy","og_description":"Sekretesspolicy f\u00f6r Share Control och www.sharecontrol.no Denna integritetspolicy beskriver vilken typ av personuppgifter Share Control samlar in och hur dessa personuppgifter behandlas. Aktiekontroll f\u00f6ljer den norska personuppgiftslagen. Denna integritetspolicy har uppr\u00e4ttats i enlighet med kraven i personuppgiftslagen 18 och 19 \u00a7\u00a7. Vad \u00e4r personuppgifter Personuppgifter \u00e4r information om den enskilda personen. Det kan vara personens ... L\u00e4s mer","og_url":"https:\/\/sharecontrol.io\/sv\/integritetspolicy\/","og_site_name":"ShareControl","article_modified_time":"2024-09-20T06:48:14+00:00","twitter_card":"summary_large_image","twitter_misc":{"Ber\u00e4knad l\u00e4stid":"6 minuter"},"schema":{"@context":"https:\/\/schema.org","@graph":[{"@type":"WebPage","@id":"https:\/\/sharecontrol.io\/sv\/integritetspolicy\/","url":"https:\/\/sharecontrol.io\/sv\/integritetspolicy\/","name":"Integritetspolicy","isPartOf":{"@id":"https:\/\/sharecontrol.io\/sv\/#website"},"datePublished":"2022-05-10T09:06:33+00:00","dateModified":"2024-09-20T06:48:14+00:00","breadcrumb":{"@id":"https:\/\/sharecontrol.io\/sv\/integritetspolicy\/#breadcrumb"},"inLanguage":"sv-SE","potentialAction":[{"@type":"ReadAction","target":["https:\/\/sharecontrol.io\/sv\/integritetspolicy\/"]}]},{"@type":"BreadcrumbList","@id":"https:\/\/sharecontrol.io\/sv\/integritetspolicy\/#breadcrumb","itemListElement":[{"@type":"ListItem","position":1,"name":"Home","item":"https:\/\/sharecontrol.io\/sv\/"},{"@type":"ListItem","position":2,"name":"Integritetspolicy"}]},{"@type":"WebSite","@id":"https:\/\/sharecontrol.io\/sv\/#website","url":"https:\/\/sharecontrol.io\/sv\/","name":"ShareControl","description":"","publisher":{"@id":"https:\/\/sharecontrol.io\/sv\/#organization"},"potentialAction":[{"@type":"SearchAction","target":{"@type":"EntryPoint","urlTemplate":"https:\/\/sharecontrol.io\/sv\/?s={search_term_string}"},"query-input":{"@type":"PropertyValueSpecification","valueRequired":true,"valueName":"search_term_string"}}],"inLanguage":"sv-SE"},{"@type":"Organization","@id":"https:\/\/sharecontrol.io\/sv\/#organization","name":"ShareControl","url":"https:\/\/sharecontrol.io\/sv\/","logo":{"@type":"ImageObject","inLanguage":"sv-SE","@id":"https:\/\/sharecontrol.io\/sv\/#\/schema\/logo\/image\/","url":"https:\/\/sharecontrol.io\/wp-content\/uploads\/2022\/05\/cropped-logo-sc-default-minified-small.png","contentUrl":"https:\/\/sharecontrol.io\/wp-content\/uploads\/2022\/05\/cropped-logo-sc-default-minified-small.png","width":900,"height":200,"caption":"ShareControl"},"image":{"@id":"https:\/\/sharecontrol.io\/sv\/#\/schema\/logo\/image\/"}}]}},"uagb_featured_image_src":{"full":false,"thumbnail":false,"medium":false,"medium_large":false,"large":false,"1536x1536":false,"2048x2048":false},"uagb_author_info":{"display_name":"admin","author_link":"https:\/\/sharecontrol.io\/sv\/author\/admin\/"},"uagb_comment_info":0,"uagb_excerpt":"Sekretesspolicy f\u00f6r Share Control och www.sharecontrol.no Denna integritetspolicy beskriver vilken typ av personuppgifter Share Control samlar in och hur dessa personuppgifter behandlas. Aktiekontroll f\u00f6ljer den norska personuppgiftslagen. Denna integritetspolicy har uppr\u00e4ttats i enlighet med kraven i personuppgiftslagen 18 och 19 \u00a7\u00a7. Vad \u00e4r personuppgifter Personuppgifter \u00e4r information om den enskilda personen. Det kan vara personens&hellip;","_links":{"self":[{"href":"https:\/\/sharecontrol.io\/sv\/wp-json\/wp\/v2\/pages\/7845","targetHints":{"allow":["GET"]}}],"collection":[{"href":"https:\/\/sharecontrol.io\/sv\/wp-json\/wp\/v2\/pages"}],"about":[{"href":"https:\/\/sharecontrol.io\/sv\/wp-json\/wp\/v2\/types\/page"}],"author":[{"embeddable":true,"href":"https:\/\/sharecontrol.io\/sv\/wp-json\/wp\/v2\/users\/1"}],"replies":[{"embeddable":true,"href":"https:\/\/sharecontrol.io\/sv\/wp-json\/wp\/v2\/comments?post=7845"}],"version-history":[{"count":3,"href":"https:\/\/sharecontrol.io\/sv\/wp-json\/wp\/v2\/pages\/7845\/revisions"}],"predecessor-version":[{"id":15527,"href":"https:\/\/sharecontrol.io\/sv\/wp-json\/wp\/v2\/pages\/7845\/revisions\/15527"}],"wp:attachment":[{"href":"https:\/\/sharecontrol.io\/sv\/wp-json\/wp\/v2\/media?parent=7845"}],"curies":[{"name":"wp","href":"https:\/\/api.w.org\/{rel}","templated":true}]}}