{"id":7991,"date":"2022-06-27T12:05:20","date_gmt":"2022-06-27T12:05:20","guid":{"rendered":"https:\/\/sharecontrol.io\/aker-solutions\/"},"modified":"2025-01-13T07:53:32","modified_gmt":"2025-01-13T07:53:32","slug":"aker-solutions","status":"publish","type":"page","link":"https:\/\/sharecontrol.io\/sv\/kundberattelser\/aker-solutions\/","title":{"rendered":"Aker Solutions"},"content":{"rendered":"<div class=\"gb-container gb-container-84599a7f\">\n<h1 class=\"wp-block-heading\" id=\"aker-solutions\">Aker Solutions<\/h1>\n\n\n<p><a href=\"https:\/\/www.akersolutions.com\" target=\"_blank\" rel=\"noreferrer noopener\">Aker Solutions<\/a> \u00e4r ett ledande leverant\u00f6rsf\u00f6retag. F\u00f6retaget levererar integrerade l\u00f6sningar, produkter och tj\u00e4nster till den globala energisektorn. F\u00f6retagets innovativa l\u00f6sningar m\u00f6jligg\u00f6r l\u00e5gkoldioxidproduktion av olja och gas och utveckling av f\u00f6rnybara l\u00f6sningar f\u00f6r att m\u00f6ta framtida energibehov.<\/p>\n\n\n<p class=\"gb-headline gb-headline-0e6351cf\"><span class=\"gb-icon\"><svg xmlns=\"http:\/\/www.w3.org\/2000\/svg\" viewbox=\"0 0 256 512\" width=\"1em\" height=\"1em\" aria-hidden=\"true\"><path d=\"M224.3 273l-136 136c-9.4 9.4-24.6 9.4-33.9 0l-22.6-22.6c-9.4-9.4-9.4-24.6 0-33.9l96.4-96.4-96.4-96.4c-9.4-9.4-9.4-24.6 0-33.9L54.3 103c9.4-9.4 24.6-9.4 33.9 0l136 136c9.5 9.4 9.5 24.6.1 34z\" fill=\"currentColor\"><\/path><\/svg><\/span><span class=\"gb-headline-text\"><strong>Produkt: <a href=\"https:\/\/sharecontrol.io\/sv\/produkter\/ifrs-16-system\/\">ShareControl IFRS 16<\/a><\/strong><\/span><\/p>\n\n<p class=\"gb-headline gb-headline-2fae2ef4\"><span class=\"gb-icon\"><svg xmlns=\"http:\/\/www.w3.org\/2000\/svg\" viewbox=\"0 0 256 512\" width=\"1em\" height=\"1em\" aria-hidden=\"true\"><path d=\"M224.3 273l-136 136c-9.4 9.4-24.6 9.4-33.9 0l-22.6-22.6c-9.4-9.4-9.4-24.6 0-33.9l96.4-96.4-96.4-96.4c-9.4-9.4-9.4-24.6 0-33.9L54.3 103c9.4-9.4 24.6-9.4 33.9 0l136 136c9.5 9.4 9.5 24.6.1 34z\" fill=\"currentColor\"><\/path><\/svg><\/span><span class=\"gb-headline-text\"><strong>Antal anst\u00e4llda: 11 000<\/strong><\/span><\/p>\n<\/div>\n<div class=\"wp-block-getwid-section alignfull alignfull getwid-section-content-custom-width\"><div class=\"wp-block-getwid-section__wrapper getwid-padding-top-large getwid-padding-bottom-large getwid-padding-left-medium getwid-padding-right-medium\" style=\"min-height:200px\"><div class=\"wp-block-getwid-section__inner-wrapper\" style=\"max-width:1140px\"><div class=\"wp-block-getwid-section__background-holder\"><div class=\"wp-block-getwid-section__background\" style=\"background-image:url('https:\/\/sharecontrol.io\/wp-content\/uploads\/2023\/09\/ShareControl-IFRS-16.jpg')\"><div class=\"wp-block-getwid-section__background-image-wrapper\"><img decoding=\"async\" class=\"wp-block-getwid-section__background-image\" src=\"https:\/\/sharecontrol.io\/wp-content\/uploads\/2023\/09\/ShareControl-IFRS-16.jpg\" alt=\"ShareControl IFRS 16 dashboard.\"\/><\/div><\/div><div class=\"wp-block-getwid-section__foreground\" style=\"opacity:0.7;background-color:#000000\"><\/div><\/div><div class=\"wp-block-getwid-section__content\"><div class=\"wp-block-getwid-section__inner-content\">\n<blockquote class=\"wp-block-quote has-base-3-color has-text-color is-layout-flow wp-block-quote-is-layout-flow\">\n<p class=\"has-base-3-color has-text-color\">&#8221;Share Controls styrka \u00e4r att deras IFRS 16-system och professionella expertis ger oss sinnesfrid&#8221;<\/p>\n<cite><em>\u2013 <strong>Per \u00d8yvind Reneflot<\/strong>, Senior Advisor<\/em><\/cite><\/blockquote>\n<\/div><\/div><\/div><\/div><\/div>\n\n<div class=\"wp-block-getwid-section alignfull alignfull getwid-margin-top-medium\"><div class=\"wp-block-getwid-section__wrapper\"><div class=\"wp-block-getwid-section__inner-wrapper\"><div class=\"wp-block-getwid-section__background-holder\"><div class=\"wp-block-getwid-section__background\"><\/div><div class=\"wp-block-getwid-section__foreground\"><\/div><\/div><div class=\"wp-block-getwid-section__content\"><div class=\"wp-block-getwid-section__inner-content\"><h3 class=\"wp-block-heading\" id=\"vad-har-vi-gjort-tillsammans\">Vad har vi gjort tillsammans?<\/h3>\n\n\n<p>V\u00e5rt samarbete har gjort att vi i Aker Solutions tillsammans med Share Control f\u00e5tt ett system som fungerar v\u00e4ldigt bra. D\u00e4r Share Control har kommit fram till en teknisk l\u00f6sning och bidragit med specialistkunskap. Vi har haft bra professionella diskussioner med Share Control.<\/p>\n\n\n\n<p>Share Control skiljer sig fr\u00e5n andra leverant\u00f6rer genom att de k\u00e4nner till <a href=\"https:\/\/sharecontrol.io\/sv\/ifrs-16-sv\/vad-ar-ifrs-16\/\">IFRS 16<\/a>. Aker Solutions har \u00e5terigen bidragit ur ett anv\u00e4ndarperspektiv.<\/p>\n\n\n\n<p>L\u00f6sningen \u00e4r enkel, intuitiv och flexibel d\u00e4r du alltid kan se var data kommer ifr\u00e5n.<\/p>\n\n\n<h3 class=\"wp-block-heading\" id=\"hur-blev-du-kund-pa-share-control\">Hur blev du kund p\u00e5 Share Control?<\/h3>\n\n\n<p>Vi startade samarbetet med en pilot redan 2017. Det var ett tillf\u00e4lle att utv\u00e4rdera Share Control i f\u00f6rh\u00e5llande till att bygga en skr\u00e4ddarsydd l\u00f6sning i Microsoft Excel.<\/p>\n\n\n\n<p>S\u00e5 vi har varit p\u00e5 hela resan tillsammans, fr\u00e5n 0 kunder till Share Control idag med mer \u00e4n 60 kunder.<\/p>\n\n\n<h3 class=\"wp-block-heading\" id=\"pa-vilket-satt-levererar-vi-varde-till-dig\">P\u00e5 vilket s\u00e4tt levererar vi v\u00e4rde till dig?<\/h3>\n\n\n<p>ShareControl <a href=\"https:\/\/sharecontrol.io\/sv\/produkter\/ifrs-16-system\/\">IFRS 16-systemet<\/a> s\u00e4kerst\u00e4ller att ber\u00e4kningarna g\u00f6rs. Dessutom uppskattar vi verkligen kategorin \u00c4ndra-fliken! L\u00f6sningen fungerar mycket bra f\u00f6r intern kontroll hos Aker Solutions, samtidigt som det \u00e4r l\u00e4tt f\u00f6r revisorn att se f\u00f6r\u00e4ndringar.<\/p>\n\n\n<h3 class=\"wp-block-heading\" id=\"vad-maste-vi-gora-for-att-fortsatta-samarbetet\">Vad m\u00e5ste vi g\u00f6ra f\u00f6r att forts\u00e4tta samarbetet?<\/h3>\n\n\n<p>Med st\u00e4ndiga f\u00f6rb\u00e4ttringar och en bra dialog om vad vi vill ha i l\u00f6sningen tror vi att samarbetet mellan Share Control och Aker Solutions fungerar mycket bra. Vi anser d\u00e4rf\u00f6r att Share Control b\u00f6r forts\u00e4tta det goda arbete som de redan g\u00f6r.<\/p>\n<\/div><\/div><\/div><\/div><\/div>\n\n<div class=\"wp-block-uagb-image uagb-block-e7452f00 wp-block-uagb-image--layout-default wp-block-uagb-image--effect-static wp-block-uagb-image--align-none\"><figure class=\"wp-block-uagb-image__figure\"><img decoding=\"async\" srcset=\"https:\/\/sharecontrol.io\/wp-content\/uploads\/2023\/10\/Aker-Solutions_Share-Control-1024x536.jpg ,https:\/\/sharecontrol.io\/wp-content\/uploads\/2023\/10\/Aker-Solutions_Share-Control.jpg 780w, https:\/\/sharecontrol.io\/wp-content\/uploads\/2023\/10\/Aker-Solutions_Share-Control.jpg 360w\" sizes=\"auto, (max-width: 480px) 150px\" src=\"https:\/\/sharecontrol.io\/wp-content\/uploads\/2023\/10\/Aker-Solutions_Share-Control-1024x536.jpg\" alt=\"Aker Solutions Logo\" class=\"uag-image-10210\" width=\"1024\" height=\"536\" title=\"\" loading=\"lazy\" role=\"img\"><\/figure><\/div>\n","protected":false},"excerpt":{"rendered":"<p>Aker Solutions Aker Solutions \u00e4r ett ledande leverant\u00f6rsf\u00f6retag. F\u00f6retaget levererar integrerade l\u00f6sningar, produkter och tj\u00e4nster till den globala energisektorn. F\u00f6retagets innovativa l\u00f6sningar m\u00f6jligg\u00f6r l\u00e5gkoldioxidproduktion av olja och gas och utveckling av f\u00f6rnybara l\u00f6sningar f\u00f6r att m\u00f6ta framtida energibehov. Produkt: ShareControl IFRS 16 Antal anst\u00e4llda: 11 000<\/p>\n","protected":false},"author":5,"featured_media":7628,"parent":7997,"menu_order":0,"comment_status":"closed","ping_status":"closed","template":"","meta":{"content-type":"","_uag_custom_page_level_css":"","footnotes":""},"class_list":["post-7991","page","type-page","status-publish","has-post-thumbnail"],"yoast_head":"<!-- This site is optimized with the Yoast SEO plugin v27.2 - https:\/\/yoast.com\/product\/yoast-seo-wordpress\/ -->\n<title>Aker Solutions<\/title>\n<meta name=\"description\" content=\"Samarbetet mellan Share Control och Aker Solution har gett f\u00f6rdelar f\u00f6r b\u00e5da f\u00f6retagen. L\u00e4s hur de hade nytta av v\u00e5r IFRS 16-l\u00f6sning.\" \/>\n<meta name=\"robots\" content=\"index, follow, max-snippet:-1, max-image-preview:large, max-video-preview:-1\" \/>\n<link rel=\"canonical\" href=\"https:\/\/sharecontrol.io\/sv\/kundberattelser\/aker-solutions\/\" \/>\n<meta property=\"og:locale\" content=\"sv_SE\" \/>\n<meta property=\"og:type\" content=\"article\" \/>\n<meta property=\"og:title\" content=\"Aker Solutions\" \/>\n<meta property=\"og:description\" content=\"Samarbetet mellan Share Control och Aker Solution har gett f\u00f6rdelar f\u00f6r b\u00e5da f\u00f6retagen. L\u00e4s hur de hade nytta av v\u00e5r IFRS 16-l\u00f6sning.\" \/>\n<meta property=\"og:url\" content=\"https:\/\/sharecontrol.io\/sv\/kundberattelser\/aker-solutions\/\" \/>\n<meta property=\"og:site_name\" content=\"ShareControl\" \/>\n<meta property=\"article:modified_time\" content=\"2025-01-13T07:53:32+00:00\" \/>\n<meta property=\"og:image\" content=\"https:\/\/sharecontrol.io\/wp-content\/uploads\/2022\/06\/Aker-Solutions-logo-ref.jpeg\" \/>\n\t<meta property=\"og:image:width\" content=\"873\" \/>\n\t<meta property=\"og:image:height\" content=\"192\" \/>\n\t<meta property=\"og:image:type\" content=\"image\/jpeg\" \/>\n<meta name=\"twitter:card\" content=\"summary_large_image\" \/>\n<meta name=\"twitter:label1\" content=\"Ber\u00e4knad l\u00e4stid\" \/>\n\t<meta name=\"twitter:data1\" content=\"2 minuter\" \/>\n<script type=\"application\/ld+json\" class=\"yoast-schema-graph\">{\"@context\":\"https:\/\/schema.org\",\"@graph\":[{\"@type\":\"WebPage\",\"@id\":\"https:\/\/sharecontrol.io\/sv\/kundberattelser\/aker-solutions\/\",\"url\":\"https:\/\/sharecontrol.io\/sv\/kundberattelser\/aker-solutions\/\",\"name\":\"Aker Solutions\",\"isPartOf\":{\"@id\":\"https:\/\/sharecontrol.io\/sv\/#website\"},\"primaryImageOfPage\":{\"@id\":\"https:\/\/sharecontrol.io\/sv\/kundberattelser\/aker-solutions\/#primaryimage\"},\"image\":{\"@id\":\"https:\/\/sharecontrol.io\/sv\/kundberattelser\/aker-solutions\/#primaryimage\"},\"thumbnailUrl\":\"https:\/\/sharecontrol.io\/wp-content\/uploads\/2022\/06\/Aker-Solutions-logo-ref.jpeg\",\"datePublished\":\"2022-06-27T12:05:20+00:00\",\"dateModified\":\"2025-01-13T07:53:32+00:00\",\"description\":\"Samarbetet mellan Share Control och Aker Solution har gett f\u00f6rdelar f\u00f6r b\u00e5da f\u00f6retagen. L\u00e4s hur de hade nytta av v\u00e5r IFRS 16-l\u00f6sning.\",\"breadcrumb\":{\"@id\":\"https:\/\/sharecontrol.io\/sv\/kundberattelser\/aker-solutions\/#breadcrumb\"},\"inLanguage\":\"sv-SE\",\"potentialAction\":[{\"@type\":\"ReadAction\",\"target\":[\"https:\/\/sharecontrol.io\/sv\/kundberattelser\/aker-solutions\/\"]}]},{\"@type\":\"ImageObject\",\"inLanguage\":\"sv-SE\",\"@id\":\"https:\/\/sharecontrol.io\/sv\/kundberattelser\/aker-solutions\/#primaryimage\",\"url\":\"https:\/\/sharecontrol.io\/wp-content\/uploads\/2022\/06\/Aker-Solutions-logo-ref.jpeg\",\"contentUrl\":\"https:\/\/sharecontrol.io\/wp-content\/uploads\/2022\/06\/Aker-Solutions-logo-ref.jpeg\",\"width\":873,\"height\":192,\"caption\":\"Aker-Solutions-logo-ref\"},{\"@type\":\"BreadcrumbList\",\"@id\":\"https:\/\/sharecontrol.io\/sv\/kundberattelser\/aker-solutions\/#breadcrumb\",\"itemListElement\":[{\"@type\":\"ListItem\",\"position\":1,\"name\":\"Home\",\"item\":\"https:\/\/sharecontrol.io\/sv\/\"},{\"@type\":\"ListItem\",\"position\":2,\"name\":\"Kundber\u00e4ttelser\",\"item\":\"https:\/\/sharecontrol.io\/sv\/kundberattelser\/\"},{\"@type\":\"ListItem\",\"position\":3,\"name\":\"Aker Solutions\"}]},{\"@type\":\"WebSite\",\"@id\":\"https:\/\/sharecontrol.io\/sv\/#website\",\"url\":\"https:\/\/sharecontrol.io\/sv\/\",\"name\":\"ShareControl\",\"description\":\"\",\"publisher\":{\"@id\":\"https:\/\/sharecontrol.io\/sv\/#organization\"},\"potentialAction\":[{\"@type\":\"SearchAction\",\"target\":{\"@type\":\"EntryPoint\",\"urlTemplate\":\"https:\/\/sharecontrol.io\/sv\/?s={search_term_string}\"},\"query-input\":{\"@type\":\"PropertyValueSpecification\",\"valueRequired\":true,\"valueName\":\"search_term_string\"}}],\"inLanguage\":\"sv-SE\"},{\"@type\":\"Organization\",\"@id\":\"https:\/\/sharecontrol.io\/sv\/#organization\",\"name\":\"ShareControl\",\"url\":\"https:\/\/sharecontrol.io\/sv\/\",\"logo\":{\"@type\":\"ImageObject\",\"inLanguage\":\"sv-SE\",\"@id\":\"https:\/\/sharecontrol.io\/sv\/#\/schema\/logo\/image\/\",\"url\":\"https:\/\/sharecontrol.io\/wp-content\/uploads\/2022\/05\/cropped-logo-sc-default-minified-small.png\",\"contentUrl\":\"https:\/\/sharecontrol.io\/wp-content\/uploads\/2022\/05\/cropped-logo-sc-default-minified-small.png\",\"width\":900,\"height\":200,\"caption\":\"ShareControl\"},\"image\":{\"@id\":\"https:\/\/sharecontrol.io\/sv\/#\/schema\/logo\/image\/\"}}]}<\/script>\n<!-- \/ Yoast SEO plugin. -->","yoast_head_json":{"title":"Aker Solutions","description":"Samarbetet mellan Share Control och Aker Solution har gett f\u00f6rdelar f\u00f6r b\u00e5da f\u00f6retagen. L\u00e4s hur de hade nytta av v\u00e5r IFRS 16-l\u00f6sning.","robots":{"index":"index","follow":"follow","max-snippet":"max-snippet:-1","max-image-preview":"max-image-preview:large","max-video-preview":"max-video-preview:-1"},"canonical":"https:\/\/sharecontrol.io\/sv\/kundberattelser\/aker-solutions\/","og_locale":"sv_SE","og_type":"article","og_title":"Aker Solutions","og_description":"Samarbetet mellan Share Control och Aker Solution har gett f\u00f6rdelar f\u00f6r b\u00e5da f\u00f6retagen. L\u00e4s hur de hade nytta av v\u00e5r IFRS 16-l\u00f6sning.","og_url":"https:\/\/sharecontrol.io\/sv\/kundberattelser\/aker-solutions\/","og_site_name":"ShareControl","article_modified_time":"2025-01-13T07:53:32+00:00","og_image":[{"width":873,"height":192,"url":"https:\/\/sharecontrol.io\/wp-content\/uploads\/2022\/06\/Aker-Solutions-logo-ref.jpeg","type":"image\/jpeg"}],"twitter_card":"summary_large_image","twitter_misc":{"Ber\u00e4knad l\u00e4stid":"2 minuter"},"schema":{"@context":"https:\/\/schema.org","@graph":[{"@type":"WebPage","@id":"https:\/\/sharecontrol.io\/sv\/kundberattelser\/aker-solutions\/","url":"https:\/\/sharecontrol.io\/sv\/kundberattelser\/aker-solutions\/","name":"Aker Solutions","isPartOf":{"@id":"https:\/\/sharecontrol.io\/sv\/#website"},"primaryImageOfPage":{"@id":"https:\/\/sharecontrol.io\/sv\/kundberattelser\/aker-solutions\/#primaryimage"},"image":{"@id":"https:\/\/sharecontrol.io\/sv\/kundberattelser\/aker-solutions\/#primaryimage"},"thumbnailUrl":"https:\/\/sharecontrol.io\/wp-content\/uploads\/2022\/06\/Aker-Solutions-logo-ref.jpeg","datePublished":"2022-06-27T12:05:20+00:00","dateModified":"2025-01-13T07:53:32+00:00","description":"Samarbetet mellan Share Control och Aker Solution har gett f\u00f6rdelar f\u00f6r b\u00e5da f\u00f6retagen. L\u00e4s hur de hade nytta av v\u00e5r IFRS 16-l\u00f6sning.","breadcrumb":{"@id":"https:\/\/sharecontrol.io\/sv\/kundberattelser\/aker-solutions\/#breadcrumb"},"inLanguage":"sv-SE","potentialAction":[{"@type":"ReadAction","target":["https:\/\/sharecontrol.io\/sv\/kundberattelser\/aker-solutions\/"]}]},{"@type":"ImageObject","inLanguage":"sv-SE","@id":"https:\/\/sharecontrol.io\/sv\/kundberattelser\/aker-solutions\/#primaryimage","url":"https:\/\/sharecontrol.io\/wp-content\/uploads\/2022\/06\/Aker-Solutions-logo-ref.jpeg","contentUrl":"https:\/\/sharecontrol.io\/wp-content\/uploads\/2022\/06\/Aker-Solutions-logo-ref.jpeg","width":873,"height":192,"caption":"Aker-Solutions-logo-ref"},{"@type":"BreadcrumbList","@id":"https:\/\/sharecontrol.io\/sv\/kundberattelser\/aker-solutions\/#breadcrumb","itemListElement":[{"@type":"ListItem","position":1,"name":"Home","item":"https:\/\/sharecontrol.io\/sv\/"},{"@type":"ListItem","position":2,"name":"Kundber\u00e4ttelser","item":"https:\/\/sharecontrol.io\/sv\/kundberattelser\/"},{"@type":"ListItem","position":3,"name":"Aker Solutions"}]},{"@type":"WebSite","@id":"https:\/\/sharecontrol.io\/sv\/#website","url":"https:\/\/sharecontrol.io\/sv\/","name":"ShareControl","description":"","publisher":{"@id":"https:\/\/sharecontrol.io\/sv\/#organization"},"potentialAction":[{"@type":"SearchAction","target":{"@type":"EntryPoint","urlTemplate":"https:\/\/sharecontrol.io\/sv\/?s={search_term_string}"},"query-input":{"@type":"PropertyValueSpecification","valueRequired":true,"valueName":"search_term_string"}}],"inLanguage":"sv-SE"},{"@type":"Organization","@id":"https:\/\/sharecontrol.io\/sv\/#organization","name":"ShareControl","url":"https:\/\/sharecontrol.io\/sv\/","logo":{"@type":"ImageObject","inLanguage":"sv-SE","@id":"https:\/\/sharecontrol.io\/sv\/#\/schema\/logo\/image\/","url":"https:\/\/sharecontrol.io\/wp-content\/uploads\/2022\/05\/cropped-logo-sc-default-minified-small.png","contentUrl":"https:\/\/sharecontrol.io\/wp-content\/uploads\/2022\/05\/cropped-logo-sc-default-minified-small.png","width":900,"height":200,"caption":"ShareControl"},"image":{"@id":"https:\/\/sharecontrol.io\/sv\/#\/schema\/logo\/image\/"}}]}},"uagb_featured_image_src":{"full":["https:\/\/sharecontrol.io\/wp-content\/uploads\/2022\/06\/Aker-Solutions-logo-ref.jpeg",873,192,false],"thumbnail":["https:\/\/sharecontrol.io\/wp-content\/uploads\/2022\/06\/Aker-Solutions-logo-ref-150x150.jpeg",150,150,true],"medium":["https:\/\/sharecontrol.io\/wp-content\/uploads\/2022\/06\/Aker-Solutions-logo-ref-300x66.jpeg",300,66,true],"medium_large":["https:\/\/sharecontrol.io\/wp-content\/uploads\/2022\/06\/Aker-Solutions-logo-ref-768x169.jpeg",768,169,true],"large":["https:\/\/sharecontrol.io\/wp-content\/uploads\/2022\/06\/Aker-Solutions-logo-ref.jpeg",873,192,false],"1536x1536":["https:\/\/sharecontrol.io\/wp-content\/uploads\/2022\/06\/Aker-Solutions-logo-ref.jpeg",873,192,false],"2048x2048":["https:\/\/sharecontrol.io\/wp-content\/uploads\/2022\/06\/Aker-Solutions-logo-ref.jpeg",873,192,false]},"uagb_author_info":{"display_name":"Ragnar Bryne","author_link":"https:\/\/sharecontrol.io\/sv\/author\/ragnar\/"},"uagb_comment_info":0,"uagb_excerpt":"Aker Solutions Aker Solutions \u00e4r ett ledande leverant\u00f6rsf\u00f6retag. F\u00f6retaget levererar integrerade l\u00f6sningar, produkter och tj\u00e4nster till den globala energisektorn. F\u00f6retagets innovativa l\u00f6sningar m\u00f6jligg\u00f6r l\u00e5gkoldioxidproduktion av olja och gas och utveckling av f\u00f6rnybara l\u00f6sningar f\u00f6r att m\u00f6ta framtida energibehov. Produkt: ShareControl IFRS 16 Antal anst\u00e4llda: 11 000","_links":{"self":[{"href":"https:\/\/sharecontrol.io\/sv\/wp-json\/wp\/v2\/pages\/7991","targetHints":{"allow":["GET"]}}],"collection":[{"href":"https:\/\/sharecontrol.io\/sv\/wp-json\/wp\/v2\/pages"}],"about":[{"href":"https:\/\/sharecontrol.io\/sv\/wp-json\/wp\/v2\/types\/page"}],"author":[{"embeddable":true,"href":"https:\/\/sharecontrol.io\/sv\/wp-json\/wp\/v2\/users\/5"}],"replies":[{"embeddable":true,"href":"https:\/\/sharecontrol.io\/sv\/wp-json\/wp\/v2\/comments?post=7991"}],"version-history":[{"count":10,"href":"https:\/\/sharecontrol.io\/sv\/wp-json\/wp\/v2\/pages\/7991\/revisions"}],"predecessor-version":[{"id":15731,"href":"https:\/\/sharecontrol.io\/sv\/wp-json\/wp\/v2\/pages\/7991\/revisions\/15731"}],"up":[{"embeddable":true,"href":"https:\/\/sharecontrol.io\/sv\/wp-json\/wp\/v2\/pages\/7997"}],"wp:featuredmedia":[{"embeddable":true,"href":"https:\/\/sharecontrol.io\/sv\/wp-json\/wp\/v2\/media\/7628"}],"wp:attachment":[{"href":"https:\/\/sharecontrol.io\/sv\/wp-json\/wp\/v2\/media?parent=7991"}],"curies":[{"name":"wp","href":"https:\/\/api.w.org\/{rel}","templated":true}]}}