{"id":7997,"date":"2022-06-27T11:58:42","date_gmt":"2022-06-27T11:58:42","guid":{"rendered":"https:\/\/sharecontrol.io\/kundberattelser\/"},"modified":"2025-01-13T08:32:59","modified_gmt":"2025-01-13T08:32:59","slug":"kundberattelser","status":"publish","type":"page","link":"https:\/\/sharecontrol.io\/sv\/kundberattelser\/","title":{"rendered":"Kundber\u00e4ttelser"},"content":{"rendered":"<h1 class=\"wp-block-heading\" id=\"kundberattelser\">Kundber\u00e4ttelser<\/h1>\n\n\n<p>Share Control har sedan 2014 levererat l\u00f6sningar f\u00f6r dokument- och avtalshantering inom olika \u00e4mnesomr\u00e5den f\u00f6r f\u00f6retagsmarknaden. V\u00e5ra l\u00f6sningar \u00e4r utvecklade p\u00e5 Microsofts moderna molnplattform <a href=\"https:\/\/www.microsoft365.com\" target=\"_blank\" rel=\"noreferrer noopener\">Microsoft 365<\/a>. Se vad v\u00e5ra kunder s\u00e4ger om oss och v\u00e5ra l\u00f6sningar i v\u00e5ra kundber\u00e4ttelser.<\/p>\n\n\n\n<div style=\"height:100px\" aria-hidden=\"true\" class=\"wp-block-spacer\"><\/div>\n\n\n<div class=\"gb-container gb-container-60303c98\"><div class=\"gb-inside-container\">\n\n<figure class=\"wp-block-image size-full uag-hide-desktop uag-hide-tab\"><img decoding=\"async\" width=\"873\" height=\"192\" src=\"https:\/\/sharecontrol.io\/wp-content\/uploads\/2022\/06\/Aker-Solutions-logo-ref.jpeg\" alt=\"\" class=\"wp-image-6910\" srcset=\"https:\/\/sharecontrol.io\/wp-content\/uploads\/2022\/06\/Aker-Solutions-logo-ref.jpeg 873w, https:\/\/sharecontrol.io\/wp-content\/uploads\/2022\/06\/Aker-Solutions-logo-ref-300x66.jpeg 300w, https:\/\/sharecontrol.io\/wp-content\/uploads\/2022\/06\/Aker-Solutions-logo-ref-768x169.jpeg 768w\" sizes=\"(max-width: 873px) 100vw, 873px\" \/><\/figure>\n\n\n\n<div class=\"wp-block-columns is-layout-flex wp-container-core-columns-is-layout-9d6595d7 wp-block-columns-is-layout-flex\">\n<div class=\"wp-block-column is-layout-flow wp-block-column-is-layout-flow\"><h2 class=\"wp-block-heading\" id=\"aker-solutions\">Aker Solutions<\/h2>\n\n\n<p><strong>Produkt<\/strong>: <a href=\"https:\/\/sharecontrol.io\/sv\/produkter\/ifrs-16-system\/\">ShareControl IFRS 16<\/a><\/p>\n\n\n\n<p>\u201dShare Controls styrka \u00e4r att deras IFRS 16-system och professionella expertis ger oss sinnesfrid\u201d.<\/p>\n\n\n<div class=\"gb-button-wrapper gb-button-wrapper-a9ecfcf8\">\n\n<a class=\"gb-button gb-button-388980d5\" href=\"https:\/\/sharecontrol.io\/sv\/kundberattelser\/aker-solutions\/\"><span class=\"gb-button-text\">L\u00e4s mer h\u00e4r<\/span><span class=\"gb-icon\"><svg xmlns=\"https:\/\/www.w3.org\/2000\/svg\" viewBox=\"0 0 16 16\" class=\"bi bi-arrow-right-short\" fill=\"currentColor\" height=\"16\" width=\"16\">   <path d=\"M4 8a.5.5 0 0 1 .5-.5h5.793L8.146 5.354a.5.5 0 1 1 .708-.708l3 3a.5.5 0 0 1 0 .708l-3 3a.5.5 0 0 1-.708-.708L10.293 8.5H4.5A.5.5 0 0 1 4 8z\" fill-rule=\"evenodd\"><\/path> <\/svg><\/span><\/a>\n\n<\/div><\/div>\n\n\n\n<div class=\"wp-block-column is-layout-flow wp-block-column-is-layout-flow\">\n<figure class=\"wp-block-image size-full uag-hide-mob\"><img decoding=\"async\" width=\"873\" height=\"192\" src=\"https:\/\/sharecontrol.io\/wp-content\/uploads\/2022\/06\/Aker-Solutions-logo-ref.jpeg\" alt=\"\" class=\"wp-image-6910\" srcset=\"https:\/\/sharecontrol.io\/wp-content\/uploads\/2022\/06\/Aker-Solutions-logo-ref.jpeg 873w, https:\/\/sharecontrol.io\/wp-content\/uploads\/2022\/06\/Aker-Solutions-logo-ref-300x66.jpeg 300w, https:\/\/sharecontrol.io\/wp-content\/uploads\/2022\/06\/Aker-Solutions-logo-ref-768x169.jpeg 768w\" sizes=\"(max-width: 873px) 100vw, 873px\" \/><\/figure>\n<\/div>\n<\/div>\n\n<\/div><\/div>\n\n\n<div style=\"height:30px\" aria-hidden=\"true\" class=\"wp-block-spacer\"><\/div>\n\n\n\n<div class=\"wp-block-cover alignfull\"><span aria-hidden=\"true\" class=\"wp-block-cover__background has-base-2-background-color has-background-dim-100 has-background-dim\"><\/span><div class=\"wp-block-cover__inner-container is-layout-flow wp-block-cover-is-layout-flow\"><div class=\"gb-container gb-container-260092b4\"><div class=\"gb-inside-container\">\n\n<div class=\"wp-block-columns is-layout-flex wp-container-core-columns-is-layout-9d6595d7 wp-block-columns-is-layout-flex\">\n<div class=\"wp-block-column is-layout-flow wp-block-column-is-layout-flow\">\n<figure class=\"wp-block-image size-large is-resized\"><img decoding=\"async\" src=\"https:\/\/sharecontrol.io\/wp-content\/uploads\/2023\/11\/Fexco_Logo_ShareControl_Customer_referance.png\" alt=\"\"\/><\/figure>\n<\/div>\n\n\n\n<div class=\"wp-block-column has-contrast-color has-text-color is-layout-flow wp-block-column-is-layout-flow\"><h2 class=\"wp-block-heading\" id=\"fexco\">Fexco<\/h2>\n\n\n<p><strong>Produkt<\/strong>: <a href=\"https:\/\/sharecontrol.io\/sv\/produkter\/ifrs-16-system\/\">ShareControl IFRS 16<\/a><\/p>\n\n\n\n<p>&#8221;Share Control har utvecklat ett anv\u00e4ndarv\u00e4nligt IFRS 16-system som uppfyller v\u00e5ra rapporteringsskyldigheter enligt IFRS 16&#8221;.<\/p>\n\n\n<div class=\"gb-button-wrapper gb-button-wrapper-d3fb8420\">\n\n<a class=\"gb-button gb-button-739c932f\" href=\"https:\/\/sharecontrol.io\/sv\/kundberattelser\/fexco\/\"><span class=\"gb-button-text\">L\u00e4s mer h\u00e4r<\/span><span class=\"gb-icon\"><svg xmlns=\"https:\/\/www.w3.org\/2000\/svg\" viewBox=\"0 0 16 16\" class=\"bi bi-arrow-right-short\" fill=\"currentColor\" height=\"16\" width=\"16\">   <path d=\"M4 8a.5.5 0 0 1 .5-.5h5.793L8.146 5.354a.5.5 0 1 1 .708-.708l3 3a.5.5 0 0 1 0 .708l-3 3a.5.5 0 0 1-.708-.708L10.293 8.5H4.5A.5.5 0 0 1 4 8z\" fill-rule=\"evenodd\"><\/path> <\/svg><\/span><\/a>\n\n<\/div><\/div>\n<\/div>\n\n<\/div><\/div><\/div><\/div>\n\n\n\n<div style=\"height:30px\" aria-hidden=\"true\" class=\"wp-block-spacer\"><\/div>\n\n\n<div class=\"gb-container gb-container-5b5a2abe\"><div class=\"gb-inside-container\">\n\n<figure class=\"wp-block-image size-large uag-hide-desktop uag-hide-tab\"><img decoding=\"async\" src=\"https:\/\/sharecontrol.io\/wp-content\/uploads\/2023\/11\/frosunda-logo.webp\" alt=\"Fexco logo\"\/><\/figure>\n\n\n\n<div class=\"wp-block-columns is-layout-flex wp-container-core-columns-is-layout-9d6595d7 wp-block-columns-is-layout-flex\">\n<div class=\"wp-block-column is-layout-flow wp-block-column-is-layout-flow\"><h2 class=\"wp-block-heading\" id=\"frosunda\">Fr\u00f6sunda<\/h2>\n\n\n<p><strong>Produkt<\/strong>: <a href=\"https:\/\/sharecontrol.io\/sv\/produkter\/ifrs-16-system\/\">ShareControl IFRS 16<\/a><\/p>\n\n\n\n<p>&#8221;Det m\u00e4rks att Share Controls IFRS 16-l\u00f6sning utvecklats av revisorer som har funderat p\u00e5 Audit trail\u201d.<\/p>\n\n\n<div class=\"gb-button-wrapper gb-button-wrapper-64bf1d7c\">\n\n<a class=\"gb-button gb-button-e3638952\" href=\"https:\/\/sharecontrol.io\/sv\/kundberattelser\/frosunda\/\"><span class=\"gb-button-text\">L\u00e4s mer h\u00e4r<\/span><span class=\"gb-icon\"><svg xmlns=\"https:\/\/www.w3.org\/2000\/svg\" viewBox=\"0 0 16 16\" class=\"bi bi-arrow-right-short\" fill=\"currentColor\" height=\"16\" width=\"16\">   <path d=\"M4 8a.5.5 0 0 1 .5-.5h5.793L8.146 5.354a.5.5 0 1 1 .708-.708l3 3a.5.5 0 0 1 0 .708l-3 3a.5.5 0 0 1-.708-.708L10.293 8.5H4.5A.5.5 0 0 1 4 8z\" fill-rule=\"evenodd\"><\/path> <\/svg><\/span><\/a>\n\n<\/div><\/div>\n\n\n\n<div class=\"wp-block-column is-layout-flow wp-block-column-is-layout-flow\">\n<figure class=\"wp-block-image size-large uag-hide-mob\"><img decoding=\"async\" src=\"https:\/\/sharecontrol.io\/wp-content\/uploads\/2023\/11\/frosunda-logo.webp\" alt=\"Fexco logo\"\/><\/figure>\n<\/div>\n<\/div>\n\n<\/div><\/div>\n\n\n<div style=\"height:30px\" aria-hidden=\"true\" class=\"wp-block-spacer\"><\/div>\n\n\n\n<div class=\"wp-block-cover alignfull\"><span aria-hidden=\"true\" class=\"wp-block-cover__background has-base-2-background-color has-background-dim-100 has-background-dim\"><\/span><div class=\"wp-block-cover__inner-container is-layout-flow wp-block-cover-is-layout-flow\"><div class=\"gb-container gb-container-3218c5fe\"><div class=\"gb-inside-container\">\n\n<div class=\"wp-block-columns is-layout-flex wp-container-core-columns-is-layout-9d6595d7 wp-block-columns-is-layout-flex\">\n<div class=\"wp-block-column is-layout-flow wp-block-column-is-layout-flow\">\n<figure class=\"wp-block-image size-large is-resized\"><img decoding=\"async\" src=\"https:\/\/sharecontrol.io\/wp-content\/uploads\/2024\/09\/ININ-logo.svg\" alt=\"Fr\u00f6sunda Logo\n\"\/><\/figure>\n<\/div>\n\n\n\n<div class=\"wp-block-column has-contrast-color has-text-color is-layout-flow wp-block-column-is-layout-flow\"><h2 class=\"wp-block-heading\" id=\"inin-group-as\">Inin Group AS<\/h2>\n\n\n<p><strong>Produkt<\/strong>: <a href=\"https:\/\/sharecontrol.io\/sv\/produkter\/ifrs-16-system\/\">ShareControl IFRS 16<\/a><\/p>\n\n\n\n<p>&#8221;Share Control har utvecklat ett anv\u00e4ndarv\u00e4nligt IFRS 16-system som uppfyller v\u00e5ra rapporteringsskyldigheter enligt IFRS 16&#8221;.<\/p>\n\n\n<div class=\"gb-button-wrapper gb-button-wrapper-a93ef5c8\">\n\n<a class=\"gb-button gb-button-746db80f\" href=\"https:\/\/sharecontrol.io\/sv\/kundberattelser\/inin-group-as\/\"><span class=\"gb-button-text\">L\u00e4s mer h\u00e4r<\/span><span class=\"gb-icon\"><svg xmlns=\"https:\/\/www.w3.org\/2000\/svg\" viewBox=\"0 0 16 16\" class=\"bi bi-arrow-right-short\" fill=\"currentColor\" height=\"16\" width=\"16\">   <path d=\"M4 8a.5.5 0 0 1 .5-.5h5.793L8.146 5.354a.5.5 0 1 1 .708-.708l3 3a.5.5 0 0 1 0 .708l-3 3a.5.5 0 0 1-.708-.708L10.293 8.5H4.5A.5.5 0 0 1 4 8z\" fill-rule=\"evenodd\"><\/path> <\/svg><\/span><\/a>\n\n<\/div><\/div>\n<\/div>\n\n<\/div><\/div><\/div><\/div>\n\n\n\n<div style=\"height:30px\" aria-hidden=\"true\" class=\"wp-block-spacer\"><\/div>\n","protected":false},"excerpt":{"rendered":"<p>Kundber\u00e4ttelser Share Control har sedan 2014 levererat l\u00f6sningar f\u00f6r dokument- och avtalshantering inom olika \u00e4mnesomr\u00e5den f\u00f6r f\u00f6retagsmarknaden. V\u00e5ra l\u00f6sningar \u00e4r utvecklade p\u00e5 Microsofts moderna molnplattform Microsoft 365. Se vad v\u00e5ra kunder s\u00e4ger om oss och v\u00e5ra l\u00f6sningar i v\u00e5ra kundber\u00e4ttelser. Aker Solutions Produkt: ShareControl IFRS 16 \u201dShare Controls styrka \u00e4r att deras IFRS 16-system och &#8230; <a title=\"Kundber\u00e4ttelser\" class=\"read-more\" href=\"https:\/\/sharecontrol.io\/sv\/kundberattelser\/\" aria-label=\"L\u00e4s mer om Kundber\u00e4ttelser\">L\u00e4s mer<\/a><\/p>\n","protected":false},"author":5,"featured_media":12007,"parent":0,"menu_order":0,"comment_status":"closed","ping_status":"closed","template":"","meta":{"content-type":"","_uag_custom_page_level_css":"","footnotes":""},"class_list":["post-7997","page","type-page","status-publish","has-post-thumbnail"],"yoast_head":"<!-- This site is optimized with the Yoast SEO plugin v27.2 - https:\/\/yoast.com\/product\/yoast-seo-wordpress\/ -->\n<title>Kundber\u00e4ttelser<\/title>\n<meta name=\"description\" content=\"Kundber\u00e4ttelser | Share Control har sedan 2014 levererat l\u00f6sningar f\u00f6r dokument- och avtalshantering. L\u00e4s vad v\u00e5ra kunder s\u00e4ger h\u00e4r.\" \/>\n<meta name=\"robots\" content=\"index, follow, max-snippet:-1, max-image-preview:large, max-video-preview:-1\" \/>\n<link rel=\"canonical\" href=\"https:\/\/sharecontrol.io\/sv\/kundberattelser\/\" \/>\n<meta property=\"og:locale\" content=\"sv_SE\" \/>\n<meta property=\"og:type\" content=\"article\" \/>\n<meta property=\"og:title\" content=\"Kundber\u00e4ttelser\" \/>\n<meta property=\"og:description\" content=\"Kundber\u00e4ttelser | Share Control har sedan 2014 levererat l\u00f6sningar f\u00f6r dokument- och avtalshantering. L\u00e4s vad v\u00e5ra kunder s\u00e4ger h\u00e4r.\" \/>\n<meta property=\"og:url\" content=\"https:\/\/sharecontrol.io\/sv\/kundberattelser\/\" \/>\n<meta property=\"og:site_name\" content=\"ShareControl\" \/>\n<meta property=\"article:modified_time\" content=\"2025-01-13T08:32:59+00:00\" \/>\n<meta property=\"og:image\" content=\"https:\/\/sharecontrol.io\/wp-content\/uploads\/2023\/11\/Kundereferanser_Sharecontrol.jpg\" \/>\n\t<meta property=\"og:image:width\" content=\"2400\" \/>\n\t<meta property=\"og:image:height\" content=\"1256\" \/>\n\t<meta property=\"og:image:type\" content=\"image\/jpeg\" \/>\n<meta name=\"twitter:card\" content=\"summary_large_image\" \/>\n<meta name=\"twitter:label1\" content=\"Ber\u00e4knad l\u00e4stid\" \/>\n\t<meta name=\"twitter:data1\" content=\"2 minuter\" \/>\n<script type=\"application\/ld+json\" class=\"yoast-schema-graph\">{\"@context\":\"https:\/\/schema.org\",\"@graph\":[{\"@type\":\"WebPage\",\"@id\":\"https:\/\/sharecontrol.io\/sv\/kundberattelser\/\",\"url\":\"https:\/\/sharecontrol.io\/sv\/kundberattelser\/\",\"name\":\"Kundber\u00e4ttelser\",\"isPartOf\":{\"@id\":\"https:\/\/sharecontrol.io\/sv\/#website\"},\"primaryImageOfPage\":{\"@id\":\"https:\/\/sharecontrol.io\/sv\/kundberattelser\/#primaryimage\"},\"image\":{\"@id\":\"https:\/\/sharecontrol.io\/sv\/kundberattelser\/#primaryimage\"},\"thumbnailUrl\":\"https:\/\/sharecontrol.io\/wp-content\/uploads\/2023\/12\/Share_control_customer_stories.jpg\",\"datePublished\":\"2022-06-27T11:58:42+00:00\",\"dateModified\":\"2025-01-13T08:32:59+00:00\",\"description\":\"Kundber\u00e4ttelser | Share Control har sedan 2014 levererat l\u00f6sningar f\u00f6r dokument- och avtalshantering. L\u00e4s vad v\u00e5ra kunder s\u00e4ger h\u00e4r.\",\"breadcrumb\":{\"@id\":\"https:\/\/sharecontrol.io\/sv\/kundberattelser\/#breadcrumb\"},\"inLanguage\":\"sv-SE\",\"potentialAction\":[{\"@type\":\"ReadAction\",\"target\":[\"https:\/\/sharecontrol.io\/sv\/kundberattelser\/\"]}]},{\"@type\":\"ImageObject\",\"inLanguage\":\"sv-SE\",\"@id\":\"https:\/\/sharecontrol.io\/sv\/kundberattelser\/#primaryimage\",\"url\":\"https:\/\/sharecontrol.io\/wp-content\/uploads\/2023\/12\/Share_control_customer_stories.jpg\",\"contentUrl\":\"https:\/\/sharecontrol.io\/wp-content\/uploads\/2023\/12\/Share_control_customer_stories.jpg\",\"width\":800,\"height\":500},{\"@type\":\"BreadcrumbList\",\"@id\":\"https:\/\/sharecontrol.io\/sv\/kundberattelser\/#breadcrumb\",\"itemListElement\":[{\"@type\":\"ListItem\",\"position\":1,\"name\":\"Home\",\"item\":\"https:\/\/sharecontrol.io\/sv\/\"},{\"@type\":\"ListItem\",\"position\":2,\"name\":\"Kundber\u00e4ttelser\"}]},{\"@type\":\"WebSite\",\"@id\":\"https:\/\/sharecontrol.io\/sv\/#website\",\"url\":\"https:\/\/sharecontrol.io\/sv\/\",\"name\":\"ShareControl\",\"description\":\"\",\"publisher\":{\"@id\":\"https:\/\/sharecontrol.io\/sv\/#organization\"},\"potentialAction\":[{\"@type\":\"SearchAction\",\"target\":{\"@type\":\"EntryPoint\",\"urlTemplate\":\"https:\/\/sharecontrol.io\/sv\/?s={search_term_string}\"},\"query-input\":{\"@type\":\"PropertyValueSpecification\",\"valueRequired\":true,\"valueName\":\"search_term_string\"}}],\"inLanguage\":\"sv-SE\"},{\"@type\":\"Organization\",\"@id\":\"https:\/\/sharecontrol.io\/sv\/#organization\",\"name\":\"ShareControl\",\"url\":\"https:\/\/sharecontrol.io\/sv\/\",\"logo\":{\"@type\":\"ImageObject\",\"inLanguage\":\"sv-SE\",\"@id\":\"https:\/\/sharecontrol.io\/sv\/#\/schema\/logo\/image\/\",\"url\":\"https:\/\/sharecontrol.io\/wp-content\/uploads\/2022\/05\/cropped-logo-sc-default-minified-small.png\",\"contentUrl\":\"https:\/\/sharecontrol.io\/wp-content\/uploads\/2022\/05\/cropped-logo-sc-default-minified-small.png\",\"width\":900,\"height\":200,\"caption\":\"ShareControl\"},\"image\":{\"@id\":\"https:\/\/sharecontrol.io\/sv\/#\/schema\/logo\/image\/\"}}]}<\/script>\n<!-- \/ Yoast SEO plugin. -->","yoast_head_json":{"title":"Kundber\u00e4ttelser","description":"Kundber\u00e4ttelser | Share Control har sedan 2014 levererat l\u00f6sningar f\u00f6r dokument- och avtalshantering. L\u00e4s vad v\u00e5ra kunder s\u00e4ger h\u00e4r.","robots":{"index":"index","follow":"follow","max-snippet":"max-snippet:-1","max-image-preview":"max-image-preview:large","max-video-preview":"max-video-preview:-1"},"canonical":"https:\/\/sharecontrol.io\/sv\/kundberattelser\/","og_locale":"sv_SE","og_type":"article","og_title":"Kundber\u00e4ttelser","og_description":"Kundber\u00e4ttelser | Share Control har sedan 2014 levererat l\u00f6sningar f\u00f6r dokument- och avtalshantering. L\u00e4s vad v\u00e5ra kunder s\u00e4ger h\u00e4r.","og_url":"https:\/\/sharecontrol.io\/sv\/kundberattelser\/","og_site_name":"ShareControl","article_modified_time":"2025-01-13T08:32:59+00:00","og_image":[{"width":2400,"height":1256,"url":"https:\/\/sharecontrol.io\/wp-content\/uploads\/2023\/11\/Kundereferanser_Sharecontrol.jpg","type":"image\/jpeg"}],"twitter_card":"summary_large_image","twitter_misc":{"Ber\u00e4knad l\u00e4stid":"2 minuter"},"schema":{"@context":"https:\/\/schema.org","@graph":[{"@type":"WebPage","@id":"https:\/\/sharecontrol.io\/sv\/kundberattelser\/","url":"https:\/\/sharecontrol.io\/sv\/kundberattelser\/","name":"Kundber\u00e4ttelser","isPartOf":{"@id":"https:\/\/sharecontrol.io\/sv\/#website"},"primaryImageOfPage":{"@id":"https:\/\/sharecontrol.io\/sv\/kundberattelser\/#primaryimage"},"image":{"@id":"https:\/\/sharecontrol.io\/sv\/kundberattelser\/#primaryimage"},"thumbnailUrl":"https:\/\/sharecontrol.io\/wp-content\/uploads\/2023\/12\/Share_control_customer_stories.jpg","datePublished":"2022-06-27T11:58:42+00:00","dateModified":"2025-01-13T08:32:59+00:00","description":"Kundber\u00e4ttelser | Share Control har sedan 2014 levererat l\u00f6sningar f\u00f6r dokument- och avtalshantering. L\u00e4s vad v\u00e5ra kunder s\u00e4ger h\u00e4r.","breadcrumb":{"@id":"https:\/\/sharecontrol.io\/sv\/kundberattelser\/#breadcrumb"},"inLanguage":"sv-SE","potentialAction":[{"@type":"ReadAction","target":["https:\/\/sharecontrol.io\/sv\/kundberattelser\/"]}]},{"@type":"ImageObject","inLanguage":"sv-SE","@id":"https:\/\/sharecontrol.io\/sv\/kundberattelser\/#primaryimage","url":"https:\/\/sharecontrol.io\/wp-content\/uploads\/2023\/12\/Share_control_customer_stories.jpg","contentUrl":"https:\/\/sharecontrol.io\/wp-content\/uploads\/2023\/12\/Share_control_customer_stories.jpg","width":800,"height":500},{"@type":"BreadcrumbList","@id":"https:\/\/sharecontrol.io\/sv\/kundberattelser\/#breadcrumb","itemListElement":[{"@type":"ListItem","position":1,"name":"Home","item":"https:\/\/sharecontrol.io\/sv\/"},{"@type":"ListItem","position":2,"name":"Kundber\u00e4ttelser"}]},{"@type":"WebSite","@id":"https:\/\/sharecontrol.io\/sv\/#website","url":"https:\/\/sharecontrol.io\/sv\/","name":"ShareControl","description":"","publisher":{"@id":"https:\/\/sharecontrol.io\/sv\/#organization"},"potentialAction":[{"@type":"SearchAction","target":{"@type":"EntryPoint","urlTemplate":"https:\/\/sharecontrol.io\/sv\/?s={search_term_string}"},"query-input":{"@type":"PropertyValueSpecification","valueRequired":true,"valueName":"search_term_string"}}],"inLanguage":"sv-SE"},{"@type":"Organization","@id":"https:\/\/sharecontrol.io\/sv\/#organization","name":"ShareControl","url":"https:\/\/sharecontrol.io\/sv\/","logo":{"@type":"ImageObject","inLanguage":"sv-SE","@id":"https:\/\/sharecontrol.io\/sv\/#\/schema\/logo\/image\/","url":"https:\/\/sharecontrol.io\/wp-content\/uploads\/2022\/05\/cropped-logo-sc-default-minified-small.png","contentUrl":"https:\/\/sharecontrol.io\/wp-content\/uploads\/2022\/05\/cropped-logo-sc-default-minified-small.png","width":900,"height":200,"caption":"ShareControl"},"image":{"@id":"https:\/\/sharecontrol.io\/sv\/#\/schema\/logo\/image\/"}}]}},"uagb_featured_image_src":{"full":["https:\/\/sharecontrol.io\/wp-content\/uploads\/2023\/12\/Share_control_customer_stories.jpg",800,500,false],"thumbnail":["https:\/\/sharecontrol.io\/wp-content\/uploads\/2023\/12\/Share_control_customer_stories-150x150.jpg",150,150,true],"medium":["https:\/\/sharecontrol.io\/wp-content\/uploads\/2023\/12\/Share_control_customer_stories-300x188.jpg",300,188,true],"medium_large":["https:\/\/sharecontrol.io\/wp-content\/uploads\/2023\/12\/Share_control_customer_stories-768x480.jpg",768,480,true],"large":["https:\/\/sharecontrol.io\/wp-content\/uploads\/2023\/12\/Share_control_customer_stories.jpg",800,500,false],"1536x1536":["https:\/\/sharecontrol.io\/wp-content\/uploads\/2023\/12\/Share_control_customer_stories.jpg",800,500,false],"2048x2048":["https:\/\/sharecontrol.io\/wp-content\/uploads\/2023\/12\/Share_control_customer_stories.jpg",800,500,false]},"uagb_author_info":{"display_name":"Ragnar Bryne","author_link":"https:\/\/sharecontrol.io\/sv\/author\/ragnar\/"},"uagb_comment_info":0,"uagb_excerpt":"Kundber\u00e4ttelser Share Control har sedan 2014 levererat l\u00f6sningar f\u00f6r dokument- och avtalshantering inom olika \u00e4mnesomr\u00e5den f\u00f6r f\u00f6retagsmarknaden. V\u00e5ra l\u00f6sningar \u00e4r utvecklade p\u00e5 Microsofts moderna molnplattform Microsoft 365. Se vad v\u00e5ra kunder s\u00e4ger om oss och v\u00e5ra l\u00f6sningar i v\u00e5ra kundber\u00e4ttelser. Aker Solutions Produkt: ShareControl IFRS 16 \u201dShare Controls styrka \u00e4r att deras IFRS 16-system och&hellip;","_links":{"self":[{"href":"https:\/\/sharecontrol.io\/sv\/wp-json\/wp\/v2\/pages\/7997","targetHints":{"allow":["GET"]}}],"collection":[{"href":"https:\/\/sharecontrol.io\/sv\/wp-json\/wp\/v2\/pages"}],"about":[{"href":"https:\/\/sharecontrol.io\/sv\/wp-json\/wp\/v2\/types\/page"}],"author":[{"embeddable":true,"href":"https:\/\/sharecontrol.io\/sv\/wp-json\/wp\/v2\/users\/5"}],"replies":[{"embeddable":true,"href":"https:\/\/sharecontrol.io\/sv\/wp-json\/wp\/v2\/comments?post=7997"}],"version-history":[{"count":15,"href":"https:\/\/sharecontrol.io\/sv\/wp-json\/wp\/v2\/pages\/7997\/revisions"}],"predecessor-version":[{"id":15750,"href":"https:\/\/sharecontrol.io\/sv\/wp-json\/wp\/v2\/pages\/7997\/revisions\/15750"}],"wp:featuredmedia":[{"embeddable":true,"href":"https:\/\/sharecontrol.io\/sv\/wp-json\/wp\/v2\/media\/12007"}],"wp:attachment":[{"href":"https:\/\/sharecontrol.io\/sv\/wp-json\/wp\/v2\/media?parent=7997"}],"curies":[{"name":"wp","href":"https:\/\/api.w.org\/{rel}","templated":true}]}}