{"id":8003,"date":"2022-06-27T12:12:53","date_gmt":"2022-06-27T12:12:53","guid":{"rendered":"https:\/\/sharecontrol.io\/kundberattelser\/frosunda\/"},"modified":"2025-01-13T07:55:21","modified_gmt":"2025-01-13T07:55:21","slug":"frosunda","status":"publish","type":"page","link":"https:\/\/sharecontrol.io\/sv\/kundberattelser\/frosunda\/","title":{"rendered":"Fr\u00f6sunda"},"content":{"rendered":"<div class=\"gb-container gb-container-84599a7f\">\n<h1 class=\"wp-block-heading\" id=\"frosunda\">Fr\u00f6sunda<\/h1>\n\n\n<p>Fr\u00f6sunda \u00e4r en av Sveriges ledande akt\u00f6rer inom omsorg. Med ett starkt engagemang, r\u00e4tt st\u00f6d och hj\u00e4lp g\u00f6r de stor skillnad f\u00f6r de m\u00e4nniskor som beh\u00f6ver det mest. Bolagets verksamhetsomr\u00e5den \u00e4r personlig assistans och omsorg.<\/p>\n\n\n<p class=\"gb-headline gb-headline-0e6351cf\"><span class=\"gb-icon\"><svg xmlns=\"http:\/\/www.w3.org\/2000\/svg\" viewbox=\"0 0 256 512\" width=\"1em\" height=\"1em\" aria-hidden=\"true\"><path d=\"M224.3 273l-136 136c-9.4 9.4-24.6 9.4-33.9 0l-22.6-22.6c-9.4-9.4-9.4-24.6 0-33.9l96.4-96.4-96.4-96.4c-9.4-9.4-9.4-24.6 0-33.9L54.3 103c9.4-9.4 24.6-9.4 33.9 0l136 136c9.5 9.4 9.5 24.6.1 34z\" fill=\"currentColor\"><\/path><\/svg><\/span><span class=\"gb-headline-text\"><strong>Produkt: <a href=\"https:\/\/sharecontrol.io\/sv\/produkter\/ifrs-16-system\/\">ShareControl IFRS 16<\/a><\/strong><\/span><\/p>\n\n<p class=\"gb-headline gb-headline-2fae2ef4\"><span class=\"gb-icon\"><svg xmlns=\"http:\/\/www.w3.org\/2000\/svg\" viewbox=\"0 0 256 512\" width=\"1em\" height=\"1em\" aria-hidden=\"true\"><path d=\"M224.3 273l-136 136c-9.4 9.4-24.6 9.4-33.9 0l-22.6-22.6c-9.4-9.4-9.4-24.6 0-33.9l96.4-96.4-96.4-96.4c-9.4-9.4-9.4-24.6 0-33.9L54.3 103c9.4-9.4 24.6-9.4 33.9 0l136 136c9.5 9.4 9.5 24.6.1 34z\" fill=\"currentColor\"><\/path><\/svg><\/span><span class=\"gb-headline-text\"><strong>Antal anst\u00e4llda: 6 000<\/strong><\/span><\/p>\n<\/div>\n<div class=\"wp-block-getwid-section alignfull alignfull getwid-section-content-custom-width\"><div class=\"wp-block-getwid-section__wrapper getwid-padding-top-large getwid-padding-bottom-large getwid-padding-left-medium getwid-padding-right-medium\" style=\"min-height:200px\"><div class=\"wp-block-getwid-section__inner-wrapper\" style=\"max-width:1140px\"><div class=\"wp-block-getwid-section__background-holder\"><div class=\"wp-block-getwid-section__background\" style=\"background-image:url('https:\/\/sharecontrol.io\/wp-content\/uploads\/2023\/09\/ShareControl-IFRS-16.jpg')\"><div class=\"wp-block-getwid-section__background-image-wrapper\"><img decoding=\"async\" class=\"wp-block-getwid-section__background-image\" src=\"https:\/\/sharecontrol.io\/wp-content\/uploads\/2023\/09\/ShareControl-IFRS-16.jpg\" alt=\"ShareControl IFRS 16 dashboard.\"\/><\/div><\/div><div class=\"wp-block-getwid-section__foreground\" style=\"opacity:0.7;background-color:#000000\"><\/div><\/div><div class=\"wp-block-getwid-section__content\"><div class=\"wp-block-getwid-section__inner-content\">\n<blockquote class=\"wp-block-quote has-base-3-color has-text-color is-layout-flow wp-block-quote-is-layout-flow\">\n<p class=\"has-base-3-color has-text-color\"><em>&#8221;Det m\u00e4rks att Share Controls IFRS 16-l\u00f6sning utvecklats av revisorer som har funderat p\u00e5 Audit trail&#8221;.<\/em><\/p>\n<cite><em>\u2013 <\/em><strong>Elisabeth Croce<\/strong>, ansvarig f\u00f6r internrevision och Business Controller<\/cite><\/blockquote>\n<\/div><\/div><\/div><\/div><\/div>\n\n<div class=\"wp-block-getwid-section alignfull alignfull getwid-margin-top-medium\"><div class=\"wp-block-getwid-section__wrapper\"><div class=\"wp-block-getwid-section__inner-wrapper\"><div class=\"wp-block-getwid-section__background-holder\"><div class=\"wp-block-getwid-section__background\"><\/div><div class=\"wp-block-getwid-section__foreground\"><\/div><\/div><div class=\"wp-block-getwid-section__content\"><div class=\"wp-block-getwid-section__inner-content\"><h3 class=\"wp-block-heading\" id=\"vad-har-vi-gjort-tillsammans\">Vad har vi gjort tillsammans?<\/h3>\n\n\n<p>Vi har lagt grunden f\u00f6r <a href=\"https:\/\/sharecontrol.io\/sv\/ifrs-16-sv\/vad-ar-ifrs-16\/#verktoy-for-handtering-av-ifrs-16\">IFRS 16-hantering<\/a> och kartlagt alla viktiga avtal och lagt till dem i systeml\u00f6sningen. Administration, hantering och flaggning av avtal. Med ShareControl <a href=\"https:\/\/sharecontrol.io\/sv\/produkter\/ifrs-16-system\/\">IFRS 16-systemet<\/a> s\u00e4kerst\u00e4ller vi kontroll och tillf\u00f6rlitlighet i redovisningen. Eftersom Fr\u00f6sunda Omsorg \u00e4r noterat p\u00e5 <a href=\"https:\/\/www.nasdaq.com\" target=\"_blank\" rel=\"noreferrer noopener\">Nasdaq<\/a> m\u00e5ste siffrorna hela tiden vara helt korrekta.<\/p>\n\n\n\n<p>Share Control har alltid varit extremt kundfokuserad och har hj\u00e4lpt till med fr\u00e5gor, s\u00e4ger Elisabeth Croce, ansvarig f\u00f6r redovisning och verksamhetskontroller, Fr\u00f6sunda Care.<\/p>\n\n\n<h3 class=\"wp-block-heading\" id=\"hur-blev-du-kund-pa-share-control\">Hur blev du kund p\u00e5 Share Control?<\/h3>\n\n\n<p>Eftersom Fr\u00f6sunda Omsorg <a href=\"https:\/\/www.dn.no\/helse\/frosunda-omsorg\/kristian-adolfsen\/roger-adolfsen\/milliardkjop-pa-fjerde-forsok\/2-1-292640\" target=\"_blank\" rel=\"noreferrer noopener\">f\u00f6rv\u00e4rvades av Norlandia Health Care<\/a> fick vi genom koncernen tillg\u00e5ng till Share Controls l\u00f6sning f\u00f6r IFRS 16 och avtalshantering.<\/p>\n\n\n<h3 class=\"wp-block-heading\" id=\"pa-vilket-satt-levererar-vi-varde-till-dig\">P\u00e5 vilket s\u00e4tt levererar vi v\u00e4rde till dig?<\/h3>\n\n\n<blockquote class=\"wp-block-quote is-layout-flow wp-block-quote-is-layout-flow\">\n<p>Man m\u00e5ste v\u00e5ga g\u00e5 in och titta p\u00e5 systemet f\u00f6r att f\u00f6rst\u00e5 logiken. D\u00e5 f\u00e5r du en st\u00f6rre f\u00f6rst\u00e5else och en \u00f6vning du b\u00f6r g\u00f6ra f\u00f6r att se att det st\u00e4mmer. D\u00e5 vet du att det \u00e4r r\u00e4tt f\u00f6r revisorerna och du klarar besiktningen p\u00e5 ett s\u00e4krare och s\u00e4krare s\u00e4tt.<\/p>\n<cite><strong>Elisabeth Croce<\/strong>, Business Controller<\/cite><\/blockquote>\n\n\n<h3 class=\"wp-block-heading\" id=\"vad-maste-vi-gora-for-att-fortsatta-samarbetet\">Vad m\u00e5ste vi g\u00f6ra f\u00f6r att forts\u00e4tta samarbetet?<\/h3>\n\n\n<p>Share Control ska forts\u00e4tta att vara kundfokuserad och ta tillvara p\u00e5 den kompetens de besitter. De m\u00e5ste ocks\u00e5 forts\u00e4tta att utveckla <a href=\"https:\/\/sharecontrol.io\/sv\/produkter\/ifrs-16-system\/\">IFRS 16-systemet<\/a> och jag ser fram emot \u00e4nnu b\u00e4ttre bruksanvisningar. P\u00e5 sikt ser jag g\u00e4rna att det startas en anv\u00e4ndargrupp d\u00e4r vi har ett forum f\u00f6r att utbyta erfarenheter och problem, s\u00e4ger Elisabeth avslutningsvis.<\/p>\n<\/div><\/div><\/div><\/div><\/div>\n\n<div class=\"wp-block-uagb-image uagb-block-15db043d wp-block-uagb-image--layout-default wp-block-uagb-image--effect-static wp-block-uagb-image--align-none\"><figure class=\"wp-block-uagb-image__figure\"><img decoding=\"async\" srcset=\"https:\/\/sharecontrol.io\/wp-content\/uploads\/2023\/10\/Frosunda_Share-Control-1024x536.jpg ,https:\/\/sharecontrol.io\/wp-content\/uploads\/2023\/10\/Frosunda_Share-Control.jpg 780w, https:\/\/sharecontrol.io\/wp-content\/uploads\/2023\/10\/Frosunda_Share-Control.jpg 360w\" sizes=\"auto, (max-width: 480px) 150px\" src=\"https:\/\/sharecontrol.io\/wp-content\/uploads\/2023\/10\/Frosunda_Share-Control-1024x536.jpg\" alt=\"Fr\u00f6sunda Logo\" class=\"uag-image-10247\" width=\"1024\" height=\"536\" title=\"\" loading=\"lazy\" role=\"img\"><\/figure><\/div>\n\n<div class=\"wp-block-uagb-container uagb-block-88ae35f9 alignfull uagb-is-root-container\"><div class=\"uagb-container-inner-blocks-wrap\">\n<div style=\"height:20px\" aria-hidden=\"true\" class=\"wp-block-spacer\"><\/div>\n\n\n<h2 class=\"wp-block-heading has-text-align-center\" id=\"kontakta-oss\">Kontakta oss<\/h2>\n\n\n<p>Har du fr\u00e5gor om v\u00e5ra produkter eller undrar du hur vi kan hj\u00e4lpa dig att hantera dina hyresavtal?\nH\u00f6r av dig till oss via formul\u00e4ret nedan. <\/p>\n\n\n\n<script charset=\"utf-8\" type=\"text\/javascript\" src=\"\/\/js-eu1.hsforms.net\/forms\/embed\/v2.js\"><\/script><script>hbspt.forms.create({\n    region: \"eu1\",\n    portalId: \"25744173\",\n    formId: \"1e0baa63-d039-41cc-b4f1-90f26f7d181a\"\n  });\n<\/script>\n<\/div><\/div>\n","protected":false},"excerpt":{"rendered":"<p>Fr\u00f6sunda Fr\u00f6sunda \u00e4r en av Sveriges ledande akt\u00f6rer inom omsorg. Med ett starkt engagemang, r\u00e4tt st\u00f6d och hj\u00e4lp g\u00f6r de stor skillnad f\u00f6r de m\u00e4nniskor som beh\u00f6ver det mest. Bolagets verksamhetsomr\u00e5den \u00e4r personlig assistans och omsorg. Produkt: ShareControl IFRS 16 Antal anst\u00e4llda: 6 000 Kontakta oss Har du fr\u00e5gor om v\u00e5ra produkter eller undrar du &#8230; <a title=\"Fr\u00f6sunda\" class=\"read-more\" href=\"https:\/\/sharecontrol.io\/sv\/kundberattelser\/frosunda\/\" aria-label=\"L\u00e4s mer om Fr\u00f6sunda\">L\u00e4s mer<\/a><\/p>\n","protected":false},"author":5,"featured_media":10250,"parent":7997,"menu_order":0,"comment_status":"closed","ping_status":"closed","template":"","meta":{"content-type":"","_uag_custom_page_level_css":"","footnotes":""},"class_list":["post-8003","page","type-page","status-publish","has-post-thumbnail"],"yoast_head":"<!-- This site is optimized with the Yoast SEO plugin v27.2 - https:\/\/yoast.com\/product\/yoast-seo-wordpress\/ -->\n<title>Fr\u00f6sunda<\/title>\n<meta name=\"description\" content=\"Fr\u00f6sunda har med hj\u00e4lp av ShareControl IFRS 16 f\u00e5tt ordning p\u00e5 sina leasingkonton. L\u00e4s mer om v\u00e5rt samarbete h\u00e4r.\" \/>\n<meta name=\"robots\" content=\"index, follow, max-snippet:-1, max-image-preview:large, max-video-preview:-1\" \/>\n<link rel=\"canonical\" href=\"https:\/\/sharecontrol.io\/sv\/kundberattelser\/frosunda\/\" \/>\n<meta property=\"og:locale\" content=\"sv_SE\" \/>\n<meta property=\"og:type\" content=\"article\" \/>\n<meta property=\"og:title\" content=\"Fr\u00f6sunda\" \/>\n<meta property=\"og:description\" content=\"Fr\u00f6sunda har med hj\u00e4lp av ShareControl IFRS 16 f\u00e5tt ordning p\u00e5 sina leasingkonton. L\u00e4s mer om v\u00e5rt samarbete h\u00e4r.\" \/>\n<meta property=\"og:url\" content=\"https:\/\/sharecontrol.io\/sv\/kundberattelser\/frosunda\/\" \/>\n<meta property=\"og:site_name\" content=\"ShareControl\" \/>\n<meta property=\"article:modified_time\" content=\"2025-01-13T07:55:21+00:00\" \/>\n<meta property=\"og:image\" content=\"https:\/\/sharecontrol.io\/wp-content\/uploads\/2023\/10\/Frosunda_Share-Control.jpg\" \/>\n\t<meta property=\"og:image:width\" content=\"2400\" \/>\n\t<meta property=\"og:image:height\" content=\"1256\" \/>\n\t<meta property=\"og:image:type\" content=\"image\/jpeg\" \/>\n<meta name=\"twitter:card\" content=\"summary_large_image\" \/>\n<meta name=\"twitter:label1\" content=\"Ber\u00e4knad l\u00e4stid\" \/>\n\t<meta name=\"twitter:data1\" content=\"2 minuter\" \/>\n<script type=\"application\/ld+json\" class=\"yoast-schema-graph\">{\"@context\":\"https:\/\/schema.org\",\"@graph\":[{\"@type\":\"WebPage\",\"@id\":\"https:\/\/sharecontrol.io\/sv\/kundberattelser\/frosunda\/\",\"url\":\"https:\/\/sharecontrol.io\/sv\/kundberattelser\/frosunda\/\",\"name\":\"Fr\u00f6sunda\",\"isPartOf\":{\"@id\":\"https:\/\/sharecontrol.io\/sv\/#website\"},\"primaryImageOfPage\":{\"@id\":\"https:\/\/sharecontrol.io\/sv\/kundberattelser\/frosunda\/#primaryimage\"},\"image\":{\"@id\":\"https:\/\/sharecontrol.io\/sv\/kundberattelser\/frosunda\/#primaryimage\"},\"thumbnailUrl\":\"https:\/\/sharecontrol.io\/wp-content\/uploads\/2023\/10\/Frosunda_Share-Control.jpg\",\"datePublished\":\"2022-06-27T12:12:53+00:00\",\"dateModified\":\"2025-01-13T07:55:21+00:00\",\"description\":\"Fr\u00f6sunda har med hj\u00e4lp av ShareControl IFRS 16 f\u00e5tt ordning p\u00e5 sina leasingkonton. L\u00e4s mer om v\u00e5rt samarbete h\u00e4r.\",\"breadcrumb\":{\"@id\":\"https:\/\/sharecontrol.io\/sv\/kundberattelser\/frosunda\/#breadcrumb\"},\"inLanguage\":\"sv-SE\",\"potentialAction\":[{\"@type\":\"ReadAction\",\"target\":[\"https:\/\/sharecontrol.io\/sv\/kundberattelser\/frosunda\/\"]}]},{\"@type\":\"ImageObject\",\"inLanguage\":\"sv-SE\",\"@id\":\"https:\/\/sharecontrol.io\/sv\/kundberattelser\/frosunda\/#primaryimage\",\"url\":\"https:\/\/sharecontrol.io\/wp-content\/uploads\/2023\/10\/Frosunda_Share-Control.jpg\",\"contentUrl\":\"https:\/\/sharecontrol.io\/wp-content\/uploads\/2023\/10\/Frosunda_Share-Control.jpg\",\"width\":2400,\"height\":1256,\"caption\":\"Fr\u00f6sunda har f\u00e5tt kontroll p\u00e5 regnskapet av leasingavtalene sine med ShareControl IFRS 16.\"},{\"@type\":\"BreadcrumbList\",\"@id\":\"https:\/\/sharecontrol.io\/sv\/kundberattelser\/frosunda\/#breadcrumb\",\"itemListElement\":[{\"@type\":\"ListItem\",\"position\":1,\"name\":\"Home\",\"item\":\"https:\/\/sharecontrol.io\/sv\/\"},{\"@type\":\"ListItem\",\"position\":2,\"name\":\"Kundber\u00e4ttelser\",\"item\":\"https:\/\/sharecontrol.io\/sv\/kundberattelser\/\"},{\"@type\":\"ListItem\",\"position\":3,\"name\":\"Fr\u00f6sunda\"}]},{\"@type\":\"WebSite\",\"@id\":\"https:\/\/sharecontrol.io\/sv\/#website\",\"url\":\"https:\/\/sharecontrol.io\/sv\/\",\"name\":\"ShareControl\",\"description\":\"\",\"publisher\":{\"@id\":\"https:\/\/sharecontrol.io\/sv\/#organization\"},\"potentialAction\":[{\"@type\":\"SearchAction\",\"target\":{\"@type\":\"EntryPoint\",\"urlTemplate\":\"https:\/\/sharecontrol.io\/sv\/?s={search_term_string}\"},\"query-input\":{\"@type\":\"PropertyValueSpecification\",\"valueRequired\":true,\"valueName\":\"search_term_string\"}}],\"inLanguage\":\"sv-SE\"},{\"@type\":\"Organization\",\"@id\":\"https:\/\/sharecontrol.io\/sv\/#organization\",\"name\":\"ShareControl\",\"url\":\"https:\/\/sharecontrol.io\/sv\/\",\"logo\":{\"@type\":\"ImageObject\",\"inLanguage\":\"sv-SE\",\"@id\":\"https:\/\/sharecontrol.io\/sv\/#\/schema\/logo\/image\/\",\"url\":\"https:\/\/sharecontrol.io\/wp-content\/uploads\/2022\/05\/cropped-logo-sc-default-minified-small.png\",\"contentUrl\":\"https:\/\/sharecontrol.io\/wp-content\/uploads\/2022\/05\/cropped-logo-sc-default-minified-small.png\",\"width\":900,\"height\":200,\"caption\":\"ShareControl\"},\"image\":{\"@id\":\"https:\/\/sharecontrol.io\/sv\/#\/schema\/logo\/image\/\"}}]}<\/script>\n<!-- \/ Yoast SEO plugin. -->","yoast_head_json":{"title":"Fr\u00f6sunda","description":"Fr\u00f6sunda har med hj\u00e4lp av ShareControl IFRS 16 f\u00e5tt ordning p\u00e5 sina leasingkonton. L\u00e4s mer om v\u00e5rt samarbete h\u00e4r.","robots":{"index":"index","follow":"follow","max-snippet":"max-snippet:-1","max-image-preview":"max-image-preview:large","max-video-preview":"max-video-preview:-1"},"canonical":"https:\/\/sharecontrol.io\/sv\/kundberattelser\/frosunda\/","og_locale":"sv_SE","og_type":"article","og_title":"Fr\u00f6sunda","og_description":"Fr\u00f6sunda har med hj\u00e4lp av ShareControl IFRS 16 f\u00e5tt ordning p\u00e5 sina leasingkonton. L\u00e4s mer om v\u00e5rt samarbete h\u00e4r.","og_url":"https:\/\/sharecontrol.io\/sv\/kundberattelser\/frosunda\/","og_site_name":"ShareControl","article_modified_time":"2025-01-13T07:55:21+00:00","og_image":[{"width":2400,"height":1256,"url":"https:\/\/sharecontrol.io\/wp-content\/uploads\/2023\/10\/Frosunda_Share-Control.jpg","type":"image\/jpeg"}],"twitter_card":"summary_large_image","twitter_misc":{"Ber\u00e4knad l\u00e4stid":"2 minuter"},"schema":{"@context":"https:\/\/schema.org","@graph":[{"@type":"WebPage","@id":"https:\/\/sharecontrol.io\/sv\/kundberattelser\/frosunda\/","url":"https:\/\/sharecontrol.io\/sv\/kundberattelser\/frosunda\/","name":"Fr\u00f6sunda","isPartOf":{"@id":"https:\/\/sharecontrol.io\/sv\/#website"},"primaryImageOfPage":{"@id":"https:\/\/sharecontrol.io\/sv\/kundberattelser\/frosunda\/#primaryimage"},"image":{"@id":"https:\/\/sharecontrol.io\/sv\/kundberattelser\/frosunda\/#primaryimage"},"thumbnailUrl":"https:\/\/sharecontrol.io\/wp-content\/uploads\/2023\/10\/Frosunda_Share-Control.jpg","datePublished":"2022-06-27T12:12:53+00:00","dateModified":"2025-01-13T07:55:21+00:00","description":"Fr\u00f6sunda har med hj\u00e4lp av ShareControl IFRS 16 f\u00e5tt ordning p\u00e5 sina leasingkonton. L\u00e4s mer om v\u00e5rt samarbete h\u00e4r.","breadcrumb":{"@id":"https:\/\/sharecontrol.io\/sv\/kundberattelser\/frosunda\/#breadcrumb"},"inLanguage":"sv-SE","potentialAction":[{"@type":"ReadAction","target":["https:\/\/sharecontrol.io\/sv\/kundberattelser\/frosunda\/"]}]},{"@type":"ImageObject","inLanguage":"sv-SE","@id":"https:\/\/sharecontrol.io\/sv\/kundberattelser\/frosunda\/#primaryimage","url":"https:\/\/sharecontrol.io\/wp-content\/uploads\/2023\/10\/Frosunda_Share-Control.jpg","contentUrl":"https:\/\/sharecontrol.io\/wp-content\/uploads\/2023\/10\/Frosunda_Share-Control.jpg","width":2400,"height":1256,"caption":"Fr\u00f6sunda har f\u00e5tt kontroll p\u00e5 regnskapet av leasingavtalene sine med ShareControl IFRS 16."},{"@type":"BreadcrumbList","@id":"https:\/\/sharecontrol.io\/sv\/kundberattelser\/frosunda\/#breadcrumb","itemListElement":[{"@type":"ListItem","position":1,"name":"Home","item":"https:\/\/sharecontrol.io\/sv\/"},{"@type":"ListItem","position":2,"name":"Kundber\u00e4ttelser","item":"https:\/\/sharecontrol.io\/sv\/kundberattelser\/"},{"@type":"ListItem","position":3,"name":"Fr\u00f6sunda"}]},{"@type":"WebSite","@id":"https:\/\/sharecontrol.io\/sv\/#website","url":"https:\/\/sharecontrol.io\/sv\/","name":"ShareControl","description":"","publisher":{"@id":"https:\/\/sharecontrol.io\/sv\/#organization"},"potentialAction":[{"@type":"SearchAction","target":{"@type":"EntryPoint","urlTemplate":"https:\/\/sharecontrol.io\/sv\/?s={search_term_string}"},"query-input":{"@type":"PropertyValueSpecification","valueRequired":true,"valueName":"search_term_string"}}],"inLanguage":"sv-SE"},{"@type":"Organization","@id":"https:\/\/sharecontrol.io\/sv\/#organization","name":"ShareControl","url":"https:\/\/sharecontrol.io\/sv\/","logo":{"@type":"ImageObject","inLanguage":"sv-SE","@id":"https:\/\/sharecontrol.io\/sv\/#\/schema\/logo\/image\/","url":"https:\/\/sharecontrol.io\/wp-content\/uploads\/2022\/05\/cropped-logo-sc-default-minified-small.png","contentUrl":"https:\/\/sharecontrol.io\/wp-content\/uploads\/2022\/05\/cropped-logo-sc-default-minified-small.png","width":900,"height":200,"caption":"ShareControl"},"image":{"@id":"https:\/\/sharecontrol.io\/sv\/#\/schema\/logo\/image\/"}}]}},"uagb_featured_image_src":{"full":["https:\/\/sharecontrol.io\/wp-content\/uploads\/2023\/10\/Frosunda_Share-Control.jpg",2400,1256,false],"thumbnail":["https:\/\/sharecontrol.io\/wp-content\/uploads\/2023\/10\/Frosunda_Share-Control-150x150.jpg",150,150,true],"medium":["https:\/\/sharecontrol.io\/wp-content\/uploads\/2023\/10\/Frosunda_Share-Control-300x157.jpg",300,157,true],"medium_large":["https:\/\/sharecontrol.io\/wp-content\/uploads\/2023\/10\/Frosunda_Share-Control-768x402.jpg",768,402,true],"large":["https:\/\/sharecontrol.io\/wp-content\/uploads\/2023\/10\/Frosunda_Share-Control-1024x536.jpg",1024,536,true],"1536x1536":["https:\/\/sharecontrol.io\/wp-content\/uploads\/2023\/10\/Frosunda_Share-Control-1536x804.jpg",1536,804,true],"2048x2048":["https:\/\/sharecontrol.io\/wp-content\/uploads\/2023\/10\/Frosunda_Share-Control-2048x1072.jpg",2048,1072,true]},"uagb_author_info":{"display_name":"Ragnar Bryne","author_link":"https:\/\/sharecontrol.io\/sv\/author\/ragnar\/"},"uagb_comment_info":0,"uagb_excerpt":"Fr\u00f6sunda Fr\u00f6sunda \u00e4r en av Sveriges ledande akt\u00f6rer inom omsorg. Med ett starkt engagemang, r\u00e4tt st\u00f6d och hj\u00e4lp g\u00f6r de stor skillnad f\u00f6r de m\u00e4nniskor som beh\u00f6ver det mest. Bolagets verksamhetsomr\u00e5den \u00e4r personlig assistans och omsorg. Produkt: ShareControl IFRS 16 Antal anst\u00e4llda: 6 000 Kontakta oss Har du fr\u00e5gor om v\u00e5ra produkter eller undrar du&hellip;","_links":{"self":[{"href":"https:\/\/sharecontrol.io\/sv\/wp-json\/wp\/v2\/pages\/8003","targetHints":{"allow":["GET"]}}],"collection":[{"href":"https:\/\/sharecontrol.io\/sv\/wp-json\/wp\/v2\/pages"}],"about":[{"href":"https:\/\/sharecontrol.io\/sv\/wp-json\/wp\/v2\/types\/page"}],"author":[{"embeddable":true,"href":"https:\/\/sharecontrol.io\/sv\/wp-json\/wp\/v2\/users\/5"}],"replies":[{"embeddable":true,"href":"https:\/\/sharecontrol.io\/sv\/wp-json\/wp\/v2\/comments?post=8003"}],"version-history":[{"count":8,"href":"https:\/\/sharecontrol.io\/sv\/wp-json\/wp\/v2\/pages\/8003\/revisions"}],"predecessor-version":[{"id":15734,"href":"https:\/\/sharecontrol.io\/sv\/wp-json\/wp\/v2\/pages\/8003\/revisions\/15734"}],"up":[{"embeddable":true,"href":"https:\/\/sharecontrol.io\/sv\/wp-json\/wp\/v2\/pages\/7997"}],"wp:featuredmedia":[{"embeddable":true,"href":"https:\/\/sharecontrol.io\/sv\/wp-json\/wp\/v2\/media\/10250"}],"wp:attachment":[{"href":"https:\/\/sharecontrol.io\/sv\/wp-json\/wp\/v2\/media?parent=8003"}],"curies":[{"name":"wp","href":"https:\/\/api.w.org\/{rel}","templated":true}]}}