{"id":8015,"date":"2022-11-13T14:13:00","date_gmt":"2022-11-13T14:13:00","guid":{"rendered":"https:\/\/sharecontrol.io\/ladda-ner-det-kompletta-kontraktshanteringssystemet-for-battre-ekonomiska-resultat\/"},"modified":"2024-08-01T07:26:47","modified_gmt":"2024-08-01T07:26:47","slug":"ladda-ner-det-kompletta-kontraktshanteringssystemet-for-battre-ekonomiska-resultat","status":"publish","type":"page","link":"https:\/\/sharecontrol.io\/sv\/ladda-ner-det-kompletta-kontraktshanteringssystemet-for-battre-ekonomiska-resultat\/","title":{"rendered":"Ladda ner: Det kompletta kontraktshanteringssystemet f\u00f6r b\u00e4ttre ekonomiska resultat"},"content":{"rendered":"\n<div class=\"wp-block-uagb-container uagb-block-43397a0b alignfull uagb-is-root-container\"><div class=\"uagb-container-inner-blocks-wrap\">\n<div class=\"wp-block-uagb-container uagb-block-4b1b8cbe\"><h2 class=\"wp-block-heading\" id=\"guide-for-avtalshantering\">Guide f\u00f6r avtalshantering<\/h2>\n\n\n<p>I dagens dynamiska aff\u00e4rsmilj\u00f6 \u00e4r effektiv kontraktshantering avg\u00f6rande f\u00f6r att s\u00e4kerst\u00e4lla att avtal uppfylls och risker minimeras. Genom att implementera kontraktshantering p\u00e5 Microsoft 365 kan organisationer dra nytta av ett antal avancerade funktioner och integrationer som f\u00f6rb\u00e4ttrar b\u00e5de s\u00e4kerheten och effektiviteten f\u00f6r att hantera kontrakt.<\/p>\n<\/div>\n\n\n\n<div class=\"wp-block-uagb-container uagb-block-248b0fcf\">\n<div class=\"wp-block-uagb-image uagb-block-ef0fe94d wp-block-uagb-image--layout-default wp-block-uagb-image--effect-static wp-block-uagb-image--align-none\"><figure class=\"wp-block-uagb-image__figure\"><img decoding=\"async\" srcset=\"https:\/\/sharecontrol.io\/wp-content\/uploads\/2024\/06\/ShareControl_Contract_Guide.jpg ,https:\/\/sharecontrol.io\/wp-content\/uploads\/2024\/06\/ShareControl_Contract_Guide.jpg 780w, https:\/\/sharecontrol.io\/wp-content\/uploads\/2024\/06\/ShareControl_Contract_Guide.jpg 360w\" sizes=\"auto, (max-width: 480px) 150px\" src=\"https:\/\/sharecontrol.io\/wp-content\/uploads\/2024\/06\/ShareControl_Contract_Guide.jpg\" alt=\"\" class=\"uag-image-14550\" width=\"1024\" height=\"650\" title=\"ShareControl_Contract_Guide\" loading=\"lazy\" role=\"img\"><\/figure><\/div>\n<\/div>\n<\/div><\/div>\n\n<div style=\"height:40px\" aria-hidden=\"true\" class=\"wp-block-spacer\"><\/div>\n\n<div class=\"wp-block-uagb-container uagb-block-dd868f1c alignfull uagb-is-root-container\"><div class=\"uagb-container-inner-blocks-wrap\">\n<div class=\"wp-block-uagb-container uag-hide-mob uagb-block-a2c5c24b\">\n<div class=\"wp-block-uagb-image uagb-block-d17a1be2 wp-block-uagb-image--layout-default wp-block-uagb-image--effect-static wp-block-uagb-image--align-none\"><figure class=\"wp-block-uagb-image__figure\"><img decoding=\"async\" srcset=\"https:\/\/sharecontrol.io\/wp-content\/uploads\/2024\/04\/Contract_Management_ShareControl_Contract.jpg ,https:\/\/sharecontrol.io\/wp-content\/uploads\/2024\/04\/Contract_Management_ShareControl_Contract.jpg 780w, https:\/\/sharecontrol.io\/wp-content\/uploads\/2024\/04\/Contract_Management_ShareControl_Contract.jpg 360w\" sizes=\"auto, (max-width: 480px) 150px\" src=\"https:\/\/sharecontrol.io\/wp-content\/uploads\/2024\/04\/Contract_Management_ShareControl_Contract.jpg\" alt=\"\" class=\"uag-image-13702\" width=\"1024\" height=\"650\" title=\"Contract_Management_ShareControl_Contract\" loading=\"lazy\" role=\"img\"><\/figure><\/div>\n<\/div>\n\n\n\n<div class=\"wp-block-uagb-container uagb-block-e106bf47\"><h2 class=\"wp-block-heading\" id=\"innehall\">Inneh\u00e5ll<\/h2>\n\n\n<p><strong>Guiden kommer att ge djupare insikter i f\u00f6ljande \u00e4mnen:<\/strong><\/p>\n\n\n\n<div class=\"wp-block-uagb-icon-list uagb-block-47d7403b\"><div class=\"uagb-icon-list__wrap\">\n<div class=\"wp-block-uagb-icon-list-child uagb-block-f4d24c57\"><span class=\"uagb-icon-list__source-wrap\"><svg xmlns=\"https:\/\/www.w3.org\/2000\/svg\" viewbox=\"0 0 256 512\"><path d=\"M64 448c-8.188 0-16.38-3.125-22.62-9.375c-12.5-12.5-12.5-32.75 0-45.25L178.8 256L41.38 118.6c-12.5-12.5-12.5-32.75 0-45.25s32.75-12.5 45.25 0l160 160c12.5 12.5 12.5 32.75 0 45.25l-160 160C80.38 444.9 72.19 448 64 448z\"><\/path><\/svg><\/span><span class=\"uagb-icon-list__label\"><strong>F\u00f6rdelar med ett avtalssystem<\/strong><\/span><\/div>\n\n\n\n<div class=\"wp-block-uagb-icon-list-child uagb-block-690e6244\"><span class=\"uagb-icon-list__source-wrap\"><svg xmlns=\"https:\/\/www.w3.org\/2000\/svg\" viewbox=\"0 0 256 512\"><path d=\"M64 448c-8.188 0-16.38-3.125-22.62-9.375c-12.5-12.5-12.5-32.75 0-45.25L178.8 256L41.38 118.6c-12.5-12.5-12.5-32.75 0-45.25s32.75-12.5 45.25 0l160 160c12.5 12.5 12.5 32.75 0 45.25l-160 160C80.38 444.9 72.19 448 64 448z\"><\/path><\/svg><\/span><span class=\"uagb-icon-list__label\"><strong>Typiska orsaker till att kontrakt inte levererar<\/strong><\/span><\/div>\n\n\n\n<div class=\"wp-block-uagb-icon-list-child uagb-block-4ef0cf6e\"><span class=\"uagb-icon-list__source-wrap\"><svg xmlns=\"https:\/\/www.w3.org\/2000\/svg\" viewbox=\"0 0 256 512\"><path d=\"M64 448c-8.188 0-16.38-3.125-22.62-9.375c-12.5-12.5-12.5-32.75 0-45.25L178.8 256L41.38 118.6c-12.5-12.5-12.5-32.75 0-45.25s32.75-12.5 45.25 0l160 160c12.5 12.5 12.5 32.75 0 45.25l-160 160C80.38 444.9 72.19 448 64 448z\"><\/path><\/svg><\/span><span class=\"uagb-icon-list__label\"><strong>Utmaningar med avtalshantering<\/strong><\/span><\/div>\n\n\n\n<div class=\"wp-block-uagb-icon-list-child uagb-block-7d49a900\"><span class=\"uagb-icon-list__source-wrap\"><svg xmlns=\"https:\/\/www.w3.org\/2000\/svg\" viewbox=\"0 0 256 512\"><path d=\"M64 448c-8.188 0-16.38-3.125-22.62-9.375c-12.5-12.5-12.5-32.75 0-45.25L178.8 256L41.38 118.6c-12.5-12.5-12.5-32.75 0-45.25s32.75-12.5 45.25 0l160 160c12.5 12.5 12.5 32.75 0 45.25l-160 160C80.38 444.9 72.19 448 64 448z\"><\/path><\/svg><\/span><span class=\"uagb-icon-list__label\"><strong>Inneh\u00e5llet i ShareControl Contract<\/strong><\/span><\/div>\n<\/div><\/div>\n<\/div>\n<\/div><\/div>\n\n<div class=\"wp-block-uagb-container uagb-block-cf06eef0 alignfull uagb-is-root-container\"><div class=\"uagb-container-inner-blocks-wrap\"><div class=\"gb-container gb-container-4ea2b59b\"><div class=\"gb-inside-container\">\n<h2 class=\"wp-block-heading\" id=\"ladda-ner-har\">Ladda ner h\u00e4r<\/h2>\n\n\n<p>Fyll i formul\u00e4ret f\u00f6r att ladda ner<\/p>\n\n\n\n<script charset=\"utf-8\" type=\"text\/javascript\" src=\"\/\/js-eu1.hsforms.net\/forms\/embed\/v2.js\"><\/script><script>hbspt.forms.create({\n    region: \"eu1\",\n    portalId: \"25744173\",\n    formId: \"74357934-2da1-4178-ae7a-657850394540\"\n  });\n<\/script>\n\n<\/div><\/div><\/div><\/div>\n\n<div class=\"wp-block-uagb-container uagb-block-2ee809bd alignfull uagb-is-root-container\"><div class=\"uagb-container-inner-blocks-wrap\"><div class=\"gb-container gb-container-f5b09256\"><div class=\"gb-inside-container\">\n<h2 class=\"wp-block-heading\" id=\"se-fler-artiklar-om-kontraktshantering\">Se fler artiklar om kontraktshantering:<\/h2>\n\n\n<style>.wp-show-posts-columns#wpsp-12791 {margin-left: -80px; }.wp-show-posts-columns#wpsp-12791 .wp-show-posts-inner {margin: 0 0 80px 80px; }<\/style><section id=\"wpsp-12791\" class=\" wp-show-posts-columns wp-show-posts\" style=\"\"><article class=\" wp-show-posts-single post-16034 post type-post status-publish format-standard has-post-thumbnail hentry category-avtalshantering wpsp-col-6\" itemtype=\"http:\/\/schema.org\/CreativeWork\" itemscope><div class=\"wp-show-posts-inner\" style=\"\">\t\t<div class=\"wp-show-posts-image  wpsp-image-center \">\n\t\t\t<a href=\"https:\/\/sharecontrol.io\/sv\/avtalshantering\/hur-teknik-forbattrar-avtalshanteringen-i-din-organisation\/\"  title=\"Hur teknik f\u00f6rb\u00e4ttrar avtalshanteringen i din organisation\"><img decoding=\"async\" width=\"800\" height=\"500\" src=\"https:\/\/sharecontrol.io\/wp-content\/uploads\/2025\/02\/Contract_Management_Technology.jpg\" class=\"attachment-full size-full wp-post-image\" alt=\"\" itemprop=\"image\" srcset=\"https:\/\/sharecontrol.io\/wp-content\/uploads\/2025\/02\/Contract_Management_Technology.jpg 800w, https:\/\/sharecontrol.io\/wp-content\/uploads\/2025\/02\/Contract_Management_Technology-300x188.jpg 300w, https:\/\/sharecontrol.io\/wp-content\/uploads\/2025\/02\/Contract_Management_Technology-768x480.jpg 768w\" sizes=\"(max-width: 800px) 100vw, 800px\" \/><\/a>\t\t<\/div>\n\t\t\t\t\t\t\t\t<header class=\"wp-show-posts-entry-header\">\n\t\t\t\t\t\t\t<h3 class=\"wp-show-posts-entry-title\" itemprop=\"headline\"><a href=\"https:\/\/sharecontrol.io\/sv\/avtalshantering\/hur-teknik-forbattrar-avtalshanteringen-i-din-organisation\/\" rel=\"bookmark\">Hur teknik f\u00f6rb\u00e4ttrar avtalshanteringen i din organisation<\/a><\/h3><div class=\"wp-show-posts-entry-meta wp-show-posts-entry-meta-below-title post-meta-inline\"><span class=\"wp-show-posts-posted-on wp-show-posts-meta\">\n\t\t\t\t\t<a href=\"https:\/\/sharecontrol.io\/sv\/avtalshantering\/hur-teknik-forbattrar-avtalshanteringen-i-din-organisation\/\" title=\"9:03 f m\" rel=\"bookmark\"><time class=\"wp-show-posts-entry-date published\" datetime=\"2025-02-25T09:03:01+01:00\" itemprop=\"datePublished\">februari 25, 2025<\/time><time class=\"wp-show-posts-updated\" datetime=\"2025-02-25T09:26:11+01:00\" itemprop=\"dateModified\">februari 25, 2025<\/time><\/a>\n\t\t\t\t<\/span><\/div>\t\t\t\t\t\t<\/header><!-- .entry-header -->\n\t\t\t\t\t<\/div><!-- wp-show-posts-inner --><\/article><article class=\" wp-show-posts-single post-15302 post type-post status-publish format-standard has-post-thumbnail hentry category-avtalshantering wpsp-col-6\" itemtype=\"http:\/\/schema.org\/CreativeWork\" itemscope><div class=\"wp-show-posts-inner\" style=\"\">\t\t<div class=\"wp-show-posts-image  wpsp-image-center \">\n\t\t\t<a href=\"https:\/\/sharecontrol.io\/sv\/avtalshantering\/programvara-for-avtalshantering-hur-du-kommer-igang\/\"  title=\"Programvara f\u00f6r avtalshantering &#8211; hur du kommer ig\u00e5ng\"><img decoding=\"async\" width=\"800\" height=\"500\" src=\"https:\/\/sharecontrol.io\/wp-content\/uploads\/2024\/09\/Software-for-contract-management.jpg\" class=\"attachment-full size-full wp-post-image\" alt=\"\" itemprop=\"image\" srcset=\"https:\/\/sharecontrol.io\/wp-content\/uploads\/2024\/09\/Software-for-contract-management.jpg 800w, https:\/\/sharecontrol.io\/wp-content\/uploads\/2024\/09\/Software-for-contract-management-300x188.jpg 300w, https:\/\/sharecontrol.io\/wp-content\/uploads\/2024\/09\/Software-for-contract-management-768x480.jpg 768w\" sizes=\"(max-width: 800px) 100vw, 800px\" \/><\/a>\t\t<\/div>\n\t\t\t\t\t\t\t\t<header class=\"wp-show-posts-entry-header\">\n\t\t\t\t\t\t\t<h3 class=\"wp-show-posts-entry-title\" itemprop=\"headline\"><a href=\"https:\/\/sharecontrol.io\/sv\/avtalshantering\/programvara-for-avtalshantering-hur-du-kommer-igang\/\" rel=\"bookmark\">Programvara f\u00f6r avtalshantering &#8211; hur du kommer ig\u00e5ng<\/a><\/h3><div class=\"wp-show-posts-entry-meta wp-show-posts-entry-meta-below-title post-meta-inline\"><span class=\"wp-show-posts-posted-on wp-show-posts-meta\">\n\t\t\t\t\t<a href=\"https:\/\/sharecontrol.io\/sv\/avtalshantering\/programvara-for-avtalshantering-hur-du-kommer-igang\/\" title=\"10:32 f m\" rel=\"bookmark\"><time class=\"wp-show-posts-entry-date published\" datetime=\"2024-09-09T10:32:23+01:00\" itemprop=\"datePublished\">september 9, 2024<\/time><time class=\"wp-show-posts-updated\" datetime=\"2025-02-25T09:56:38+01:00\" itemprop=\"dateModified\">februari 25, 2025<\/time><\/a>\n\t\t\t\t<\/span><\/div>\t\t\t\t\t\t<\/header><!-- .entry-header -->\n\t\t\t\t\t<\/div><!-- wp-show-posts-inner --><\/article><div class=\"wpsp-clear\"><\/div><\/section><!-- .wp-show-posts -->\n\n<\/div><\/div><\/div><\/div>\n","protected":false},"excerpt":{"rendered":"<p>Guide f\u00f6r avtalshantering I dagens dynamiska aff\u00e4rsmilj\u00f6 \u00e4r effektiv kontraktshantering avg\u00f6rande f\u00f6r att s\u00e4kerst\u00e4lla att avtal uppfylls och risker minimeras. Genom att implementera kontraktshantering p\u00e5 Microsoft 365 kan organisationer dra nytta av ett antal avancerade funktioner och integrationer som f\u00f6rb\u00e4ttrar b\u00e5de s\u00e4kerheten och effektiviteten f\u00f6r att hantera kontrakt. Inneh\u00e5ll Guiden kommer att ge djupare insikter &#8230; <a title=\"Programvara f\u00f6r avtalshantering &#8211; hur du kommer ig\u00e5ng\" class=\"read-more\" href=\"https:\/\/sharecontrol.io\/sv\/avtalshantering\/programvara-for-avtalshantering-hur-du-kommer-igang\/\" aria-label=\"L\u00e4s mer om Programvara f\u00f6r avtalshantering &#8211; hur du kommer ig\u00e5ng\">L\u00e4s mer<\/a><\/p>\n","protected":false},"author":5,"featured_media":9390,"parent":0,"menu_order":0,"comment_status":"closed","ping_status":"closed","template":"","meta":{"content-type":"","_uag_custom_page_level_css":"","footnotes":""},"class_list":["post-8015","page","type-page","status-publish","has-post-thumbnail","hentry","generate-columns","tablet-grid-50","mobile-grid-100","grid-parent","grid-50"],"yoast_head":"<!-- This site is optimized with the Yoast SEO plugin v27.2 - https:\/\/yoast.com\/product\/yoast-seo-wordpress\/ -->\n<title>Ladda ner: Det kompletta kontraktshanteringssystemet f\u00f6r b\u00e4ttre ekonomiska resultat<\/title>\n<meta name=\"description\" content=\"Guide f\u00f6r avtalshantering | Ladda ner guiden f\u00f6r b\u00e4sta praxis f\u00f6r kontraktshantering. L\u00e4s mer om ShareControl Contract.\" \/>\n<meta name=\"robots\" content=\"index, follow, max-snippet:-1, max-image-preview:large, max-video-preview:-1\" \/>\n<link rel=\"canonical\" href=\"https:\/\/sharecontrol.io\/sv\/ladda-ner-det-kompletta-kontraktshanteringssystemet-for-battre-ekonomiska-resultat\/\" \/>\n<meta property=\"og:locale\" content=\"sv_SE\" \/>\n<meta property=\"og:type\" content=\"article\" \/>\n<meta property=\"og:title\" content=\"Ladda ner: Det kompletta kontraktshanteringssystemet f\u00f6r b\u00e4ttre ekonomiska resultat\" \/>\n<meta property=\"og:description\" content=\"Guide f\u00f6r avtalshantering | Ladda ner guiden f\u00f6r b\u00e4sta praxis f\u00f6r kontraktshantering. L\u00e4s mer om ShareControl Contract.\" \/>\n<meta property=\"og:url\" content=\"https:\/\/sharecontrol.io\/sv\/ladda-ner-det-kompletta-kontraktshanteringssystemet-for-battre-ekonomiska-resultat\/\" \/>\n<meta property=\"og:site_name\" content=\"ShareControl\" \/>\n<meta property=\"article:modified_time\" content=\"2024-08-01T07:26:47+00:00\" \/>\n<meta property=\"og:image\" content=\"https:\/\/sharecontrol.io\/wp-content\/uploads\/2023\/09\/Guide-for-handtering-av-apenhetsloven.png\" \/>\n\t<meta property=\"og:image:width\" content=\"1080\" \/>\n\t<meta property=\"og:image:height\" content=\"1080\" \/>\n\t<meta property=\"og:image:type\" content=\"image\/png\" \/>\n<meta name=\"twitter:card\" content=\"summary_large_image\" \/>\n<meta name=\"twitter:label1\" content=\"Ber\u00e4knad l\u00e4stid\" \/>\n\t<meta name=\"twitter:data1\" content=\"2 minuter\" \/>\n<script type=\"application\/ld+json\" class=\"yoast-schema-graph\">{\"@context\":\"https:\/\/schema.org\",\"@graph\":[{\"@type\":\"WebPage\",\"@id\":\"https:\/\/sharecontrol.io\/sv\/ladda-ner-det-kompletta-kontraktshanteringssystemet-for-battre-ekonomiska-resultat\/\",\"url\":\"https:\/\/sharecontrol.io\/sv\/ladda-ner-det-kompletta-kontraktshanteringssystemet-for-battre-ekonomiska-resultat\/\",\"name\":\"Ladda ner: Det kompletta kontraktshanteringssystemet f\u00f6r b\u00e4ttre ekonomiska resultat\",\"isPartOf\":{\"@id\":\"https:\/\/sharecontrol.io\/sv\/#website\"},\"primaryImageOfPage\":{\"@id\":\"https:\/\/sharecontrol.io\/sv\/ladda-ner-det-kompletta-kontraktshanteringssystemet-for-battre-ekonomiska-resultat\/#primaryimage\"},\"image\":{\"@id\":\"https:\/\/sharecontrol.io\/sv\/ladda-ner-det-kompletta-kontraktshanteringssystemet-for-battre-ekonomiska-resultat\/#primaryimage\"},\"thumbnailUrl\":\"https:\/\/sharecontrol.io\/wp-content\/uploads\/2023\/09\/Guide-for-handtering-av-apenhetsloven.png\",\"datePublished\":\"2022-11-13T14:13:00+00:00\",\"dateModified\":\"2024-08-01T07:26:47+00:00\",\"description\":\"Guide f\u00f6r avtalshantering | Ladda ner guiden f\u00f6r b\u00e4sta praxis f\u00f6r kontraktshantering. L\u00e4s mer om ShareControl Contract.\",\"breadcrumb\":{\"@id\":\"https:\/\/sharecontrol.io\/sv\/ladda-ner-det-kompletta-kontraktshanteringssystemet-for-battre-ekonomiska-resultat\/#breadcrumb\"},\"inLanguage\":\"sv-SE\",\"potentialAction\":[{\"@type\":\"ReadAction\",\"target\":[\"https:\/\/sharecontrol.io\/sv\/ladda-ner-det-kompletta-kontraktshanteringssystemet-for-battre-ekonomiska-resultat\/\"]}]},{\"@type\":\"ImageObject\",\"inLanguage\":\"sv-SE\",\"@id\":\"https:\/\/sharecontrol.io\/sv\/ladda-ner-det-kompletta-kontraktshanteringssystemet-for-battre-ekonomiska-resultat\/#primaryimage\",\"url\":\"https:\/\/sharecontrol.io\/wp-content\/uploads\/2023\/09\/Guide-for-handtering-av-apenhetsloven.png\",\"contentUrl\":\"https:\/\/sharecontrol.io\/wp-content\/uploads\/2023\/09\/Guide-for-handtering-av-apenhetsloven.png\",\"width\":1080,\"height\":1080,\"caption\":\"Last ned Share Controls guide for h\u00e5ndtering av \u00e5penhetsloven her.\"},{\"@type\":\"BreadcrumbList\",\"@id\":\"https:\/\/sharecontrol.io\/sv\/ladda-ner-det-kompletta-kontraktshanteringssystemet-for-battre-ekonomiska-resultat\/#breadcrumb\",\"itemListElement\":[{\"@type\":\"ListItem\",\"position\":1,\"name\":\"Home\",\"item\":\"https:\/\/sharecontrol.io\/sv\/\"},{\"@type\":\"ListItem\",\"position\":2,\"name\":\"Ladda ner: Det kompletta kontraktshanteringssystemet f\u00f6r b\u00e4ttre ekonomiska resultat\"}]},{\"@type\":\"WebSite\",\"@id\":\"https:\/\/sharecontrol.io\/sv\/#website\",\"url\":\"https:\/\/sharecontrol.io\/sv\/\",\"name\":\"ShareControl\",\"description\":\"\",\"publisher\":{\"@id\":\"https:\/\/sharecontrol.io\/sv\/#organization\"},\"potentialAction\":[{\"@type\":\"SearchAction\",\"target\":{\"@type\":\"EntryPoint\",\"urlTemplate\":\"https:\/\/sharecontrol.io\/sv\/?s={search_term_string}\"},\"query-input\":{\"@type\":\"PropertyValueSpecification\",\"valueRequired\":true,\"valueName\":\"search_term_string\"}}],\"inLanguage\":\"sv-SE\"},{\"@type\":\"Organization\",\"@id\":\"https:\/\/sharecontrol.io\/sv\/#organization\",\"name\":\"ShareControl\",\"url\":\"https:\/\/sharecontrol.io\/sv\/\",\"logo\":{\"@type\":\"ImageObject\",\"inLanguage\":\"sv-SE\",\"@id\":\"https:\/\/sharecontrol.io\/sv\/#\/schema\/logo\/image\/\",\"url\":\"https:\/\/sharecontrol.io\/wp-content\/uploads\/2022\/05\/cropped-logo-sc-default-minified-small.png\",\"contentUrl\":\"https:\/\/sharecontrol.io\/wp-content\/uploads\/2022\/05\/cropped-logo-sc-default-minified-small.png\",\"width\":900,\"height\":200,\"caption\":\"ShareControl\"},\"image\":{\"@id\":\"https:\/\/sharecontrol.io\/sv\/#\/schema\/logo\/image\/\"}}]}<\/script>\n<!-- \/ Yoast SEO plugin. -->","yoast_head_json":{"title":"Ladda ner: Det kompletta kontraktshanteringssystemet f\u00f6r b\u00e4ttre ekonomiska resultat","description":"Guide f\u00f6r avtalshantering | Ladda ner guiden f\u00f6r b\u00e4sta praxis f\u00f6r kontraktshantering. L\u00e4s mer om ShareControl Contract.","robots":{"index":"index","follow":"follow","max-snippet":"max-snippet:-1","max-image-preview":"max-image-preview:large","max-video-preview":"max-video-preview:-1"},"canonical":"https:\/\/sharecontrol.io\/sv\/ladda-ner-det-kompletta-kontraktshanteringssystemet-for-battre-ekonomiska-resultat\/","og_locale":"sv_SE","og_type":"article","og_title":"Ladda ner: Det kompletta kontraktshanteringssystemet f\u00f6r b\u00e4ttre ekonomiska resultat","og_description":"Guide f\u00f6r avtalshantering | Ladda ner guiden f\u00f6r b\u00e4sta praxis f\u00f6r kontraktshantering. L\u00e4s mer om ShareControl Contract.","og_url":"https:\/\/sharecontrol.io\/sv\/ladda-ner-det-kompletta-kontraktshanteringssystemet-for-battre-ekonomiska-resultat\/","og_site_name":"ShareControl","article_modified_time":"2024-08-01T07:26:47+00:00","og_image":[{"width":1080,"height":1080,"url":"https:\/\/sharecontrol.io\/wp-content\/uploads\/2023\/09\/Guide-for-handtering-av-apenhetsloven.png","type":"image\/png"}],"twitter_card":"summary_large_image","twitter_misc":{"Ber\u00e4knad l\u00e4stid":"2 minuter"},"schema":{"@context":"https:\/\/schema.org","@graph":[{"@type":"WebPage","@id":"https:\/\/sharecontrol.io\/sv\/ladda-ner-det-kompletta-kontraktshanteringssystemet-for-battre-ekonomiska-resultat\/","url":"https:\/\/sharecontrol.io\/sv\/ladda-ner-det-kompletta-kontraktshanteringssystemet-for-battre-ekonomiska-resultat\/","name":"Ladda ner: Det kompletta kontraktshanteringssystemet f\u00f6r b\u00e4ttre ekonomiska resultat","isPartOf":{"@id":"https:\/\/sharecontrol.io\/sv\/#website"},"primaryImageOfPage":{"@id":"https:\/\/sharecontrol.io\/sv\/ladda-ner-det-kompletta-kontraktshanteringssystemet-for-battre-ekonomiska-resultat\/#primaryimage"},"image":{"@id":"https:\/\/sharecontrol.io\/sv\/ladda-ner-det-kompletta-kontraktshanteringssystemet-for-battre-ekonomiska-resultat\/#primaryimage"},"thumbnailUrl":"https:\/\/sharecontrol.io\/wp-content\/uploads\/2023\/09\/Guide-for-handtering-av-apenhetsloven.png","datePublished":"2022-11-13T14:13:00+00:00","dateModified":"2024-08-01T07:26:47+00:00","description":"Guide f\u00f6r avtalshantering | Ladda ner guiden f\u00f6r b\u00e4sta praxis f\u00f6r kontraktshantering. L\u00e4s mer om ShareControl Contract.","breadcrumb":{"@id":"https:\/\/sharecontrol.io\/sv\/ladda-ner-det-kompletta-kontraktshanteringssystemet-for-battre-ekonomiska-resultat\/#breadcrumb"},"inLanguage":"sv-SE","potentialAction":[{"@type":"ReadAction","target":["https:\/\/sharecontrol.io\/sv\/ladda-ner-det-kompletta-kontraktshanteringssystemet-for-battre-ekonomiska-resultat\/"]}]},{"@type":"ImageObject","inLanguage":"sv-SE","@id":"https:\/\/sharecontrol.io\/sv\/ladda-ner-det-kompletta-kontraktshanteringssystemet-for-battre-ekonomiska-resultat\/#primaryimage","url":"https:\/\/sharecontrol.io\/wp-content\/uploads\/2023\/09\/Guide-for-handtering-av-apenhetsloven.png","contentUrl":"https:\/\/sharecontrol.io\/wp-content\/uploads\/2023\/09\/Guide-for-handtering-av-apenhetsloven.png","width":1080,"height":1080,"caption":"Last ned Share Controls guide for h\u00e5ndtering av \u00e5penhetsloven her."},{"@type":"BreadcrumbList","@id":"https:\/\/sharecontrol.io\/sv\/ladda-ner-det-kompletta-kontraktshanteringssystemet-for-battre-ekonomiska-resultat\/#breadcrumb","itemListElement":[{"@type":"ListItem","position":1,"name":"Home","item":"https:\/\/sharecontrol.io\/sv\/"},{"@type":"ListItem","position":2,"name":"Ladda ner: Det kompletta kontraktshanteringssystemet f\u00f6r b\u00e4ttre ekonomiska resultat"}]},{"@type":"WebSite","@id":"https:\/\/sharecontrol.io\/sv\/#website","url":"https:\/\/sharecontrol.io\/sv\/","name":"ShareControl","description":"","publisher":{"@id":"https:\/\/sharecontrol.io\/sv\/#organization"},"potentialAction":[{"@type":"SearchAction","target":{"@type":"EntryPoint","urlTemplate":"https:\/\/sharecontrol.io\/sv\/?s={search_term_string}"},"query-input":{"@type":"PropertyValueSpecification","valueRequired":true,"valueName":"search_term_string"}}],"inLanguage":"sv-SE"},{"@type":"Organization","@id":"https:\/\/sharecontrol.io\/sv\/#organization","name":"ShareControl","url":"https:\/\/sharecontrol.io\/sv\/","logo":{"@type":"ImageObject","inLanguage":"sv-SE","@id":"https:\/\/sharecontrol.io\/sv\/#\/schema\/logo\/image\/","url":"https:\/\/sharecontrol.io\/wp-content\/uploads\/2022\/05\/cropped-logo-sc-default-minified-small.png","contentUrl":"https:\/\/sharecontrol.io\/wp-content\/uploads\/2022\/05\/cropped-logo-sc-default-minified-small.png","width":900,"height":200,"caption":"ShareControl"},"image":{"@id":"https:\/\/sharecontrol.io\/sv\/#\/schema\/logo\/image\/"}}]}},"uagb_featured_image_src":{"full":["https:\/\/sharecontrol.io\/wp-content\/uploads\/2023\/09\/Guide-for-handtering-av-apenhetsloven.png",1080,1080,false],"thumbnail":["https:\/\/sharecontrol.io\/wp-content\/uploads\/2023\/09\/Guide-for-handtering-av-apenhetsloven-150x150.png",150,150,true],"medium":["https:\/\/sharecontrol.io\/wp-content\/uploads\/2023\/09\/Guide-for-handtering-av-apenhetsloven-300x300.png",300,300,true],"medium_large":["https:\/\/sharecontrol.io\/wp-content\/uploads\/2023\/09\/Guide-for-handtering-av-apenhetsloven-768x768.png",768,768,true],"large":["https:\/\/sharecontrol.io\/wp-content\/uploads\/2023\/09\/Guide-for-handtering-av-apenhetsloven-1024x1024.png",1024,1024,true],"1536x1536":["https:\/\/sharecontrol.io\/wp-content\/uploads\/2023\/09\/Guide-for-handtering-av-apenhetsloven.png",1080,1080,false],"2048x2048":["https:\/\/sharecontrol.io\/wp-content\/uploads\/2023\/09\/Guide-for-handtering-av-apenhetsloven.png",1080,1080,false]},"uagb_author_info":{"display_name":"Ragnar Bryne","author_link":"https:\/\/sharecontrol.io\/sv\/author\/ragnar\/"},"uagb_comment_info":0,"uagb_excerpt":"Guide f\u00f6r avtalshantering I dagens dynamiska aff\u00e4rsmilj\u00f6 \u00e4r effektiv kontraktshantering avg\u00f6rande f\u00f6r att s\u00e4kerst\u00e4lla att avtal uppfylls och risker minimeras. Genom att implementera kontraktshantering p\u00e5 Microsoft 365 kan organisationer dra nytta av ett antal avancerade funktioner och integrationer som f\u00f6rb\u00e4ttrar b\u00e5de s\u00e4kerheten och effektiviteten f\u00f6r att hantera kontrakt. Inneh\u00e5ll Guiden kommer att ge djupare insikter&hellip;","_links":{"self":[{"href":"https:\/\/sharecontrol.io\/sv\/wp-json\/wp\/v2\/pages\/8015","targetHints":{"allow":["GET"]}}],"collection":[{"href":"https:\/\/sharecontrol.io\/sv\/wp-json\/wp\/v2\/pages"}],"about":[{"href":"https:\/\/sharecontrol.io\/sv\/wp-json\/wp\/v2\/types\/page"}],"author":[{"embeddable":true,"href":"https:\/\/sharecontrol.io\/sv\/wp-json\/wp\/v2\/users\/5"}],"replies":[{"embeddable":true,"href":"https:\/\/sharecontrol.io\/sv\/wp-json\/wp\/v2\/comments?post=8015"}],"version-history":[{"count":11,"href":"https:\/\/sharecontrol.io\/sv\/wp-json\/wp\/v2\/pages\/8015\/revisions"}],"predecessor-version":[{"id":14766,"href":"https:\/\/sharecontrol.io\/sv\/wp-json\/wp\/v2\/pages\/8015\/revisions\/14766"}],"wp:featuredmedia":[{"embeddable":true,"href":"https:\/\/sharecontrol.io\/sv\/wp-json\/wp\/v2\/media\/9390"}],"wp:attachment":[{"href":"https:\/\/sharecontrol.io\/sv\/wp-json\/wp\/v2\/media?parent=8015"}],"curies":[{"name":"wp","href":"https:\/\/api.w.org\/{rel}","templated":true}]}}