{"id":8029,"date":"2022-06-27T12:25:28","date_gmt":"2022-06-27T11:25:28","guid":{"rendered":"https:\/\/sharecontrol.io\/produkter\/tjanstepaket\/"},"modified":"2026-01-05T14:34:45","modified_gmt":"2026-01-05T13:34:45","slug":"tjanstepaket","status":"publish","type":"page","link":"https:\/\/sharecontrol.io\/sv\/produkter\/tjanstepaket\/","title":{"rendered":"Tj\u00e4nstepaket"},"content":{"rendered":"\n<p>Vi erbjuder servicepaket som garanterar dig kvartalsvis assistans och support fr\u00e5n oss. Du kan v\u00e4lja mellan olika tj\u00e4nstepaket till fast pris med ett givet antal timmar f\u00f6rdelat p\u00e5 redovisning och teknisk support fr\u00e5n oss. Oanv\u00e4nda timmar under ett kvartal rullas \u00f6ver till n\u00e4sta kvartal f\u00f6r anv\u00e4ndning om det \u00e4r sant inom samma avtalsperiod och kalender\u00e5r som kontraktet. Avr\u00e4kning av tj\u00e4nstepaketet g\u00f6rs i slutet av kundens licensperiod, samt i slutet av kalender\u00e5ret. Om fler timmar anv\u00e4nds ut\u00f6ver servicepaketet faktureras normalt ett timpris per timme.<\/p>\n\n\n\n<div class=\"wp-block-columns alignwide is-layout-flex wp-container-core-columns-is-layout-9d6595d7 wp-block-columns-is-layout-flex\">\n<div class=\"wp-block-column has-text-color has-background has-link-color wp-elements-bf32553960594427c5d6bfe6c010a793 is-layout-flow wp-block-column-is-layout-flow\" style=\"color:#000000;background-color:#399ca1;padding-top:2em;padding-right:2em;padding-bottom:2em;padding-left:2em\"><h2 class=\"wp-block-heading has-base-3-color has-text-color\" id=\"single\" style=\"font-size:40px\"><strong>Liten<\/strong><\/h2>\n\n\n<p class=\"has-base-3-color has-text-color has-normal-font-size\" style=\"line-height:1.5\"><strong>3 timmar \/ per kvartal<\/strong><\/p>\n\n\n\n<hr class=\"wp-block-separator has-text-color has-base-3-color has-alpha-channel-opacity has-base-3-background-color has-background is-style-wide\"\/>\n\n\n\n<div class=\"wp-block-buttons alignfull is-horizontal is-content-justification-center is-layout-flex wp-container-core-buttons-is-layout-499968f5 wp-block-buttons-is-layout-flex\"><\/div>\n\n\n\n<p class=\"has-base-3-color has-text-color\"><strong>SEK 5 400,- \/ per kvartal<\/strong><\/p>\n<\/div>\n\n\n\n<div class=\"wp-block-column has-text-color has-background has-link-color wp-elements-47463756153832a0d9d145879bf28c14 is-layout-flow wp-block-column-is-layout-flow\" style=\"color:#000000;background-color:#37a8b3;padding-top:2em;padding-right:2em;padding-bottom:2em;padding-left:2em\"><h2 class=\"wp-block-heading has-base-3-color has-text-color\" id=\"family\" style=\"font-size:40px\"><strong>Medium<\/strong><\/h2>\n\n\n<p class=\"has-base-3-color has-text-color has-normal-font-size\" style=\"line-height:1.5\"><strong>6 timmar \/ per kvartal<\/strong><\/p>\n\n\n\n<hr class=\"wp-block-separator has-text-color has-base-3-color has-alpha-channel-opacity has-base-3-background-color has-background is-style-wide\"\/>\n\n\n\n<div class=\"wp-block-buttons alignfull is-horizontal is-content-justification-center is-layout-flex wp-container-core-buttons-is-layout-499968f5 wp-block-buttons-is-layout-flex\"><\/div>\n\n\n\n<p class=\"has-base-3-color has-text-color\"><strong>SEK 9 900,- \/ per kvartal<\/strong><\/p>\n<\/div>\n\n\n\n<div class=\"wp-block-column has-base-3-color has-text-color has-background has-link-color wp-elements-d6756e649171e2c57491eb5ae2fc1cec is-layout-flow wp-block-column-is-layout-flow\" style=\"background-color:#346a70;padding-top:2em;padding-right:2em;padding-bottom:2em;padding-left:2em\"><h2 class=\"wp-block-heading has-base-3-color has-text-color\" id=\"patron\" style=\"font-size:40px\"><strong>Stor<\/strong><\/h2>\n\n\n<p class=\"has-base-3-color has-text-color has-normal-font-size\"><strong>9 timmar\/per kvartal<\/strong><\/p>\n\n\n\n<hr class=\"wp-block-separator has-css-opacity is-style-wide\"\/>\n\n\n\n<div class=\"wp-block-buttons alignfull is-horizontal is-content-justification-center is-layout-flex wp-container-core-buttons-is-layout-499968f5 wp-block-buttons-is-layout-flex\"><\/div>\n\n\n\n<p><strong>SEK 14 000,- \/ per kvartal<\/strong><\/p>\n<\/div>\n<\/div>\n\n\n\n<div style=\"height:25px\" aria-hidden=\"true\" class=\"wp-block-spacer\"><\/div>\n\n\n<h2 class=\"wp-block-heading\" id=\"valj-servicepaket\">V\u00e4lj servicepaket<\/h2>\n\n<div class=\"gb-grid-wrapper gb-grid-wrapper-b52aec0b\">\n<div class=\"gb-grid-column gb-grid-column-d924d0fa\"><div class=\"gb-container gb-container-d924d0fa\"><div class=\"gb-inside-container\">\n\n<script charset=\"utf-8\" type=\"text\/javascript\" src=\"\/\/js-eu1.hsforms.net\/forms\/embed\/v2.js\"><\/script><script>hbspt.forms.create({\n    region: \"eu1\",\n    portalId: \"25744173\",\n    formId: \"e09f2109-d1a9-49d6-bdac-e308134b8a12\"\n  });\n<\/script>\n\n<\/div><\/div><\/div>\n\n<div class=\"gb-grid-column gb-grid-column-bdc3e636\"><div class=\"gb-container gb-container-bdc3e636\"><div class=\"gb-inside-container\"><\/div><\/div><\/div>\n<\/div>","protected":false},"excerpt":{"rendered":"<p>Vi erbjuder servicepaket som garanterar dig kvartalsvis assistans och support fr\u00e5n oss. Du kan v\u00e4lja mellan olika tj\u00e4nstepaket till fast pris med ett givet antal timmar f\u00f6rdelat p\u00e5 redovisning och teknisk support fr\u00e5n oss. Oanv\u00e4nda timmar under ett kvartal rullas \u00f6ver till n\u00e4sta kvartal f\u00f6r anv\u00e4ndning om det \u00e4r sant inom samma avtalsperiod och kalender\u00e5r &#8230; <a title=\"Tj\u00e4nstepaket\" class=\"read-more\" href=\"https:\/\/sharecontrol.io\/sv\/produkter\/tjanstepaket\/\" aria-label=\"L\u00e4s mer om Tj\u00e4nstepaket\">L\u00e4s mer<\/a><\/p>\n","protected":false},"author":5,"featured_media":7511,"parent":7863,"menu_order":0,"comment_status":"closed","ping_status":"closed","template":"","meta":{"content-type":"","_uag_custom_page_level_css":"","footnotes":""},"class_list":["post-8029","page","type-page","status-publish","has-post-thumbnail"],"yoast_head":"<!-- This site is optimized with the Yoast SEO plugin v27.2 - https:\/\/yoast.com\/product\/yoast-seo-wordpress\/ -->\n<title>Tj\u00e4nstepaket<\/title>\n<meta name=\"description\" content=\"Vi erbjuder servicepaket som s\u00e4kerst\u00e4ller v\u00e5ra kunder kvartalsvis assistans och support. Vi erbjuder 3 olika servicepaket - l\u00e4s mer h\u00e4r!\" \/>\n<meta name=\"robots\" content=\"index, follow, max-snippet:-1, max-image-preview:large, max-video-preview:-1\" \/>\n<link rel=\"canonical\" href=\"https:\/\/sharecontrol.io\/sv\/produkter\/tjanstepaket\/\" \/>\n<meta property=\"og:locale\" content=\"sv_SE\" \/>\n<meta property=\"og:type\" content=\"article\" \/>\n<meta property=\"og:title\" content=\"Tj\u00e4nstepaket\" \/>\n<meta property=\"og:description\" content=\"Vi erbjuder servicepaket som s\u00e4kerst\u00e4ller v\u00e5ra kunder kvartalsvis assistans och support. Vi erbjuder 3 olika servicepaket - l\u00e4s mer h\u00e4r!\" \/>\n<meta property=\"og:url\" content=\"https:\/\/sharecontrol.io\/sv\/produkter\/tjanstepaket\/\" \/>\n<meta property=\"og:site_name\" content=\"ShareControl\" \/>\n<meta property=\"article:modified_time\" content=\"2026-01-05T13:34:45+00:00\" \/>\n<meta property=\"og:image\" content=\"https:\/\/sharecontrol.io\/wp-content\/uploads\/2022\/05\/arbeidsbilde-scaled.jpg\" \/>\n\t<meta property=\"og:image:width\" content=\"2560\" \/>\n\t<meta property=\"og:image:height\" content=\"1920\" \/>\n\t<meta property=\"og:image:type\" content=\"image\/jpeg\" \/>\n<meta name=\"twitter:card\" content=\"summary_large_image\" \/>\n<meta name=\"twitter:label1\" content=\"Ber\u00e4knad l\u00e4stid\" \/>\n\t<meta name=\"twitter:data1\" content=\"1 minut\" \/>\n<script type=\"application\/ld+json\" class=\"yoast-schema-graph\">{\"@context\":\"https:\/\/schema.org\",\"@graph\":[{\"@type\":\"WebPage\",\"@id\":\"https:\/\/sharecontrol.io\/sv\/produkter\/tjanstepaket\/\",\"url\":\"https:\/\/sharecontrol.io\/sv\/produkter\/tjanstepaket\/\",\"name\":\"Tj\u00e4nstepaket\",\"isPartOf\":{\"@id\":\"https:\/\/sharecontrol.io\/sv\/#website\"},\"primaryImageOfPage\":{\"@id\":\"https:\/\/sharecontrol.io\/sv\/produkter\/tjanstepaket\/#primaryimage\"},\"image\":{\"@id\":\"https:\/\/sharecontrol.io\/sv\/produkter\/tjanstepaket\/#primaryimage\"},\"thumbnailUrl\":\"https:\/\/sharecontrol.io\/wp-content\/uploads\/2022\/05\/arbeidsbilde-scaled.jpg\",\"datePublished\":\"2022-06-27T11:25:28+00:00\",\"dateModified\":\"2026-01-05T13:34:45+00:00\",\"description\":\"Vi erbjuder servicepaket som s\u00e4kerst\u00e4ller v\u00e5ra kunder kvartalsvis assistans och support. Vi erbjuder 3 olika servicepaket - l\u00e4s mer h\u00e4r!\",\"breadcrumb\":{\"@id\":\"https:\/\/sharecontrol.io\/sv\/produkter\/tjanstepaket\/#breadcrumb\"},\"inLanguage\":\"sv-SE\",\"potentialAction\":[{\"@type\":\"ReadAction\",\"target\":[\"https:\/\/sharecontrol.io\/sv\/produkter\/tjanstepaket\/\"]}]},{\"@type\":\"ImageObject\",\"inLanguage\":\"sv-SE\",\"@id\":\"https:\/\/sharecontrol.io\/sv\/produkter\/tjanstepaket\/#primaryimage\",\"url\":\"https:\/\/sharecontrol.io\/wp-content\/uploads\/2022\/05\/arbeidsbilde-scaled.jpg\",\"contentUrl\":\"https:\/\/sharecontrol.io\/wp-content\/uploads\/2022\/05\/arbeidsbilde-scaled.jpg\",\"width\":2560,\"height\":1920,\"caption\":\"Share Control er en leverand\u00f8r av addons til Microsoft 365.\"},{\"@type\":\"BreadcrumbList\",\"@id\":\"https:\/\/sharecontrol.io\/sv\/produkter\/tjanstepaket\/#breadcrumb\",\"itemListElement\":[{\"@type\":\"ListItem\",\"position\":1,\"name\":\"Home\",\"item\":\"https:\/\/sharecontrol.io\/sv\/\"},{\"@type\":\"ListItem\",\"position\":2,\"name\":\"Produkter\",\"item\":\"https:\/\/sharecontrol.io\/sv\/produkter\/\"},{\"@type\":\"ListItem\",\"position\":3,\"name\":\"Tj\u00e4nstepaket\"}]},{\"@type\":\"WebSite\",\"@id\":\"https:\/\/sharecontrol.io\/sv\/#website\",\"url\":\"https:\/\/sharecontrol.io\/sv\/\",\"name\":\"ShareControl\",\"description\":\"\",\"publisher\":{\"@id\":\"https:\/\/sharecontrol.io\/sv\/#organization\"},\"potentialAction\":[{\"@type\":\"SearchAction\",\"target\":{\"@type\":\"EntryPoint\",\"urlTemplate\":\"https:\/\/sharecontrol.io\/sv\/?s={search_term_string}\"},\"query-input\":{\"@type\":\"PropertyValueSpecification\",\"valueRequired\":true,\"valueName\":\"search_term_string\"}}],\"inLanguage\":\"sv-SE\"},{\"@type\":\"Organization\",\"@id\":\"https:\/\/sharecontrol.io\/sv\/#organization\",\"name\":\"ShareControl\",\"url\":\"https:\/\/sharecontrol.io\/sv\/\",\"logo\":{\"@type\":\"ImageObject\",\"inLanguage\":\"sv-SE\",\"@id\":\"https:\/\/sharecontrol.io\/sv\/#\/schema\/logo\/image\/\",\"url\":\"https:\/\/sharecontrol.io\/wp-content\/uploads\/2022\/05\/cropped-logo-sc-default-minified-small.png\",\"contentUrl\":\"https:\/\/sharecontrol.io\/wp-content\/uploads\/2022\/05\/cropped-logo-sc-default-minified-small.png\",\"width\":900,\"height\":200,\"caption\":\"ShareControl\"},\"image\":{\"@id\":\"https:\/\/sharecontrol.io\/sv\/#\/schema\/logo\/image\/\"}}]}<\/script>\n<!-- \/ Yoast SEO plugin. -->","yoast_head_json":{"title":"Tj\u00e4nstepaket","description":"Vi erbjuder servicepaket som s\u00e4kerst\u00e4ller v\u00e5ra kunder kvartalsvis assistans och support. Vi erbjuder 3 olika servicepaket - l\u00e4s mer h\u00e4r!","robots":{"index":"index","follow":"follow","max-snippet":"max-snippet:-1","max-image-preview":"max-image-preview:large","max-video-preview":"max-video-preview:-1"},"canonical":"https:\/\/sharecontrol.io\/sv\/produkter\/tjanstepaket\/","og_locale":"sv_SE","og_type":"article","og_title":"Tj\u00e4nstepaket","og_description":"Vi erbjuder servicepaket som s\u00e4kerst\u00e4ller v\u00e5ra kunder kvartalsvis assistans och support. Vi erbjuder 3 olika servicepaket - l\u00e4s mer h\u00e4r!","og_url":"https:\/\/sharecontrol.io\/sv\/produkter\/tjanstepaket\/","og_site_name":"ShareControl","article_modified_time":"2026-01-05T13:34:45+00:00","og_image":[{"width":2560,"height":1920,"url":"https:\/\/sharecontrol.io\/wp-content\/uploads\/2022\/05\/arbeidsbilde-scaled.jpg","type":"image\/jpeg"}],"twitter_card":"summary_large_image","twitter_misc":{"Ber\u00e4knad l\u00e4stid":"1 minut"},"schema":{"@context":"https:\/\/schema.org","@graph":[{"@type":"WebPage","@id":"https:\/\/sharecontrol.io\/sv\/produkter\/tjanstepaket\/","url":"https:\/\/sharecontrol.io\/sv\/produkter\/tjanstepaket\/","name":"Tj\u00e4nstepaket","isPartOf":{"@id":"https:\/\/sharecontrol.io\/sv\/#website"},"primaryImageOfPage":{"@id":"https:\/\/sharecontrol.io\/sv\/produkter\/tjanstepaket\/#primaryimage"},"image":{"@id":"https:\/\/sharecontrol.io\/sv\/produkter\/tjanstepaket\/#primaryimage"},"thumbnailUrl":"https:\/\/sharecontrol.io\/wp-content\/uploads\/2022\/05\/arbeidsbilde-scaled.jpg","datePublished":"2022-06-27T11:25:28+00:00","dateModified":"2026-01-05T13:34:45+00:00","description":"Vi erbjuder servicepaket som s\u00e4kerst\u00e4ller v\u00e5ra kunder kvartalsvis assistans och support. Vi erbjuder 3 olika servicepaket - l\u00e4s mer h\u00e4r!","breadcrumb":{"@id":"https:\/\/sharecontrol.io\/sv\/produkter\/tjanstepaket\/#breadcrumb"},"inLanguage":"sv-SE","potentialAction":[{"@type":"ReadAction","target":["https:\/\/sharecontrol.io\/sv\/produkter\/tjanstepaket\/"]}]},{"@type":"ImageObject","inLanguage":"sv-SE","@id":"https:\/\/sharecontrol.io\/sv\/produkter\/tjanstepaket\/#primaryimage","url":"https:\/\/sharecontrol.io\/wp-content\/uploads\/2022\/05\/arbeidsbilde-scaled.jpg","contentUrl":"https:\/\/sharecontrol.io\/wp-content\/uploads\/2022\/05\/arbeidsbilde-scaled.jpg","width":2560,"height":1920,"caption":"Share Control er en leverand\u00f8r av addons til Microsoft 365."},{"@type":"BreadcrumbList","@id":"https:\/\/sharecontrol.io\/sv\/produkter\/tjanstepaket\/#breadcrumb","itemListElement":[{"@type":"ListItem","position":1,"name":"Home","item":"https:\/\/sharecontrol.io\/sv\/"},{"@type":"ListItem","position":2,"name":"Produkter","item":"https:\/\/sharecontrol.io\/sv\/produkter\/"},{"@type":"ListItem","position":3,"name":"Tj\u00e4nstepaket"}]},{"@type":"WebSite","@id":"https:\/\/sharecontrol.io\/sv\/#website","url":"https:\/\/sharecontrol.io\/sv\/","name":"ShareControl","description":"","publisher":{"@id":"https:\/\/sharecontrol.io\/sv\/#organization"},"potentialAction":[{"@type":"SearchAction","target":{"@type":"EntryPoint","urlTemplate":"https:\/\/sharecontrol.io\/sv\/?s={search_term_string}"},"query-input":{"@type":"PropertyValueSpecification","valueRequired":true,"valueName":"search_term_string"}}],"inLanguage":"sv-SE"},{"@type":"Organization","@id":"https:\/\/sharecontrol.io\/sv\/#organization","name":"ShareControl","url":"https:\/\/sharecontrol.io\/sv\/","logo":{"@type":"ImageObject","inLanguage":"sv-SE","@id":"https:\/\/sharecontrol.io\/sv\/#\/schema\/logo\/image\/","url":"https:\/\/sharecontrol.io\/wp-content\/uploads\/2022\/05\/cropped-logo-sc-default-minified-small.png","contentUrl":"https:\/\/sharecontrol.io\/wp-content\/uploads\/2022\/05\/cropped-logo-sc-default-minified-small.png","width":900,"height":200,"caption":"ShareControl"},"image":{"@id":"https:\/\/sharecontrol.io\/sv\/#\/schema\/logo\/image\/"}}]}},"uagb_featured_image_src":{"full":["https:\/\/sharecontrol.io\/wp-content\/uploads\/2022\/05\/arbeidsbilde-scaled.jpg",2560,1920,false],"thumbnail":["https:\/\/sharecontrol.io\/wp-content\/uploads\/2022\/05\/arbeidsbilde-150x150.jpg",150,150,true],"medium":["https:\/\/sharecontrol.io\/wp-content\/uploads\/2022\/05\/arbeidsbilde-300x225.jpg",300,225,true],"medium_large":["https:\/\/sharecontrol.io\/wp-content\/uploads\/2022\/05\/arbeidsbilde-768x576.jpg",768,576,true],"large":["https:\/\/sharecontrol.io\/wp-content\/uploads\/2022\/05\/arbeidsbilde-1024x768.jpg",1024,768,true],"1536x1536":["https:\/\/sharecontrol.io\/wp-content\/uploads\/2022\/05\/arbeidsbilde-1536x1152.jpg",1536,1152,true],"2048x2048":["https:\/\/sharecontrol.io\/wp-content\/uploads\/2022\/05\/arbeidsbilde-2048x1536.jpg",2048,1536,true]},"uagb_author_info":{"display_name":"Ragnar Bryne","author_link":"https:\/\/sharecontrol.io\/sv\/author\/ragnar\/"},"uagb_comment_info":0,"uagb_excerpt":"Vi erbjuder servicepaket som garanterar dig kvartalsvis assistans och support fr\u00e5n oss. Du kan v\u00e4lja mellan olika tj\u00e4nstepaket till fast pris med ett givet antal timmar f\u00f6rdelat p\u00e5 redovisning och teknisk support fr\u00e5n oss. Oanv\u00e4nda timmar under ett kvartal rullas \u00f6ver till n\u00e4sta kvartal f\u00f6r anv\u00e4ndning om det \u00e4r sant inom samma avtalsperiod och kalender\u00e5r&hellip;","_links":{"self":[{"href":"https:\/\/sharecontrol.io\/sv\/wp-json\/wp\/v2\/pages\/8029","targetHints":{"allow":["GET"]}}],"collection":[{"href":"https:\/\/sharecontrol.io\/sv\/wp-json\/wp\/v2\/pages"}],"about":[{"href":"https:\/\/sharecontrol.io\/sv\/wp-json\/wp\/v2\/types\/page"}],"author":[{"embeddable":true,"href":"https:\/\/sharecontrol.io\/sv\/wp-json\/wp\/v2\/users\/5"}],"replies":[{"embeddable":true,"href":"https:\/\/sharecontrol.io\/sv\/wp-json\/wp\/v2\/comments?post=8029"}],"version-history":[{"count":18,"href":"https:\/\/sharecontrol.io\/sv\/wp-json\/wp\/v2\/pages\/8029\/revisions"}],"predecessor-version":[{"id":16159,"href":"https:\/\/sharecontrol.io\/sv\/wp-json\/wp\/v2\/pages\/8029\/revisions\/16159"}],"up":[{"embeddable":true,"href":"https:\/\/sharecontrol.io\/sv\/wp-json\/wp\/v2\/pages\/7863"}],"wp:featuredmedia":[{"embeddable":true,"href":"https:\/\/sharecontrol.io\/sv\/wp-json\/wp\/v2\/media\/7511"}],"wp:attachment":[{"href":"https:\/\/sharecontrol.io\/sv\/wp-json\/wp\/v2\/media?parent=8029"}],"curies":[{"name":"wp","href":"https:\/\/api.w.org\/{rel}","templated":true}]}}