{"id":8564,"date":"2023-02-22T10:10:41","date_gmt":"2023-02-22T10:10:41","guid":{"rendered":"https:\/\/sharecontrol.io\/bekraftelse-vi-har-tagit-emot-din-begaran-om-att-bli-kontaktad\/"},"modified":"2024-08-01T07:01:49","modified_gmt":"2024-08-01T07:01:49","slug":"bekraftelse-kontakta-oss","status":"publish","type":"page","link":"https:\/\/sharecontrol.io\/sv\/bekraftelse-kontakta-oss\/","title":{"rendered":"Bekr\u00e4ftelse &#8211; Vi har tagit emot din beg\u00e4ran om att bli kontaktad"},"content":{"rendered":"<div class=\"gb-container gb-container-edb23477\"><div class=\"gb-inside-container\">\n<h1 class=\"gb-headline gb-headline-180bdb97 gb-headline-text\" id=\"framgang\">Framg\u00e5ng<\/h1>\n\n\n<p>Tack f\u00f6r ditt intresse f\u00f6r Share Control.<br\/>Vi kommer snart att kontakta dig via e-post och ser fram emot att tr\u00e4ffa dig.<\/p>\n\n\n\n<p>Med v\u00e4nliga h\u00e4lsningar<\/p>\n\n\n<div class=\"gb-grid-wrapper gb-grid-wrapper-cca444d6\">\n<div class=\"gb-grid-column gb-grid-column-2a7dd565\"><div class=\"gb-container gb-container-2a7dd565\"><div class=\"gb-inside-container\">\n<div class=\"gb-container gb-container-6826778e column-shadow \"><div class=\"gb-inside-container\">\n<div class=\"wp-block-image is-style-rounded\">\n<figure class=\"aligncenter size-full is-resized\"><img decoding=\"async\" width=\"250\" height=\"250\" src=\"https:\/\/sharecontrol.io\/wp-content\/uploads\/2023\/08\/Ragnar-Bryne.png\" alt=\"Share Control Ragnar Bryne\" class=\"wp-image-9292\" style=\"object-fit:cover;width:173px;height:173px\" srcset=\"https:\/\/sharecontrol.io\/wp-content\/uploads\/2023\/08\/Ragnar-Bryne.png 250w, https:\/\/sharecontrol.io\/wp-content\/uploads\/2023\/08\/Ragnar-Bryne-150x150.png 150w\" sizes=\"(max-width: 250px) 100vw, 250px\" \/><\/figure>\n<\/div>\n\n<h3 class=\"gb-headline gb-headline-74de41bf gb-headline-text\" id=\"ragnar-bryne\">Ragnar Bryne<\/h3>\n\n<p class=\"gb-headline gb-headline-174cd066 gb-headline-text\"><em><em><em>Chef, statligt auktoriserad revisor<\/em><\/em><\/em><\/p>\n\n<p class=\"gb-headline gb-headline-33ed8a54 gb-headline-text\">Telefon: <a href=\"tel:+47%20416%2009%20779\">+47 416 09 779<\/a><\/p>\n\n<div class=\"gb-button-wrapper gb-button-wrapper-32273dc8\">\n\n<a class=\"gb-button gb-button-bf643660\" href=\"mailto:rb@sharecontrol.no\"><span class=\"gb-icon\"><svg xmlns=\"https:\/\/www.w3.org\/2000\/svg\" aria-hidden=\"true\" role=\"img\" height=\"1em\" width=\"1em\" viewbox=\"0 0 512 512\"><path fill=\"currentColor\" d=\"M464 64H48C21.49 64 0 85.49 0 112v288c0 26.51 21.49 48 48 48h416c26.51 0 48-21.49 48-48V112c0-26.51-21.49-48-48-48zm0 48v40.805c-22.422 18.259-58.168 46.651-134.587 106.49-16.841 13.247-50.201 45.072-73.413 44.701-23.208.375-56.579-31.459-73.413-44.701C106.18 199.465 70.425 171.067 48 152.805V112h416zM48 400V214.398c22.914 18.251 55.409 43.862 104.938 82.646 21.857 17.205 60.134 55.186 103.062 54.955 42.717.231 80.509-37.199 103.053-54.947 49.528-38.783 82.032-64.401 104.947-82.653V400H48z\"><\/path><\/svg><\/span><\/a>\n\n\n\n<a class=\"gb-button gb-button-385c5f8e\" href=\"https:\/\/www.linkedin.com\/in\/ragnar-bryne-5267023\/\" target=\"_blank\" rel=\"noopener noreferrer\"><span class=\"gb-icon\"><svg xmlns=\"https:\/\/www.w3.org\/2000\/svg\" viewbox=\"0 0 448 512\" width=\"1em\" height=\"1em\" aria-hidden=\"true\"><path d=\"M416 32H31.9C14.3 32 0 46.5 0 64.3v383.4C0 465.5 14.3 480 31.9 480H416c17.6 0 32-14.5 32-32.3V64.3c0-17.8-14.4-32.3-32-32.3zM135.4 416H69V202.2h66.5V416zm-33.2-243c-21.3 0-38.5-17.3-38.5-38.5S80.9 96 102.2 96c21.2 0 38.5 17.3 38.5 38.5 0 21.3-17.2 38.5-38.5 38.5zm282.1 243h-66.4V312c0-24.8-.5-56.7-34.5-56.7-34.6 0-39.9 27-39.9 54.9V416h-66.4V202.2h63.7v29.2h.9c8.9-16.8 30.6-34.5 62.9-34.5 67.2 0 79.7 44.3 79.7 101.9V416z\" fill=\"currentColor\"><\/path><\/svg><\/span><\/a>\n\n<\/div>\n<\/div><\/div>\n<\/div><\/div><\/div>\n\n<div class=\"gb-grid-column gb-grid-column-9d70c926\"><div class=\"gb-container gb-container-9d70c926\"><div class=\"gb-inside-container\"><\/div><\/div><\/div>\n\n<div class=\"gb-grid-column gb-grid-column-7bb24108\"><div class=\"gb-container gb-container-7bb24108\"><div class=\"gb-inside-container\"><\/div><\/div><\/div>\n<\/div>\n<\/div><\/div><div class=\"gb-container gb-container-9eaf6bae\"><div class=\"gb-inside-container\">\n<h3 class=\"gb-headline gb-headline-5e498e82 gb-headline-text\" id=\"senaste-artiklarna\">Senaste artiklarna<\/h3>\n\n\n<div style=\"height:20px\" aria-hidden=\"true\" class=\"wp-block-spacer\"><\/div>\n\n\n<style>.wp-show-posts-columns#wpsp-12767 {margin-left: -80px; }.wp-show-posts-columns#wpsp-12767 .wp-show-posts-inner {margin: 0 0 80px 80px; }<\/style><section id=\"wpsp-12767\" class=\" wp-show-posts-columns wp-show-posts\" style=\"\"><article class=\" wp-show-posts-single post-16034 post type-post status-publish format-standard has-post-thumbnail hentry category-avtalshantering wpsp-col-6\" itemtype=\"http:\/\/schema.org\/CreativeWork\" itemscope><div class=\"wp-show-posts-inner\" style=\"\">\t\t<div class=\"wp-show-posts-image  wpsp-image-center \">\n\t\t\t<a href=\"https:\/\/sharecontrol.io\/sv\/avtalshantering\/hur-teknik-forbattrar-avtalshanteringen-i-din-organisation\/\"  title=\"Hur teknik f\u00f6rb\u00e4ttrar avtalshanteringen i din organisation\"><img decoding=\"async\" width=\"800\" height=\"500\" src=\"https:\/\/sharecontrol.io\/wp-content\/uploads\/2025\/02\/Contract_Management_Technology.jpg\" class=\"attachment-full size-full wp-post-image\" alt=\"\" itemprop=\"image\" srcset=\"https:\/\/sharecontrol.io\/wp-content\/uploads\/2025\/02\/Contract_Management_Technology.jpg 800w, https:\/\/sharecontrol.io\/wp-content\/uploads\/2025\/02\/Contract_Management_Technology-300x188.jpg 300w, https:\/\/sharecontrol.io\/wp-content\/uploads\/2025\/02\/Contract_Management_Technology-768x480.jpg 768w\" sizes=\"(max-width: 800px) 100vw, 800px\" \/><\/a>\t\t<\/div>\n\t\t\t\t\t\t\t\t<header class=\"wp-show-posts-entry-header\">\n\t\t\t\t\t\t\t<h3 class=\"wp-show-posts-entry-title\" itemprop=\"headline\"><a href=\"https:\/\/sharecontrol.io\/sv\/avtalshantering\/hur-teknik-forbattrar-avtalshanteringen-i-din-organisation\/\" rel=\"bookmark\">Hur teknik f\u00f6rb\u00e4ttrar avtalshanteringen i din organisation<\/a><\/h3><div class=\"wp-show-posts-entry-meta wp-show-posts-entry-meta-below-title post-meta-inline\"><span class=\"wp-show-posts-posted-on wp-show-posts-meta\">\n\t\t\t\t\t<a href=\"https:\/\/sharecontrol.io\/sv\/avtalshantering\/hur-teknik-forbattrar-avtalshanteringen-i-din-organisation\/\" title=\"9:03 f m\" rel=\"bookmark\"><time class=\"wp-show-posts-entry-date published\" datetime=\"2025-02-25T09:03:01+01:00\" itemprop=\"datePublished\">februari 25, 2025<\/time><time class=\"wp-show-posts-updated\" datetime=\"2025-02-25T09:26:11+01:00\" itemprop=\"dateModified\">februari 25, 2025<\/time><\/a>\n\t\t\t\t<\/span><\/div>\t\t\t\t\t\t<\/header><!-- .entry-header -->\n\t\t\t\t\t<\/div><!-- wp-show-posts-inner --><\/article><article class=\" wp-show-posts-single post-15412 post type-post status-publish format-standard has-post-thumbnail hentry category-oppenhetslagen tag-oeppenhetslagen wpsp-col-6\" itemtype=\"http:\/\/schema.org\/CreativeWork\" itemscope><div class=\"wp-show-posts-inner\" style=\"\">\t\t<div class=\"wp-show-posts-image  wpsp-image-center \">\n\t\t\t<a href=\"https:\/\/sharecontrol.io\/sv\/oppenhetslagen\/negativa-konsekvenser-i-oppenhetslagen\/\"  title=\"Negativa konsekvenser i \u00f6ppenhetslagen\"><img decoding=\"async\" width=\"800\" height=\"500\" src=\"https:\/\/sharecontrol.io\/wp-content\/uploads\/2024\/09\/Negative-konsekvenser-i-apenhetsloven.jpg\" class=\"attachment-full size-full wp-post-image\" alt=\"Negative konsekvenser i \u00e5penhetsloven\" itemprop=\"image\" srcset=\"https:\/\/sharecontrol.io\/wp-content\/uploads\/2024\/09\/Negative-konsekvenser-i-apenhetsloven.jpg 800w, https:\/\/sharecontrol.io\/wp-content\/uploads\/2024\/09\/Negative-konsekvenser-i-apenhetsloven-300x188.jpg 300w, https:\/\/sharecontrol.io\/wp-content\/uploads\/2024\/09\/Negative-konsekvenser-i-apenhetsloven-768x480.jpg 768w\" sizes=\"(max-width: 800px) 100vw, 800px\" \/><\/a>\t\t<\/div>\n\t\t\t\t\t\t\t\t<header class=\"wp-show-posts-entry-header\">\n\t\t\t\t\t\t\t<h3 class=\"wp-show-posts-entry-title\" itemprop=\"headline\"><a href=\"https:\/\/sharecontrol.io\/sv\/oppenhetslagen\/negativa-konsekvenser-i-oppenhetslagen\/\" rel=\"bookmark\">Negativa konsekvenser i \u00f6ppenhetslagen<\/a><\/h3><div class=\"wp-show-posts-entry-meta wp-show-posts-entry-meta-below-title post-meta-inline\"><span class=\"wp-show-posts-posted-on wp-show-posts-meta\">\n\t\t\t\t\t<a href=\"https:\/\/sharecontrol.io\/sv\/oppenhetslagen\/negativa-konsekvenser-i-oppenhetslagen\/\" title=\"9:12 f m\" rel=\"bookmark\"><time class=\"wp-show-posts-entry-date published\" datetime=\"2024-09-18T09:12:54+01:00\" itemprop=\"datePublished\">september 18, 2024<\/time><time class=\"wp-show-posts-updated\" datetime=\"2024-09-20T05:59:31+01:00\" itemprop=\"dateModified\">september 20, 2024<\/time><\/a>\n\t\t\t\t<\/span><\/div>\t\t\t\t\t\t<\/header><!-- .entry-header -->\n\t\t\t\t\t<\/div><!-- wp-show-posts-inner --><\/article><div class=\"wpsp-clear\"><\/div><\/section><!-- .wp-show-posts -->\n\n\n\n<div style=\"height:20px\" aria-hidden=\"true\" class=\"wp-block-spacer\"><\/div>\n\n\n<p class=\"gb-headline gb-headline-b9c47f61\"><span class=\"gb-icon\"><svg xmlns=\"https:\/\/www.w3.org\/2000\/svg\" aria-hidden=\"true\" role=\"img\" height=\"1em\" width=\"1em\" viewbox=\"0 0 256 512\"><path fill=\"currentColor\" d=\"M224.3 273l-136 136c-9.4 9.4-24.6 9.4-33.9 0l-22.6-22.6c-9.4-9.4-9.4-24.6 0-33.9l96.4-96.4-96.4-96.4c-9.4-9.4-9.4-24.6 0-33.9L54.3 103c9.4-9.4 24.6-9.4 33.9 0l136 136c9.5 9.4 9.5 24.6.1 34z\"><\/path><\/svg><\/span><span class=\"gb-headline-text\"><a href=\"https:\/\/sharecontrol.io\/sv\/oppenhetslagen\/vad-ar-oppenhetslagen-och-vad-ar-ditt-ansvar\/\">Vad \u00e4r \u00f6ppenhetslagen och vad \u00e4r din skyldighet?<\/a><\/span><\/p>\n\n<p class=\"gb-headline gb-headline-59d0ef19\"><span class=\"gb-icon\"><svg xmlns=\"https:\/\/www.w3.org\/2000\/svg\" aria-hidden=\"true\" role=\"img\" height=\"1em\" width=\"1em\" viewbox=\"0 0 256 512\"><path fill=\"currentColor\" d=\"M224.3 273l-136 136c-9.4 9.4-24.6 9.4-33.9 0l-22.6-22.6c-9.4-9.4-9.4-24.6 0-33.9l96.4-96.4-96.4-96.4c-9.4-9.4-9.4-24.6 0-33.9L54.3 103c9.4-9.4 24.6-9.4 33.9 0l136 136c9.5 9.4 9.5 24.6.1 34z\"><\/path><\/svg><\/span><span class=\"gb-headline-text\"><a href=\"https:\/\/sharecontrol.io\/sv\/avtalshantering\/vilka-ar-de-totala-kostnaderna-och-skyldigheterna-for-dina-kontrakt\/\">Vilka \u00e4r de totala kostnaderna och skyldigheterna f\u00f6r dina kontrakt?<\/a><\/span><\/p>\n\n<p class=\"gb-headline gb-headline-fb2ba09c\"><span class=\"gb-icon\"><svg xmlns=\"https:\/\/www.w3.org\/2000\/svg\" aria-hidden=\"true\" role=\"img\" height=\"1em\" width=\"1em\" viewbox=\"0 0 256 512\"><path fill=\"currentColor\" d=\"M224.3 273l-136 136c-9.4 9.4-24.6 9.4-33.9 0l-22.6-22.6c-9.4-9.4-9.4-24.6 0-33.9l96.4-96.4-96.4-96.4c-9.4-9.4-9.4-24.6 0-33.9L54.3 103c9.4-9.4 24.6-9.4 33.9 0l136 136c9.5 9.4 9.5 24.6.1 34z\"><\/path><\/svg><\/span><span class=\"gb-headline-text\"><a href=\"https:\/\/sharecontrol.io\/sv\/avtalshantering\/vad-ar-avtalshantering-och-system-for-avtalshantering\/\">Vad \u00e4r avtalshantering och avtalshanteringssystem?<\/a><\/span><\/p>\n\n<p class=\"gb-headline gb-headline-4dad3a5f\"><span class=\"gb-icon\"><svg xmlns=\"https:\/\/www.w3.org\/2000\/svg\" aria-hidden=\"true\" role=\"img\" height=\"1em\" width=\"1em\" viewbox=\"0 0 256 512\"><path fill=\"currentColor\" d=\"M224.3 273l-136 136c-9.4 9.4-24.6 9.4-33.9 0l-22.6-22.6c-9.4-9.4-9.4-24.6 0-33.9l96.4-96.4-96.4-96.4c-9.4-9.4-9.4-24.6 0-33.9L54.3 103c9.4-9.4 24.6-9.4 33.9 0l136 136c9.5 9.4 9.5 24.6.1 34z\"><\/path><\/svg><\/span><span class=\"gb-headline-text\"><a href=\"https:\/\/sharecontrol.io\/sv\/styrelsearbete\/de-forsta-100-dagarna-som-ny-cfo-vagen-till-framgang\/\">De f\u00f6rsta 100 dagarna som ny CFO \u2013 v\u00e4gen till framg\u00e5ng<\/a><\/span><\/p>\n<\/div><\/div>","protected":false},"excerpt":{"rendered":"<p>Framg\u00e5ng Tack f\u00f6r ditt intresse f\u00f6r Share Control.Vi kommer snart att kontakta dig via e-post och ser fram emot att tr\u00e4ffa dig. Med v\u00e4nliga h\u00e4lsningar Senaste artiklarna Vad \u00e4r \u00f6ppenhetslagen och vad \u00e4r din skyldighet? Vilka \u00e4r de totala kostnaderna och skyldigheterna f\u00f6r dina kontrakt? Vad \u00e4r avtalshantering och avtalshanteringssystem? De f\u00f6rsta 100 dagarna som &#8230; <a title=\"Negativa konsekvenser i \u00f6ppenhetslagen\" class=\"read-more\" href=\"https:\/\/sharecontrol.io\/sv\/oppenhetslagen\/negativa-konsekvenser-i-oppenhetslagen\/\" aria-label=\"L\u00e4s mer om Negativa konsekvenser i \u00f6ppenhetslagen\">L\u00e4s mer<\/a><\/p>\n","protected":false},"author":5,"featured_media":0,"parent":0,"menu_order":0,"comment_status":"closed","ping_status":"closed","template":"","meta":{"content-type":"","_uag_custom_page_level_css":"","footnotes":""},"class_list":["post-8564","page","type-page","status-publish","hentry","generate-columns","tablet-grid-50","mobile-grid-100","grid-parent","grid-50"],"yoast_head":"<!-- This site is optimized with the Yoast SEO plugin v27.2 - https:\/\/yoast.com\/product\/yoast-seo-wordpress\/ -->\n<title>Bekr\u00e4ftelse - Vi har tagit emot din beg\u00e4ran om att bli kontaktad<\/title>\n<meta name=\"description\" content=\"Tack f\u00f6r ditt meddelande. Ragnar Bryne kommer att kontakta dig s\u00e5 snart som m\u00f6jligt. Under tiden kan du utforska v\u00e5ra artiklar h\u00e4r.\" \/>\n<meta name=\"robots\" content=\"index, follow, max-snippet:-1, max-image-preview:large, max-video-preview:-1\" \/>\n<link rel=\"canonical\" href=\"https:\/\/sharecontrol.io\/sv\/bekraftelse-kontakta-oss\/\" \/>\n<meta property=\"og:locale\" content=\"sv_SE\" \/>\n<meta property=\"og:type\" content=\"article\" \/>\n<meta property=\"og:title\" content=\"Bekr\u00e4ftelse - Vi har tagit emot din beg\u00e4ran om att bli kontaktad\" \/>\n<meta property=\"og:description\" content=\"Tack f\u00f6r ditt meddelande. Ragnar Bryne kommer att kontakta dig s\u00e5 snart som m\u00f6jligt. Under tiden kan du utforska v\u00e5ra artiklar h\u00e4r.\" \/>\n<meta property=\"og:url\" content=\"https:\/\/sharecontrol.io\/sv\/bekraftelse-kontakta-oss\/\" \/>\n<meta property=\"og:site_name\" content=\"ShareControl\" \/>\n<meta property=\"article:modified_time\" content=\"2024-08-01T07:01:49+00:00\" \/>\n<meta property=\"og:image\" content=\"https:\/\/sharecontrol.io\/wp-content\/uploads\/2023\/08\/Ragnar-Bryne.png\" \/>\n<meta name=\"twitter:card\" content=\"summary_large_image\" \/>\n<meta name=\"twitter:label1\" content=\"Ber\u00e4knad l\u00e4stid\" \/>\n\t<meta name=\"twitter:data1\" content=\"1 minut\" \/>\n<script type=\"application\/ld+json\" class=\"yoast-schema-graph\">{\"@context\":\"https:\/\/schema.org\",\"@graph\":[{\"@type\":\"WebPage\",\"@id\":\"https:\/\/sharecontrol.io\/sv\/bekraftelse-kontakta-oss\/\",\"url\":\"https:\/\/sharecontrol.io\/sv\/bekraftelse-kontakta-oss\/\",\"name\":\"Bekr\u00e4ftelse - Vi har tagit emot din beg\u00e4ran om att bli kontaktad\",\"isPartOf\":{\"@id\":\"https:\/\/sharecontrol.io\/sv\/#website\"},\"primaryImageOfPage\":{\"@id\":\"https:\/\/sharecontrol.io\/sv\/bekraftelse-kontakta-oss\/#primaryimage\"},\"image\":{\"@id\":\"https:\/\/sharecontrol.io\/sv\/bekraftelse-kontakta-oss\/#primaryimage\"},\"thumbnailUrl\":\"https:\/\/sharecontrol.io\/wp-content\/uploads\/2023\/08\/Ragnar-Bryne.png\",\"datePublished\":\"2023-02-22T10:10:41+00:00\",\"dateModified\":\"2024-08-01T07:01:49+00:00\",\"description\":\"Tack f\u00f6r ditt meddelande. Ragnar Bryne kommer att kontakta dig s\u00e5 snart som m\u00f6jligt. Under tiden kan du utforska v\u00e5ra artiklar h\u00e4r.\",\"breadcrumb\":{\"@id\":\"https:\/\/sharecontrol.io\/sv\/bekraftelse-kontakta-oss\/#breadcrumb\"},\"inLanguage\":\"sv-SE\",\"potentialAction\":[{\"@type\":\"ReadAction\",\"target\":[\"https:\/\/sharecontrol.io\/sv\/bekraftelse-kontakta-oss\/\"]}]},{\"@type\":\"ImageObject\",\"inLanguage\":\"sv-SE\",\"@id\":\"https:\/\/sharecontrol.io\/sv\/bekraftelse-kontakta-oss\/#primaryimage\",\"url\":\"https:\/\/sharecontrol.io\/wp-content\/uploads\/2023\/08\/Ragnar-Bryne.png\",\"contentUrl\":\"https:\/\/sharecontrol.io\/wp-content\/uploads\/2023\/08\/Ragnar-Bryne.png\"},{\"@type\":\"BreadcrumbList\",\"@id\":\"https:\/\/sharecontrol.io\/sv\/bekraftelse-kontakta-oss\/#breadcrumb\",\"itemListElement\":[{\"@type\":\"ListItem\",\"position\":1,\"name\":\"Home\",\"item\":\"https:\/\/sharecontrol.io\/sv\/\"},{\"@type\":\"ListItem\",\"position\":2,\"name\":\"Bekr\u00e4ftelse &#8211; Vi har tagit emot din beg\u00e4ran om att bli kontaktad\"}]},{\"@type\":\"WebSite\",\"@id\":\"https:\/\/sharecontrol.io\/sv\/#website\",\"url\":\"https:\/\/sharecontrol.io\/sv\/\",\"name\":\"ShareControl\",\"description\":\"\",\"publisher\":{\"@id\":\"https:\/\/sharecontrol.io\/sv\/#organization\"},\"potentialAction\":[{\"@type\":\"SearchAction\",\"target\":{\"@type\":\"EntryPoint\",\"urlTemplate\":\"https:\/\/sharecontrol.io\/sv\/?s={search_term_string}\"},\"query-input\":{\"@type\":\"PropertyValueSpecification\",\"valueRequired\":true,\"valueName\":\"search_term_string\"}}],\"inLanguage\":\"sv-SE\"},{\"@type\":\"Organization\",\"@id\":\"https:\/\/sharecontrol.io\/sv\/#organization\",\"name\":\"ShareControl\",\"url\":\"https:\/\/sharecontrol.io\/sv\/\",\"logo\":{\"@type\":\"ImageObject\",\"inLanguage\":\"sv-SE\",\"@id\":\"https:\/\/sharecontrol.io\/sv\/#\/schema\/logo\/image\/\",\"url\":\"https:\/\/sharecontrol.io\/wp-content\/uploads\/2022\/05\/cropped-logo-sc-default-minified-small.png\",\"contentUrl\":\"https:\/\/sharecontrol.io\/wp-content\/uploads\/2022\/05\/cropped-logo-sc-default-minified-small.png\",\"width\":900,\"height\":200,\"caption\":\"ShareControl\"},\"image\":{\"@id\":\"https:\/\/sharecontrol.io\/sv\/#\/schema\/logo\/image\/\"}}]}<\/script>\n<!-- \/ Yoast SEO plugin. -->","yoast_head_json":{"title":"Bekr\u00e4ftelse - Vi har tagit emot din beg\u00e4ran om att bli kontaktad","description":"Tack f\u00f6r ditt meddelande. Ragnar Bryne kommer att kontakta dig s\u00e5 snart som m\u00f6jligt. Under tiden kan du utforska v\u00e5ra artiklar h\u00e4r.","robots":{"index":"index","follow":"follow","max-snippet":"max-snippet:-1","max-image-preview":"max-image-preview:large","max-video-preview":"max-video-preview:-1"},"canonical":"https:\/\/sharecontrol.io\/sv\/bekraftelse-kontakta-oss\/","og_locale":"sv_SE","og_type":"article","og_title":"Bekr\u00e4ftelse - Vi har tagit emot din beg\u00e4ran om att bli kontaktad","og_description":"Tack f\u00f6r ditt meddelande. Ragnar Bryne kommer att kontakta dig s\u00e5 snart som m\u00f6jligt. Under tiden kan du utforska v\u00e5ra artiklar h\u00e4r.","og_url":"https:\/\/sharecontrol.io\/sv\/bekraftelse-kontakta-oss\/","og_site_name":"ShareControl","article_modified_time":"2024-08-01T07:01:49+00:00","og_image":[{"url":"https:\/\/sharecontrol.io\/wp-content\/uploads\/2023\/08\/Ragnar-Bryne.png","type":"","width":"","height":""}],"twitter_card":"summary_large_image","twitter_misc":{"Ber\u00e4knad l\u00e4stid":"1 minut"},"schema":{"@context":"https:\/\/schema.org","@graph":[{"@type":"WebPage","@id":"https:\/\/sharecontrol.io\/sv\/bekraftelse-kontakta-oss\/","url":"https:\/\/sharecontrol.io\/sv\/bekraftelse-kontakta-oss\/","name":"Bekr\u00e4ftelse - Vi har tagit emot din beg\u00e4ran om att bli kontaktad","isPartOf":{"@id":"https:\/\/sharecontrol.io\/sv\/#website"},"primaryImageOfPage":{"@id":"https:\/\/sharecontrol.io\/sv\/bekraftelse-kontakta-oss\/#primaryimage"},"image":{"@id":"https:\/\/sharecontrol.io\/sv\/bekraftelse-kontakta-oss\/#primaryimage"},"thumbnailUrl":"https:\/\/sharecontrol.io\/wp-content\/uploads\/2023\/08\/Ragnar-Bryne.png","datePublished":"2023-02-22T10:10:41+00:00","dateModified":"2024-08-01T07:01:49+00:00","description":"Tack f\u00f6r ditt meddelande. Ragnar Bryne kommer att kontakta dig s\u00e5 snart som m\u00f6jligt. Under tiden kan du utforska v\u00e5ra artiklar h\u00e4r.","breadcrumb":{"@id":"https:\/\/sharecontrol.io\/sv\/bekraftelse-kontakta-oss\/#breadcrumb"},"inLanguage":"sv-SE","potentialAction":[{"@type":"ReadAction","target":["https:\/\/sharecontrol.io\/sv\/bekraftelse-kontakta-oss\/"]}]},{"@type":"ImageObject","inLanguage":"sv-SE","@id":"https:\/\/sharecontrol.io\/sv\/bekraftelse-kontakta-oss\/#primaryimage","url":"https:\/\/sharecontrol.io\/wp-content\/uploads\/2023\/08\/Ragnar-Bryne.png","contentUrl":"https:\/\/sharecontrol.io\/wp-content\/uploads\/2023\/08\/Ragnar-Bryne.png"},{"@type":"BreadcrumbList","@id":"https:\/\/sharecontrol.io\/sv\/bekraftelse-kontakta-oss\/#breadcrumb","itemListElement":[{"@type":"ListItem","position":1,"name":"Home","item":"https:\/\/sharecontrol.io\/sv\/"},{"@type":"ListItem","position":2,"name":"Bekr\u00e4ftelse &#8211; Vi har tagit emot din beg\u00e4ran om att bli kontaktad"}]},{"@type":"WebSite","@id":"https:\/\/sharecontrol.io\/sv\/#website","url":"https:\/\/sharecontrol.io\/sv\/","name":"ShareControl","description":"","publisher":{"@id":"https:\/\/sharecontrol.io\/sv\/#organization"},"potentialAction":[{"@type":"SearchAction","target":{"@type":"EntryPoint","urlTemplate":"https:\/\/sharecontrol.io\/sv\/?s={search_term_string}"},"query-input":{"@type":"PropertyValueSpecification","valueRequired":true,"valueName":"search_term_string"}}],"inLanguage":"sv-SE"},{"@type":"Organization","@id":"https:\/\/sharecontrol.io\/sv\/#organization","name":"ShareControl","url":"https:\/\/sharecontrol.io\/sv\/","logo":{"@type":"ImageObject","inLanguage":"sv-SE","@id":"https:\/\/sharecontrol.io\/sv\/#\/schema\/logo\/image\/","url":"https:\/\/sharecontrol.io\/wp-content\/uploads\/2022\/05\/cropped-logo-sc-default-minified-small.png","contentUrl":"https:\/\/sharecontrol.io\/wp-content\/uploads\/2022\/05\/cropped-logo-sc-default-minified-small.png","width":900,"height":200,"caption":"ShareControl"},"image":{"@id":"https:\/\/sharecontrol.io\/sv\/#\/schema\/logo\/image\/"}}]}},"uagb_featured_image_src":{"full":false,"thumbnail":false,"medium":false,"medium_large":false,"large":false,"1536x1536":false,"2048x2048":false},"uagb_author_info":{"display_name":"Ragnar Bryne","author_link":"https:\/\/sharecontrol.io\/sv\/author\/ragnar\/"},"uagb_comment_info":0,"uagb_excerpt":"Framg\u00e5ng Tack f\u00f6r ditt intresse f\u00f6r Share Control.Vi kommer snart att kontakta dig via e-post och ser fram emot att tr\u00e4ffa dig. Med v\u00e4nliga h\u00e4lsningar Senaste artiklarna Vad \u00e4r \u00f6ppenhetslagen och vad \u00e4r din skyldighet? Vilka \u00e4r de totala kostnaderna och skyldigheterna f\u00f6r dina kontrakt? Vad \u00e4r avtalshantering och avtalshanteringssystem? De f\u00f6rsta 100 dagarna som&hellip;","_links":{"self":[{"href":"https:\/\/sharecontrol.io\/sv\/wp-json\/wp\/v2\/pages\/8564","targetHints":{"allow":["GET"]}}],"collection":[{"href":"https:\/\/sharecontrol.io\/sv\/wp-json\/wp\/v2\/pages"}],"about":[{"href":"https:\/\/sharecontrol.io\/sv\/wp-json\/wp\/v2\/types\/page"}],"author":[{"embeddable":true,"href":"https:\/\/sharecontrol.io\/sv\/wp-json\/wp\/v2\/users\/5"}],"replies":[{"embeddable":true,"href":"https:\/\/sharecontrol.io\/sv\/wp-json\/wp\/v2\/comments?post=8564"}],"version-history":[{"count":8,"href":"https:\/\/sharecontrol.io\/sv\/wp-json\/wp\/v2\/pages\/8564\/revisions"}],"predecessor-version":[{"id":14748,"href":"https:\/\/sharecontrol.io\/sv\/wp-json\/wp\/v2\/pages\/8564\/revisions\/14748"}],"wp:attachment":[{"href":"https:\/\/sharecontrol.io\/sv\/wp-json\/wp\/v2\/media?parent=8564"}],"curies":[{"name":"wp","href":"https:\/\/api.w.org\/{rel}","templated":true}]}}