{"id":8571,"date":"2023-02-22T10:18:43","date_gmt":"2023-02-22T10:18:43","guid":{"rendered":"https:\/\/sharecontrol.io\/bestallningsbekraftelse-tjanst\/"},"modified":"2024-08-01T07:42:01","modified_gmt":"2024-08-01T07:42:01","slug":"bestallningsbekraftelse-tjanst","status":"publish","type":"page","link":"https:\/\/sharecontrol.io\/sv\/bestallningsbekraftelse-tjanst\/","title":{"rendered":"Best\u00e4llningsbekr\u00e4ftelse tj\u00e4nst"},"content":{"rendered":"<div class=\"gb-container gb-container-edb23477\"><div class=\"gb-inside-container\">\n<h1 class=\"gb-headline gb-headline-180bdb97 gb-headline-text\" id=\"orderbekraftelse-vi-har-tagit-emot-din-serviceorder\">Orderbekr\u00e4ftelse &#8211; Vi har tagit emot din serviceorder<\/h1>\n\n\n<p>Tack f\u00f6r din serviceorder.<\/p>\n\n\n\n<p>Vi skickar dig en orderbekr\u00e4ftelse via e-post och bekr\u00e4ftar n\u00e4r din servicesupport har konfigurerats.<\/p>\n\n\n\n<p>Med v\u00e4nliga h\u00e4lsningar<\/p>\n\n\n<div class=\"gb-grid-wrapper gb-grid-wrapper-cca444d6\">\n<div class=\"gb-grid-column gb-grid-column-2a7dd565\"><div class=\"gb-container gb-container-2a7dd565\"><div class=\"gb-inside-container\">\n<div class=\"gb-container gb-container-6826778e column-shadow \"><div class=\"gb-inside-container\">\n<div class=\"wp-block-image is-style-rounded\">\n<figure class=\"aligncenter size-full is-resized\"><img decoding=\"async\" width=\"250\" height=\"250\" src=\"https:\/\/sharecontrol.io\/wp-content\/uploads\/2023\/08\/Ragnar-Bryne.png\" alt=\"Share Control Ragnar Bryne\" class=\"wp-image-9292\" style=\"object-fit:cover;width:173px;height:173px\" srcset=\"https:\/\/sharecontrol.io\/wp-content\/uploads\/2023\/08\/Ragnar-Bryne.png 250w, https:\/\/sharecontrol.io\/wp-content\/uploads\/2023\/08\/Ragnar-Bryne-150x150.png 150w\" sizes=\"(max-width: 250px) 100vw, 250px\" \/><\/figure>\n<\/div>\n\n<h3 class=\"gb-headline gb-headline-74de41bf gb-headline-text\" id=\"ragnar-bryne\">Ragnar Bryne<\/h3>\n\n<p class=\"gb-headline gb-headline-174cd066 gb-headline-text\"><em><em><em>Chef, statligt auktoriserad revisor<\/em><\/em><\/em><\/p>\n\n<p class=\"gb-headline gb-headline-33ed8a54 gb-headline-text\">Telefon: <a href=\"tel:+47%20416%2009%20779\">+47 416 09 779<\/a><\/p>\n\n<div class=\"gb-button-wrapper gb-button-wrapper-32273dc8\">\n\n<a class=\"gb-button gb-button-bf643660\" href=\"mailto:rb@sharecontrol.no\"><span class=\"gb-icon\"><svg xmlns=\"https:\/\/www.w3.org\/2000\/svg\" aria-hidden=\"true\" role=\"img\" height=\"1em\" width=\"1em\" viewbox=\"0 0 512 512\"><path fill=\"currentColor\" d=\"M464 64H48C21.49 64 0 85.49 0 112v288c0 26.51 21.49 48 48 48h416c26.51 0 48-21.49 48-48V112c0-26.51-21.49-48-48-48zm0 48v40.805c-22.422 18.259-58.168 46.651-134.587 106.49-16.841 13.247-50.201 45.072-73.413 44.701-23.208.375-56.579-31.459-73.413-44.701C106.18 199.465 70.425 171.067 48 152.805V112h416zM48 400V214.398c22.914 18.251 55.409 43.862 104.938 82.646 21.857 17.205 60.134 55.186 103.062 54.955 42.717.231 80.509-37.199 103.053-54.947 49.528-38.783 82.032-64.401 104.947-82.653V400H48z\"><\/path><\/svg><\/span><\/a>\n\n\n\n<a class=\"gb-button gb-button-385c5f8e\" href=\"https:\/\/www.linkedin.com\/in\/ragnar-bryne-5267023\/\" target=\"_blank\" rel=\"noopener noreferrer\"><span class=\"gb-icon\"><svg xmlns=\"https:\/\/www.w3.org\/2000\/svg\" viewbox=\"0 0 448 512\" width=\"1em\" height=\"1em\" aria-hidden=\"true\"><path d=\"M416 32H31.9C14.3 32 0 46.5 0 64.3v383.4C0 465.5 14.3 480 31.9 480H416c17.6 0 32-14.5 32-32.3V64.3c0-17.8-14.4-32.3-32-32.3zM135.4 416H69V202.2h66.5V416zm-33.2-243c-21.3 0-38.5-17.3-38.5-38.5S80.9 96 102.2 96c21.2 0 38.5 17.3 38.5 38.5 0 21.3-17.2 38.5-38.5 38.5zm282.1 243h-66.4V312c0-24.8-.5-56.7-34.5-56.7-34.6 0-39.9 27-39.9 54.9V416h-66.4V202.2h63.7v29.2h.9c8.9-16.8 30.6-34.5 62.9-34.5 67.2 0 79.7 44.3 79.7 101.9V416z\" fill=\"currentColor\"><\/path><\/svg><\/span><\/a>\n\n<\/div>\n<\/div><\/div>\n<\/div><\/div><\/div>\n\n<div class=\"gb-grid-column gb-grid-column-9d70c926\"><div class=\"gb-container gb-container-9d70c926\"><div class=\"gb-inside-container\"><\/div><\/div><\/div>\n\n<div class=\"gb-grid-column gb-grid-column-7bb24108\"><div class=\"gb-container gb-container-7bb24108\"><div class=\"gb-inside-container\"><\/div><\/div><\/div>\n<\/div>\n<\/div><\/div><div class=\"gb-container gb-container-9eaf6bae\"><div class=\"gb-inside-container\">\n<h3 class=\"gb-headline gb-headline-5e498e82 gb-headline-text\" id=\"senaste-artiklarna\">Senaste artiklarna<\/h3>\n\n<p class=\"gb-headline gb-headline-b9c47f61\"><span class=\"gb-icon\"><svg xmlns=\"https:\/\/www.w3.org\/2000\/svg\" aria-hidden=\"true\" role=\"img\" height=\"1em\" width=\"1em\" viewbox=\"0 0 256 512\"><path fill=\"currentColor\" d=\"M224.3 273l-136 136c-9.4 9.4-24.6 9.4-33.9 0l-22.6-22.6c-9.4-9.4-9.4-24.6 0-33.9l96.4-96.4-96.4-96.4c-9.4-9.4-9.4-24.6 0-33.9L54.3 103c9.4-9.4 24.6-9.4 33.9 0l136 136c9.5 9.4 9.5 24.6.1 34z\"><\/path><\/svg><\/span><span class=\"gb-headline-text\"><a href=\"https:\/\/sharecontrol.io\/sv\/oppenhetslagen\/vad-ar-oppenhetslagen-och-vad-ar-ditt-ansvar\/\">Vad \u00e4r \u00f6ppenhetslagen och vad \u00e4r ditt ansvar?<\/a><\/span><\/p>\n\n<p class=\"gb-headline gb-headline-f9b5a72f\"><span class=\"gb-icon\"><svg xmlns=\"https:\/\/www.w3.org\/2000\/svg\" aria-hidden=\"true\" role=\"img\" height=\"1em\" width=\"1em\" viewbox=\"0 0 256 512\"><path fill=\"currentColor\" d=\"M224.3 273l-136 136c-9.4 9.4-24.6 9.4-33.9 0l-22.6-22.6c-9.4-9.4-9.4-24.6 0-33.9l96.4-96.4-96.4-96.4c-9.4-9.4-9.4-24.6 0-33.9L54.3 103c9.4-9.4 24.6-9.4 33.9 0l136 136c9.5 9.4 9.5 24.6.1 34z\"><\/path><\/svg><\/span><span class=\"gb-headline-text\"><a href=\"https:\/\/sharecontrol.io\/sv\/avtalshantering\/vilka-ar-de-totala-kostnaderna-och-skyldigheterna-for-dina-kontrakt\/\">Vilka \u00e4r de totala kostnaderna och skyldigheterna f\u00f6r dina kontrakt?<\/a><\/span><\/p>\n\n<p class=\"gb-headline gb-headline-fb2ba09c\"><span class=\"gb-icon\"><svg xmlns=\"https:\/\/www.w3.org\/2000\/svg\" aria-hidden=\"true\" role=\"img\" height=\"1em\" width=\"1em\" viewbox=\"0 0 256 512\"><path fill=\"currentColor\" d=\"M224.3 273l-136 136c-9.4 9.4-24.6 9.4-33.9 0l-22.6-22.6c-9.4-9.4-9.4-24.6 0-33.9l96.4-96.4-96.4-96.4c-9.4-9.4-9.4-24.6 0-33.9L54.3 103c9.4-9.4 24.6-9.4 33.9 0l136 136c9.5 9.4 9.5 24.6.1 34z\"><\/path><\/svg><\/span><span class=\"gb-headline-text\"><a href=\"https:\/\/sharecontrol.io\/sv\/avtalshantering\/vad-ar-avtalshantering-och-system-for-avtalshantering\/\">Vad \u00e4r avtalshantering och system f\u00f6r kontraktshantering?<\/a><\/span><\/p>\n\n<p class=\"gb-headline gb-headline-4dad3a5f\"><span class=\"gb-icon\"><svg xmlns=\"https:\/\/www.w3.org\/2000\/svg\" aria-hidden=\"true\" role=\"img\" height=\"1em\" width=\"1em\" viewbox=\"0 0 256 512\"><path fill=\"currentColor\" d=\"M224.3 273l-136 136c-9.4 9.4-24.6 9.4-33.9 0l-22.6-22.6c-9.4-9.4-9.4-24.6 0-33.9l96.4-96.4-96.4-96.4c-9.4-9.4-9.4-24.6 0-33.9L54.3 103c9.4-9.4 24.6-9.4 33.9 0l136 136c9.5 9.4 9.5 24.6.1 34z\"><\/path><\/svg><\/span><span class=\"gb-headline-text\"><a href=\"https:\/\/sharecontrol.io\/sv\/styrelsearbete\/de-forsta-100-dagarna-som-ny-cfo-vagen-till-framgang\/\">De f\u00f6rsta 100 dagarna som ny CFO \u2013 v\u00e4gen till framg\u00e5ng<\/a><\/span><\/p>\n<\/div><\/div>","protected":false},"excerpt":{"rendered":"<p>Orderbekr\u00e4ftelse &#8211; Vi har tagit emot din serviceorder Tack f\u00f6r din serviceorder. Vi skickar dig en orderbekr\u00e4ftelse via e-post och bekr\u00e4ftar n\u00e4r din servicesupport har konfigurerats. Med v\u00e4nliga h\u00e4lsningar Senaste artiklarna Vad \u00e4r \u00f6ppenhetslagen och vad \u00e4r ditt ansvar? Vilka \u00e4r de totala kostnaderna och skyldigheterna f\u00f6r dina kontrakt? Vad \u00e4r avtalshantering och system f\u00f6r &#8230; <a title=\"Best\u00e4llningsbekr\u00e4ftelse tj\u00e4nst\" class=\"read-more\" href=\"https:\/\/sharecontrol.io\/sv\/bestallningsbekraftelse-tjanst\/\" aria-label=\"L\u00e4s mer om Best\u00e4llningsbekr\u00e4ftelse tj\u00e4nst\">L\u00e4s mer<\/a><\/p>\n","protected":false},"author":5,"featured_media":0,"parent":0,"menu_order":0,"comment_status":"closed","ping_status":"closed","template":"","meta":{"content-type":"","_uag_custom_page_level_css":"","footnotes":""},"class_list":["post-8571","page","type-page","status-publish"],"yoast_head":"<!-- This site is optimized with the Yoast SEO plugin v27.2 - https:\/\/yoast.com\/product\/yoast-seo-wordpress\/ -->\n<title>Best\u00e4llningsbekr\u00e4ftelse tj\u00e4nst<\/title>\n<meta name=\"robots\" content=\"index, follow, max-snippet:-1, max-image-preview:large, max-video-preview:-1\" \/>\n<link rel=\"canonical\" href=\"https:\/\/sharecontrol.io\/sv\/bestallningsbekraftelse-tjanst\/\" \/>\n<meta property=\"og:locale\" content=\"sv_SE\" \/>\n<meta property=\"og:type\" content=\"article\" \/>\n<meta property=\"og:title\" content=\"Best\u00e4llningsbekr\u00e4ftelse tj\u00e4nst\" \/>\n<meta property=\"og:description\" content=\"Orderbekr\u00e4ftelse &#8211; Vi har tagit emot din serviceorder Tack f\u00f6r din serviceorder. Vi skickar dig en orderbekr\u00e4ftelse via e-post och bekr\u00e4ftar n\u00e4r din servicesupport har konfigurerats. Med v\u00e4nliga h\u00e4lsningar Senaste artiklarna Vad \u00e4r \u00f6ppenhetslagen och vad \u00e4r ditt ansvar? Vilka \u00e4r de totala kostnaderna och skyldigheterna f\u00f6r dina kontrakt? Vad \u00e4r avtalshantering och system f\u00f6r ... L\u00e4s mer\" \/>\n<meta property=\"og:url\" content=\"https:\/\/sharecontrol.io\/sv\/bestallningsbekraftelse-tjanst\/\" \/>\n<meta property=\"og:site_name\" content=\"ShareControl\" \/>\n<meta property=\"article:modified_time\" content=\"2024-08-01T07:42:01+00:00\" \/>\n<meta property=\"og:image\" content=\"https:\/\/sharecontrol.io\/wp-content\/uploads\/2023\/08\/Ragnar-Bryne.png\" \/>\n<meta name=\"twitter:card\" content=\"summary_large_image\" \/>\n<script type=\"application\/ld+json\" class=\"yoast-schema-graph\">{\"@context\":\"https:\/\/schema.org\",\"@graph\":[{\"@type\":\"WebPage\",\"@id\":\"https:\/\/sharecontrol.io\/sv\/bestallningsbekraftelse-tjanst\/\",\"url\":\"https:\/\/sharecontrol.io\/sv\/bestallningsbekraftelse-tjanst\/\",\"name\":\"Best\u00e4llningsbekr\u00e4ftelse tj\u00e4nst\",\"isPartOf\":{\"@id\":\"https:\/\/sharecontrol.io\/sv\/#website\"},\"primaryImageOfPage\":{\"@id\":\"https:\/\/sharecontrol.io\/sv\/bestallningsbekraftelse-tjanst\/#primaryimage\"},\"image\":{\"@id\":\"https:\/\/sharecontrol.io\/sv\/bestallningsbekraftelse-tjanst\/#primaryimage\"},\"thumbnailUrl\":\"https:\/\/sharecontrol.io\/wp-content\/uploads\/2023\/08\/Ragnar-Bryne.png\",\"datePublished\":\"2023-02-22T10:18:43+00:00\",\"dateModified\":\"2024-08-01T07:42:01+00:00\",\"breadcrumb\":{\"@id\":\"https:\/\/sharecontrol.io\/sv\/bestallningsbekraftelse-tjanst\/#breadcrumb\"},\"inLanguage\":\"sv-SE\",\"potentialAction\":[{\"@type\":\"ReadAction\",\"target\":[\"https:\/\/sharecontrol.io\/sv\/bestallningsbekraftelse-tjanst\/\"]}]},{\"@type\":\"ImageObject\",\"inLanguage\":\"sv-SE\",\"@id\":\"https:\/\/sharecontrol.io\/sv\/bestallningsbekraftelse-tjanst\/#primaryimage\",\"url\":\"https:\/\/sharecontrol.io\/wp-content\/uploads\/2023\/08\/Ragnar-Bryne.png\",\"contentUrl\":\"https:\/\/sharecontrol.io\/wp-content\/uploads\/2023\/08\/Ragnar-Bryne.png\"},{\"@type\":\"BreadcrumbList\",\"@id\":\"https:\/\/sharecontrol.io\/sv\/bestallningsbekraftelse-tjanst\/#breadcrumb\",\"itemListElement\":[{\"@type\":\"ListItem\",\"position\":1,\"name\":\"Home\",\"item\":\"https:\/\/sharecontrol.io\/sv\/\"},{\"@type\":\"ListItem\",\"position\":2,\"name\":\"Best\u00e4llningsbekr\u00e4ftelse tj\u00e4nst\"}]},{\"@type\":\"WebSite\",\"@id\":\"https:\/\/sharecontrol.io\/sv\/#website\",\"url\":\"https:\/\/sharecontrol.io\/sv\/\",\"name\":\"ShareControl\",\"description\":\"\",\"publisher\":{\"@id\":\"https:\/\/sharecontrol.io\/sv\/#organization\"},\"potentialAction\":[{\"@type\":\"SearchAction\",\"target\":{\"@type\":\"EntryPoint\",\"urlTemplate\":\"https:\/\/sharecontrol.io\/sv\/?s={search_term_string}\"},\"query-input\":{\"@type\":\"PropertyValueSpecification\",\"valueRequired\":true,\"valueName\":\"search_term_string\"}}],\"inLanguage\":\"sv-SE\"},{\"@type\":\"Organization\",\"@id\":\"https:\/\/sharecontrol.io\/sv\/#organization\",\"name\":\"ShareControl\",\"url\":\"https:\/\/sharecontrol.io\/sv\/\",\"logo\":{\"@type\":\"ImageObject\",\"inLanguage\":\"sv-SE\",\"@id\":\"https:\/\/sharecontrol.io\/sv\/#\/schema\/logo\/image\/\",\"url\":\"https:\/\/sharecontrol.io\/wp-content\/uploads\/2022\/05\/cropped-logo-sc-default-minified-small.png\",\"contentUrl\":\"https:\/\/sharecontrol.io\/wp-content\/uploads\/2022\/05\/cropped-logo-sc-default-minified-small.png\",\"width\":900,\"height\":200,\"caption\":\"ShareControl\"},\"image\":{\"@id\":\"https:\/\/sharecontrol.io\/sv\/#\/schema\/logo\/image\/\"}}]}<\/script>\n<!-- \/ Yoast SEO plugin. -->","yoast_head_json":{"title":"Best\u00e4llningsbekr\u00e4ftelse tj\u00e4nst","robots":{"index":"index","follow":"follow","max-snippet":"max-snippet:-1","max-image-preview":"max-image-preview:large","max-video-preview":"max-video-preview:-1"},"canonical":"https:\/\/sharecontrol.io\/sv\/bestallningsbekraftelse-tjanst\/","og_locale":"sv_SE","og_type":"article","og_title":"Best\u00e4llningsbekr\u00e4ftelse tj\u00e4nst","og_description":"Orderbekr\u00e4ftelse &#8211; Vi har tagit emot din serviceorder Tack f\u00f6r din serviceorder. Vi skickar dig en orderbekr\u00e4ftelse via e-post och bekr\u00e4ftar n\u00e4r din servicesupport har konfigurerats. Med v\u00e4nliga h\u00e4lsningar Senaste artiklarna Vad \u00e4r \u00f6ppenhetslagen och vad \u00e4r ditt ansvar? Vilka \u00e4r de totala kostnaderna och skyldigheterna f\u00f6r dina kontrakt? Vad \u00e4r avtalshantering och system f\u00f6r ... L\u00e4s mer","og_url":"https:\/\/sharecontrol.io\/sv\/bestallningsbekraftelse-tjanst\/","og_site_name":"ShareControl","article_modified_time":"2024-08-01T07:42:01+00:00","og_image":[{"url":"https:\/\/sharecontrol.io\/wp-content\/uploads\/2023\/08\/Ragnar-Bryne.png","type":"","width":"","height":""}],"twitter_card":"summary_large_image","schema":{"@context":"https:\/\/schema.org","@graph":[{"@type":"WebPage","@id":"https:\/\/sharecontrol.io\/sv\/bestallningsbekraftelse-tjanst\/","url":"https:\/\/sharecontrol.io\/sv\/bestallningsbekraftelse-tjanst\/","name":"Best\u00e4llningsbekr\u00e4ftelse tj\u00e4nst","isPartOf":{"@id":"https:\/\/sharecontrol.io\/sv\/#website"},"primaryImageOfPage":{"@id":"https:\/\/sharecontrol.io\/sv\/bestallningsbekraftelse-tjanst\/#primaryimage"},"image":{"@id":"https:\/\/sharecontrol.io\/sv\/bestallningsbekraftelse-tjanst\/#primaryimage"},"thumbnailUrl":"https:\/\/sharecontrol.io\/wp-content\/uploads\/2023\/08\/Ragnar-Bryne.png","datePublished":"2023-02-22T10:18:43+00:00","dateModified":"2024-08-01T07:42:01+00:00","breadcrumb":{"@id":"https:\/\/sharecontrol.io\/sv\/bestallningsbekraftelse-tjanst\/#breadcrumb"},"inLanguage":"sv-SE","potentialAction":[{"@type":"ReadAction","target":["https:\/\/sharecontrol.io\/sv\/bestallningsbekraftelse-tjanst\/"]}]},{"@type":"ImageObject","inLanguage":"sv-SE","@id":"https:\/\/sharecontrol.io\/sv\/bestallningsbekraftelse-tjanst\/#primaryimage","url":"https:\/\/sharecontrol.io\/wp-content\/uploads\/2023\/08\/Ragnar-Bryne.png","contentUrl":"https:\/\/sharecontrol.io\/wp-content\/uploads\/2023\/08\/Ragnar-Bryne.png"},{"@type":"BreadcrumbList","@id":"https:\/\/sharecontrol.io\/sv\/bestallningsbekraftelse-tjanst\/#breadcrumb","itemListElement":[{"@type":"ListItem","position":1,"name":"Home","item":"https:\/\/sharecontrol.io\/sv\/"},{"@type":"ListItem","position":2,"name":"Best\u00e4llningsbekr\u00e4ftelse tj\u00e4nst"}]},{"@type":"WebSite","@id":"https:\/\/sharecontrol.io\/sv\/#website","url":"https:\/\/sharecontrol.io\/sv\/","name":"ShareControl","description":"","publisher":{"@id":"https:\/\/sharecontrol.io\/sv\/#organization"},"potentialAction":[{"@type":"SearchAction","target":{"@type":"EntryPoint","urlTemplate":"https:\/\/sharecontrol.io\/sv\/?s={search_term_string}"},"query-input":{"@type":"PropertyValueSpecification","valueRequired":true,"valueName":"search_term_string"}}],"inLanguage":"sv-SE"},{"@type":"Organization","@id":"https:\/\/sharecontrol.io\/sv\/#organization","name":"ShareControl","url":"https:\/\/sharecontrol.io\/sv\/","logo":{"@type":"ImageObject","inLanguage":"sv-SE","@id":"https:\/\/sharecontrol.io\/sv\/#\/schema\/logo\/image\/","url":"https:\/\/sharecontrol.io\/wp-content\/uploads\/2022\/05\/cropped-logo-sc-default-minified-small.png","contentUrl":"https:\/\/sharecontrol.io\/wp-content\/uploads\/2022\/05\/cropped-logo-sc-default-minified-small.png","width":900,"height":200,"caption":"ShareControl"},"image":{"@id":"https:\/\/sharecontrol.io\/sv\/#\/schema\/logo\/image\/"}}]}},"uagb_featured_image_src":{"full":false,"thumbnail":false,"medium":false,"medium_large":false,"large":false,"1536x1536":false,"2048x2048":false},"uagb_author_info":{"display_name":"Ragnar Bryne","author_link":"https:\/\/sharecontrol.io\/sv\/author\/ragnar\/"},"uagb_comment_info":0,"uagb_excerpt":"Orderbekr\u00e4ftelse &#8211; Vi har tagit emot din serviceorder Tack f\u00f6r din serviceorder. Vi skickar dig en orderbekr\u00e4ftelse via e-post och bekr\u00e4ftar n\u00e4r din servicesupport har konfigurerats. Med v\u00e4nliga h\u00e4lsningar Senaste artiklarna Vad \u00e4r \u00f6ppenhetslagen och vad \u00e4r ditt ansvar? Vilka \u00e4r de totala kostnaderna och skyldigheterna f\u00f6r dina kontrakt? Vad \u00e4r avtalshantering och system f\u00f6r&hellip;","_links":{"self":[{"href":"https:\/\/sharecontrol.io\/sv\/wp-json\/wp\/v2\/pages\/8571","targetHints":{"allow":["GET"]}}],"collection":[{"href":"https:\/\/sharecontrol.io\/sv\/wp-json\/wp\/v2\/pages"}],"about":[{"href":"https:\/\/sharecontrol.io\/sv\/wp-json\/wp\/v2\/types\/page"}],"author":[{"embeddable":true,"href":"https:\/\/sharecontrol.io\/sv\/wp-json\/wp\/v2\/users\/5"}],"replies":[{"embeddable":true,"href":"https:\/\/sharecontrol.io\/sv\/wp-json\/wp\/v2\/comments?post=8571"}],"version-history":[{"count":7,"href":"https:\/\/sharecontrol.io\/sv\/wp-json\/wp\/v2\/pages\/8571\/revisions"}],"predecessor-version":[{"id":13005,"href":"https:\/\/sharecontrol.io\/sv\/wp-json\/wp\/v2\/pages\/8571\/revisions\/13005"}],"wp:attachment":[{"href":"https:\/\/sharecontrol.io\/sv\/wp-json\/wp\/v2\/media?parent=8571"}],"curies":[{"name":"wp","href":"https:\/\/api.w.org\/{rel}","templated":true}]}}