{"id":9424,"date":"2023-09-11T09:15:32","date_gmt":"2023-09-11T09:15:32","guid":{"rendered":"https:\/\/sharecontrol.io\/ladda-ner-guide-for-hantering-av-oppenhetslagen\/"},"modified":"2024-08-01T07:28:26","modified_gmt":"2024-08-01T07:28:26","slug":"ladda-ner-guide-for-hantering-av-oppenhetslagen","status":"publish","type":"page","link":"https:\/\/sharecontrol.io\/sv\/ladda-ner-guide-for-hantering-av-oppenhetslagen\/","title":{"rendered":"Ladda ner: Guide f\u00f6r hantering av \u00f6ppenhetslagen"},"content":{"rendered":"\n<div class=\"wp-block-columns is-layout-flex wp-container-core-columns-is-layout-9d6595d7 wp-block-columns-is-layout-flex\">\n<div class=\"wp-block-column is-layout-flow wp-block-column-is-layout-flow\" style=\"flex-basis:100%\">\n<div class=\"wp-block-uagb-container uagb-block-1b59da5c alignfull uagb-is-root-container\"><div class=\"uagb-container-inner-blocks-wrap\"><h1 class=\"wp-block-heading has-large-font-size\" id=\"ladda-ner-guide-for-hantering-av-oppenhetslagen\">Ladda ner: Guide f\u00f6r hantering av \u00f6ppenhetslagen<\/h1><\/div><\/div>\n<\/div>\n<\/div>\n\n<div class=\"wp-block-getwid-section alignfull alignfull getwid-margin-top-none getwid-section-content-custom-width\"><div class=\"wp-block-getwid-section__wrapper getwid-padding-left-medium getwid-padding-right-medium\"><div class=\"wp-block-getwid-section__inner-wrapper\" style=\"max-width:1140px\"><div class=\"wp-block-getwid-section__background-holder\"><div class=\"wp-block-getwid-section__background has-background has-base-3-background-color\"><\/div><div class=\"wp-block-getwid-section__foreground\"><\/div><\/div><div class=\"wp-block-getwid-section__content\"><div class=\"wp-block-getwid-section__inner-content\">\n<div class=\"wp-block-columns has-2-columns are-vertically-aligned-center is-layout-flex wp-container-core-columns-is-layout-9d6595d7 wp-block-columns-is-layout-flex\">\n<div class=\"wp-block-column is-vertically-aligned-center uag-hide-tab uag-hide-mob is-layout-flow wp-block-column-is-layout-flow\"><div class=\"wp-block-image size-large\">\n<figure class=\"aligncenter\"><img decoding=\"async\" width=\"1024\" height=\"1024\" src=\"https:\/\/sharecontrol.io\/wp-content\/uploads\/2023\/09\/Apenhetsloven_med_Share_Control_AS-1024x1024.jpg\" alt=\"\" class=\"wp-image-9675\" style=\"object-fit:cover\" srcset=\"https:\/\/sharecontrol.io\/wp-content\/uploads\/2023\/09\/Apenhetsloven_med_Share_Control_AS-1024x1024.jpg 1024w, https:\/\/sharecontrol.io\/wp-content\/uploads\/2023\/09\/Apenhetsloven_med_Share_Control_AS-300x300.jpg 300w, https:\/\/sharecontrol.io\/wp-content\/uploads\/2023\/09\/Apenhetsloven_med_Share_Control_AS-150x150.jpg 150w, https:\/\/sharecontrol.io\/wp-content\/uploads\/2023\/09\/Apenhetsloven_med_Share_Control_AS-768x768.jpg 768w, https:\/\/sharecontrol.io\/wp-content\/uploads\/2023\/09\/Apenhetsloven_med_Share_Control_AS.jpg 1080w\" sizes=\"(max-width: 1024px) 100vw, 1024px\" \/><\/figure>\n<\/div><\/div>\n\n\n\n<div class=\"wp-block-column is-vertically-aligned-center is-layout-flow wp-block-column-is-layout-flow\">\n<div class=\"wp-block-getwid-advanced-heading\" style=\"margin-bottom:0px;margin-top:0px\"><span class=\"wp-block-getwid-advanced-heading__content\">V\u00e4gledning f\u00f6r hantering av <a href=\"https:\/\/sharecontrol.io\/sv\/oppenhetslagen\/vad-ar-oppenhetslagen-och-vad-ar-ditt-ansvar\/\">\u00f6ppenhetslagen<\/a><\/span><\/div>\n\n\n<h2 class=\"wp-block-heading\" id=\"detta-ingar-i-guiden\">Detta ing\u00e5r i guiden<\/h2>\n\n\n<p>Share Controls v\u00e4gledning till \u00f6ppenhetslagen behandlar de viktigaste punkterna i lagstiftningen: <a href=\"https:\/\/sharecontrol.io\/sv\/oppenhetslagen\/due-diligence-bedomningar-enligt-oppenhetslagen\/\">due diligence-bed\u00f6mningar<\/a>, riskbed\u00f6mning och <a href=\"https:\/\/sharecontrol.io\/sv\/oppenhetslagen\/redovisning-enligt-oppenhetslagen\/\">rapportering enligt \u00f6ppenhetslagen<\/a>. F\u00e5 en djupare inblick i vad som kr\u00e4vs och hur du effektivt kan hantera lagen med ShareControl Transparency &#8211; <a href=\"https:\/\/sharecontrol.io\/sv\/produkter\/sharecontrol-transparency-mjukvara-for-oppenhetslagen\/\">system f\u00f6r \u00f6ppenhetslagen<\/a>.<\/p>\n\n\n\n<div class=\"wp-block-group has-medium-font-size is-nowrap is-layout-flex wp-container-core-group-is-layout-ad2f72ca wp-block-group-is-layout-flex\">\n<div class=\"wp-block-columns is-layout-flex wp-container-core-columns-is-layout-9d6595d7 wp-block-columns-is-layout-flex\">\n<div class=\"wp-block-column is-layout-flow wp-block-column-is-layout-flow\">\n<div class=\"wp-block-uagb-icon-list uagb-block-14299503\"><div class=\"uagb-icon-list__wrap\">\n<div class=\"wp-block-uagb-icon-list-child uagb-block-5bf60347\"><span class=\"uagb-icon-list__source-wrap\"><svg xmlns=\"https:\/\/www.w3.org\/2000\/svg\" viewbox=\"0 0 448 512\"><path d=\"M438.6 105.4C451.1 117.9 451.1 138.1 438.6 150.6L182.6 406.6C170.1 419.1 149.9 419.1 137.4 406.6L9.372 278.6C-3.124 266.1-3.124 245.9 9.372 233.4C21.87 220.9 42.13 220.9 54.63 233.4L159.1 338.7L393.4 105.4C405.9 92.88 426.1 92.88 438.6 105.4H438.6z\"><\/path><\/svg><\/span><span class=\"uagb-icon-list__label\">Hur man g\u00f6r due diligence-bed\u00f6mningar.<\/span><\/div>\n\n\n\n<div class=\"wp-block-uagb-icon-list-child uagb-block-cb179fef\"><span class=\"uagb-icon-list__source-wrap\"><svg xmlns=\"https:\/\/www.w3.org\/2000\/svg\" viewbox=\"0 0 448 512\"><path d=\"M438.6 105.4C451.1 117.9 451.1 138.1 438.6 150.6L182.6 406.6C170.1 419.1 149.9 419.1 137.4 406.6L9.372 278.6C-3.124 266.1-3.124 245.9 9.372 233.4C21.87 220.9 42.13 220.9 54.63 233.4L159.1 338.7L393.4 105.4C405.9 92.88 426.1 92.88 438.6 105.4H438.6z\"><\/path><\/svg><\/span><span class=\"uagb-icon-list__label\">Mall f\u00f6r unders\u00f6kning och uppf\u00f6randekod (etiska riktlinjer).<\/span><\/div>\n\n\n\n<div class=\"wp-block-uagb-icon-list-child uagb-block-bd427e38\"><span class=\"uagb-icon-list__source-wrap\"><svg xmlns=\"https:\/\/www.w3.org\/2000\/svg\" viewbox=\"0 0 448 512\"><path d=\"M438.6 105.4C451.1 117.9 451.1 138.1 438.6 150.6L182.6 406.6C170.1 419.1 149.9 419.1 137.4 406.6L9.372 278.6C-3.124 266.1-3.124 245.9 9.372 233.4C21.87 220.9 42.13 220.9 54.63 233.4L159.1 338.7L393.4 105.4C405.9 92.88 426.1 92.88 438.6 105.4H438.6z\"><\/path><\/svg><\/span><span class=\"uagb-icon-list__label\">Hur man skriver \u00e5rsredovisning for \u00d6ppenhetslagen.<\/span><\/div>\n<\/div><\/div>\n<\/div>\n<\/div>\n<\/div>\n<\/div>\n<\/div>\n<\/div><\/div><\/div><\/div><\/div>\n\n<div class=\"wp-block-getwid-section alignfull alignfull has-inner-blocks-gap-small getwid-margin-top-none getwid-section-content-custom-width\"><div class=\"wp-block-getwid-section__wrapper getwid-padding-left-medium getwid-padding-right-medium\"><div class=\"wp-block-getwid-section__inner-wrapper\" style=\"max-width:1140px\"><div class=\"wp-block-getwid-section__background-holder\"><div class=\"wp-block-getwid-section__background has-background has-base-2-background-color\"><\/div><div class=\"wp-block-getwid-section__foreground\"><\/div><\/div><div class=\"wp-block-getwid-section__content\"><div class=\"wp-block-getwid-section__inner-content\">\n<div class=\"wp-block-columns has-2-columns are-vertically-aligned-center is-layout-flex wp-container-core-columns-is-layout-9d6595d7 wp-block-columns-is-layout-flex\">\n<div class=\"wp-block-column is-vertically-aligned-center is-layout-flow wp-block-column-is-layout-flow\">\n<div class=\"wp-block-getwid-advanced-heading\" style=\"margin-bottom:0px;margin-top:0px\"><span class=\"wp-block-getwid-advanced-heading__content\">ShareControl <strong>Transparency<\/strong><\/span><\/div>\n\n\n<h2 class=\"wp-block-heading\" id=\"vad-ar-offentlighetslagen\">Vad \u00e4r offentlighetslagen?<\/h2>\n\n\n<p style=\"font-size:16px\"><a href=\"https:\/\/lovdata.no\/dokument\/NL\/lov\/2021-06-18-99\">\u00d6ppenhetslagen<\/a> ska fr\u00e4mja f\u00f6retagens respekt f\u00f6r grundl\u00e4ggande m\u00e4nskliga r\u00e4ttigheter och anst\u00e4ndiga arbetsvillkor i samband med produktion av varor och tillhandah\u00e5llande av tj\u00e4nster. Lagen ska ocks\u00e5 s\u00e4kerst\u00e4lla allm\u00e4nhetens tillg\u00e5ng till information om hur f\u00f6retag hanterar negativa konsekvenser f\u00f6r grundl\u00e4ggande m\u00e4nskliga r\u00e4ttigheter och anst\u00e4ndiga arbetsvillkor. <\/p>\n\n\n\n<p><a href=\"https:\/\/sharecontrol.io\/produkter\/transparency\/\"><mark style=\"background-color:rgba(0, 0, 0, 0)\" class=\"has-inline-color has-accent-3-color\"><strong>L\u00e4s mer om \u00f6ppenhetslagen h\u00e4r<\/strong><\/mark><\/a><\/p>\n<\/div>\n\n\n\n<div class=\"wp-block-column is-vertically-aligned-center is-layout-flow wp-block-column-is-layout-flow\"><div class=\"wp-block-image size-large\">\n<figure class=\"aligncenter\"><img decoding=\"async\" width=\"1024\" height=\"1024\" src=\"https:\/\/sharecontrol.io\/wp-content\/uploads\/2023\/09\/Apenhetsloven_Guide-1024x1024.jpg\" alt=\"&#xD6;ppenhetslagens v&#xE4;gledning\" class=\"wp-image-9392\" style=\"object-fit:cover\" srcset=\"https:\/\/sharecontrol.io\/wp-content\/uploads\/2023\/09\/Apenhetsloven_Guide-1024x1024.jpg 1024w, https:\/\/sharecontrol.io\/wp-content\/uploads\/2023\/09\/Apenhetsloven_Guide-300x300.jpg 300w, https:\/\/sharecontrol.io\/wp-content\/uploads\/2023\/09\/Apenhetsloven_Guide-150x150.jpg 150w, https:\/\/sharecontrol.io\/wp-content\/uploads\/2023\/09\/Apenhetsloven_Guide-768x768.jpg 768w, https:\/\/sharecontrol.io\/wp-content\/uploads\/2023\/09\/Apenhetsloven_Guide.jpg 1080w\" sizes=\"(max-width: 1024px) 100vw, 1024px\" \/><\/figure>\n<\/div><\/div>\n<\/div>\n<\/div><\/div><\/div><\/div><\/div>\n<div class=\"gb-grid-wrapper gb-grid-wrapper-3b3b82a3\">\n<div class=\"gb-grid-column gb-grid-column-4ea2b59b\"><div class=\"gb-container gb-container-4ea2b59b\"><div class=\"gb-inside-container\">\n<h2 class=\"wp-block-heading\" id=\"ladda-ner-guiden-har\">Ladda ner guiden h\u00e4r<\/h2>\n\n\n<p>Fyll i formul\u00e4ret f\u00f6r att ladda ner.<\/p>\n\n\n\n<script charset=\"utf-8\" type=\"text\/javascript\" src=\"\/\/js-eu1.hsforms.net\/forms\/embed\/v2.js\"><\/script><script>hbspt.forms.create({\n    region: \"eu1\",\n    portalId: \"25744173\",\n    formId: \"90620f55-3170-47d5-8e11-ecd2fbfda117\"\n  });\n<\/script>\n\n<\/div><\/div><\/div>\n\n<div class=\"gb-grid-column gb-grid-column-4173997a\"><div class=\"gb-container gb-container-4173997a\"><div class=\"gb-inside-container\">\n<div class=\"wp-block-image\">\n<figure class=\"aligncenter size-full\"><img decoding=\"async\" width=\"810\" height=\"810\" src=\"https:\/\/sharecontrol.io\/wp-content\/uploads\/2024\/03\/Apenhetsloven_guide_ShareControl.png\" alt=\"&#xD6;ppenhetslagens v&#xE4;gledning\" class=\"wp-image-13328\" style=\"object-fit:cover\" srcset=\"https:\/\/sharecontrol.io\/wp-content\/uploads\/2024\/03\/Apenhetsloven_guide_ShareControl.png 810w, https:\/\/sharecontrol.io\/wp-content\/uploads\/2024\/03\/Apenhetsloven_guide_ShareControl-300x300.png 300w, https:\/\/sharecontrol.io\/wp-content\/uploads\/2024\/03\/Apenhetsloven_guide_ShareControl-150x150.png 150w, https:\/\/sharecontrol.io\/wp-content\/uploads\/2024\/03\/Apenhetsloven_guide_ShareControl-768x768.png 768w\" sizes=\"(max-width: 810px) 100vw, 810px\" \/><\/figure>\n<\/div>\n<\/div><\/div><\/div>\n<\/div>","protected":false},"excerpt":{"rendered":"<p>Ladda ner: Guide f\u00f6r hantering av \u00f6ppenhetslagen<\/p>\n","protected":false},"author":5,"featured_media":9395,"parent":0,"menu_order":0,"comment_status":"closed","ping_status":"closed","template":"","meta":{"content-type":"","_uag_custom_page_level_css":"","footnotes":""},"class_list":["post-9424","page","type-page","status-publish","has-post-thumbnail"],"yoast_head":"<!-- This site is optimized with the Yoast SEO plugin v27.2 - https:\/\/yoast.com\/product\/yoast-seo-wordpress\/ -->\n<title>Ladda ner: Guide f\u00f6r hantering av \u00f6ppenhetslagen<\/title>\n<meta name=\"description\" content=\"Os\u00e4ker p\u00e5 hur man hanterar \u00f6ppenhetslagen? Vi har tagit fram en guide f\u00f6r att hantera \u00f6ppenhetslagen p\u00e5 ett effektivt s\u00e4tt. Ladda ner h\u00e4r!\" \/>\n<meta name=\"robots\" content=\"index, follow, max-snippet:-1, max-image-preview:large, max-video-preview:-1\" \/>\n<link rel=\"canonical\" href=\"https:\/\/sharecontrol.io\/sv\/ladda-ner-guide-for-hantering-av-oppenhetslagen\/\" \/>\n<meta property=\"og:locale\" content=\"sv_SE\" \/>\n<meta property=\"og:type\" content=\"article\" \/>\n<meta property=\"og:title\" content=\"Ladda ner: Guide f\u00f6r hantering av \u00f6ppenhetslagen\" \/>\n<meta property=\"og:description\" content=\"Os\u00e4ker p\u00e5 hur man hanterar \u00f6ppenhetslagen? Vi har tagit fram en guide f\u00f6r att hantera \u00f6ppenhetslagen p\u00e5 ett effektivt s\u00e4tt. Ladda ner h\u00e4r!\" \/>\n<meta property=\"og:url\" content=\"https:\/\/sharecontrol.io\/sv\/ladda-ner-guide-for-hantering-av-oppenhetslagen\/\" \/>\n<meta property=\"og:site_name\" content=\"ShareControl\" \/>\n<meta property=\"article:modified_time\" content=\"2024-08-01T07:28:26+00:00\" \/>\n<meta property=\"og:image\" content=\"https:\/\/sharecontrol.io\/wp-content\/uploads\/2023\/09\/Apenhetsloven_Guide.jpg\" \/>\n\t<meta property=\"og:image:width\" content=\"1080\" \/>\n\t<meta property=\"og:image:height\" content=\"1080\" \/>\n\t<meta property=\"og:image:type\" content=\"image\/jpeg\" \/>\n<meta name=\"twitter:card\" content=\"summary_large_image\" \/>\n<meta name=\"twitter:label1\" content=\"Ber\u00e4knad l\u00e4stid\" \/>\n\t<meta name=\"twitter:data1\" content=\"1 minut\" \/>\n<script type=\"application\/ld+json\" class=\"yoast-schema-graph\">{\"@context\":\"https:\/\/schema.org\",\"@graph\":[{\"@type\":\"WebPage\",\"@id\":\"https:\/\/sharecontrol.io\/sv\/ladda-ner-guide-for-hantering-av-oppenhetslagen\/\",\"url\":\"https:\/\/sharecontrol.io\/sv\/ladda-ner-guide-for-hantering-av-oppenhetslagen\/\",\"name\":\"Ladda ner: Guide f\u00f6r hantering av \u00f6ppenhetslagen\",\"isPartOf\":{\"@id\":\"https:\/\/sharecontrol.io\/sv\/#website\"},\"primaryImageOfPage\":{\"@id\":\"https:\/\/sharecontrol.io\/sv\/ladda-ner-guide-for-hantering-av-oppenhetslagen\/#primaryimage\"},\"image\":{\"@id\":\"https:\/\/sharecontrol.io\/sv\/ladda-ner-guide-for-hantering-av-oppenhetslagen\/#primaryimage\"},\"thumbnailUrl\":\"https:\/\/sharecontrol.io\/wp-content\/uploads\/2023\/09\/Apenhetsloven_Guide.jpg\",\"datePublished\":\"2023-09-11T09:15:32+00:00\",\"dateModified\":\"2024-08-01T07:28:26+00:00\",\"description\":\"Os\u00e4ker p\u00e5 hur man hanterar \u00f6ppenhetslagen? Vi har tagit fram en guide f\u00f6r att hantera \u00f6ppenhetslagen p\u00e5 ett effektivt s\u00e4tt. Ladda ner h\u00e4r!\",\"breadcrumb\":{\"@id\":\"https:\/\/sharecontrol.io\/sv\/ladda-ner-guide-for-hantering-av-oppenhetslagen\/#breadcrumb\"},\"inLanguage\":\"sv-SE\",\"potentialAction\":[{\"@type\":\"ReadAction\",\"target\":[\"https:\/\/sharecontrol.io\/sv\/ladda-ner-guide-for-hantering-av-oppenhetslagen\/\"]}]},{\"@type\":\"ImageObject\",\"inLanguage\":\"sv-SE\",\"@id\":\"https:\/\/sharecontrol.io\/sv\/ladda-ner-guide-for-hantering-av-oppenhetslagen\/#primaryimage\",\"url\":\"https:\/\/sharecontrol.io\/wp-content\/uploads\/2023\/09\/Apenhetsloven_Guide.jpg\",\"contentUrl\":\"https:\/\/sharecontrol.io\/wp-content\/uploads\/2023\/09\/Apenhetsloven_Guide.jpg\",\"width\":1080,\"height\":1080,\"caption\":\"Last ned Share Controls guide for h\u00e5ndtering av \u00e5penehtsloven her.\"},{\"@type\":\"BreadcrumbList\",\"@id\":\"https:\/\/sharecontrol.io\/sv\/ladda-ner-guide-for-hantering-av-oppenhetslagen\/#breadcrumb\",\"itemListElement\":[{\"@type\":\"ListItem\",\"position\":1,\"name\":\"Home\",\"item\":\"https:\/\/sharecontrol.io\/sv\/\"},{\"@type\":\"ListItem\",\"position\":2,\"name\":\"Ladda ner: Guide f\u00f6r hantering av \u00f6ppenhetslagen\"}]},{\"@type\":\"WebSite\",\"@id\":\"https:\/\/sharecontrol.io\/sv\/#website\",\"url\":\"https:\/\/sharecontrol.io\/sv\/\",\"name\":\"ShareControl\",\"description\":\"\",\"publisher\":{\"@id\":\"https:\/\/sharecontrol.io\/sv\/#organization\"},\"potentialAction\":[{\"@type\":\"SearchAction\",\"target\":{\"@type\":\"EntryPoint\",\"urlTemplate\":\"https:\/\/sharecontrol.io\/sv\/?s={search_term_string}\"},\"query-input\":{\"@type\":\"PropertyValueSpecification\",\"valueRequired\":true,\"valueName\":\"search_term_string\"}}],\"inLanguage\":\"sv-SE\"},{\"@type\":\"Organization\",\"@id\":\"https:\/\/sharecontrol.io\/sv\/#organization\",\"name\":\"ShareControl\",\"url\":\"https:\/\/sharecontrol.io\/sv\/\",\"logo\":{\"@type\":\"ImageObject\",\"inLanguage\":\"sv-SE\",\"@id\":\"https:\/\/sharecontrol.io\/sv\/#\/schema\/logo\/image\/\",\"url\":\"https:\/\/sharecontrol.io\/wp-content\/uploads\/2022\/05\/cropped-logo-sc-default-minified-small.png\",\"contentUrl\":\"https:\/\/sharecontrol.io\/wp-content\/uploads\/2022\/05\/cropped-logo-sc-default-minified-small.png\",\"width\":900,\"height\":200,\"caption\":\"ShareControl\"},\"image\":{\"@id\":\"https:\/\/sharecontrol.io\/sv\/#\/schema\/logo\/image\/\"}}]}<\/script>\n<!-- \/ Yoast SEO plugin. -->","yoast_head_json":{"title":"Ladda ner: Guide f\u00f6r hantering av \u00f6ppenhetslagen","description":"Os\u00e4ker p\u00e5 hur man hanterar \u00f6ppenhetslagen? Vi har tagit fram en guide f\u00f6r att hantera \u00f6ppenhetslagen p\u00e5 ett effektivt s\u00e4tt. Ladda ner h\u00e4r!","robots":{"index":"index","follow":"follow","max-snippet":"max-snippet:-1","max-image-preview":"max-image-preview:large","max-video-preview":"max-video-preview:-1"},"canonical":"https:\/\/sharecontrol.io\/sv\/ladda-ner-guide-for-hantering-av-oppenhetslagen\/","og_locale":"sv_SE","og_type":"article","og_title":"Ladda ner: Guide f\u00f6r hantering av \u00f6ppenhetslagen","og_description":"Os\u00e4ker p\u00e5 hur man hanterar \u00f6ppenhetslagen? Vi har tagit fram en guide f\u00f6r att hantera \u00f6ppenhetslagen p\u00e5 ett effektivt s\u00e4tt. Ladda ner h\u00e4r!","og_url":"https:\/\/sharecontrol.io\/sv\/ladda-ner-guide-for-hantering-av-oppenhetslagen\/","og_site_name":"ShareControl","article_modified_time":"2024-08-01T07:28:26+00:00","og_image":[{"width":1080,"height":1080,"url":"https:\/\/sharecontrol.io\/wp-content\/uploads\/2023\/09\/Apenhetsloven_Guide.jpg","type":"image\/jpeg"}],"twitter_card":"summary_large_image","twitter_misc":{"Ber\u00e4knad l\u00e4stid":"1 minut"},"schema":{"@context":"https:\/\/schema.org","@graph":[{"@type":"WebPage","@id":"https:\/\/sharecontrol.io\/sv\/ladda-ner-guide-for-hantering-av-oppenhetslagen\/","url":"https:\/\/sharecontrol.io\/sv\/ladda-ner-guide-for-hantering-av-oppenhetslagen\/","name":"Ladda ner: Guide f\u00f6r hantering av \u00f6ppenhetslagen","isPartOf":{"@id":"https:\/\/sharecontrol.io\/sv\/#website"},"primaryImageOfPage":{"@id":"https:\/\/sharecontrol.io\/sv\/ladda-ner-guide-for-hantering-av-oppenhetslagen\/#primaryimage"},"image":{"@id":"https:\/\/sharecontrol.io\/sv\/ladda-ner-guide-for-hantering-av-oppenhetslagen\/#primaryimage"},"thumbnailUrl":"https:\/\/sharecontrol.io\/wp-content\/uploads\/2023\/09\/Apenhetsloven_Guide.jpg","datePublished":"2023-09-11T09:15:32+00:00","dateModified":"2024-08-01T07:28:26+00:00","description":"Os\u00e4ker p\u00e5 hur man hanterar \u00f6ppenhetslagen? Vi har tagit fram en guide f\u00f6r att hantera \u00f6ppenhetslagen p\u00e5 ett effektivt s\u00e4tt. Ladda ner h\u00e4r!","breadcrumb":{"@id":"https:\/\/sharecontrol.io\/sv\/ladda-ner-guide-for-hantering-av-oppenhetslagen\/#breadcrumb"},"inLanguage":"sv-SE","potentialAction":[{"@type":"ReadAction","target":["https:\/\/sharecontrol.io\/sv\/ladda-ner-guide-for-hantering-av-oppenhetslagen\/"]}]},{"@type":"ImageObject","inLanguage":"sv-SE","@id":"https:\/\/sharecontrol.io\/sv\/ladda-ner-guide-for-hantering-av-oppenhetslagen\/#primaryimage","url":"https:\/\/sharecontrol.io\/wp-content\/uploads\/2023\/09\/Apenhetsloven_Guide.jpg","contentUrl":"https:\/\/sharecontrol.io\/wp-content\/uploads\/2023\/09\/Apenhetsloven_Guide.jpg","width":1080,"height":1080,"caption":"Last ned Share Controls guide for h\u00e5ndtering av \u00e5penehtsloven her."},{"@type":"BreadcrumbList","@id":"https:\/\/sharecontrol.io\/sv\/ladda-ner-guide-for-hantering-av-oppenhetslagen\/#breadcrumb","itemListElement":[{"@type":"ListItem","position":1,"name":"Home","item":"https:\/\/sharecontrol.io\/sv\/"},{"@type":"ListItem","position":2,"name":"Ladda ner: Guide f\u00f6r hantering av \u00f6ppenhetslagen"}]},{"@type":"WebSite","@id":"https:\/\/sharecontrol.io\/sv\/#website","url":"https:\/\/sharecontrol.io\/sv\/","name":"ShareControl","description":"","publisher":{"@id":"https:\/\/sharecontrol.io\/sv\/#organization"},"potentialAction":[{"@type":"SearchAction","target":{"@type":"EntryPoint","urlTemplate":"https:\/\/sharecontrol.io\/sv\/?s={search_term_string}"},"query-input":{"@type":"PropertyValueSpecification","valueRequired":true,"valueName":"search_term_string"}}],"inLanguage":"sv-SE"},{"@type":"Organization","@id":"https:\/\/sharecontrol.io\/sv\/#organization","name":"ShareControl","url":"https:\/\/sharecontrol.io\/sv\/","logo":{"@type":"ImageObject","inLanguage":"sv-SE","@id":"https:\/\/sharecontrol.io\/sv\/#\/schema\/logo\/image\/","url":"https:\/\/sharecontrol.io\/wp-content\/uploads\/2022\/05\/cropped-logo-sc-default-minified-small.png","contentUrl":"https:\/\/sharecontrol.io\/wp-content\/uploads\/2022\/05\/cropped-logo-sc-default-minified-small.png","width":900,"height":200,"caption":"ShareControl"},"image":{"@id":"https:\/\/sharecontrol.io\/sv\/#\/schema\/logo\/image\/"}}]}},"uagb_featured_image_src":{"full":["https:\/\/sharecontrol.io\/wp-content\/uploads\/2023\/09\/Apenhetsloven_Guide.jpg",1080,1080,false],"thumbnail":["https:\/\/sharecontrol.io\/wp-content\/uploads\/2023\/09\/Apenhetsloven_Guide-150x150.jpg",150,150,true],"medium":["https:\/\/sharecontrol.io\/wp-content\/uploads\/2023\/09\/Apenhetsloven_Guide-300x300.jpg",300,300,true],"medium_large":["https:\/\/sharecontrol.io\/wp-content\/uploads\/2023\/09\/Apenhetsloven_Guide-768x768.jpg",768,768,true],"large":["https:\/\/sharecontrol.io\/wp-content\/uploads\/2023\/09\/Apenhetsloven_Guide-1024x1024.jpg",1024,1024,true],"1536x1536":["https:\/\/sharecontrol.io\/wp-content\/uploads\/2023\/09\/Apenhetsloven_Guide.jpg",1080,1080,false],"2048x2048":["https:\/\/sharecontrol.io\/wp-content\/uploads\/2023\/09\/Apenhetsloven_Guide.jpg",1080,1080,false]},"uagb_author_info":{"display_name":"Ragnar Bryne","author_link":"https:\/\/sharecontrol.io\/sv\/author\/ragnar\/"},"uagb_comment_info":0,"uagb_excerpt":"Ladda ner: Guide f\u00f6r hantering av \u00f6ppenhetslagen","_links":{"self":[{"href":"https:\/\/sharecontrol.io\/sv\/wp-json\/wp\/v2\/pages\/9424","targetHints":{"allow":["GET"]}}],"collection":[{"href":"https:\/\/sharecontrol.io\/sv\/wp-json\/wp\/v2\/pages"}],"about":[{"href":"https:\/\/sharecontrol.io\/sv\/wp-json\/wp\/v2\/types\/page"}],"author":[{"embeddable":true,"href":"https:\/\/sharecontrol.io\/sv\/wp-json\/wp\/v2\/users\/5"}],"replies":[{"embeddable":true,"href":"https:\/\/sharecontrol.io\/sv\/wp-json\/wp\/v2\/comments?post=9424"}],"version-history":[{"count":13,"href":"https:\/\/sharecontrol.io\/sv\/wp-json\/wp\/v2\/pages\/9424\/revisions"}],"predecessor-version":[{"id":14095,"href":"https:\/\/sharecontrol.io\/sv\/wp-json\/wp\/v2\/pages\/9424\/revisions\/14095"}],"wp:featuredmedia":[{"embeddable":true,"href":"https:\/\/sharecontrol.io\/sv\/wp-json\/wp\/v2\/media\/9395"}],"wp:attachment":[{"href":"https:\/\/sharecontrol.io\/sv\/wp-json\/wp\/v2\/media?parent=9424"}],"curies":[{"name":"wp","href":"https:\/\/api.w.org\/{rel}","templated":true}]}}